{"id":48588,"date":"2022-01-05T14:19:14","date_gmt":"2022-01-05T13:19:14","guid":{"rendered":"https:\/\/www.sapiselco.com\/work-with-us\/"},"modified":"2022-07-27T16:28:27","modified_gmt":"2022-07-27T14:28:27","slug":"mit-uns-arbeiten","status":"publish","type":"page","link":"https:\/\/www.sapiselco.com\/de\/mit-uns-arbeiten\/","title":{"rendered":"Mit Uns Arbeiten"},"content":{"rendered":"<div class=\"wpb-content-wrapper\"><p>[vc_row gap=&#8220;30&#8243; css=&#8220;.vc_custom_1641397484999{margin-bottom: 0px !important;}&#8220;][vc_column width=&#8220;2\/3&#8243;][vc_column_text]<\/p>\n<h2>Wir blicken in die <strong>Zukunft<\/strong><\/h2>\n<p>[\/vc_column_text][\/vc_column][vc_column width=&#8220;1\/3&#8243; offset=&#8220;vc_hidden-sm vc_hidden-xs&#8220;][\/vc_column][\/vc_row][vc_row gap=&#8220;30&#8243;][vc_column width=&#8220;1\/2&#8243;][vc_column_text]Wir suchen st\u00e4ndig neue und qualifizierte professionelle Figuren zur Bereicherung unseres Teams: Bewerben Sie sich spontan oder nehmen Sie mit unserer Linkedin-Seite Verbindung auf, um \u00fcber alle Initiativen auf dem Laufenden zu bleiben.\u00a0 Personen, die der SapiSelco beitreten, werden einem Einarbeitungsprogramm zugeordnet, das die Kenntnis des Unternehmens und die Entwicklung der f\u00fcr die zugeteilte Rolle notwendigen Kompetenzen anstrebt.<strong>\u00a0 <\/strong>[\/vc_column_text][\/vc_column][vc_column width=&#8220;1\/2&#8243;][vc_column_text]Sind Sie daran interessiert, unserem Unternehmen beizutreten? Bewerben Sie sich spontan und f\u00fcllen Sie dazu das folgende Kontaktformular aus und legen Sie Ihren Lebenslauf in einem der zul\u00e4ssigen Formate bei.[\/vc_column_text][\/vc_column][\/vc_row][vc_row css=&#8220;.vc_custom_1641397507106{padding-bottom: 30px !important;}&#8220;][vc_column][vc_column_text]<\/p>\n<h3><strong>Spontane <\/strong>Bewerbung<\/h3>\n<p>[\/vc_column_text]\n<div class=\"wpcf7 no-js\" id=\"wpcf7-f48595-o1\" lang=\"de-DE\" dir=\"ltr\" data-wpcf7-id=\"48595\">\n<div class=\"screen-reader-response\"><p role=\"status\" aria-live=\"polite\" aria-atomic=\"true\"><\/p> <ul><\/ul><\/div>\n<form action=\"\/de\/wp-json\/wp\/v2\/pages\/48588#wpcf7-f48595-o1\" method=\"post\" class=\"wpcf7-form init\" aria-label=\"Kontaktformular\" enctype=\"multipart\/form-data\" novalidate=\"novalidate\" data-status=\"init\">\n<fieldset class=\"hidden-fields-container\"><input type=\"hidden\" name=\"_wpcf7\" value=\"48595\" \/><input type=\"hidden\" name=\"_wpcf7_version\" value=\"6.1.6\" \/><input type=\"hidden\" name=\"_wpcf7_locale\" value=\"de_DE\" \/><input type=\"hidden\" name=\"_wpcf7_unit_tag\" value=\"wpcf7-f48595-o1\" \/><input type=\"hidden\" name=\"_wpcf7_container_post\" value=\"0\" \/><input type=\"hidden\" name=\"_wpcf7_posted_data_hash\" value=\"\" \/><input type=\"hidden\" name=\"_wpcf7_recaptcha_response\" value=\"\" \/>\n<\/fieldset>\n<div class=\"side-l\">\n<h4 class=\"form-ttl\">Angaben zur Person<\/h4>\n<div style=\"position:relative;\"><span class=\"form-req\">*<\/span><span class=\"wpcf7-form-control-wrap\" data-name=\"first-name\"><input size=\"40\" maxlength=\"400\" class=\"wpcf7-form-control wpcf7-text wpcf7-validates-as-required\" aria-required=\"true\" aria-invalid=\"false\" placeholder=\"Vorname\" value=\"\" type=\"text\" name=\"first-name\" \/><\/span><\/div>\n<div style=\"position:relative;\"><span class=\"form-req\">*<\/span><span class=\"wpcf7-form-control-wrap\" data-name=\"last-name\"><input size=\"40\" maxlength=\"400\" class=\"wpcf7-form-control wpcf7-text wpcf7-validates-as-required\" aria-required=\"true\" aria-invalid=\"false\" placeholder=\"Nachname\" value=\"\" type=\"text\" name=\"last-name\" \/><\/span><\/div>\n<div style=\"position:relative;\"><span class=\"form-req\">*<\/span><span class=\"wpcf7-form-control-wrap\" data-name=\"your-email\"><input size=\"40\" maxlength=\"400\" class=\"wpcf7-form-control wpcf7-email wpcf7-validates-as-required wpcf7-text wpcf7-validates-as-email\" aria-required=\"true\" aria-invalid=\"false\" placeholder=\"E-mail\" value=\"\" type=\"email\" name=\"your-email\" \/><\/span><\/div>\n<div style=\"position:relative;\"><span class=\"form-req\">*<\/span><span class=\"wpcf7-form-control-wrap\" data-name=\"your-tel\"><input size=\"40\" maxlength=\"400\" class=\"wpcf7-form-control wpcf7-tel wpcf7-validates-as-required wpcf7-text wpcf7-validates-as-tel\" aria-required=\"true\" aria-invalid=\"false\" placeholder=\"Rufnummer\" value=\"\" type=\"tel\" name=\"your-tel\" \/><\/span><\/div>\n<h4 class=\"form-ttl\">Anh\u00e4nge<\/h4>\n<div style=\"position:relative;\">Lebenslauf beilegen (format PDF,DOC,DOCX,RTF) <span class=\"form-req\">*<\/span><\/div>\n<span class=\"wpcf7-form-control-wrap\" data-name=\"allegati\"><input size=\"40\" class=\"wpcf7-form-control wpcf7-file wpcf7-validates-as-required\" accept=\".pdf,.doc,.docx,.rtf\" aria-required=\"true\" aria-invalid=\"false\" type=\"file\" name=\"allegati\" \/><\/span>\n<\/div>\n<div class=\"side-r\">\n<h4 class=\"form-ttl\">Schulabschluss<\/h4>\n<div style=\"position:relative;\"><span class=\"wpcf7-form-control-wrap\" data-name=\"diploma\"><select class=\"wpcf7-form-control wpcf7-select wpcf7-validates-as-required\" aria-required=\"true\" aria-invalid=\"false\" name=\"diploma\"><option value=\"\">Diplom<\/option><option value=\"K\u00fcnstlerisches Gymnasium\">K\u00fcnstlerisches Gymnasium<\/option><option value=\"Klassisches Gymnasium\">Klassisches Gymnasium<\/option><option value=\"Sprachwissenschaftliches Gymnasium\">Sprachwissenschaftliches Gymnasium<\/option><option value=\"Wissenschaftliches Gymnasium\">Wissenschaftliches Gymnasium<\/option><option value=\"Chemischen Institut\">Chemischen Institut<\/option><option value=\"Wirtschaftsinstitut\">Wirtschaftsinstitut<\/option><option value=\"Abitur in Elektronik\">Abitur in Elektronik<\/option><option value=\"Schule f\u00fcr Bau\">Schule f\u00fcr Bau<\/option><option value=\"Maschinenbauschule\">Maschinenbauschule<\/option><option value=\"Sonstiges\">Sonstiges<\/option><\/select><\/span><\/div>\n<div style=\"position:relative;\"><span class=\"wpcf7-form-control-wrap\" data-name=\"laurea\"><select class=\"wpcf7-form-control wpcf7-select wpcf7-validates-as-required\" aria-required=\"true\" aria-invalid=\"false\" name=\"laurea\"><option value=\"\">Grad<\/option><option value=\"Die Architektur\">Die Architektur<\/option><option value=\"Geisteswissenschaften\">Geisteswissenschaften<\/option><option value=\"\u00d6konomie\">\u00d6konomie<\/option><option value=\"Rechtswissenschaft\">Rechtswissenschaft<\/option><option value=\"Ingenieurwesen\">Ingenieurwesen<\/option><option value=\"Informatik\">Informatik<\/option><option value=\"Wissenschaft in Sprachen\">Wissenschaft in Sprachen<\/option><option value=\"Sonstiges\">Sonstiges<\/option><\/select><\/span><\/div>\n<h4 class=\"form-ttl\">Kompetenzbereiche<\/h4>\n<div style=\"position:relative;\"><span class=\"wpcf7-form-control-wrap\" data-name=\"aree\"><span class=\"wpcf7-form-control wpcf7-checkbox wpcf7-validates-as-required\"><span class=\"wpcf7-list-item first\"><label><input type=\"checkbox\" name=\"aree[]\" value=\"Einkauf\" \/><span class=\"wpcf7-list-item-label\">Einkauf<\/span><\/label><\/span><span class=\"wpcf7-list-item\"><label><input type=\"checkbox\" name=\"aree[]\" value=\"Verwaltung\" \/><span class=\"wpcf7-list-item-label\">Verwaltung<\/span><\/label><\/span><span class=\"wpcf7-list-item\"><label><input type=\"checkbox\" name=\"aree[]\" value=\"Vertrieb\" \/><span class=\"wpcf7-list-item-label\">Vertrieb<\/span><\/label><\/span><span class=\"wpcf7-list-item\"><label><input type=\"checkbox\" name=\"aree[]\" value=\"Informatik\" \/><span class=\"wpcf7-list-item-label\">Informatik<\/span><\/label><\/span><span class=\"wpcf7-list-item\"><label><input type=\"checkbox\" name=\"aree[]\" value=\"Logistik\" \/><span class=\"wpcf7-list-item-label\">Logistik<\/span><\/label><\/span><span class=\"wpcf7-list-item\"><label><input type=\"checkbox\" name=\"aree[]\" value=\"Wartung\" \/><span class=\"wpcf7-list-item-label\">Wartung<\/span><\/label><\/span><span class=\"wpcf7-list-item\"><label><input type=\"checkbox\" name=\"aree[]\" value=\"Produktion\" \/><span class=\"wpcf7-list-item-label\">Produktion<\/span><\/label><\/span><span class=\"wpcf7-list-item\"><label><input type=\"checkbox\" name=\"aree[]\" value=\"Qualit\u00e4t\" \/><span class=\"wpcf7-list-item-label\">Qualit\u00e4t<\/span><\/label><\/span><span class=\"wpcf7-list-item\"><label><input type=\"checkbox\" name=\"aree[]\" value=\"Personal\" \/><span class=\"wpcf7-list-item-label\">Personal<\/span><\/label><\/span><span class=\"wpcf7-list-item last\"><label><input type=\"checkbox\" name=\"aree[]\" value=\"Empfang\" \/><span class=\"wpcf7-list-item-label\">Empfang<\/span><\/label><\/span><\/span><\/span><\/div>\n<h4 class=\"form-ttl\">Zus\u00e4tzliche Anmerkungen<\/h4>\n<p style=\"position:relative;\"><span class=\"wpcf7-form-control-wrap\" data-name=\"note\"><textarea cols=\"40\" rows=\"10\" maxlength=\"2000\" class=\"wpcf7-form-control wpcf7-textarea\" aria-invalid=\"false\" name=\"note\"><\/textarea><\/span><\/p>\n<div style=\"clear:both\"><\/div>\n<\/div>\n<div class=\"side2-l\">\n<p class=\"field acpt\">Im Sinne und in Hinsicht auf die Artikel 13 u. 14 der EUROP\u00c4ISCHEN REGELUNG Nr. 679\/2016 <br \/><span class=\"wpcf7-form-control-wrap\" data-name=\"acceptance\"><span class=\"wpcf7-form-control wpcf7-acceptance\"><span class=\"wpcf7-list-item\"><input type=\"checkbox\" name=\"acceptance\" value=\"1\" aria-invalid=\"false\" \/><\/span><\/span><\/span> erkl\u00e4re ich, von der vollst\u00e4ndigen <a target=\"_blank\" href=\"\/de\/privacy-policy\" title=\"Datenschutzerkl\u00e4rung \">Datenschutzerkl\u00e4rung <\/a> der SapiSelco s.r.l. \u00fcber die Verarbeitung der personenbezogenen Daten Kenntnis genommen zu haben und genehmige die Kontaktaufnahme mit mir zur Beantwortung meiner Anfrage.<\/p>\n<\/div>\n<div class=\"side2-r\">\n<p class=\"field acpt cons\">\nIch genehmige die Verarbeitung meiner personenbezogenen Daten f\u00fcr Marketingzwecke bez\u00fcglich der Produkte und Dienstleistungen von SapiSelco s.r.l. mittels Postsendungen und Telefon, auch ohne Bediener, per E-Mail, MMS, SMS. Die geleistete Genehmigung f\u00fcr Marketing-Zusendungen mit automatischen Mitteln gem\u00e4\u00df dem ehem. Art. 130 erstreckt sich auch auf die traditionellen Kontaktmethoden.<br \/>\n<span class=\"wpcf7-form-control-wrap\" data-name=\"cons\"><span class=\"wpcf7-form-control wpcf7-checkbox wpcf7-validates-as-required wpcf7-exclusive-checkbox\"><span class=\"wpcf7-list-item first\"><input type=\"checkbox\" name=\"cons\" value=\"ICH AKZEPTIERE\" \/><span class=\"wpcf7-list-item-label\">ICH AKZEPTIERE<\/span><\/span><span class=\"wpcf7-list-item last\"><input type=\"checkbox\" name=\"cons\" value=\"ICH LEHNE AB\" \/><span class=\"wpcf7-list-item-label\">ICH LEHNE AB<\/span><\/span><\/span><\/span>\n<\/p>\n<\/div>\n<div style=\"clear:both\"><\/div>\n<div class=\"cf7-cap\"><input class=\"wpcf7-form-control wpcf7-submit has-spinner\" type=\"submit\" value=\"ANFRAGE SENDEN\" \/><\/div>\n<style>\n.form-ttl { color:#BCBCBC; font-weight:700; font-size:20px; margin-top:2rem; }\n.wpcf7 { margin-bottom:0.5em; }\n.side-l { float:left; width:33%; margin-bottom:15px; margin-right:2%; position:relative; }\n.side-r { float:left; width:65%; margin-bottom:15px; position:relative; }\n.side2-l { float:left; width:49%; margin-bottom:15px; margin-right:2%; position:relative; }\n.side2-r { float:left; width:49%; margin-bottom:15px; position:relative; }\n.cf7-cap { width:100%; display:flex; justify-content:center; margin-bottom:2rem; }\n.cf7-cap-l, .cf7-cap-r { float:left; width:49%; margin-bottom:15px; }\n.cf7-cap-r { margin-left:1%; position:relative; }\n.cf7-cap-l { margin-right:1%; position:relative; }\n.aree .wpcf7-checkbox { display:grid; grid-template-columns:repeat(auto-fit, minmax(135px, 1fr)); grid-gap:10px; margin-bottom:20px; }\n.aree .wpcf7-checkbox .wpcf7-list-item { margin:0; }\n.aree .wpcf7-checkbox label { cursor:pointer; }\n.wpcf7-submit { float:right !important; max-width:200px; }\n.captcha input { padding-left:10px; }\n.captcha input { margin:0px; }\n.wpcf7 textarea { width:100% !important; height:80px; min-height:auto; }\n.wpcf7-submit:disabled { opacity:0.5; cursor:not-allowed !important; }\n.wpcf7 .acpt input { width:auto !important; height:auto !important; margin-right:5px; }\n.wpcf7 .acpt span { width:auto !important; display:inline-block; }\n.wpcf7 .cons { margin-bottom:15px; }\ninput[type=\"text\"], input[type=\"tel\"], input[type=\"email\"], input[type=\"number\"], select, textarea { margin-bottom:15px; }\n@media screen and (max-width:800px) {\n.side-l, .side-r { width:49%; }\n}\n@media screen and (max-width:567px) {\n.cf7-cap-l, .cf7-cap-r, .side2-l, .side2-r, .side-l, .side-r { width:100%; }\n.cf7-cap-r { margin-left:0; }\n.cf7-cap-l, .side2-l, .side-l { margin-right:0; }\ninput.wpcf7-submit { margin-top:20px !important; }\n}\n<\/style><input type=\"hidden\" id=\"ct_checkjs_cf7_2e65f2f2fdaf6c699b223c61b1b5ab89\" name=\"ct_checkjs_cf7\" value=\"0\" \/><script >setTimeout(function(){var ct_input_name = \"ct_checkjs_cf7_2e65f2f2fdaf6c699b223c61b1b5ab89\";if (document.getElementById(ct_input_name) !== null) {var ct_input_value = document.getElementById(ct_input_name).value;document.getElementById(ct_input_name).value = document.getElementById(ct_input_name).value.replace(ct_input_value, '2032105270');}}, 1000);<\/script><input\n                    class=\"apbct_special_field apbct_email_id__wp_contact_form_7\"\n                    name=\"apbct__email_id__wp_contact_form_7\"\n                    aria-label=\"apbct__label_id__wp_contact_form_7\"\n                    type=\"text\" size=\"30\" maxlength=\"200\" autocomplete=\"off\"\n                    value=\"\"\n                \/><div class=\"wpcf7-response-output\" aria-hidden=\"true\"><\/div>\n<\/form>\n<\/div>\n[\/vc_column][\/vc_row]<\/p>\n<\/div>","protected":false},"excerpt":{"rendered":"[vc_row gap=&#8220;30&#8243; css=&#8220;.vc_custom_1641397484999{margin-bottom: 0px !important;}&#8220;][vc_column width=&#8220;2\/3&#8243;][vc_column_text] Wir blicken in die Zukunft [\/vc_column_text][\/vc_column][vc_column width=&#8220;1\/3&#8243; offset=&#8220;vc_hidden-sm vc_hidden-xs&#8220;][\/vc_column][\/vc_row][vc_row gap=&#8220;30&#8243;][vc_column width=&#8220;1\/2&#8243;][vc_column_text]Wir suchen st\u00e4ndig neue und qualifizierte professionelle Figuren zur Bereicherung unseres Teams: Bewerben Sie sich spontan oder nehmen Sie mit unserer Linkedin-Seite Verbindung auf, um \u00fcber alle Initiativen auf dem Laufenden zu bleiben.\u00a0 Personen, die der SapiSelco beitreten, werden <a href=\"https:\/\/www.sapiselco.com\/de\/mit-uns-arbeiten\/\" class=\"more-link\">&#8230;<\/a>","protected":false},"author":1,"featured_media":0,"parent":0,"menu_order":0,"comment_status":"closed","ping_status":"closed","template":"","meta":{"_acf_changed":false,"footnotes":""},"class_list":["post-48588","page","type-page","status-publish","hentry"],"acf":[],"_links":{"self":[{"href":"https:\/\/www.sapiselco.com\/de\/wp-json\/wp\/v2\/pages\/48588","targetHints":{"allow":["GET"]}}],"collection":[{"href":"https:\/\/www.sapiselco.com\/de\/wp-json\/wp\/v2\/pages"}],"about":[{"href":"https:\/\/www.sapiselco.com\/de\/wp-json\/wp\/v2\/types\/page"}],"author":[{"embeddable":true,"href":"https:\/\/www.sapiselco.com\/de\/wp-json\/wp\/v2\/users\/1"}],"replies":[{"embeddable":true,"href":"https:\/\/www.sapiselco.com\/de\/wp-json\/wp\/v2\/comments?post=48588"}],"version-history":[{"count":3,"href":"https:\/\/www.sapiselco.com\/de\/wp-json\/wp\/v2\/pages\/48588\/revisions"}],"predecessor-version":[{"id":58289,"href":"https:\/\/www.sapiselco.com\/de\/wp-json\/wp\/v2\/pages\/48588\/revisions\/58289"}],"wp:attachment":[{"href":"https:\/\/www.sapiselco.com\/de\/wp-json\/wp\/v2\/media?parent=48588"}],"curies":[{"name":"wp","href":"https:\/\/api.w.org\/{rel}","templated":true}]}}