{"id":48599,"date":"2022-01-25T10:20:02","date_gmt":"2022-01-25T09:20:02","guid":{"rendered":"https:\/\/www.sapiselco.com\/training-area\/"},"modified":"2023-10-26T09:58:34","modified_gmt":"2023-10-26T07:58:34","slug":"ausbildungsbereich","status":"publish","type":"page","link":"https:\/\/www.sapiselco.com\/de\/ausbildungsbereich\/","title":{"rendered":"Ausbildungsbereich"},"content":{"rendered":"<div class=\"wpb-content-wrapper\"><p>[vc_row gap=&#8220;30&#8243;][vc_column width=&#8220;1\/2&#8243;][vc_column_text]<\/p>\n<h2>Die <strong>SapiSelco<\/strong> Produkte kennen<\/h2>\n<p>[\/vc_column_text][\/vc_column][vc_column width=&#8220;1\/2&#8243;][vc_column_text]Die <strong>Verkabelungsl\u00f6sungen von SapiSelco<\/strong> kennenzulernen ist wichtig, um stets <strong>die richtige Wahl zu treffen<\/strong>. In diesem Abschnitt finden Sie Hinweise, wie sie unser <strong>Produkt identifizieren<\/strong> k\u00f6nnen, Ratschl\u00e4ge zu seiner Anwendung, wichtige <strong>Informationen zur Lagerung<\/strong>, Anleitungen zur sicheren <strong>Installation<\/strong> des Produkts und Hinweise zur <strong>Entsorgung der Verpackung<\/strong>.[\/vc_column_text][\/vc_column][\/vc_row][vc_row][vc_column][vc_tta_tour style=&#8220;flat&#8220; shape=&#8220;square&#8220; gap=&#8220;30&#8243; active_section=&#8220;1&#8243; no_fill_content_area=&#8220;true&#8220; el_class=&#8220;tab-type-2 tab-training&#8220;][vc_tta_section title=&#8220;DAS <strong>PRODUKT<\/strong> ERKENNEN&#8220; tab_id=&#8220;das-produkt-erkennen&#8220;][vc_single_image image=&#8220;2596&#8243; img_size=&#8220;full&#8220; el_class=&#8220;das-produkt-erkennen&#8220;][vc_column_text]<\/p>\n<h4>Identifizierung der Echtheit eines SapiSelco Produkts<\/h4>\n<p>[\/vc_column_text][vc_column_text]Ein\u00a0<strong>echtes SapiSelco Produkt<\/strong>\u00a0erkennt man an den\u00a0<strong>offiziellen Marken<\/strong>, die direkt\u00a0<strong>unter dem \u201eKopf\u201d<\/strong>\u00a0jedes\u00a0<strong>Kabelbinders eingepr\u00e4gt<\/strong> sind: Das\u00a0<strong>rautenf\u00f6rmige SapiSelco Logo,<\/strong>\u00a0bzw. alternativ der\u00a0<strong>Handelskodex 2S<\/strong>, zwei Symbole, die ein Produkt <strong>100% MADE in Italy<\/strong>\u00a0by\u00a0<strong>SapiSelco<\/strong> garantieren.[\/vc_column_text][vc_single_image image=&#8220;2365&#8243; img_size=&#8220;full&#8220; alignment=&#8220;center&#8220; css_animation=&#8220;fadeInRight&#8220;][\/vc_tta_section][vc_tta_section title=&#8220;<strong>Lagerung<\/strong> und <strong>Installation<\/strong>&#8220; tab_id=&#8220;lagerung-installation&#8220;][vc_single_image image=&#8220;2526&#8243; img_size=&#8220;full&#8220; el_class=&#8220;lagerung-installation&#8220;][vc_column_text]<\/p>\n<h4>Lagerung und Installation<\/h4>\n<p>Die folgenden Tabellen fassen die <strong>Lagerungs-<\/strong>\u00a0und\u00a0<strong>Aufbewahrungsmethoden<\/strong> der SapiSelco Produkte zusammen und liefern Angaben \u00fcber die wichtigsten <strong>Anwendungsmethoden<\/strong>\u00a0und\u00a0<strong>Sicherheitsvorschriften<\/strong>.[\/vc_column_text][vc_row_inner][vc_column_inner width=&#8220;1\/2&#8243;][vc_btn title=&#8220;LAGERUNG&#8220; style=&#8220;outline-custom&#8220; outline_custom_color=&#8220;#00955f&#8220; outline_custom_hover_background=&#8220;#00955f&#8220; outline_custom_hover_text=&#8220;#ffffff&#8220; shape=&#8220;square&#8220; align=&#8220;center&#8220; i_align=&#8220;right&#8220; i_icon_fontawesome=&#8220;fas fa-table&#8220; css_animation=&#8220;fadeIn&#8220; button_block=&#8220;true&#8220; add_icon=&#8220;true&#8220; custom_onclick=&#8220;true&#8220; custom_onclick_code=&#8220;openModal(&#8222;#storage&#8222;);&#8220;][\/vc_column_inner][vc_column_inner width=&#8220;1\/2&#8243;][vc_btn title=&#8220;Installation&#8220; style=&#8220;outline-custom&#8220; outline_custom_color=&#8220;#00955f&#8220; outline_custom_hover_background=&#8220;#00955f&#8220; outline_custom_hover_text=&#8220;#ffffff&#8220; shape=&#8220;square&#8220; align=&#8220;center&#8220; i_align=&#8220;right&#8220; i_icon_fontawesome=&#8220;fas fa-table&#8220; css_animation=&#8220;fadeIn&#8220; button_block=&#8220;true&#8220; add_icon=&#8220;true&#8220; custom_onclick=&#8220;true&#8220; custom_onclick_code=&#8220;openModal(&#8222;#installation&#8222;);&#8220;][\/vc_column_inner][\/vc_row_inner][\/vc_tta_section][vc_tta_section title=&#8220;Anleitungen zum <strong>Recycling<\/strong>&#8220; tab_id=&#8220;recycling&#8220;][vc_single_image image=&#8220;2526&#8243; img_size=&#8220;full&#8220; el_class=&#8220;recycling&#8220;][vc_column_text]<\/p>\n<h4>Anleitungen zum Recycling<\/h4>\n<p>Zur immer st\u00e4rkeren Achtung von Umwelt und Natur in \u00dcbereinstimmung mit der nationalen und internationalen Gesetzgebung geben wir nachstehend Hinweise f\u00fcr die<strong> korrekte Entsorgung der Verpackungen<\/strong> aller Produkte von <strong>SapiSelco<\/strong>.<br \/>\n[\/vc_column_text][vc_row_inner][vc_column_inner width=&#8220;1\/2&#8243;][vc_btn title=&#8220;anleitungen&#8220; style=&#8220;outline-custom&#8220; outline_custom_color=&#8220;#00955f&#8220; outline_custom_hover_background=&#8220;#00955f&#8220; outline_custom_hover_text=&#8220;#ffffff&#8220; shape=&#8220;square&#8220; align=&#8220;center&#8220; i_align=&#8220;right&#8220; i_icon_fontawesome=&#8220;fas fa-table&#8220; css_animation=&#8220;fadeIn&#8220; button_block=&#8220;true&#8220; add_icon=&#8220;true&#8220; link=&#8220;url:%2Fqr-code&#8220;][\/vc_column_inner][vc_column_inner width=&#8220;1\/2&#8243;][\/vc_column_inner][\/vc_row_inner][\/vc_tta_section][vc_tta_section title=&#8220;<strong>ANWENDUNGSBEREICHE<\/strong>&#8220; tab_id=&#8220;anwendungsbereiche&#8220;][vc_single_image image=&#8220;2581&#8243; img_size=&#8220;full&#8220; el_class=&#8220;anwendungsbereiche&#8220;][vc_row_inner][vc_column_inner][vc_column_text css=&#8220;.vc_custom_1658485886979{margin-bottom: 0px !important;padding-bottom: 0px !important;}&#8220;]<\/p>\n<h4><strong>Die Anwendungen<\/strong> unserer Produkte<\/h4>\n<p>Eine \u00dcbersicht der wichtigsten Anwendungsbranchen der\u00a0<strong>SapiSelco Kabelbinder.<\/strong>[\/vc_column_text][\/vc_column_inner][\/vc_row_inner][vc_row_inner css=&#8220;.vc_custom_1652194939701{margin-bottom: 0px !important;}&#8220; el_class=&#8220;training-campi&#8220;][vc_column_inner width=&#8220;1\/6&#8243; offset=&#8220;vc_col-xs-4&#8243;][vc_single_image image=&#8220;2377&#8243; img_size=&#8220;full&#8220; alignment=&#8220;center&#8220; css_animation=&#8220;fadeIn&#8220;][\/vc_column_inner][vc_column_inner width=&#8220;1\/6&#8243; offset=&#8220;vc_col-xs-4&#8243;][vc_single_image image=&#8220;2382&#8243; img_size=&#8220;full&#8220; alignment=&#8220;center&#8220; css_animation=&#8220;fadeIn&#8220;][\/vc_column_inner][vc_column_inner width=&#8220;1\/6&#8243; offset=&#8220;vc_col-xs-4&#8243;][vc_single_image image=&#8220;2387&#8243; img_size=&#8220;full&#8220; alignment=&#8220;center&#8220; css_animation=&#8220;fadeIn&#8220;][\/vc_column_inner][vc_column_inner width=&#8220;1\/6&#8243; offset=&#8220;vc_col-xs-4&#8243;][vc_single_image image=&#8220;2392&#8243; img_size=&#8220;full&#8220; alignment=&#8220;center&#8220; css_animation=&#8220;fadeIn&#8220;][\/vc_column_inner][vc_column_inner width=&#8220;1\/6&#8243; offset=&#8220;vc_col-xs-4&#8243;][vc_single_image image=&#8220;2397&#8243; img_size=&#8220;full&#8220; alignment=&#8220;center&#8220; css_animation=&#8220;fadeIn&#8220;][\/vc_column_inner][vc_column_inner width=&#8220;1\/6&#8243; offset=&#8220;vc_col-xs-4&#8243;][vc_single_image image=&#8220;2402&#8243; img_size=&#8220;full&#8220; alignment=&#8220;center&#8220; css_animation=&#8220;fadeIn&#8220;][\/vc_column_inner][\/vc_row_inner][vc_row_inner][vc_column_inner width=&#8220;1\/6&#8243; offset=&#8220;vc_col-xs-4&#8243;][vc_single_image image=&#8220;2407&#8243; img_size=&#8220;full&#8220; alignment=&#8220;center&#8220; css_animation=&#8220;fadeIn&#8220;][\/vc_column_inner][vc_column_inner width=&#8220;1\/6&#8243; offset=&#8220;vc_col-xs-4&#8243;][vc_single_image image=&#8220;2412&#8243; img_size=&#8220;full&#8220; alignment=&#8220;center&#8220; css_animation=&#8220;fadeIn&#8220;][\/vc_column_inner][vc_column_inner width=&#8220;1\/6&#8243; offset=&#8220;vc_col-xs-4&#8243;][vc_single_image image=&#8220;2417&#8243; img_size=&#8220;full&#8220; alignment=&#8220;center&#8220; css_animation=&#8220;fadeIn&#8220;][\/vc_column_inner][vc_column_inner width=&#8220;1\/6&#8243; offset=&#8220;vc_col-xs-4&#8243;][vc_single_image image=&#8220;2422&#8243; img_size=&#8220;full&#8220; alignment=&#8220;center&#8220; css_animation=&#8220;fadeIn&#8220;][\/vc_column_inner][vc_column_inner width=&#8220;1\/6&#8243; offset=&#8220;vc_col-xs-4&#8243;][vc_single_image image=&#8220;2427&#8243; img_size=&#8220;full&#8220; alignment=&#8220;center&#8220; css_animation=&#8220;fadeIn&#8220;][\/vc_column_inner][vc_column_inner width=&#8220;1\/6&#8243; offset=&#8220;vc_col-xs-4&#8243;][vc_single_image image=&#8220;2372&#8243; img_size=&#8220;full&#8220; alignment=&#8220;center&#8220; css_animation=&#8220;fadeIn&#8220;][\/vc_column_inner][\/vc_row_inner][\/vc_tta_section][\/vc_tta_tour][vc_raw_js]JTNDc2NyaXB0JTNFJTBBdmFyJTIwJTI0aiUyMCUzRCUyMGpRdWVyeSUzQiUwQWZ1bmN0aW9uJTIwb3Blbk1vZGFsJTI4bW9kYWwlMjklN0IlMEF2YXIlMjBtb2RhbENvbnRhaW5lciUyMCUzRCUyMCUyNGolMjglMjcubW9kYWwtY29udGVudC1ib3glMjclMjklM0IlMEFtb2RhbENvbnRhaW5lci5odG1sJTI4JTI3JTI3JTI5JTNCJTBBdmFyJTIwbW9kYWxjb250ZW50JTIwJTNEJTIwJTI0aiUyOG1vZGFsJTI5Lmh0bWwlMjglMjklM0IlMEFtb2RhbENvbnRhaW5lci5odG1sJTI4bW9kYWxjb250ZW50JTI5LnNob3clMjglMjklM0IlMEElMjRqJTI4JTI3JTIzbW9kYWwtY29udGFpbmVyJTI3JTI5LmZhZGVJbiUyOCUyOSUzQiUwQSU3RCUwQSUzQyUyRnNjcmlwdCUzRQ==[\/vc_raw_js][\/vc_column][\/vc_row][vc_row el_class=&#8220;no-mobile-space&#8220;][vc_column][vc_separator color=&#8220;custom&#8220; border_width=&#8220;3&#8243; accent_color=&#8220;#00955f&#8220;][vc_empty_space height=&#8220;50px&#8220;][vc_column_text el_class=&#8220;training-title&#8220;]<\/p>\n<h3><strong>Externe Faktoren<\/strong> die Polyamid beeinflussen<\/h3>\n<p>[\/vc_column_text][vc_empty_space height=&#8220;50px&#8220;][vc_tta_tour style=&#8220;flat&#8220; shape=&#8220;square&#8220; gap=&#8220;30&#8243; active_section=&#8220;1&#8243; no_fill_content_area=&#8220;true&#8220; el_class=&#8220;tab-type-2 tab-training2 tab-training&#8220;][vc_tta_section title=&#8220;<strong>WASSER<\/strong>&#8220; tab_id=&#8220;wasser&#8220;][vc_single_image image=&#8220;2566&#8243; img_size=&#8220;full&#8220; el_class=&#8220;wasser&#8220;][vc_single_image image=&#8220;4651&#8243; img_size=&#8220;full&#8220; css=&#8220;.vc_custom_1644407814640{margin-bottom: 0px !important;}&#8220;][vc_column_text]<\/p>\n<h3>Das <strong>Wasser<\/strong><\/h3>\n<p>Die Relation zwischen Polyamid und Luftfeuchtigkeit bzw. generell Wasser ist von grundlegender Bedeutung, um das Verhalten dieses hygroskopischen technischen Kunststoffes zu erkl\u00e4ren. Wie ein Schwamm nimmt das Produkt Wasser auf und sto\u00dft es aus, um sich dem Feuchtigkeitsgehalt der Umgebung anzupassen.\u00a0 Die mechanischen Eigenschaften der aus Polyamid gefertigten Produkte \u00e4ndern sich in Funktion der Umgebungsbedingungen seiner Anwendung.[\/vc_column_text][\/vc_tta_section][vc_tta_section title=&#8220;<strong>HOHE TEMPERATUR<\/strong>&#8220; tab_id=&#8220;hohe-temperatur&#8220;][vc_single_image image=&#8220;2571&#8243; img_size=&#8220;full&#8220; el_class=&#8220;hohe-temperatur&#8220;][vc_single_image image=&#8220;4656&#8243; img_size=&#8220;full&#8220; alignment=&#8220;center&#8220; css_animation=&#8220;fadeIn&#8220; css=&#8220;.vc_custom_1644407828791{margin-bottom: 0px !important;}&#8220;][vc_column_text]<\/p>\n<h3>Die <strong>Hohe temperatur<\/strong><\/h3>\n<p>Die Temperatur ist ein Umweltfaktor, der die Steifigkeit und Flexibilit\u00e4t von Polyamid beeinflusst und das Material einer schnelleren und irreversiblen Verschlechterung aussetzt.[\/vc_column_text][vc_column_text el_class=&#8220;dark padding30&#8243;]<span style=\"color: #ffffff;\">SapiSelco bietet Kabelbinder aus hitzebest\u00e4ndigem PA66, die f\u00fcr Hochtemperaturanwendungen ideal sind.<br \/>\n<strong><span style=\"color: #ffffff;\"><a style=\"color: #ffffff;\" href=\"\/de\/sonderwerkstoffe\/#hohe-temperatur\">Hier klicken<\/a> <\/span>um mehr zu erfahren<\/strong><\/span>[\/vc_column_text][\/vc_tta_section][vc_tta_section title=&#8220;<strong>NIEDRIGE TEMPERATUR<\/strong>&#8220; tab_id=&#8220;niedrige-temperatur&#8220;][vc_single_image image=&#8220;2576&#8243; img_size=&#8220;full&#8220; el_class=&#8220;niedrige-temperatur&#8220;][vc_single_image image=&#8220;4661&#8243; img_size=&#8220;full&#8220; alignment=&#8220;center&#8220; css_animation=&#8220;fadeIn&#8220; css=&#8220;.vc_custom_1644407838355{margin-bottom: 0px !important;}&#8220;][vc_column_text]<\/p>\n<h3>Die <strong>Niedrige temperatur<\/strong><\/h3>\n<p>Niedrige Temperaturen versteifen Polyamid und machen es spr\u00f6de. Formulierungen, die zur Verarbeitung mit niedrigen Temperaturen geeignet sind, werden als\u00a0<strong>z\u00e4higkeitsgesteigert<\/strong>\u00a0bezeichnet und bieten bessere Leistungen in Hinsicht auf ihre Zerbrechlichkeit bei niedrigen Temperaturen.\u00a0\u00a0 Durch die z\u00e4higkeitssteigernde Wirkung \u00e4ndert das Produkt seine selbstverl\u00f6schende Eigenschaft von V2 auf HB.[\/vc_column_text][vc_column_text el_class=&#8220;dark padding30&#8243;]<span style=\"color: #ffffff;\">SapiSelco bietet Kabelbinder aus z\u00e4higkeitsgesteigertem PA66, die f\u00fcr Niedertemperaturanwendungen ideal sind.<\/span><br \/>\n<span style=\"color: #ffffff;\"><strong><a style=\"color: #ffffff;\" href=\"\/de\/sonderwerkstoffe\/#niedrige-tempratur\">Hier klicken<\/a> um mehr zu erfahren <\/strong><\/span>[\/vc_column_text][\/vc_tta_section][vc_tta_section title=&#8220;<strong>SONNE<\/strong>&#8220; tab_id=&#8220;sonne&#8220;][vc_single_image image=&#8220;2601&#8243; img_size=&#8220;full&#8220; el_class=&#8220;sonne&#8220;][vc_single_image image=&#8220;4641&#8243; img_size=&#8220;full&#8220; alignment=&#8220;center&#8220; css_animation=&#8220;fadeIn&#8220; css=&#8220;.vc_custom_1644407867759{margin-bottom: 0px !important;}&#8220;][vc_column_text]<\/p>\n<h3>Die <strong>Sonne<\/strong><\/h3>\n<p>Die Sonneneinstrahlung, insbesondere die UV-Strahlung, ist f\u00fcr Polyamid ein weiterer Besch\u00e4digungsfaktor.\u00a0 SapiSelco hat im Laufe der Jahre Tests f\u00fcr die beschleunigte Alterungssimulation durchgef\u00fchrt und einige Artikel jeweils aus Standard-Polyamid und UV-best\u00e4ndigem Polyamid hergestellt und auf der Basis der Ergebnisse entschlossen, ein spezifisches Sortiment anzubieten.[\/vc_column_text][vc_column_text el_class=&#8220;dark padding30&#8243;]<span style=\"color: #ffffff;\">SapiSelco bietet Kabelbinder aus UV-best\u00e4ndigem PA66, die f\u00fcr Outdoor-Anwendungen ideal sind.<\/span><br \/>\n<span style=\"color: #ffffff;\"><a style=\"color: #ffffff;\" href=\"\/de\/sonderwerkstoffe\/#uv\"><strong>Hier klicken<\/strong> um mehr zu erfahren<\/a><\/span>[\/vc_column_text][\/vc_tta_section][vc_tta_section title=&#8220;<strong>FEUER<\/strong>&#8220; tab_id=&#8220;feuer&#8220;][vc_single_image image=&#8220;2591&#8243; img_size=&#8220;full&#8220; el_class=&#8220;feuer&#8220;][vc_single_image image=&#8220;4671&#8243; img_size=&#8220;full&#8220; alignment=&#8220;center&#8220; css_animation=&#8220;fadeIn&#8220; css=&#8220;.vc_custom_1644407876270{margin-bottom: 0px !important;}&#8220;][vc_column_text]<\/p>\n<h3>Das <strong>Feuer<\/strong><\/h3>\n<p>Ein weiteres kritisches Element f\u00fcr die Anwendung des Produkts aus Polyamid ist in Hinsicht auf Sicherheit das Feuer.\u00a0 Die Notwendigkeit, den Personen und Gegenst\u00e4nden Sicherheit zu garantieren und das Risiko eines Brandes einzuschr\u00e4nken, macht die Studie des Brandverhaltens der verschiedenen Baumaterialien und somit auch der Kunststoffe immer wichtiger.\u00a0 Dieses Verhalten wurde im Laufe der Zeit in den Vereinigten Staaten von den Underwriters Laboratories studiert und mit der Vorschrift UL 94 genormt.<\/p>\n<p><strong>SapiSelco hat beschlossen, den<\/strong><strong> Gro\u00dfteil<\/strong><strong> der Kabelbinder und Zubeh\u00f6re<\/strong> <strong>aus Polyamid 6.6 mit Entflammbarkeitseinstufung V2 gem\u00e4\u00df UL94 herzustellen. <\/strong>[\/vc_column_text][vc_column_text el_class=&#8220;dark padding30&#8243;]<strong>F\u00fcr Sonderanwendungen sind au\u00dferdem Kabelbinder aus PA66 mit Entflammbarkeitseinstufung V0 gem\u00e4\u00df UL94 verf\u00fcgbar.<br \/>\n<span style=\"color: #ffffff;\"><a style=\"color: #ffffff;\" href=\"\/de\/sonderwerkstoffe\/#selbstverloschendes\">Hier klicken<\/a><\/span> um mehr zu erfahren<\/strong>[\/vc_column_text][\/vc_tta_section][vc_tta_section title=&#8220;<strong>CHEMISCHE MITTEL<\/strong>&#8220; tab_id=&#8220;chemische-mittel&#8220;][vc_single_image image=&#8220;2586&#8243; img_size=&#8220;full&#8220; el_class=&#8220;chemische-mittel&#8220;][vc_single_image image=&#8220;4666&#8243; img_size=&#8220;full&#8220; alignment=&#8220;center&#8220; css_animation=&#8220;fadeIn&#8220; css=&#8220;.vc_custom_1644407897044{margin-bottom: 0px !important;}&#8220;][vc_column_text]<\/p>\n<h3>Die <strong>chemischen Verbindungen<\/strong><\/h3>\n<p>Ein weiterer Faktor, der die Eigenschaften der Kunststoffe beeintr\u00e4chtigt, ist in chemischer Hinsicht die Arbeitsumgebung. Polyamid besitzt eine gute Best\u00e4ndigkeit gegen chemische Mittel und ist besonders resistent gegen Kohlenwasserstoffe, \u00d6le, Alkohole, Ketone und Ether.\u00a0 Andere L\u00f6sungsmittel wie starke Minerals\u00e4uren, Metallsalze und Ameisens\u00e4ure greifen Polyamid dagegen kr\u00e4ftig an. Bei der Wahl des Materials f\u00fcr spezifische Anwendungen, sind die Art des Reagens, die Konzentration, die Temperatur und der Stress zu ber\u00fccksichtigen, um die genaue Wirkung zu bestimmen.[\/vc_column_text][vc_btn title=&#8220;PA66 Informations-Tabelle&#8220; style=&#8220;outline-custom&#8220; outline_custom_color=&#8220;#00955f&#8220; outline_custom_hover_background=&#8220;#00955f&#8220; outline_custom_hover_text=&#8220;#ffffff&#8220; shape=&#8220;square&#8220; align=&#8220;center&#8220; i_align=&#8220;right&#8220; i_icon_fontawesome=&#8220;fas fa-table&#8220; css_animation=&#8220;fadeIn&#8220; button_block=&#8220;true&#8220; add_icon=&#8220;true&#8220; link=&#8220;url:https%3A%2F%2Fwww.sapiselco.com%2Fwp-content%2Fuploads%2F2023%2F10%2FComposti_chimici.pdf&#8220;][vc_empty_space][vc_column_text el_class=&#8220;dark padding30&#8243;]<strong>F\u00fcr die aggressivsten chemischen Umgebungen bietet SapiSelco Kabelbinder aus PP.<br \/>\n<span style=\"color: #ffffff;\"><a style=\"color: #ffffff;\" href=\"\/de\/sonderwerkstoffe\/#aggressive-medien\">Hier klicken<\/a><\/span> um mehr zu erfahren<\/strong>[\/vc_column_text][\/vc_tta_section][\/vc_tta_tour][\/vc_column][\/vc_row][vc_row el_id=&#8220;storage&#8220; el_class=&#8220;modal-box-content&#8220;][vc_column][vc_row_inner gap=&#8220;30&#8243; css=&#8220;.vc_custom_1644406372545{margin-bottom: 0px !important;padding-bottom: 0px !important;}&#8220;][vc_column_inner][vc_column_text css=&#8220;.vc_custom_1658485778015{margin-bottom: 0px !important;padding-bottom: 0px !important;}&#8220;]<\/p>\n<h4>Lagerbedingungen<\/h4>\n<p><img loading=\"lazy\" decoding=\"async\" class=\"alignnone size-full wp-image-4625\" src=\"https:\/\/www.sapiselco.com\/wp-content\/uploads\/2022\/02\/sapiselco-vademecum-1.jpg\" alt=\"\" width=\"1200\" height=\"991\" srcset=\"https:\/\/www.sapiselco.com\/wp-content\/uploads\/2022\/02\/sapiselco-vademecum-1.jpg 1200w, https:\/\/www.sapiselco.com\/wp-content\/uploads\/2022\/02\/sapiselco-vademecum-1-1024x846.jpg 1024w, https:\/\/www.sapiselco.com\/wp-content\/uploads\/2022\/02\/sapiselco-vademecum-1-600x496.jpg 600w\" sizes=\"auto, (max-width: 1200px) 100vw, 1200px\" \/>[\/vc_column_text][\/vc_column_inner][\/vc_row_inner][\/vc_column][\/vc_row][vc_row el_id=&#8220;installation&#8220; el_class=&#8220;modal-box-content&#8220;][vc_column][vc_row_inner gap=&#8220;30&#8243; css=&#8220;.vc_custom_1644406710209{margin-bottom: 0px !important;padding-bottom: 0px !important;}&#8220;][vc_column_inner][vc_column_text css=&#8220;.vc_custom_1658485798003{margin-bottom: 0px !important;padding-bottom: 0px !important;}&#8220;]<\/p>\n<h4>Einbaubedingungen<\/h4>\n<p><img loading=\"lazy\" decoding=\"async\" class=\"alignnone size-full wp-image-4630\" src=\"https:\/\/www.sapiselco.com\/wp-content\/uploads\/2022\/02\/sapiselco-vademecum-2.jpg\" alt=\"\" width=\"1200\" height=\"1737\" srcset=\"https:\/\/www.sapiselco.com\/wp-content\/uploads\/2022\/02\/sapiselco-vademecum-2.jpg 1200w, https:\/\/www.sapiselco.com\/wp-content\/uploads\/2022\/02\/sapiselco-vademecum-2-707x1024.jpg 707w, https:\/\/www.sapiselco.com\/wp-content\/uploads\/2022\/02\/sapiselco-vademecum-2-600x869.jpg 600w\" sizes=\"auto, (max-width: 1200px) 100vw, 1200px\" \/>[\/vc_column_text][\/vc_column_inner][\/vc_row_inner][\/vc_column][\/vc_row]<\/p>\n<\/div>","protected":false},"excerpt":{"rendered":"[vc_row gap=&#8220;30&#8243;][vc_column width=&#8220;1\/2&#8243;][vc_column_text] Die SapiSelco Produkte kennen [\/vc_column_text][\/vc_column][vc_column width=&#8220;1\/2&#8243;][vc_column_text]Die Verkabelungsl\u00f6sungen von SapiSelco kennenzulernen ist wichtig, um stets die richtige Wahl zu treffen. In diesem Abschnitt finden Sie Hinweise, wie sie unser Produkt identifizieren k\u00f6nnen, Ratschl\u00e4ge zu seiner Anwendung, wichtige Informationen zur Lagerung, Anleitungen zur sicheren Installation des Produkts und Hinweise zur Entsorgung der Verpackung.[\/vc_column_text][\/vc_column][\/vc_row][vc_row][vc_column][vc_tta_tour style=&#8220;flat&#8220; <a href=\"https:\/\/www.sapiselco.com\/de\/ausbildungsbereich\/\" class=\"more-link\">&#8230;<\/a>","protected":false},"author":1,"featured_media":0,"parent":0,"menu_order":0,"comment_status":"closed","ping_status":"closed","template":"","meta":{"_acf_changed":false,"footnotes":""},"class_list":["post-48599","page","type-page","status-publish","hentry"],"acf":[],"_links":{"self":[{"href":"https:\/\/www.sapiselco.com\/de\/wp-json\/wp\/v2\/pages\/48599","targetHints":{"allow":["GET"]}}],"collection":[{"href":"https:\/\/www.sapiselco.com\/de\/wp-json\/wp\/v2\/pages"}],"about":[{"href":"https:\/\/www.sapiselco.com\/de\/wp-json\/wp\/v2\/types\/page"}],"author":[{"embeddable":true,"href":"https:\/\/www.sapiselco.com\/de\/wp-json\/wp\/v2\/users\/1"}],"replies":[{"embeddable":true,"href":"https:\/\/www.sapiselco.com\/de\/wp-json\/wp\/v2\/comments?post=48599"}],"version-history":[{"count":21,"href":"https:\/\/www.sapiselco.com\/de\/wp-json\/wp\/v2\/pages\/48599\/revisions"}],"predecessor-version":[{"id":59082,"href":"https:\/\/www.sapiselco.com\/de\/wp-json\/wp\/v2\/pages\/48599\/revisions\/59082"}],"wp:attachment":[{"href":"https:\/\/www.sapiselco.com\/de\/wp-json\/wp\/v2\/media?parent=48599"}],"curies":[{"name":"wp","href":"https:\/\/api.w.org\/{rel}","templated":true}]}}