{"id":48605,"date":"2021-06-04T10:15:53","date_gmt":"2021-06-04T08:15:53","guid":{"rendered":"https:\/\/www.sapiselco.com\/certifications\/"},"modified":"2026-02-09T16:36:21","modified_gmt":"2026-02-09T15:36:21","slug":"zertifizierungen","status":"publish","type":"page","link":"https:\/\/www.sapiselco.com\/de\/zertifizierungen\/","title":{"rendered":"Zertifizierungen"},"content":{"rendered":"<div class=\"wpb-content-wrapper\"><p>[vc_row gap=&#8220;30&#8243; css=&#8220;.vc_custom_1639478416560{margin-bottom: 0px !important;}&#8220;][vc_column width=&#8220;2\/3&#8243;][vc_column_text]<\/p>\n<h2><strong>Systemzertifizierungen<\/strong><\/h2>\n<p>[\/vc_column_text][\/vc_column][vc_column width=&#8220;1\/3&#8243; offset=&#8220;vc_hidden-sm vc_hidden-xs&#8220;][\/vc_column][\/vc_row][vc_row gap=&#8220;30&#8243; equal_height=&#8220;yes&#8220; content_placement=&#8220;top&#8220; css=&#8220;.vc_custom_1639475877180{margin-bottom: 0px !important;}&#8220;][vc_column width=&#8220;2\/3&#8243;][vc_column_text]Eine Philosophie, die eine volle\u00a0<strong>Kundenzufriedenheit<\/strong>\u00a0anstrebt und folgende\u00a0<strong>Priorit\u00e4ten<\/strong>\u00a0setzt: Die\u00a0<strong>Themen<\/strong>\u00a0bez\u00fcglich der\u00a0<strong>Gesundheit<\/strong>\u00a0und\u00a0<strong>Sicherheit<\/strong>\u00a0durch einen konkreten\u00a0<strong>Ansatz<\/strong> <strong>zugunsten der Umwelt<\/strong>\u00a0und der\u00a0<strong>Nachhaltigkeit<\/strong>.[\/vc_column_text][\/vc_column][vc_column width=&#8220;1\/3&#8243; css=&#8220;.vc_custom_1639475836911{padding-right: 0px !important;padding-left: 0px !important;}&#8220;][vc_btn title=&#8220;DIE QUALIT\u00c4TSPOLITIK&#8220; style=&#8220;outline-custom&#8220; outline_custom_color=&#8220;#00955f&#8220; outline_custom_hover_background=&#8220;#00955f&#8220; outline_custom_hover_text=&#8220;#ffffff&#8220; shape=&#8220;square&#8220; align=&#8220;center&#8220; css_animation=&#8220;fadeIn&#8220; button_block=&#8220;true&#8220; link=&#8220;url:%2Fwp-content%2Fuploads%2F2022%2F11%2FPoliticaPolitica-per-la-Qualita-2018-DE.pdf|target:_blank&#8220; css=&#8220;.vc_custom_1669820247236{margin-bottom: 5px !important;}&#8220;][vc_btn title=&#8220;UMWELTPOLITIK&#8220; style=&#8220;outline-custom&#8220; outline_custom_color=&#8220;#00955f&#8220; outline_custom_hover_background=&#8220;#00955f&#8220; outline_custom_hover_text=&#8220;#ffffff&#8220; shape=&#8220;square&#8220; align=&#8220;center&#8220; css_animation=&#8220;fadeIn&#8220; button_block=&#8220;true&#8220; link=&#8220;url:%2Fwp-content%2Fuploads%2F2026%2F02%2FPolitica-Ambientale-di-SapiSelco_de-12-2025.pdf|target:_blank&#8220;][\/vc_column][\/vc_row][vc_row el_class=&#8220;cert&#8220;][vc_column][vc_row_inner gap=&#8220;30&#8243; el_class=&#8220;cert-row1&#8243;][vc_column_inner width=&#8220;1\/3&#8243; css=&#8220;.vc_custom_1639476068560{padding-right: 0px !important;padding-left: 0px !important;background-color: #f9f9f9 !important;}&#8220;][vc_column_text css=&#8220;.vc_custom_1717077020233{padding-top: 20px !important;padding-right: 20px !important;padding-left: 20px !important;}&#8220;]<img loading=\"lazy\" decoding=\"async\" class=\"alignnone wp-image-1098\" role=\"img\" src=\"\/wp-content\/uploads\/2022\/10\/sapiselco-certificazione-iatf.svg\" alt=\"\" width=\"201\" height=\"65\" \/><br \/>\nCert. 0518176<br \/>\nZertifiziertes Automotive-Qualit\u00e4tsmanagementsystem.[\/vc_column_text][vc_btn title=&#8220;download&#8220; style=&#8220;custom&#8220; custom_background=&#8220;#00955f&#8220; custom_text=&#8220;#ffffff&#8220; shape=&#8220;square&#8220; align=&#8220;center&#8220; i_align=&#8220;right&#8220; i_icon_fontawesome=&#8220;fas fa-chevron-down&#8220; css_animation=&#8220;fadeIn&#8220; button_block=&#8220;true&#8220; add_icon=&#8220;true&#8220; link=&#8220;url:https%3A%2F%2Fwww.sapiselco.com%2Fwp-content%2Fuploads%2F2024%2F05%2FCertificato-IATF-16949_2016_DNV_19-05-2027.pdf|target:_blank&#8220;][\/vc_column_inner][vc_column_inner width=&#8220;1\/3&#8243; css=&#8220;.vc_custom_1639476051697{padding-right: 0px !important;padding-left: 0px !important;background-color: #f9f9f9 !important;}&#8220;][vc_column_text css=&#8220;.vc_custom_1738764062947{padding-top: 20px !important;padding-right: 20px !important;padding-left: 20px !important;}&#8220;]<img loading=\"lazy\" decoding=\"async\" class=\"alignnone wp-image-1098\" role=\"img\" src=\"\/wp-content\/uploads\/2025\/02\/sapiselco-certificazione-iip.svg\" alt=\"\" width=\"201\" height=\"65\" \/><br \/>\nCert. IIP 46<br \/>\nZertifiziertes Qualit\u00e4tsmanagementsystem.[\/vc_column_text][vc_btn title=&#8220;download&#8220; style=&#8220;custom&#8220; custom_background=&#8220;#00955f&#8220; custom_text=&#8220;#ffffff&#8220; shape=&#8220;square&#8220; align=&#8220;center&#8220; i_align=&#8220;right&#8220; i_icon_fontawesome=&#8220;fas fa-chevron-down&#8220; css_animation=&#8220;fadeIn&#8220; button_block=&#8220;true&#8220; add_icon=&#8220;true&#8220; link=&#8220;url:%2Fwp-content%2Fuploads%2F2024%2F07%2FCertificato-UNI-EN-ISO-9001_2015_IQnet_05-09-2027.pdf|target:_blank&#8220;][\/vc_column_inner][vc_column_inner width=&#8220;1\/3&#8243; css=&#8220;.vc_custom_1639476059975{padding-right: 0px !important;padding-left: 0px !important;background-color: #f9f9f9 !important;}&#8220;][vc_column_text css=&#8220;.vc_custom_1676363816117{padding-top: 20px !important;padding-right: 20px !important;padding-left: 20px !important;}&#8220;]<img loading=\"lazy\" decoding=\"async\" class=\"alignnone wp-image-1098\" role=\"img\" src=\"\/wp-content\/uploads\/2022\/10\/sapiselco-certificazione-iso.svg\" alt=\"\" width=\"201\" height=\"65\" \/><br \/>\nCert. CERT-464-2002-AE-VEN-SINCERT<br \/>\nZertifiziertes Umweltmanagementsystem.[\/vc_column_text][vc_btn title=&#8220;download&#8220; style=&#8220;custom&#8220; custom_background=&#8220;#00955f&#8220; custom_text=&#8220;#ffffff&#8220; shape=&#8220;square&#8220; align=&#8220;center&#8220; i_align=&#8220;right&#8220; i_icon_fontawesome=&#8220;fas fa-chevron-down&#8220; css_animation=&#8220;fadeIn&#8220; button_block=&#8220;true&#8220; add_icon=&#8220;true&#8220; link=&#8220;url:%2Fwp-content%2Fuploads%2F2023%2F05%2FCertificato-UNI-EN-ISO-14001_2015_DNV-ENG_27_05_2026.pdf|target:_blank&#8220;][\/vc_column_inner][\/vc_row_inner][\/vc_column][\/vc_row][vc_row][vc_column css=&#8220;.vc_custom_1639476107274{padding-right: 0px !important;padding-left: 0px !important;}&#8220;][vc_separator color=&#8220;custom&#8220; border_width=&#8220;3&#8243; accent_color=&#8220;#00955f&#8220;][\/vc_column][\/vc_row][vc_row gap=&#8220;30&#8243; css=&#8220;.vc_custom_1639478399856{margin-bottom: 0px !important;}&#8220;][vc_column width=&#8220;2\/3&#8243;][vc_column_text]<\/p>\n<h2><strong>Produkt<\/strong>zertifizierungen<\/h2>\n<p>[\/vc_column_text][\/vc_column][vc_column width=&#8220;1\/3&#8243; offset=&#8220;vc_hidden-sm vc_hidden-xs&#8220;][\/vc_column][\/vc_row][vc_row gap=&#8220;30&#8243; css=&#8220;.vc_custom_1639478725829{margin-bottom: 10px !important;}&#8220;][vc_column width=&#8220;2\/3&#8243;][vc_column_text]<strong>Die SapiSelco<\/strong>\u00a0<strong>Produkte<\/strong>\u00a0werden gr\u00fcndlichen Kontrollen unterzogen, damit die\u00a0<strong>internationalen Zertifizierungsstandards <\/strong>erf\u00fcllt und die Bescheinigungen der Kontrollorgane erzielt werden.\u00a0 Forschung und Entwicklung, sowie Produktoptimierung sind die Unterscheidungsfaktoren einer Produktion, die ausschlie\u00dflich \u201c<strong>Made in Italy\u201c<\/strong> und das Ergebnis einer\u00a0<strong>70-j\u00e4hrigen Erfahrung<\/strong> ist.\u00a0 Eine <strong>weltweit<\/strong> anerkannte\u00a0<strong>Qualit\u00e4t<\/strong>.[\/vc_column_text][\/vc_column][vc_column width=&#8220;1\/3&#8243;][vc_column_text]N\u00e4here Informationen \u00fcber die Konformit\u00e4tserkl\u00e4rungen und die f\u00fcr jeden Artikel verf\u00fcgbaren Produktzertifizierungen k\u00f6nnen hier per E-Mail beantragt werden: <a class=\"accent\" href=\"mailto:info@sapiselco.com\">info@sapiselco.com<\/a>[\/vc_column_text]<div class=\"vc_btn3-container sapi-button-normal sapi-contact vc_btn3-inline\"><a class=\"contact-modal vc_general vc_btn3 vc_btn3-size-md vc_btn3-shape-square vc_btn3-style-flat vc_btn3-color-grey\" href=\"#\" >KONTAKT AUFNEHMEN<\/a><\/div>[\/vc_column][\/vc_row][vc_row gap=&#8220;30&#8243; css=&#8220;.vc_custom_1640258880614{margin-bottom: 0px !important;}&#8220; el_class=&#8220;cert&#8220;][vc_column width=&#8220;1\/3&#8243;][vc_column_text css=&#8220;.vc_custom_1664800907572{margin-bottom: 0px !important;}&#8220;]<img loading=\"lazy\" decoding=\"async\" class=\"alignnone wp-image-47186\" role=\"img\" src=\"https:\/\/www.sapiselco.com\/wp-content\/uploads\/2022\/10\/sapiselco-certificazione-UL.svg\" alt=\"\" width=\"300\" height=\"62\" \/><br \/>\nProdukte Typ 21\/21S\/2\/2S, Datei E160935 (Referenzstandard UL 62275, CSA-C22.2 No.62275, IEC 62275).[\/vc_column_text][\/vc_column][vc_column width=&#8220;1\/3&#8243;][vc_column_text css=&#8220;.vc_custom_1664800913565{margin-bottom: 0px !important;}&#8220;]<img loading=\"lazy\" decoding=\"async\" class=\"alignnone wp-image-47181\" role=\"img\" src=\"https:\/\/www.sapiselco.com\/wp-content\/uploads\/2022\/10\/sapiselco-certificazione-RU.svg\" alt=\"\" width=\"300\" height=\"62\" \/><br \/>\nProdukte Typ 11, Datei E160935 (Referenzstandard UL 62275, CSA-C22.2 No.62275).[\/vc_column_text][\/vc_column][vc_column width=&#8220;1\/3&#8243;][vc_column_text css=&#8220;.vc_custom_1676363855530{margin-bottom: 0px !important;}&#8220;]<img loading=\"lazy\" decoding=\"async\" class=\"alignnone wp-image-47161\" role=\"img\" src=\"https:\/\/www.sapiselco.com\/wp-content\/uploads\/2022\/04\/sapiselco_certificazione_tuv_1.png\" alt=\"\" width=\"98\" height=\"62\" \/><br \/>\nZertifikat Nr. Z1 095068 0002 Rev. 01 (Referenzstandard EN 62275).[\/vc_column_text][\/vc_column][\/vc_row][vc_row gap=&#8220;30&#8243; css=&#8220;.vc_custom_1640258885074{margin-bottom: 0px !important;}&#8220; el_class=&#8220;cert&#8220;][vc_column width=&#8220;1\/3&#8243;][vc_column_text css=&#8220;.vc_custom_1690873822348{margin-bottom: 0px !important;}&#8220;]<img loading=\"lazy\" decoding=\"async\" class=\"alignnone wp-image-47176\" role=\"img\" src=\"https:\/\/www.sapiselco.com\/wp-content\/uploads\/2023\/07\/sapiselco-certificazione-rina.svg\" alt=\"\" width=\"290\" height=\"65\" \/><br \/>\nType Approval Certificate ELE494322CS (Referenzstandard IEC 62275).[\/vc_column_text][\/vc_column][vc_column width=&#8220;1\/3&#8243;][vc_column_text css=&#8220;.vc_custom_1690873801318{margin-bottom: 0px !important;}&#8220;]<img loading=\"lazy\" decoding=\"async\" class=\"alignnone wp-image-47155\" role=\"img\" src=\"https:\/\/www.sapiselco.com\/wp-content\/uploads\/2023\/07\/sapiselco-certificazione-bureau_1.svg\" alt=\"\" width=\"290\" height=\"65\" \/><br \/>\nCertificate of Type Approval Nr. 09113\/E0 BV (ELE494322CS IEC 62275).[\/vc_column_text][\/vc_column][vc_column width=&#8220;1\/3&#8243;][vc_column_text css=&#8220;.vc_custom_1711440102954{margin-bottom: 0px !important;}&#8220;]<img loading=\"lazy\" decoding=\"async\" class=\"alignnone wp-image-47166\" role=\"img\" src=\"https:\/\/www.sapiselco.com\/wp-content\/uploads\/2022\/10\/sapiselco-certificazione-dnv.svg\" alt=\"\" width=\"290\" height=\"65\" \/><br \/>\nType Approval Certificate Nr. TAE00003E9 Rev. 01, TAE00003EA Rev. 01 (Bezugsnormen IEC 62275 und UL 62275).[\/vc_column_text][\/vc_column][\/vc_row][vc_row gap=&#8220;30&#8243; el_class=&#8220;cert&#8220;][vc_column width=&#8220;1\/3&#8243;][vc_column_text]<img loading=\"lazy\" decoding=\"async\" class=\"alignnone wp-image-47171\" role=\"img\" src=\"https:\/\/www.sapiselco.com\/wp-content\/uploads\/2022\/10\/sapiselco-certificazione-LR.svg\" alt=\"\" width=\"290\" height=\"65\" \/><br \/>\nLR Type Approval Certificate nr. LR24132926TA (Referenzstandard IEC 62275).[\/vc_column_text][\/vc_column][vc_column width=&#8220;1\/3&#8243;][\/vc_column][vc_column width=&#8220;1\/3&#8243; offset=&#8220;vc_hidden-xs&#8220;][\/vc_column][\/vc_row][vc_row][vc_column css=&#8220;.vc_custom_1639476107274{padding-right: 0px !important;padding-left: 0px !important;}&#8220;][vc_separator color=&#8220;custom&#8220; border_width=&#8220;3&#8243; accent_color=&#8220;#00955f&#8220;][\/vc_column][\/vc_row][vc_row gap=&#8220;30&#8243; css=&#8220;.vc_custom_1639478399856{margin-bottom: 0px !important;}&#8220;][vc_column width=&#8220;2\/3&#8243;][vc_column_text]<\/p>\n<h2><strong>Konformit\u00e4t<\/strong>serkl\u00e4rungen<\/h2>\n<p>[\/vc_column_text][\/vc_column][vc_column width=&#8220;1\/3&#8243; offset=&#8220;vc_hidden-sm vc_hidden-xs&#8220;][\/vc_column][\/vc_row][vc_row gap=&#8220;30&#8243; el_class=&#8220;cert&#8220;][vc_column width=&#8220;1\/3&#8243;][vc_column_text css=&#8220;.vc_custom_1658499743312{margin-bottom: 0px !important;}&#8220;]<img loading=\"lazy\" decoding=\"async\" class=\"alignnone wp-image-1046\" role=\"img\" src=\"\/wp-content\/uploads\/2021\/12\/sapiselco-certificazione-CE.svg\" alt=\"\" width=\"201\" height=\"65\" \/><br \/>\nCE-KENNZEICHNUNG: In \u00dcbereinstimmung mit der zutreffenden europ\u00e4ischen Richtlinie 2014\/35\/EU (unsere Produkte erf\u00fcllen die Sicherheitsanforderungen, wenn sie gem\u00e4\u00df den empfohlenen Nutzungsbedingungen verwendet werden).[\/vc_column_text][\/vc_column][vc_column width=&#8220;1\/3&#8243;][vc_column_text css=&#8220;.vc_custom_1658499775986{margin-bottom: 0px !important;}&#8220;]<img loading=\"lazy\" decoding=\"async\" class=\"alignnone wp-image-1046\" role=\"img\" src=\"\/wp-content\/uploads\/2021\/12\/sapiselco-certificazione-rohs.svg\" alt=\"\" width=\"201\" height=\"65\" \/><br \/>\nDie verwendeten Rohmaterialien enthalten keine der in der europ\u00e4ischen Richtlinie 2011\/65\/EU und in der delegierten Richtlinie 2015\/863\/EU aufgef\u00fchrten Stoffe.[\/vc_column_text][\/vc_column][vc_column width=&#8220;1\/3&#8243;][vc_column_text css=&#8220;.vc_custom_1658499770302{margin-bottom: 0px !important;}&#8220;]<img loading=\"lazy\" decoding=\"async\" class=\"alignnone wp-image-1046\" role=\"img\" src=\"\/wp-content\/uploads\/2021\/12\/sapiselco-certificazione-reach.svg\" alt=\"\" width=\"201\" height=\"65\" \/><br \/>\nDie verwendeten Rohmaterialien enthalten keine der in der europ\u00e4ischen Regelung 1907\/2006 aufgef\u00fchrten Stoffe.[\/vc_column_text][\/vc_column][\/vc_row][vc_row gap=&#8220;30&#8243; content_placement=&#8220;middle&#8220; css=&#8220;.vc_custom_1639479563495{margin-bottom: 70px !important;}&#8220;][vc_column width=&#8220;2\/3&#8243;][vc_column_text]N\u00e4here Informationen \u00fcber die Konformit\u00e4tserkl\u00e4rungen sind per E-Mail anzufordern: <a class=\"accent\" href=\"mailto:info@sapiselco.com\">info@sapiselco.com<\/a>[\/vc_column_text][\/vc_column][vc_column width=&#8220;1\/3&#8243;]<div class=\"vc_btn3-container sapi-button-normal sapi-contact vc_btn3-inline\"><a class=\"contact-modal vc_general vc_btn3 vc_btn3-size-md vc_btn3-shape-square vc_btn3-style-flat vc_btn3-color-grey\" href=\"#\" >KONTAKT AUFNEHMEN<\/a><\/div>[\/vc_column][\/vc_row]<\/p>\n<\/div>","protected":false},"excerpt":{"rendered":"[vc_row gap=&#8220;30&#8243; css=&#8220;.vc_custom_1639478416560{margin-bottom: 0px !important;}&#8220;][vc_column width=&#8220;2\/3&#8243;][vc_column_text] Systemzertifizierungen [\/vc_column_text][\/vc_column][vc_column width=&#8220;1\/3&#8243; offset=&#8220;vc_hidden-sm vc_hidden-xs&#8220;][\/vc_column][\/vc_row][vc_row gap=&#8220;30&#8243; equal_height=&#8220;yes&#8220; content_placement=&#8220;top&#8220; css=&#8220;.vc_custom_1639475877180{margin-bottom: 0px !important;}&#8220;][vc_column width=&#8220;2\/3&#8243;][vc_column_text]Eine Philosophie, die eine volle\u00a0Kundenzufriedenheit\u00a0anstrebt und folgende\u00a0Priorit\u00e4ten\u00a0setzt: Die\u00a0Themen\u00a0bez\u00fcglich der\u00a0Gesundheit\u00a0und\u00a0Sicherheit\u00a0durch einen konkreten\u00a0Ansatz zugunsten der Umwelt\u00a0und der\u00a0Nachhaltigkeit.[\/vc_column_text][\/vc_column][vc_column width=&#8220;1\/3&#8243; css=&#8220;.vc_custom_1639475836911{padding-right: 0px !important;padding-left: 0px !important;}&#8220;][vc_btn title=&#8220;DIE QUALIT\u00c4TSPOLITIK&#8220; style=&#8220;outline-custom&#8220; outline_custom_color=&#8220;#00955f&#8220; outline_custom_hover_background=&#8220;#00955f&#8220; outline_custom_hover_text=&#8220;#ffffff&#8220; shape=&#8220;square&#8220; align=&#8220;center&#8220; css_animation=&#8220;fadeIn&#8220; button_block=&#8220;true&#8220; link=&#8220;url:%2Fwp-content%2Fuploads%2F2022%2F11%2FPoliticaPolitica-per-la-Qualita-2018-DE.pdf|target:_blank&#8220; css=&#8220;.vc_custom_1669820247236{margin-bottom: 5px !important;}&#8220;][vc_btn title=&#8220;UMWELTPOLITIK&#8220; style=&#8220;outline-custom&#8220; outline_custom_color=&#8220;#00955f&#8220; <a href=\"https:\/\/www.sapiselco.com\/de\/zertifizierungen\/\" class=\"more-link\">&#8230;<\/a>","protected":false},"author":1,"featured_media":0,"parent":0,"menu_order":0,"comment_status":"closed","ping_status":"closed","template":"","meta":{"_acf_changed":false,"footnotes":""},"class_list":["post-48605","page","type-page","status-publish","hentry"],"acf":[],"_links":{"self":[{"href":"https:\/\/www.sapiselco.com\/de\/wp-json\/wp\/v2\/pages\/48605","targetHints":{"allow":["GET"]}}],"collection":[{"href":"https:\/\/www.sapiselco.com\/de\/wp-json\/wp\/v2\/pages"}],"about":[{"href":"https:\/\/www.sapiselco.com\/de\/wp-json\/wp\/v2\/types\/page"}],"author":[{"embeddable":true,"href":"https:\/\/www.sapiselco.com\/de\/wp-json\/wp\/v2\/users\/1"}],"replies":[{"embeddable":true,"href":"https:\/\/www.sapiselco.com\/de\/wp-json\/wp\/v2\/comments?post=48605"}],"version-history":[{"count":21,"href":"https:\/\/www.sapiselco.com\/de\/wp-json\/wp\/v2\/pages\/48605\/revisions"}],"predecessor-version":[{"id":60338,"href":"https:\/\/www.sapiselco.com\/de\/wp-json\/wp\/v2\/pages\/48605\/revisions\/60338"}],"wp:attachment":[{"href":"https:\/\/www.sapiselco.com\/de\/wp-json\/wp\/v2\/media?parent=48605"}],"curies":[{"name":"wp","href":"https:\/\/api.w.org\/{rel}","templated":true}]}}