{"id":48635,"date":"2021-12-06T09:53:54","date_gmt":"2021-12-06T08:53:54","guid":{"rendered":"https:\/\/www.sapiselco.com\/make-plastic-smart\/"},"modified":"2026-04-14T18:09:52","modified_gmt":"2026-04-14T16:09:52","slug":"make-plastic-smart","status":"publish","type":"page","link":"https:\/\/www.sapiselco.com\/de\/make-plastic-smart\/","title":{"rendered":"Make plastic smart"},"content":{"rendered":"<div class=\"wpb-content-wrapper\"><p>[vc_row full_width=&#8220;stretch_row_content_no_spaces&#8220; el_class=&#8220;plastic-smart-mobile&#8220; css=&#8220;.vc_custom_1652257906705{margin-top: 0px !important;margin-right: 0px !important;margin-bottom: 0px !important;margin-left: 0px !important;padding-top: 0px !important;padding-right: 0px !important;padding-bottom: 0px !important;padding-left: 0px !important;background-image: url(https:\/\/www.sapiselco.com\/wp-content\/uploads\/2021\/12\/plastic_smart_bg.jpg?id=814) !important;background-position: center !important;background-repeat: no-repeat !important;background-size: cover !important;}&#8220;][vc_column][vc_empty_space height=&#8220;30px&#8220; el_class=&#8220;plastic-smart-mobile-img&#8220;][\/vc_column][\/vc_row][vc_row full_width=&#8220;stretch_row_content_no_spaces&#8220; full_height=&#8220;yes&#8220; columns_placement=&#8220;top&#8220; css=&#8220;.vc_custom_1652257684156{background-position: center !important;background-repeat: no-repeat !important;background-size: cover !important;}&#8220; el_class=&#8220;plastic-smart&#8220;][vc_column][vc_row_inner content_placement=&#8220;top&#8220; gap=&#8220;35&#8243;][vc_column_inner el_class=&#8220;plastic-smart1&#8243; width=&#8220;1\/2&#8243; css=&#8220;.vc_custom_1638788507252{background-color: #ffffff !important;}&#8220;][vc_column_text]<\/p>\n<h2 style=\"text-align: center;\"><img loading=\"lazy\" decoding=\"async\" class=\"aligncenter wp-image-810\" role=\"img\" src=\"https:\/\/www.sapiselco.com\/wp-content\/uploads\/\/2021\/12\/plastic_smart_brand.svg\" alt=\"\" width=\"177\" height=\"200\" \/><\/h2>\n<h2 style=\"text-align: center;\">Make plastic <strong>Smart<\/strong><\/h2>\n<p>Der Umweltschutz und die Feinf\u00fchligkeit f\u00fcr Themen, die mit der Nachhaltigkeit f\u00fcr zuk\u00fcnftige Generationen verbunden sind, geh\u00f6ren zu unserer Unternehmenskultur. Mit dem Projekt <strong>Make Plastic Smart<\/strong>\u00a0f\u00f6rdert Sapiselco eine intelligentere und bewusstere Verwendung der aus Kunststoff hergestellten Produkte:\u00a0<strong>Reduzierung der Verschwendungen, geringerer Verbrauch<\/strong>, F\u00f6rderung des\u00a0<strong>Recycling<\/strong>, aber vor allem die\u00a0<strong>Erweiterung des Verwendungszyklus<\/strong>\u00a0der aus dem wichtigen Rohmaterial Kunststoff gefertigten Produkte.<\/p>\n<p>Die von SapiSelco produzierten Kabelbinder bringen das \u201cPlastic Smart\u201d Konzept, d.h. dauerhafte Produkte, die wichtige Anwendungsbed\u00fcrfnisse langfristig l\u00f6sen, voll zum Ausdruck.[\/vc_column_text][vc_empty_space height=&#8220;20px&#8220;][vc_column_text]<\/p>\n<h4><strong><cite class=\"accent\">\u201cEine Unternehmensphilosophie, mit der die Umwelt gesch\u00fctzt und das Polymer, das uns so sehr am Herzen liegt, dauerhaft gewahrt werden kann\u201d<\/cite><\/strong><\/h4>\n<p class=\"accent\" style=\"text-align: right; line-height: 1.2;\"><em>Giacomo Griggio<br \/>\nVertriebsleiter<\/em><\/p>\n<p>[\/vc_column_text][vc_empty_space height=&#8220;25&#8243;][vc_single_image image=&#8220;46647&#8243; img_size=&#8220;full&#8220;][\/vc_column_inner][vc_column_inner el_class=&#8220;plastic-smart2&#8243; width=&#8220;1\/2&#8243;][vc_column_text css=&#8220;.vc_custom_1658496035640{background-color: #00955f !important;}&#8220; el_class=&#8220;dark mps-title-dx&#8220;]<\/p>\n<h3>Ein konkretes Engagement f\u00fcr <strong>SapiSelco<\/strong><\/h3>\n<p>[\/vc_column_text][vc_column_text css=&#8220;.vc_custom_1776182987261{background-color: #00955f !important;}&#8220; el_class=&#8220;dark mps-text-dx&#8220;]<\/p>\n<ul class=\"leaf\">\n<li>Umweltzertifizierung <strong>ISO 14001 <\/strong><\/li>\n<li>Einf\u00fchrung von Ma\u00dfnahmen f\u00fcr die Effizienzsteigerung und Einsparung von Energie an elektrischen Anlagen und Produktionsmaschinen.<\/li>\n<li>Beschaffung der Rohmaterialien vom Lieferant <strong>Ascend Performance Materials<\/strong>, der f\u00fcr einen Teil der eigenen Produktion vollkommen erneuerbare Energien einsetzt.<\/li>\n<li>Einrichtung einer Photovoltaikanlage zur Unterst\u00fctzung des Energiebedarfs.<\/li>\n<li>Weiterverkauf der <strong>Industrieabf\u00e4lle<\/strong> an Dritte f\u00fcr die R\u00fcckgewinnung und das Recycling des Rohmaterials.<\/li>\n<li>Entwicklung von vollkommen recycelbaren <strong>Monomaterial<\/strong>-Verpackungen f\u00fcr unsere Produkte.<\/li>\n<li>Entwicklung der Produktlinie <strong>Nyloc<\/strong>, die gleiche Leistungen wie die Standard-Kabelbinder bietet, jedoch mit einem um 30% geringeren Rohmaterialeinsatz.<\/li>\n<li>Entwicklung eines Kabelbinder-Sortiments, das <strong>wieder\u00f6ffenbar und wiederverwendbar <\/strong><\/li>\n<li>Bewusstseinsbildung beim Endverbraucher zur Reduzierung der Verschwendungen durch die Wahl der <strong>korrekten Gr\u00f6\u00dfe <\/strong>des Kabelbinders, je nach den wirklich Durchmesser-Anwendungsbed\u00fcrfnissen.<\/li>\n<li>Projekt f\u00fcr die Abschaffung von Einweg-Kunststoffen innerhalb der Produktionswerke des Unternehmens und Bereitstellung von wiederverwendbaren <strong>Trinkflaschen aus PET<\/strong> f\u00fcr alle Mitarbeiter.<\/li>\n<li>Geldspende an den Verband <strong>Spiritus Mundi Onlus<\/strong>, der mit dem Projekt \u201cBosco Vivo\u201d (Lebender Wald) Projekte f\u00fcr die Wiederaufforstung und st\u00e4dtische Aufforstung voranbringt.<\/li>\n<li>Einrichtung des <strong>Naturparks<\/strong> SapiSelco und eines <strong>Bio-Sees <\/strong>mit nat\u00fcrlichem Wasserreservoir.<\/li>\n<li>Erwerb von <strong>Sitzb\u00e4nken<\/strong> und <strong>Blumenk\u00e4sten<\/strong> aus vollkommen recyceltem Kunststoff f\u00fcr die Au\u00dfenbereiche der Produktionswerke von SapiSelco.<\/li>\n<li><strong>Natural Park<\/strong> and a <strong>Bio-lake<\/strong> water reservoir.<\/li>\n<\/ul>\n<p>[\/vc_column_text][\/vc_column_inner][\/vc_row_inner][\/vc_column][\/vc_row]<\/p>\n<\/div>","protected":false},"excerpt":{"rendered":"[vc_row full_width=&#8220;stretch_row_content_no_spaces&#8220; el_class=&#8220;plastic-smart-mobile&#8220; css=&#8220;.vc_custom_1652257906705{margin-top: 0px !important;margin-right: 0px !important;margin-bottom: 0px !important;margin-left: 0px !important;padding-top: 0px !important;padding-right: 0px !important;padding-bottom: 0px !important;padding-left: 0px !important;background-image: url(https:\/\/www.sapiselco.com\/wp-content\/uploads\/2021\/12\/plastic_smart_bg.jpg?id=814) !important;background-position: center !important;background-repeat: no-repeat !important;background-size: cover !important;}&#8220;][vc_column][vc_empty_space height=&#8220;30px&#8220; el_class=&#8220;plastic-smart-mobile-img&#8220;][\/vc_column][\/vc_row][vc_row full_width=&#8220;stretch_row_content_no_spaces&#8220; full_height=&#8220;yes&#8220; columns_placement=&#8220;top&#8220; css=&#8220;.vc_custom_1652257684156{background-position: center !important;background-repeat: no-repeat !important;background-size: cover !important;}&#8220; el_class=&#8220;plastic-smart&#8220;][vc_column][vc_row_inner content_placement=&#8220;top&#8220; gap=&#8220;35&#8243;][vc_column_inner el_class=&#8220;plastic-smart1&#8243; width=&#8220;1\/2&#8243; css=&#8220;.vc_custom_1638788507252{background-color: #ffffff !important;}&#8220;][vc_column_text] Make plastic Smart Der Umweltschutz und die <a href=\"https:\/\/www.sapiselco.com\/de\/make-plastic-smart\/\" class=\"more-link\">&#8230;<\/a>","protected":false},"author":1,"featured_media":0,"parent":0,"menu_order":0,"comment_status":"closed","ping_status":"closed","template":"","meta":{"_acf_changed":false,"footnotes":""},"class_list":["post-48635","page","type-page","status-publish","hentry"],"acf":[],"_links":{"self":[{"href":"https:\/\/www.sapiselco.com\/de\/wp-json\/wp\/v2\/pages\/48635","targetHints":{"allow":["GET"]}}],"collection":[{"href":"https:\/\/www.sapiselco.com\/de\/wp-json\/wp\/v2\/pages"}],"about":[{"href":"https:\/\/www.sapiselco.com\/de\/wp-json\/wp\/v2\/types\/page"}],"author":[{"embeddable":true,"href":"https:\/\/www.sapiselco.com\/de\/wp-json\/wp\/v2\/users\/1"}],"replies":[{"embeddable":true,"href":"https:\/\/www.sapiselco.com\/de\/wp-json\/wp\/v2\/comments?post=48635"}],"version-history":[{"count":9,"href":"https:\/\/www.sapiselco.com\/de\/wp-json\/wp\/v2\/pages\/48635\/revisions"}],"predecessor-version":[{"id":60951,"href":"https:\/\/www.sapiselco.com\/de\/wp-json\/wp\/v2\/pages\/48635\/revisions\/60951"}],"wp:attachment":[{"href":"https:\/\/www.sapiselco.com\/de\/wp-json\/wp\/v2\/media?parent=48635"}],"curies":[{"name":"wp","href":"https:\/\/api.w.org\/{rel}","templated":true}]}}