{"id":48647,"date":"2021-11-23T11:01:38","date_gmt":"2021-11-23T10:01:38","guid":{"rendered":"https:\/\/www.sapiselco.com\/raw-materials\/"},"modified":"2024-04-10T16:44:26","modified_gmt":"2024-04-10T14:44:26","slug":"rohmaterial","status":"publish","type":"page","link":"https:\/\/www.sapiselco.com\/de\/rohmaterial\/","title":{"rendered":"Rohmaterial"},"content":{"rendered":"<div class=\"wpb-content-wrapper\"><p>[vc_row gap=&#8220;30&#8243; el_class=&#8220;nobottom-margin&#8220;][vc_column][vc_column_text]<\/p>\n<h2><strong>Polyamid <\/strong>6.6<strong><br \/>\n<\/strong><\/h2>\n<p>[\/vc_column_text][\/vc_column][\/vc_row][vc_row gap=&#8220;30&#8243; equal_height=&#8220;yes&#8220; content_placement=&#8220;top&#8220;][vc_column width=&#8220;2\/3&#8243;][vc_row_inner gap=&#8220;30&#8243; css=&#8220;.vc_custom_1637934941806{margin-bottom: 0px !important;}&#8220;][vc_column_inner width=&#8220;1\/2&#8243;][vc_column_text]<strong>Polyamid 6.6<\/strong>\u00a0(PA66) ist das\u00a0<strong>Rohmaterial<\/strong>, aus dem die meisten\u00a0<strong>SapiSelco Produkte<\/strong> hergestellt werden.\u00a0 PA66 geh\u00f6rt zur Familie der technischen Kunststoffe und ist von einer hohen mechanischen Festigkeit und Abriebbest\u00e4ndigkeit und einem niedrigen Reibwert charakterisiert, sowie von einer guten Best\u00e4ndigkeit gegen L\u00f6sungsmittel und andere aggressive Reagens.<\/p>\n<p>Im Panorama der thermoplastischen Kunststoffe ist[\/vc_column_text][\/vc_column_inner][vc_column_inner width=&#8220;1\/2&#8243;][vc_column_text]<strong>PA66<\/strong>\u00a0das Polymer mit den besten Eigenschaften f\u00fcr die Verarbeitung mit Spritzgie\u00dfsystemen.<\/p>\n<p>Um alle spezifischen Eigenschaften der von SapiSelco entwickelten und hergestellten Produkte zu erf\u00fcllen, werden in den Produktionszyklen auch andere Polymere wie <strong>Polypropylen <\/strong>und <strong>Polyethylen<\/strong> eingesetzt.[\/vc_column_text][\/vc_column_inner][\/vc_row_inner][vc_row_inner][vc_column_inner][vc_empty_space height=&#8220;10px&#8220;][vc_column_text]<\/p>\n<h3>Beschaffung<\/h3>\n<p>Die Sicherheit, sich auf einen Lieferant verlassen zu k\u00f6nnen, der <strong>Kontinuit\u00e4t<\/strong>\u00a0im Rahmen der Beschaffung und \u00a0<strong>beste Qualit\u00e4t<\/strong>\u00a0des Materials garantiert, ist ein grundlegender Aspekt f\u00fcr die Organisation und Planung der Produktionszyklen. Deshalb hat sich SapiSelco als Partner f\u00fcr\u00a0<strong>Ascend Performances Materials,<\/strong>\u00a0den\u00a0<strong>Weltmarktf\u00fchrer in der Produktion von<\/strong>\u00a0<strong>PA66<\/strong> entschieden.[\/vc_column_text][vc_single_image image=&#8220;46719&#8243; img_size=&#8220;full&#8220;][\/vc_column_inner][\/vc_row_inner][\/vc_column][vc_column width=&#8220;1\/3&#8243;][vc_single_image image=&#8220;46613&#8243; img_size=&#8220;full&#8220; alignment=&#8220;center&#8220; css=&#8220;.vc_custom_1652189141777{padding-right: 30px !important;padding-left: 30px !important;}&#8220; el_class=&#8220;ascend-materia-prima&#8220;][vc_column_text el_class=&#8220;dark padding30&#8243;]<strong>WELTMARKTF\u00dcHRER IN<br \/>\nDER PRODUKTION VON PA6.6<br \/>\n<\/strong><\/p>\n<p>Mit mehr als 70 Jahren Erfahrung besch\u00e4ftigt <strong>Ascend Performances Materials<\/strong>\u00a0heute \u00fcber\u00a0<strong>2600 Mitarbeiter<\/strong>\u00a0in den Produktionswerken in den Vereinigten Staaten, Europa und China, mit dem Ziel, Kunststoffe, Gewebe, Fasern und chemische Produkte f\u00fcr industrielle Produktionen zu entwickeln und zu produzieren.<\/p>\n<p>SapiSelco vertraut sich Ascend nicht nur wegen der\u00a0<strong>ausgezeichneten Leistungen<\/strong>\u00a0der Polymere an, die mit der Marke <strong>Vydyne PA66<\/strong>\u00a0geliefert und garantiert werden, sondern auch wegen der\u00a0<strong>Werte<\/strong>, dank welcher sich das Unternehmen bem\u00fcht, die Umwelt zu sch\u00fctzen und <strong>nachhaltige L\u00f6sungen zu entwickeln, die heute die Lebensqualit\u00e4t verbessern und morgen einer besseren Welt dienen<\/strong>.<\/p>\n<p><strong><img loading=\"lazy\" decoding=\"async\" class=\"alignnone size-full wp-image-680\" src=\"https:\/\/www.sapiselco.com\/wp-content\/uploads\/2021\/11\/pa66_icon.png\" alt=\"\" width=\"152\" height=\"183\" \/><\/strong><\/p>\n<p><strong>Vydyne PA66<\/strong>\u00a0entspricht dem Stand der Technik des gelieferten Materials und ist die grundlegende Komponente, die zur exzellenten Leistung der Produkte von SapiSelco beitr\u00e4gt.\u00a0 Alle SapiSelco Verpackungen tragen dieses Siegel als Garantie f\u00fcr Qualit\u00e4t.[\/vc_column_text][vc_empty_space height=&#8220;10px&#8220;][vc_row_inner equal_height=&#8220;yes&#8220; content_placement=&#8220;middle&#8220; css=&#8220;.vc_custom_1637934069993{padding-right: 10px !important;padding-left: 30px !important;}&#8220;][vc_column_inner width=&#8220;2\/3&#8243;][vc_column_text]<\/p>\n<p class=\"accent\" style=\"line-height: 1.2;\"><strong>DIESES AUF DEN SAPISELCO VERPACKUNGEN ANGEBRACHTE LOGO IST EINE GARANTIE F\u00dcR QUALIT\u00c4T<\/strong><\/p>\n<p>[\/vc_column_text][\/vc_column_inner][vc_column_inner width=&#8220;1\/3&#8243;][vc_raw_html]JTNDaSUyMGNsYXNzJTNEJTIyZmFzJTIwZmEtc2VhcmNoJTIwYWNjZW50JTIyJTIwc3R5bGUlM0QlMjJmb250LXNpemUlM0EzMHB4JTNCJTIyJTNFJTNDJTJGaSUzRQ==[\/vc_raw_html][\/vc_column_inner][\/vc_row_inner][\/vc_column][\/vc_row]<\/p>\n<\/div>","protected":false},"excerpt":{"rendered":"[vc_row gap=&#8220;30&#8243; el_class=&#8220;nobottom-margin&#8220;][vc_column][vc_column_text] Polyamid 6.6 [\/vc_column_text][\/vc_column][\/vc_row][vc_row gap=&#8220;30&#8243; equal_height=&#8220;yes&#8220; content_placement=&#8220;top&#8220;][vc_column width=&#8220;2\/3&#8243;][vc_row_inner gap=&#8220;30&#8243; css=&#8220;.vc_custom_1637934941806{margin-bottom: 0px !important;}&#8220;][vc_column_inner width=&#8220;1\/2&#8243;][vc_column_text]Polyamid 6.6\u00a0(PA66) ist das\u00a0Rohmaterial, aus dem die meisten\u00a0SapiSelco Produkte hergestellt werden.\u00a0 PA66 geh\u00f6rt zur Familie der technischen Kunststoffe und ist von einer hohen mechanischen Festigkeit und Abriebbest\u00e4ndigkeit und einem niedrigen Reibwert charakterisiert, sowie von einer guten Best\u00e4ndigkeit gegen L\u00f6sungsmittel und andere <a href=\"https:\/\/www.sapiselco.com\/de\/rohmaterial\/\" class=\"more-link\">&#8230;<\/a>","protected":false},"author":1,"featured_media":0,"parent":0,"menu_order":0,"comment_status":"closed","ping_status":"closed","template":"","meta":{"_acf_changed":false,"footnotes":""},"class_list":["post-48647","page","type-page","status-publish","hentry"],"acf":[],"_links":{"self":[{"href":"https:\/\/www.sapiselco.com\/de\/wp-json\/wp\/v2\/pages\/48647","targetHints":{"allow":["GET"]}}],"collection":[{"href":"https:\/\/www.sapiselco.com\/de\/wp-json\/wp\/v2\/pages"}],"about":[{"href":"https:\/\/www.sapiselco.com\/de\/wp-json\/wp\/v2\/types\/page"}],"author":[{"embeddable":true,"href":"https:\/\/www.sapiselco.com\/de\/wp-json\/wp\/v2\/users\/1"}],"replies":[{"embeddable":true,"href":"https:\/\/www.sapiselco.com\/de\/wp-json\/wp\/v2\/comments?post=48647"}],"version-history":[{"count":11,"href":"https:\/\/www.sapiselco.com\/de\/wp-json\/wp\/v2\/pages\/48647\/revisions"}],"predecessor-version":[{"id":59448,"href":"https:\/\/www.sapiselco.com\/de\/wp-json\/wp\/v2\/pages\/48647\/revisions\/59448"}],"wp:attachment":[{"href":"https:\/\/www.sapiselco.com\/de\/wp-json\/wp\/v2\/media?parent=48647"}],"curies":[{"name":"wp","href":"https:\/\/api.w.org\/{rel}","templated":true}]}}