{"id":48702,"date":"2022-01-31T15:00:23","date_gmt":"2022-01-31T14:00:23","guid":{"rendered":"https:\/\/www.sapiselco.com\/coll-collars\/"},"modified":"2024-03-26T09:11:08","modified_gmt":"2024-03-26T08:11:08","slug":"coll-kabelbinderschellen","status":"publish","type":"page","link":"https:\/\/www.sapiselco.com\/de\/coll-kabelbinderschellen\/","title":{"rendered":"COLL Kabelbinderschellen"},"content":{"rendered":"<div class=\"wpb-content-wrapper\"><p>[vc_row gap=&#8220;30&#8243;][vc_column width=&#8220;2\/3&#8243;][vc_column_text]<\/p>\n<h2>Kabelbinderschellen mit <strong>Einzelkopf<\/strong> und <strong>Doppelkopf<\/strong><\/h2>\n<p>[\/vc_column_text][\/vc_column][vc_column width=&#8220;1\/3&#8243; offset=&#8220;vc_hidden-sm vc_hidden-xs&#8220;][vc_single_image image=&#8220;46810&#8243; img_size=&#8220;full&#8220; alignment=&#8220;right&#8220; el_class=&#8220;product-brand&#8220;][\/vc_column][\/vc_row][vc_row css=&#8220;.vc_custom_1640267924508{padding-bottom: 30px !important;}&#8220;][vc_column][vc_tta_tour style=&#8220;flat&#8220; shape=&#8220;square&#8220; gap=&#8220;30&#8243; active_section=&#8220;1&#8243; no_fill_content_area=&#8220;true&#8220; el_class=&#8220;tab-type-1&#8243;][vc_tta_section title=&#8220;EINZELKOPF&#8220; tab_id=&#8220;einzelkopf&#8220;][vc_single_image image=&#8220;3340&#8243; img_size=&#8220;full&#8220; el_class=&#8220;einzelkopf tabImg&#8220;][vc_single_image image=&#8220;3230&#8243; img_size=&#8220;full&#8220;][vc_column_text el_class=&#8220;sezione1&#8243;]Die\u00a0<strong>Einzelkopf-Kabelbinderschelle<\/strong>\u00a0<strong>Coll<\/strong>\u00a0wird aus technischem Kunststoff hergestellt und ist an einem abgerundeten Korpus mit Au\u00dfenverzahnung und einem horizontalen Einzelkopf erkennbar. Das Material verleiht dem Produkt\u00a0<strong>mehr Flexibilit\u00e4t,<\/strong>\u00a0durch seine Struktur ist der\u00a0<strong>Raumbedarf des Kopfes geringer<\/strong> und es\u00a0<strong>haftet besser<\/strong>\u00a0an der Anbringungsfl\u00e4che.\u00a0 Auch f\u00fcr\u00a0<strong>Anwendungen in Au\u00dfenbereichen <\/strong>geeignet.<\/p>\n<p>Das Produkt ist mit \u00d6ffnungslasten im folgenden Wertbereich erh\u00e4ltlich:\u00a0<strong>250N \/ 25kg und 300N \/ 30kg<\/strong><\/p>\n<p>Zur Befestigung der\u00a0<strong>Einzelkopf-Kabelbinderschelle<\/strong>\u00a0ist das spezifische Werkzeug (PIN. 005) zu verwenden.[\/vc_column_text][vc_row_inner gap=&#8220;30&#8243;][vc_column_inner width=&#8220;1\/2&#8243;][vc_btn title=&#8220;TECHNISCHE TABELLE&#8220; style=&#8220;outline-custom&#8220; outline_custom_color=&#8220;#00955f&#8220; outline_custom_hover_background=&#8220;#00955f&#8220; outline_custom_hover_text=&#8220;#ffffff&#8220; shape=&#8220;square&#8220; align=&#8220;center&#8220; i_align=&#8220;right&#8220; i_icon_fontawesome=&#8220;fas fa-table&#8220; css_animation=&#8220;fadeIn&#8220; button_block=&#8220;true&#8220; add_icon=&#8220;true&#8220; custom_onclick=&#8220;true&#8220; custom_onclick_code=&#8220;openModal(&#8222;#table1&#8222;);&#8220;][\/vc_column_inner][vc_column_inner width=&#8220;1\/2&#8243;][\/vc_column_inner][\/vc_row_inner][vc_column_text]<\/p>\n<h3><strong>Produkt<\/strong>zertifizierungen<\/h3>\n<p>[\/vc_column_text][vc_row_inner equal_height=&#8220;yes&#8220; css=&#8220;.vc_custom_1644253123994{margin-bottom: 0px !important;}&#8220;][vc_column_inner width=&#8220;1\/2&#8243;][vc_raw_html]JTNDZGl2JTIwc3R5bGUlM0QlMjJkaXNwbGF5JTNBZ3JpZCUzQiUyMGdyaWQtdGVtcGxhdGUtY29sdW1ucyUzQTUwcHglMjAxZnIlM0IlMjBncmlkLWdhcCUzQTEycHglM0IlMjIlM0UlMEElM0NkaXYlM0UlM0NpbWclMjBzcmMlM0QlMjIlMkZ3cC1jb250ZW50JTJGdXBsb2FkcyUyRjIwMjIlMkYwMiUyRkRGNDM4MkQ3OEY5NDBCOTIucG5nJTIyJTIwYWx0JTNEJTIyQ2VydGlmaWNhemlvbmUlMjBUVVYlMjIlMjAlMkYlM0UlM0MlMkZkaXYlM0UlMEElM0NkaXYlM0UlMkFaZXJ0aWZpa2F0JTIwTnIuJTIwJTIwWjElMjAwOTUwNjglMjAwMDAyJTIwUmV2LiUyMDAxJTIwJTI4QmV6dWdzbm9ybSUyMEVOJTIwNjIyNzUlMjkuJTNDJTJGZGl2JTNFJTBBJTNDJTJGZGl2JTNF[\/vc_raw_html][\/vc_column_inner][vc_column_inner width=&#8220;1\/2&#8243;][\/vc_column_inner][\/vc_row_inner][vc_separator color=&#8220;custom&#8220; border_width=&#8220;2&#8243; accent_color=&#8220;#00955f&#8220;][vc_column_text]*Das Zertifikat Nr. Z1 095068 0002 Rev. 01 gilt nicht f\u00fcr die Einzelkopf-Kabelbinderschelle in Gr\u00f6\u00dfe 115x9mm.<\/p>\n<p>N\u00e4here Informationen \u00fcber die Produktzertifizierungen k\u00f6nnen hier per E-Mail beantragt werden: <a class=\"accent\" href=\"mailto:info@sapiselco.com\">info@sapiselco.com<\/a>[\/vc_column_text][\/vc_tta_section][vc_tta_section title=&#8220;DOPPELKOPF&#8220; tab_id=&#8220;doppelkopf&#8220;][vc_single_image image=&#8220;3335&#8243; img_size=&#8220;full&#8220; el_class=&#8220;doppelkopf tabImg&#8220;][vc_single_image image=&#8220;3431&#8243; img_size=&#8220;full&#8220;][vc_column_text el_class=&#8220;sezione1&#8243;]Die\u00a0<strong>Doppelkopf-Kabelbinderschelle<\/strong>\u00a0<strong>Coll<\/strong>\u00a0wird aus technischem Kunststoff hergestellt und ist an einem abgerundeten Korpus mit Au\u00dfenverzahnung und einem horizontalen Doppelkopf erkennbar. Das Material verleiht dem Produkt\u00a0<strong>mehr Flexibilit\u00e4t,<\/strong>\u00a0durch seine Struktur ist der\u00a0<strong>Raumbedarf des Kopfes geringer<\/strong> und es\u00a0<strong>haftet besser<\/strong>\u00a0an der Anbringungsfl\u00e4che.\u00a0 Auch f\u00fcr\u00a0<strong>Anwendungen in Au\u00dfenbereichen <\/strong>geeignet.<\/p>\n<p>Das Produkt ist mit folgender \u00d6ffnungslast verf\u00fcgbar:\u00a0<strong>400N \/ 40kg<\/strong><\/p>\n<p>Zur Befestigung der\u00a0<strong>Doppelkopf-Kabelbinderschelle<\/strong>\u00a0ist das spezifische Werkzeug (PIN. 005) zu verwenden.[\/vc_column_text][vc_row_inner gap=&#8220;30&#8243;][vc_column_inner width=&#8220;1\/2&#8243;][vc_btn title=&#8220;TECHNISCHE TABELLE&#8220; style=&#8220;outline-custom&#8220; outline_custom_color=&#8220;#00955f&#8220; outline_custom_hover_background=&#8220;#00955f&#8220; outline_custom_hover_text=&#8220;#ffffff&#8220; shape=&#8220;square&#8220; align=&#8220;center&#8220; i_align=&#8220;right&#8220; i_icon_fontawesome=&#8220;fas fa-table&#8220; css_animation=&#8220;fadeIn&#8220; button_block=&#8220;true&#8220; add_icon=&#8220;true&#8220; custom_onclick=&#8220;true&#8220; custom_onclick_code=&#8220;openModal(&#8222;#table2&#8222;);&#8220;][\/vc_column_inner][vc_column_inner width=&#8220;1\/2&#8243;][\/vc_column_inner][\/vc_row_inner][vc_column_text]<\/p>\n<h3><strong>Produkt<\/strong>zertifizierungen<\/h3>\n<p>[\/vc_column_text][vc_row_inner equal_height=&#8220;yes&#8220; css=&#8220;.vc_custom_1644253143095{margin-bottom: 0px !important;}&#8220;][vc_column_inner width=&#8220;1\/2&#8243;][vc_raw_html]JTNDZGl2JTIwc3R5bGUlM0QlMjJkaXNwbGF5JTNBZ3JpZCUzQiUyMGdyaWQtdGVtcGxhdGUtY29sdW1ucyUzQTUwcHglMjAxZnIlM0IlMjBncmlkLWdhcCUzQTEycHglM0IlMjIlM0UlMEElM0NkaXYlM0UlM0NpbWclMjBzcmMlM0QlMjIlMkZ3cC1jb250ZW50JTJGdXBsb2FkcyUyRjIwMjIlMkYwMiUyRkRGNDM4MkQ3OEY5NDBCOTIucG5nJTIyJTIwYWx0JTNEJTIyQ2VydGlmaWNhemlvbmUlMjBUVVYlMjIlMjAlMkYlM0UlM0MlMkZkaXYlM0UlMEElM0NkaXYlM0UlMkFaZXJ0aWZpa2F0JTIwTnIuJTIwJTIwWjElMjAwOTUwNjglMjAwMDAyJTIwUmV2LiUyMDAxJTIwJTI4QmV6dWdzbm9ybSUyMEVOJTIwNjIyNzUlMjkuJTNDJTJGZGl2JTNFJTBBJTNDJTJGZGl2JTNF[\/vc_raw_html][\/vc_column_inner][vc_column_inner width=&#8220;1\/2&#8243;][\/vc_column_inner][\/vc_row_inner][vc_separator color=&#8220;custom&#8220; border_width=&#8220;2&#8243; accent_color=&#8220;#00955f&#8220;][vc_column_text]N\u00e4here Informationen \u00fcber die Produktzertifizierungen k\u00f6nnen hier per E-Mail beantragt werden: <a class=\"accent\" href=\"mailto:info@sapiselco.com\">info@sapiselco.com<\/a>[\/vc_column_text][\/vc_tta_section][\/vc_tta_tour][vc_raw_js]JTNDc2NyaXB0JTNFJTBBdmFyJTIwJTI0aiUyMCUzRCUyMGpRdWVyeSUzQiUwQWZ1bmN0aW9uJTIwb3Blbk1vZGFsJTI4bW9kYWwlMjklN0IlMEF2YXIlMjBtb2RhbENvbnRhaW5lciUyMCUzRCUyMCUyNGolMjglMjcubW9kYWwtY29udGVudC1ib3glMjclMjklM0IlMEFtb2RhbENvbnRhaW5lci5odG1sJTI4JTI3JTI3JTI5JTNCJTBBdmFyJTIwbW9kYWxjb250ZW50JTIwJTNEJTIwJTI0aiUyOG1vZGFsJTI5Lmh0bWwlMjglMjklM0IlMEFtb2RhbENvbnRhaW5lci5odG1sJTI4bW9kYWxjb250ZW50JTI5LnNob3clMjglMjklM0IlMEElMjRqJTI4JTI3JTIzbW9kYWwtY29udGFpbmVyJTI3JTI5LmZhZGVJbiUyOCUyOSUzQiUwQSU3RCUwQSUzQyUyRnNjcmlwdCUzRQ==[\/vc_raw_js][\/vc_column][\/vc_row][vc_row el_id=&#8220;table1&#8243; el_class=&#8220;modal-box-content&#8220;][vc_column][vc_row_inner gap=&#8220;30&#8243; css=&#8220;.vc_custom_1644253160403{margin-bottom: 0px !important;padding-bottom: 0px !important;}&#8220;][vc_column_inner][vc_column_text css=&#8220;.vc_custom_1711440645186{margin-bottom: 0px !important;padding-bottom: 0px !important;}&#8220;]<\/p>\n<h4>Technische Tabelle Einzelkopf<\/h4>\n<p><img loading=\"lazy\" decoding=\"async\" class=\"alignnone size-full wp-image-59411\" src=\"https:\/\/www.sapiselco.com\/wp-content\/uploads\/2024\/03\/tab-coll-testa-singola.jpg\" alt=\"\" width=\"1200\" height=\"579\" srcset=\"https:\/\/www.sapiselco.com\/wp-content\/uploads\/2024\/03\/tab-coll-testa-singola.jpg 1200w, https:\/\/www.sapiselco.com\/wp-content\/uploads\/2024\/03\/tab-coll-testa-singola-1024x494.jpg 1024w, https:\/\/www.sapiselco.com\/wp-content\/uploads\/2024\/03\/tab-coll-testa-singola-600x290.jpg 600w\" sizes=\"auto, (max-width: 1200px) 100vw, 1200px\" \/>[\/vc_column_text][\/vc_column_inner][\/vc_row_inner][\/vc_column][\/vc_row][vc_row el_id=&#8220;table2&#8243; el_class=&#8220;modal-box-content&#8220;][vc_column][vc_row_inner gap=&#8220;30&#8243; css=&#8220;.vc_custom_1644253170840{margin-bottom: 0px !important;padding-bottom: 0px !important;}&#8220;][vc_column_inner][vc_column_text css=&#8220;.vc_custom_1711440665049{margin-bottom: 0px !important;padding-bottom: 0px !important;}&#8220;]<\/p>\n<h4>Technische Tabelle Doppelkopf<\/h4>\n<p><img loading=\"lazy\" decoding=\"async\" class=\"alignnone size-full wp-image-59406\" src=\"https:\/\/www.sapiselco.com\/wp-content\/uploads\/2024\/03\/tab-coll-testa-doppia.jpg\" alt=\"\" width=\"1200\" height=\"417\" srcset=\"https:\/\/www.sapiselco.com\/wp-content\/uploads\/2024\/03\/tab-coll-testa-doppia.jpg 1200w, https:\/\/www.sapiselco.com\/wp-content\/uploads\/2024\/03\/tab-coll-testa-doppia-1024x356.jpg 1024w, https:\/\/www.sapiselco.com\/wp-content\/uploads\/2024\/03\/tab-coll-testa-doppia-600x209.jpg 600w\" sizes=\"auto, (max-width: 1200px) 100vw, 1200px\" \/>[\/vc_column_text][\/vc_column_inner][\/vc_row_inner][\/vc_column][\/vc_row]<\/p>\n<\/div>","protected":false},"excerpt":{"rendered":"[vc_row gap=&#8220;30&#8243;][vc_column width=&#8220;2\/3&#8243;][vc_column_text] Kabelbinderschellen mit Einzelkopf und Doppelkopf [\/vc_column_text][\/vc_column][vc_column width=&#8220;1\/3&#8243; offset=&#8220;vc_hidden-sm vc_hidden-xs&#8220;][vc_single_image image=&#8220;46810&#8243; img_size=&#8220;full&#8220; alignment=&#8220;right&#8220; el_class=&#8220;product-brand&#8220;][\/vc_column][\/vc_row][vc_row css=&#8220;.vc_custom_1640267924508{padding-bottom: 30px !important;}&#8220;][vc_column][vc_tta_tour style=&#8220;flat&#8220; shape=&#8220;square&#8220; gap=&#8220;30&#8243; active_section=&#8220;1&#8243; no_fill_content_area=&#8220;true&#8220; el_class=&#8220;tab-type-1&#8243;][vc_tta_section title=&#8220;EINZELKOPF&#8220; tab_id=&#8220;einzelkopf&#8220;][vc_single_image image=&#8220;3340&#8243; img_size=&#8220;full&#8220; el_class=&#8220;einzelkopf tabImg&#8220;][vc_single_image image=&#8220;3230&#8243; img_size=&#8220;full&#8220;][vc_column_text el_class=&#8220;sezione1&#8243;]Die\u00a0Einzelkopf-Kabelbinderschelle\u00a0Coll\u00a0wird aus technischem Kunststoff hergestellt und ist an einem abgerundeten Korpus mit Au\u00dfenverzahnung und einem horizontalen Einzelkopf erkennbar. Das Material verleiht dem <a href=\"https:\/\/www.sapiselco.com\/de\/coll-kabelbinderschellen\/\" class=\"more-link\">&#8230;<\/a>","protected":false},"author":1,"featured_media":0,"parent":0,"menu_order":0,"comment_status":"closed","ping_status":"closed","template":"","meta":{"_acf_changed":false,"footnotes":""},"class_list":["post-48702","page","type-page","status-publish","hentry"],"acf":[],"_links":{"self":[{"href":"https:\/\/www.sapiselco.com\/de\/wp-json\/wp\/v2\/pages\/48702","targetHints":{"allow":["GET"]}}],"collection":[{"href":"https:\/\/www.sapiselco.com\/de\/wp-json\/wp\/v2\/pages"}],"about":[{"href":"https:\/\/www.sapiselco.com\/de\/wp-json\/wp\/v2\/types\/page"}],"author":[{"embeddable":true,"href":"https:\/\/www.sapiselco.com\/de\/wp-json\/wp\/v2\/users\/1"}],"replies":[{"embeddable":true,"href":"https:\/\/www.sapiselco.com\/de\/wp-json\/wp\/v2\/comments?post=48702"}],"version-history":[{"count":7,"href":"https:\/\/www.sapiselco.com\/de\/wp-json\/wp\/v2\/pages\/48702\/revisions"}],"predecessor-version":[{"id":59426,"href":"https:\/\/www.sapiselco.com\/de\/wp-json\/wp\/v2\/pages\/48702\/revisions\/59426"}],"wp:attachment":[{"href":"https:\/\/www.sapiselco.com\/de\/wp-json\/wp\/v2\/media?parent=48702"}],"curies":[{"name":"wp","href":"https:\/\/api.w.org\/{rel}","templated":true}]}}