{"id":48722,"date":"2021-12-23T12:40:28","date_gmt":"2021-12-23T11:40:28","guid":{"rendered":"https:\/\/www.sapiselco.com\/special-cable-ties\/"},"modified":"2026-01-23T09:12:01","modified_gmt":"2026-01-23T08:12:01","slug":"spezial-kabelbinder","status":"publish","type":"page","link":"https:\/\/www.sapiselco.com\/de\/spezial-kabelbinder\/","title":{"rendered":"Spezial Kabelbinder"},"content":{"rendered":"<div class=\"wpb-content-wrapper\"><p>[vc_row gap=&#8220;30&#8243;][vc_column width=&#8220;2\/3&#8243;][vc_column_text]<\/p>\n<h2>Kabelbinder mit <strong>Spezialdesign<\/strong><\/h2>\n<p>[\/vc_column_text][\/vc_column][vc_column width=&#8220;1\/3&#8243; offset=&#8220;vc_hidden-sm vc_hidden-xs&#8220;][\/vc_column][\/vc_row][vc_row css=&#8220;.vc_custom_1640267924508{padding-bottom: 30px !important;}&#8220;][vc_column][vc_tta_tour style=&#8220;flat&#8220; shape=&#8220;square&#8220; gap=&#8220;30&#8243; active_section=&#8220;1&#8243; no_fill_content_area=&#8220;true&#8220; el_class=&#8220;tab-type-1&#8243;][vc_tta_section title=&#8220;ANKER&#8220; tab_id=&#8220;anker&#8220;][vc_single_image image=&#8220;2860&#8243; img_size=&#8220;full&#8220; el_class=&#8220;anker tabImg&#8220;][vc_single_image image=&#8220;3969&#8243; img_size=&#8220;full&#8220;][vc_column_text el_class=&#8220;sezione1&#8243;]Der Ankerbinder\u00a0<strong>Sca<\/strong>\u00a0wird aus\u00a0<strong>selbstverl\u00f6schendem Polyamid 6.6 (UL94:V2)<\/strong>\u00a0hergestellt und besteht aus einem abgerundeten Korpus mit Innenverzahnung ohne scharfe Kanten und einem viereckigen Kopf mit Steckfu\u00df aus Polyamid 6.6, der das Einhaken an Blechen mit Durchgangsloch erm\u00f6glicht.<\/p>\n<p>Das Produkt ist mit \u00d6ffnungslasten im folgenden Wertbereich erh\u00e4ltlich:\u00a0<strong>90N \/ 9kg und 150N \/ 15kg<\/strong><\/p>\n<p>Der <strong>Steckfu\u00df<\/strong>\u00a0kann\u00a0<strong>von Hand eingesteckt<\/strong> werden und der\u00a0<strong>Kabelbinder<\/strong>\u00a0kann\u00a0<strong>auch<\/strong>\u00a0mit einer\u00a0<strong>Kabelbinderzange<\/strong> befestigt werden.[\/vc_column_text][vc_column_text]<\/p>\n<h4>Technische Tabelle<\/h4>\n<p>[\/vc_column_text][vc_single_image image=&#8220;60158&#8243; img_size=&#8220;full&#8220;][\/vc_tta_section][vc_tta_section title=&#8220;BEFESTIGUNGS\u00d6SE&#8220; tab_id=&#8220;befestigungsose&#8220;][vc_single_image image=&#8220;2855&#8243; img_size=&#8220;full&#8220; el_class=&#8220;befestigungsose tabImg&#8220;][vc_single_image image=&#8220;3956&#8243; img_size=&#8220;full&#8220;][vc_column_text el_class=&#8220;sezione1&#8243;]Der Kabelbinder\u00a0<strong>Och\u00a0<\/strong>wird aus\u00a0<strong>selbstverl\u00f6schendem Polyamid 6.6 (UL94:V2)<\/strong>\u00a0hergestellt und besteht aus einem abgerundeten Korpus mit Innenverzahnung ohne scharfe Kanten und einem viereckigen Kopf mit Sperrzunge aus Polyamid 6.6, sowie aus einer Befestigungs\u00f6se, die eine Produktverankerung an verschiedenen Oberfl\u00e4chen erm\u00f6glicht.<\/p>\n<p>Das Produkt ist mit folgender \u00d6ffnungslast verf\u00fcgbar:\u00a0<strong>220N \/ 22kg<\/strong><\/p>\n<p>Der Kabelbinder mit Befestigungs\u00f6se Och kann\u00a0<strong>von Hand befestigt<\/strong>\u00a0werden, oder mit einer\u00a0<strong>Kabelbinderzange<\/strong>.[\/vc_column_text][vc_column_text]<\/p>\n<h4>Technische Tabelle<\/h4>\n<p>[\/vc_column_text][vc_single_image image=&#8220;4028&#8243; img_size=&#8220;full&#8220;][vc_row_inner][vc_column_inner][vc_column_text]<\/p>\n<h3>M\u00f6gliche Herstellung aus <strong>Sonderwerkstoffen<\/strong><\/h3>\n<p>[\/vc_column_text][vc_empty_space height=&#8220;15px&#8220;]<div class=\"box-icon-modal icon-small\" data-modal=\"\">\n\t<img decoding=\"async\" src=\"\/wp-content\/uploads\/2021\/12\/fascette-speciali-UV.svg\" alt=\"Modal icon\" \/>\n\t<p><strong>UV<\/strong>-BEST\u00c4NDIG<\/p>\n<\/div>\n[vc_column_text]N\u00e4here Informationen \u00fcber die UV-best\u00e4ndigen Kabelbinder mit Befestigungs\u00f6se k\u00f6nnen hier per E-Mail beantragt werden: <a class=\"accent\" href=\"mailto:info@sapiselco.com\">info@sapiselco.com<\/a>[\/vc_column_text][\/vc_column_inner][\/vc_row_inner][\/vc_tta_section][vc_tta_section title=&#8220;AUSSENVERZAHNUNG MIT STECKHALTERUNG UND LAMELLENFUSS&#8220; tab_id=&#8220;aussenverzahnung&#8220;][vc_single_image image=&#8220;2850&#8243; img_size=&#8220;full&#8220; el_class=&#8220;aussenverzahnung tabImg&#8220;][vc_single_image image=&#8220;3950&#8243; img_size=&#8220;full&#8220;][vc_column_text]Der Kabelbinder\u00a0<strong>Lam<\/strong>\u00a0wird aus\u00a0<strong>selbstverl\u00f6schendem Polyamid 6.6 (UL94:V2)<\/strong>\u00a0hergestellt und besteht aus einem abgerundeten Korpus mit Au\u00dfenverzahnung und aus einem viereckigen Kopf mit Steckhalterung mit Lamellenfu\u00df aus Polyamid 6.6.\u00a0\u00a0\u00a0 Mit diesem System kann der Kabelbinder an Blindl\u00f6chern verankert werden, ohne eine Besch\u00e4digung der Anbringungsfl\u00e4che zu riskieren. Der Mindestbefestigungsdurchmesser ist gleich Null.<\/p>\n<p>Das Produkt ist mit folgender \u00d6ffnungslast verf\u00fcgbar:\u00a0<strong>110N \/ 11kg<\/strong><\/p>\n<p>Die\u00a0<strong>Halterung<\/strong>\u00a0kann\u00a0<strong>von Hand befestigt<\/strong> werden und der <strong>Kabelbinder auch<\/strong>\u00a0mit einer\u00a0<strong>Kabelbinderzange.<\/strong>[\/vc_column_text][vc_column_text]<\/p>\n<h4>Technische Tabelle<\/h4>\n<p>[\/vc_column_text][vc_single_image image=&#8220;3614&#8243; img_size=&#8220;full&#8220;][\/vc_tta_section][vc_tta_section title=&#8220;FLACHKOPF&#8220; tab_id=&#8220;flachkopf&#8220;][vc_single_image image=&#8220;2865&#8243; img_size=&#8220;full&#8220; el_class=&#8220;flachkopf tabImg&#8220;][vc_single_image image=&#8220;3993&#8243; img_size=&#8220;full&#8220;][vc_column_text el_class=&#8220;sezione1&#8243;]Der Kabelbinder\u00a0<strong>Tor<\/strong>\u00a0wird aus\u00a0<strong>selbstverl\u00f6schendem Polyamid 6.6 (UL94:V2)<\/strong>\u00a0hergestellt und besteht aus einem abgerundeten Korpus mit Au\u00dfenverzahnung und einem horizontalen Einzelflachkopf, der bei der Anbringung einen minimalen Raum einnimmt.<\/p>\n<p>Das Produkt ist mit folgender \u00d6ffnungslast verf\u00fcgbar:\u00a0<strong>500N \/ 50kg<\/strong><\/p>\n<p>Der Kabelbinder mit Flachkopf Tor kann<strong> von Hand<\/strong> befestigt werden.[\/vc_column_text][vc_column_text]<\/p>\n<h4>Technische Tabelle<\/h4>\n<p>[\/vc_column_text][vc_single_image image=&#8220;59138&#8243; img_size=&#8220;full&#8220;][vc_row_inner][vc_column_inner][vc_column_text]<\/p>\n<h3>M\u00f6gliche Herstellung aus <strong>Sonderwerkstoffen<\/strong><\/h3>\n<p>[\/vc_column_text][vc_empty_space height=&#8220;15px&#8220;]<div class=\"box-icon-modal icon-small\" data-modal=\"\">\n\t<img decoding=\"async\" src=\"\/wp-content\/uploads\/2021\/12\/fascette-speciali-colorate.svg\" alt=\"Modal icon\" \/>\n\t<p><strong>FARBIGER<\/strong> KABELBINDER<\/p>\n<\/div>\n[vc_column_text]N\u00e4here Informationen \u00fcber die farbigen Kabelbinder mit Schraubsockel k\u00f6nnen hier per E-Mail beantragt werden: <a class=\"accent\" href=\"mailto:info@sapiselco.com\">info@sapiselco.com<\/a>[\/vc_column_text][\/vc_column_inner][\/vc_row_inner][\/vc_tta_section][vc_tta_section title=&#8220;HALTE\u00d6FFNUNG&#8220; tab_id=&#8220;halteoffnung&#8220;][vc_single_image image=&#8220;2845&#8243; img_size=&#8220;full&#8220; el_class=&#8220;halteoffnung tabImg&#8220;][vc_single_image image=&#8220;3988&#8243; img_size=&#8220;full&#8220;][vc_column_text el_class=&#8220;sezione1&#8243;]Der Kabelbinder\u00a0<strong>Aso\u00a0<\/strong>wird aus\u00a0<strong>selbstverl\u00f6schendem Polyamid 6.6 (UL94:V2)<\/strong>\u00a0hergestellt und besteht aus einem abgerundeten Korpus mit Innenverzahnung ohne scharfe Kanten, einer Sperrzunge aus Polyamid 6.6 und einem viereckigen Kopf mit\u00a0<strong>Aufnahme f\u00fcr die Kabelbinder-\u00dcberl\u00e4nge<\/strong>; diese muss nicht mehr geschnitten werden, was die Zeiten verk\u00fcrzt, sondern wird wie in eine \u00d6se eingeschoben.<\/p>\n<p>Das Produkt ist mit folgender \u00d6ffnungslast verf\u00fcgbar:\u00a0<strong>980N \/ 98kg<\/strong><\/p>\n<p>Der Kabelbinder mit Halte\u00f6ffnung Aso kann\u00a0<strong>von Hand befestigt<\/strong>\u00a0werden, oder mit einer\u00a0<strong>Kabelbinderzange<\/strong>.[\/vc_column_text][vc_column_text]<\/p>\n<h4>Technische Tabelle<\/h4>\n<p>[\/vc_column_text][vc_single_image image=&#8220;3625&#8243; img_size=&#8220;full&#8220;][\/vc_tta_section][vc_tta_section title=&#8220;SCHRAUBSOCKEL&#8220; tab_id=&#8220;schraubsockel&#8220;][vc_single_image image=&#8220;2870&#8243; img_size=&#8220;full&#8220; el_class=&#8220;schraubsockel tabImg&#8220;][vc_single_image image=&#8220;4016&#8243; img_size=&#8220;full&#8220;][vc_column_text el_class=&#8220;sezione1&#8243;]Der Kabelbinder\u00a0<strong>Fsu\u00a0<\/strong>wird aus\u00a0<strong>selbstverl\u00f6schendem Polyamid 6.6 (UL94:V2)<\/strong>\u00a0hergestellt und besteht aus einem abgerundeten Korpus mit Innenverzahnung ohne scharfe Kanten, einer Sperrzunge aus Polyamid 6.6 und einem rechteckigen Kopf mit Durchgangsloch mit Gewinde (kombinierbar mit Gewinded\u00fcbeln Art. ALF), ideal zum Befestigen und St\u00fctzen von Kabelkan\u00e4len.<\/p>\n<p>Das Produkt ist mit folgender \u00d6ffnungslast verf\u00fcgbar:\u00a0<strong>300N \/ 30kg<\/strong><\/p>\n<p>Der Kabelbinder mit Schraubsockel Fsu kann\u00a0<strong>von Hand befestigt<\/strong>\u00a0werden, oder mit einer\u00a0<strong>Kabelbinderzange<\/strong>.[\/vc_column_text][vc_column_text]<\/p>\n<h4>Technische Tabelle<\/h4>\n<p>[\/vc_column_text][vc_single_image image=&#8220;60103&#8243; img_size=&#8220;full&#8220;][vc_row_inner][vc_column_inner][vc_column_text]<\/p>\n<h3>M\u00f6gliche Herstellung aus <strong>Sonderwerkstoffen<\/strong><\/h3>\n<p>[\/vc_column_text][vc_empty_space height=&#8220;15px&#8220;]<div class=\"box-icon-modal icon-small\" data-modal=\"\">\n\t<img decoding=\"async\" src=\"\/wp-content\/uploads\/2021\/12\/fascette-speciali-colorate.svg\" alt=\"Modal icon\" \/>\n\t<p><strong>FARBIGER<\/strong> KABELBINDER<\/p>\n<\/div>\n[vc_column_text]N\u00e4here Informationen \u00fcber die farbigen Kabelbinder mit Schraubsockel k\u00f6nnen hier per E-Mail beantragt werden: <a class=\"accent\" href=\"mailto:info@sapiselco.com\">info@sapiselco.com<\/a>[\/vc_column_text][\/vc_column_inner][\/vc_row_inner][\/vc_tta_section][\/vc_tta_tour][vc_raw_js]JTNDc2NyaXB0JTNFJTBBdmFyJTIwJTI0aiUyMCUzRCUyMGpRdWVyeSUzQiUwQWZ1bmN0aW9uJTIwb3Blbk1vZGFsJTI4bW9kYWwlMjklN0IlMEF2YXIlMjBtb2RhbENvbnRhaW5lciUyMCUzRCUyMCUyNGolMjglMjcubW9kYWwtY29udGVudC1ib3glMjclMjklM0IlMEFtb2RhbENvbnRhaW5lci5odG1sJTI4JTI3JTI3JTI5JTNCJTBBdmFyJTIwbW9kYWxjb250ZW50JTIwJTNEJTIwJTI0aiUyOG1vZGFsJTI5Lmh0bWwlMjglMjklM0IlMEFtb2RhbENvbnRhaW5lci5odG1sJTI4bW9kYWxjb250ZW50JTI5LnNob3clMjglMjklM0IlMEElMjRqJTI4JTI3JTIzbW9kYWwtY29udGFpbmVyJTI3JTI5LmZhZGVJbiUyOCUyOSUzQiUwQSU3RCUwQSUzQyUyRnNjcmlwdCUzRQ==[\/vc_raw_js][\/vc_column][\/vc_row]<\/p>\n<\/div>","protected":false},"excerpt":{"rendered":"[vc_row gap=&#8220;30&#8243;][vc_column width=&#8220;2\/3&#8243;][vc_column_text] Kabelbinder mit Spezialdesign [\/vc_column_text][\/vc_column][vc_column width=&#8220;1\/3&#8243; offset=&#8220;vc_hidden-sm vc_hidden-xs&#8220;][\/vc_column][\/vc_row][vc_row css=&#8220;.vc_custom_1640267924508{padding-bottom: 30px !important;}&#8220;][vc_column][vc_tta_tour style=&#8220;flat&#8220; shape=&#8220;square&#8220; gap=&#8220;30&#8243; active_section=&#8220;1&#8243; no_fill_content_area=&#8220;true&#8220; el_class=&#8220;tab-type-1&#8243;][vc_tta_section title=&#8220;ANKER&#8220; tab_id=&#8220;anker&#8220;][vc_single_image image=&#8220;2860&#8243; img_size=&#8220;full&#8220; el_class=&#8220;anker tabImg&#8220;][vc_single_image image=&#8220;3969&#8243; img_size=&#8220;full&#8220;][vc_column_text el_class=&#8220;sezione1&#8243;]Der Ankerbinder\u00a0Sca\u00a0wird aus\u00a0selbstverl\u00f6schendem Polyamid 6.6 (UL94:V2)\u00a0hergestellt und besteht aus einem abgerundeten Korpus mit Innenverzahnung ohne scharfe Kanten und einem viereckigen Kopf mit Steckfu\u00df aus Polyamid 6.6, der das <a href=\"https:\/\/www.sapiselco.com\/de\/spezial-kabelbinder\/\" class=\"more-link\">&#8230;<\/a>","protected":false},"author":1,"featured_media":0,"parent":0,"menu_order":0,"comment_status":"closed","ping_status":"closed","template":"","meta":{"_acf_changed":false,"footnotes":""},"class_list":["post-48722","page","type-page","status-publish","hentry"],"acf":[],"_links":{"self":[{"href":"https:\/\/www.sapiselco.com\/de\/wp-json\/wp\/v2\/pages\/48722","targetHints":{"allow":["GET"]}}],"collection":[{"href":"https:\/\/www.sapiselco.com\/de\/wp-json\/wp\/v2\/pages"}],"about":[{"href":"https:\/\/www.sapiselco.com\/de\/wp-json\/wp\/v2\/types\/page"}],"author":[{"embeddable":true,"href":"https:\/\/www.sapiselco.com\/de\/wp-json\/wp\/v2\/users\/1"}],"replies":[{"embeddable":true,"href":"https:\/\/www.sapiselco.com\/de\/wp-json\/wp\/v2\/comments?post=48722"}],"version-history":[{"count":16,"href":"https:\/\/www.sapiselco.com\/de\/wp-json\/wp\/v2\/pages\/48722\/revisions"}],"predecessor-version":[{"id":60191,"href":"https:\/\/www.sapiselco.com\/de\/wp-json\/wp\/v2\/pages\/48722\/revisions\/60191"}],"wp:attachment":[{"href":"https:\/\/www.sapiselco.com\/de\/wp-json\/wp\/v2\/media?parent=48722"}],"curies":[{"name":"wp","href":"https:\/\/api.w.org\/{rel}","templated":true}]}}