{"id":48733,"date":"2022-01-31T15:46:51","date_gmt":"2022-01-31T14:46:51","guid":{"rendered":"https:\/\/www.sapiselco.com\/releasable-cable-ties\/"},"modified":"2024-01-11T16:52:31","modified_gmt":"2024-01-11T15:52:31","slug":"losbare-kabelbinder","status":"publish","type":"page","link":"https:\/\/www.sapiselco.com\/de\/losbare-kabelbinder\/","title":{"rendered":"L\u00f6sbare Kabelbinder"},"content":{"rendered":"<div class=\"wpb-content-wrapper\"><p>[vc_row gap=&#8220;30&#8243;][vc_column][vc_column_text]<\/p>\n<h2><strong>L\u00f6sbare Kabelbinder<\/strong><\/h2>\n<p>[\/vc_column_text][\/vc_column][\/vc_row][vc_row css=&#8220;.vc_custom_1640267924508{padding-bottom: 30px !important;}&#8220;][vc_column][vc_tta_tour style=&#8220;flat&#8220; shape=&#8220;square&#8220; gap=&#8220;30&#8243; active_section=&#8220;1&#8243; no_fill_content_area=&#8220;true&#8220; el_class=&#8220;tab-type-1&#8243;][vc_tta_section title=&#8220;Click Tie&#8220; tab_id=&#8220;click-tie&#8220;][vc_single_image image=&#8220;3371&#8243; img_size=&#8220;full&#8220; el_class=&#8220;click-tie tabImg&#8220;][vc_single_image image=&#8220;47347&#8243; img_size=&#8220;full&#8220;][vc_column_text el_class=&#8220;sezione1&#8243;]Der Knoten-Kabelbinder\u00a0<strong>Click Tie\u00a0<\/strong>wird aus LDPE Polyethylen hergestellt und hat einen segmentierten zylindrischen Korpus und ein Schlie\u00dfsystem mit einem l\u00e4nglichen und flachen doppelten Schlie\u00dfkopf. Er l\u00e4sst sich leicht wieder \u00f6ffnen und ist wiederverwendbar. Das Material, aus dem er hergestellt wird, garantiert dem Produkt Best\u00e4ndigkeit gegen aggressive Chemikalien.<\/p>\n<p>Das Produkt ist mit \u00d6ffnungslasten im folgenden Wertbereich erh\u00e4ltlich:\u00a0<strong>70N \/ 7kg und 275N \/ 27,5kg<\/strong><\/p>\n<p>Der l\u00f6sbare Knoten-Kabelbinder Click Tie kann\u00a0<strong>von Hand befestigt\u00a0<\/strong>werden.[\/vc_column_text][vc_row_inner gap=&#8220;30&#8243;][vc_column_inner width=&#8220;1\/2&#8243;][vc_btn title=&#8220;Technische tabelle&#8220; style=&#8220;outline-custom&#8220; outline_custom_color=&#8220;#00955f&#8220; outline_custom_hover_background=&#8220;#00955f&#8220; outline_custom_hover_text=&#8220;#ffffff&#8220; shape=&#8220;square&#8220; align=&#8220;center&#8220; i_align=&#8220;right&#8220; i_icon_fontawesome=&#8220;fas fa-table&#8220; css_animation=&#8220;fadeIn&#8220; button_block=&#8220;true&#8220; add_icon=&#8220;true&#8220; custom_onclick=&#8220;true&#8220; custom_onclick_code=&#8220;openModal(&#8222;#table1&#8222;);&#8220;][\/vc_column_inner][vc_column_inner width=&#8220;1\/2&#8243;][\/vc_column_inner][\/vc_row_inner][\/vc_tta_section][vc_tta_section title=&#8220;RIA&#8220; tab_id=&#8220;ria&#8220;][vc_single_image image=&#8220;3381&#8243; img_size=&#8220;full&#8220; el_class=&#8220;ria tabImg&#8220;][vc_single_image image=&#8220;3003&#8243; img_size=&#8220;full&#8220;][vc_column_text el_class=&#8220;sezione1&#8243;]Der Kabelbinder\u00a0<strong>Ria<\/strong>\u00a0wird aus\u00a0<strong>selbstverl\u00f6schendem Polyamid 6.6 (UL94:V2)<\/strong>\u00a0hergestellt und besteht aus einem abgerundeten Korpus mit Innenverzahnung ohne scharfe Kanten und einem l\u00e4nglichen Kopf mit \u00d6ffnungssystem mit Feder aus Polyamid 6.6.\u00a0 Der Kabelbinder kann dank seines l\u00e4nglichen Kopfes, der das \u00d6ffnen erm\u00f6glicht, leicht wiederverwendet werden.<\/p>\n<p>Das Produkt ist mit folgender \u00d6ffnungslast verf\u00fcgbar:\u00a0<strong>280N \/ 28kg<\/strong><\/p>\n<p>Der l\u00f6sbare Kabelbinder Ria kann\u00a0<strong>von Hand befestigt\u00a0<\/strong>werden.[\/vc_column_text][vc_row_inner gap=&#8220;30&#8243;][vc_column_inner width=&#8220;1\/2&#8243;][vc_btn title=&#8220;Technische tabelle&#8220; style=&#8220;outline-custom&#8220; outline_custom_color=&#8220;#00955f&#8220; outline_custom_hover_background=&#8220;#00955f&#8220; outline_custom_hover_text=&#8220;#ffffff&#8220; shape=&#8220;square&#8220; align=&#8220;center&#8220; i_align=&#8220;right&#8220; i_icon_fontawesome=&#8220;fas fa-table&#8220; css_animation=&#8220;fadeIn&#8220; button_block=&#8220;true&#8220; add_icon=&#8220;true&#8220; custom_onclick=&#8220;true&#8220; custom_onclick_code=&#8220;openModal(&#8222;#table2&#8222;);&#8220;][\/vc_column_inner][vc_column_inner width=&#8220;1\/2&#8243;][\/vc_column_inner][\/vc_row_inner][vc_row_inner][vc_column_inner][vc_column_text]<\/p>\n<h3>M\u00f6gliche Herstellung aus <strong>Sonderwerkstoffen<\/strong><\/h3>\n<p>[\/vc_column_text][vc_empty_space height=&#8220;15px&#8220;]<div class=\"box-icon-modal icon-small\" data-modal=\"\">\n\t<img decoding=\"async\" src=\"\/wp-content\/uploads\/2021\/12\/fascette-speciali-colorate.svg\" alt=\"Modal icon\" \/>\n\t<p><strong>FARBIGER<\/strong> KABELBINDER<\/p>\n<\/div>\n<div class=\"box-icon-modal icon-small\" data-modal=\"\">\n\t<img decoding=\"async\" src=\"\/wp-content\/uploads\/2021\/12\/fascette-speciali-metaldetect.svg\" alt=\"Modal icon\" \/>\n\t<p><strong>DETEKTIERBARER<\/strong> KABELBINDER<\/p>\n<\/div>\n[vc_empty_space height=&#8220;10px&#8220;][vc_column_text]N\u00e4here Informationen \u00fcber die farbigen und l\u00f6sbaren oder detektierbaren Kabelbinder k\u00f6nnen hier per E-Mail beantragt werden: <a class=\"accent\" href=\"mailto:info@sapiselco.com\">info@sapiselco.com<\/a>[\/vc_column_text][\/vc_column_inner][\/vc_row_inner][\/vc_tta_section][vc_tta_section title=&#8220;RID&#8220; tab_id=&#8220;rid&#8220;][vc_single_image image=&#8220;3376&#8243; img_size=&#8220;full&#8220; el_class=&#8220;rid tabImg&#8220;][vc_single_image image=&#8220;3013&#8243; img_size=&#8220;full&#8220;][vc_column_text el_class=&#8220;sezione1&#8243;]<\/p>\n<div class=\"wpb_text_column wpb_content_element sezione1\">\n<div class=\"wpb_wrapper\">\n<p>Der Kabelbinder\u00a0<strong>Rid<\/strong>\u00a0wird aus\u00a0<strong>selbstverl\u00f6schendem Polyamid 6.6 (UL94:V2)<\/strong>\u00a0hergestellt und besteht aus einem abgerundeten Korpus mit Innenverzahnung ohne scharfe Kanten, einem viereckigen Kopf und einer verl\u00e4ngerten Sperrzunge aus Polyamid 6.6, durch die er wieder ge\u00f6ffnet werden kann.\u00a0 Er l\u00e4sst sich leicht wieder \u00f6ffnen und ist wiederverwendbar.<\/p>\n<p>Das Produkt ist mit folgender \u00d6ffnungslast verf\u00fcgbar:\u00a0<strong>180N \/ 18kg.<\/strong><\/p>\n<p>Der l\u00f6sbare Kabelbinder Rid kann\u00a0<strong>von Hand befestigt\u00a0<\/strong>werden.<\/p>\n<\/div>\n<\/div>\n<p>[\/vc_column_text][vc_row_inner gap=&#8220;30&#8243;][vc_column_inner width=&#8220;1\/2&#8243;][vc_btn title=&#8220;Technische tabelle&#8220; style=&#8220;outline-custom&#8220; outline_custom_color=&#8220;#00955f&#8220; outline_custom_hover_background=&#8220;#00955f&#8220; outline_custom_hover_text=&#8220;#ffffff&#8220; shape=&#8220;square&#8220; align=&#8220;center&#8220; i_align=&#8220;right&#8220; i_icon_fontawesome=&#8220;fas fa-table&#8220; css_animation=&#8220;fadeIn&#8220; button_block=&#8220;true&#8220; add_icon=&#8220;true&#8220; custom_onclick=&#8220;true&#8220; custom_onclick_code=&#8220;openModal(&#8222;#table3&#8222;);&#8220;][\/vc_column_inner][vc_column_inner width=&#8220;1\/2&#8243;][\/vc_column_inner][\/vc_row_inner][vc_row_inner][vc_column_inner][vc_column_text]<\/p>\n<h3>M\u00f6gliche Herstellung aus <strong>Sonderwerkstoffen<\/strong><\/h3>\n<p>[\/vc_column_text][vc_empty_space height=&#8220;15px&#8220;]<div class=\"box-icon-modal icon-small\" data-modal=\"\">\n\t<img decoding=\"async\" src=\"\/wp-content\/uploads\/2021\/12\/fascette-speciali-UV.svg\" alt=\"Modal icon\" \/>\n\t<p><strong>UV<\/strong> BEST\u00c4NDIGER KABELBINDER<\/p>\n<\/div>\n[vc_column_text]N\u00e4here Informationen \u00fcber die UV-best\u00e4ndigen l\u00f6sbaren Kabelbinder k\u00f6nnen hier per E-Mail beantragt werden: <a class=\"accent\" href=\"mailto:info@sapiselco.com\">info@sapiselco.com<\/a>[\/vc_column_text][\/vc_column_inner][\/vc_row_inner][\/vc_tta_section][\/vc_tta_tour][vc_raw_js]JTNDc2NyaXB0JTNFJTBBdmFyJTIwJTI0aiUyMCUzRCUyMGpRdWVyeSUzQiUwQWZ1bmN0aW9uJTIwb3Blbk1vZGFsJTI4bW9kYWwlMjklN0IlMEF2YXIlMjBtb2RhbENvbnRhaW5lciUyMCUzRCUyMCUyNGolMjglMjcubW9kYWwtY29udGVudC1ib3glMjclMjklM0IlMEFtb2RhbENvbnRhaW5lci5odG1sJTI4JTI3JTI3JTI5JTNCJTBBdmFyJTIwbW9kYWxjb250ZW50JTIwJTNEJTIwJTI0aiUyOG1vZGFsJTI5Lmh0bWwlMjglMjklM0IlMEFtb2RhbENvbnRhaW5lci5odG1sJTI4bW9kYWxjb250ZW50JTI5LnNob3clMjglMjklM0IlMEElMjRqJTI4JTI3JTIzbW9kYWwtY29udGFpbmVyJTI3JTI5LmZhZGVJbiUyOCUyOSUzQiUwQSU3RCUwQSUzQyUyRnNjcmlwdCUzRQ==[\/vc_raw_js][\/vc_column][\/vc_row][vc_row el_id=&#8220;table1&#8243; el_class=&#8220;modal-box-content&#8220;][vc_column][vc_row_inner gap=&#8220;30&#8243; css=&#8220;.vc_custom_1644312963747{margin-bottom: 0px !important;padding-bottom: 0px !important;}&#8220;][vc_column_inner][vc_column_text]<\/p>\n<h4>Click Tie Technische tabelle<\/h4>\n<p>[\/vc_column_text][vc_single_image image=&#8220;4202&#8243; img_size=&#8220;full&#8220; css=&#8220;.vc_custom_1644312958959{margin-bottom: 0px !important;padding-bottom: 0px !important;}&#8220;][\/vc_column_inner][\/vc_row_inner][\/vc_column][\/vc_row][vc_row el_id=&#8220;table2&#8243; el_class=&#8220;modal-box-content&#8220;][vc_column][vc_row_inner gap=&#8220;30&#8243; css=&#8220;.vc_custom_1644313209174{margin-bottom: 0px !important;padding-bottom: 0px !important;}&#8220;][vc_column_inner][vc_column_text]<\/p>\n<h4>RIA Technische tabelle<\/h4>\n<p>[\/vc_column_text][vc_single_image image=&#8220;4208&#8243; img_size=&#8220;full&#8220; css=&#8220;.vc_custom_1644313178558{margin-bottom: 0px !important;padding-bottom: 0px !important;}&#8220;][\/vc_column_inner][\/vc_row_inner][\/vc_column][\/vc_row][vc_row el_id=&#8220;table3&#8243; el_class=&#8220;modal-box-content&#8220;][vc_column][vc_row_inner gap=&#8220;30&#8243; css=&#8220;.vc_custom_1644313203326{margin-bottom: 0px !important;padding-bottom: 0px !important;}&#8220;][vc_column_inner][vc_column_text]<\/p>\n<h4>RID Technische tabelle<\/h4>\n<p>[\/vc_column_text][vc_single_image image=&#8220;4213&#8243; img_size=&#8220;full&#8220; css=&#8220;.vc_custom_1644313194988{margin-bottom: 0px !important;padding-bottom: 0px !important;}&#8220;][\/vc_column_inner][\/vc_row_inner][\/vc_column][\/vc_row]<\/p>\n<\/div>","protected":false},"excerpt":{"rendered":"[vc_row gap=&#8220;30&#8243;][vc_column][vc_column_text] L\u00f6sbare Kabelbinder [\/vc_column_text][\/vc_column][\/vc_row][vc_row css=&#8220;.vc_custom_1640267924508{padding-bottom: 30px !important;}&#8220;][vc_column][vc_tta_tour style=&#8220;flat&#8220; shape=&#8220;square&#8220; gap=&#8220;30&#8243; active_section=&#8220;1&#8243; no_fill_content_area=&#8220;true&#8220; el_class=&#8220;tab-type-1&#8243;][vc_tta_section title=&#8220;Click Tie&#8220; tab_id=&#8220;click-tie&#8220;][vc_single_image image=&#8220;3371&#8243; img_size=&#8220;full&#8220; el_class=&#8220;click-tie tabImg&#8220;][vc_single_image image=&#8220;47347&#8243; img_size=&#8220;full&#8220;][vc_column_text el_class=&#8220;sezione1&#8243;]Der Knoten-Kabelbinder\u00a0Click Tie\u00a0wird aus LDPE Polyethylen hergestellt und hat einen segmentierten zylindrischen Korpus und ein Schlie\u00dfsystem mit einem l\u00e4nglichen und flachen doppelten Schlie\u00dfkopf. Er l\u00e4sst sich leicht wieder \u00f6ffnen und ist wiederverwendbar. <a href=\"https:\/\/www.sapiselco.com\/de\/losbare-kabelbinder\/\" class=\"more-link\">&#8230;<\/a>","protected":false},"author":1,"featured_media":0,"parent":0,"menu_order":0,"comment_status":"closed","ping_status":"closed","template":"","meta":{"_acf_changed":false,"footnotes":""},"class_list":["post-48733","page","type-page","status-publish","hentry"],"acf":[],"_links":{"self":[{"href":"https:\/\/www.sapiselco.com\/de\/wp-json\/wp\/v2\/pages\/48733","targetHints":{"allow":["GET"]}}],"collection":[{"href":"https:\/\/www.sapiselco.com\/de\/wp-json\/wp\/v2\/pages"}],"about":[{"href":"https:\/\/www.sapiselco.com\/de\/wp-json\/wp\/v2\/types\/page"}],"author":[{"embeddable":true,"href":"https:\/\/www.sapiselco.com\/de\/wp-json\/wp\/v2\/users\/1"}],"replies":[{"embeddable":true,"href":"https:\/\/www.sapiselco.com\/de\/wp-json\/wp\/v2\/comments?post=48733"}],"version-history":[{"count":10,"href":"https:\/\/www.sapiselco.com\/de\/wp-json\/wp\/v2\/pages\/48733\/revisions"}],"predecessor-version":[{"id":59259,"href":"https:\/\/www.sapiselco.com\/de\/wp-json\/wp\/v2\/pages\/48733\/revisions\/59259"}],"wp:attachment":[{"href":"https:\/\/www.sapiselco.com\/de\/wp-json\/wp\/v2\/media?parent=48733"}],"curies":[{"name":"wp","href":"https:\/\/api.w.org\/{rel}","templated":true}]}}