{"id":48763,"date":"2022-02-02T17:19:21","date_gmt":"2022-02-02T16:19:21","guid":{"rendered":"https:\/\/www.sapiselco.com\/tamper-evident-seals\/"},"modified":"2022-10-03T12:23:20","modified_gmt":"2022-10-03T10:23:20","slug":"sicherheitsplomben","status":"publish","type":"page","link":"https:\/\/www.sapiselco.com\/de\/sicherheitsplomben\/","title":{"rendered":"Sicherheitsplomben"},"content":{"rendered":"<div class=\"wpb-content-wrapper\"><p>[vc_row gap=&#8220;30&#8243;][vc_column width=&#8220;2\/3&#8243;][vc_column_text]<\/p>\n<h2><strong>Spy<\/strong> Sicherheitsplomben<\/h2>\n<p>[\/vc_column_text][\/vc_column][vc_column width=&#8220;1\/3&#8243; offset=&#8220;vc_hidden-sm vc_hidden-xs&#8220;][vc_single_image image=&#8220;46830&#8243; img_size=&#8220;full&#8220; alignment=&#8220;right&#8220; el_class=&#8220;product-brand&#8220;][\/vc_column][\/vc_row][vc_row gap=&#8220;30&#8243; css=&#8220;.vc_custom_1640103222300{margin-bottom: 0px !important;}&#8220;][vc_column width=&#8220;1\/4&#8243;][vc_column_text]Die\u00a0<strong>Sicherheitsplombe Spy<\/strong> wird aus Polypropylen hergestellt und besteht aus einem fischgr\u00e4tenartigen Korpus, einem rechteckigen Kopf mit \u00d6ffnungs- und Abl\u00f6sungssystem und einem Beschriftungspl\u00e4ttchen mit Haken.<\/p>\n<p>Der Kabelbinder ist f\u00fcr\u00a0<strong>Anwendungen<\/strong>\u00a0konzipiert, die einen\u00a0<strong>hohen Sicherheitsgrad<\/strong>, verlangen und er erm\u00f6glicht ein\u00a0<strong>schnelles Erkennen eventueller Verstellungen<\/strong> und\/oder Einbr\u00fcche.<\/p>\n<p>Die Sicherheitsplombe\u00a0<strong>Spy<\/strong>\u00a0kann von Hand angebracht werden.[\/vc_column_text][vc_row_inner el_class=&#8220;nomargin&#8220;][vc_column_inner width=&#8220;1\/2&#8243;][vc_single_image image=&#8220;3665&#8243; img_size=&#8220;full&#8220; alignment=&#8220;right&#8220; css_animation=&#8220;fadeInUp&#8220;][\/vc_column_inner][vc_column_inner width=&#8220;1\/2&#8243;][vc_single_image image=&#8220;3672&#8243; img_size=&#8220;&#8220; css_animation=&#8220;fadeInDown&#8220;][\/vc_column_inner][\/vc_row_inner][\/vc_column][vc_column width=&#8220;3\/4&#8243;][vc_gallery interval=&#8220;3&#8243; images=&#8220;3680,3685,47207,47212,47217,47222,3690&#8243; img_size=&#8220;full&#8220; onclick=&#8220;&#8220;][vc_row_inner gap=&#8220;30&#8243; css=&#8220;.vc_custom_1640101056861{margin-top: 30px !important;}&#8220;][vc_column_inner width=&#8220;1\/2&#8243;][\/vc_column_inner][vc_column_inner width=&#8220;1\/2&#8243;][vc_btn title=&#8220;TECHNISCHE TABELLE&#8220; style=&#8220;outline-custom&#8220; outline_custom_color=&#8220;#00955f&#8220; outline_custom_hover_background=&#8220;#00955f&#8220; outline_custom_hover_text=&#8220;#ffffff&#8220; shape=&#8220;square&#8220; align=&#8220;center&#8220; i_align=&#8220;right&#8220; i_icon_fontawesome=&#8220;fas fa-table&#8220; css_animation=&#8220;fadeIn&#8220; button_block=&#8220;true&#8220; add_icon=&#8220;true&#8220; custom_onclick=&#8220;true&#8220; custom_onclick_code=&#8220;openModal(&#8222;#table&#8222;);&#8220;][\/vc_column_inner][\/vc_row_inner][vc_raw_js]JTNDc2NyaXB0JTNFJTBBdmFyJTIwJTI0aiUyMCUzRCUyMGpRdWVyeSUzQiUwQWZ1bmN0aW9uJTIwb3Blbk1vZGFsJTI4bW9kYWwlMjklN0IlMEF2YXIlMjBtb2RhbENvbnRhaW5lciUyMCUzRCUyMCUyNGolMjglMjcubW9kYWwtY29udGVudC1ib3glMjclMjklM0IlMEFtb2RhbENvbnRhaW5lci5odG1sJTI4JTI3JTI3JTI5JTNCJTBBdmFyJTIwbW9kYWxjb250ZW50JTIwJTNEJTIwJTI0aiUyOG1vZGFsJTI5Lmh0bWwlMjglMjklM0IlMEFtb2RhbENvbnRhaW5lci5odG1sJTI4bW9kYWxjb250ZW50JTI5LnNob3clMjglMjklM0IlMEElMjRqJTI4JTI3JTIzbW9kYWwtY29udGFpbmVyJTI3JTI5LmZhZGVJbiUyOCUyOSUzQiUwQSU3RCUwQSUzQyUyRnNjcmlwdCUzRQ==[\/vc_raw_js][\/vc_column][\/vc_row][vc_row][vc_column][vc_separator color=&#8220;custom&#8220; border_width=&#8220;3&#8243; accent_color=&#8220;#00955f&#8220;][\/vc_column][\/vc_row][vc_row gap=&#8220;30&#8243;][vc_column width=&#8220;1\/2&#8243;][vc_column_text el_class=&#8220;nomargin&#8220;]<\/p>\n<h3>M\u00f6gliche Herstellung aus <strong>Sonderwerkstoffen<\/strong><\/h3>\n<p>[\/vc_column_text][vc_separator color=&#8220;custom&#8220; align=&#8220;align_left&#8220; border_width=&#8220;2&#8243; el_width=&#8220;20&#8243; accent_color=&#8220;#bcbcbc&#8220; css=&#8220;.vc_custom_1640085764009{margin-top: 15px !important;}&#8220;][vc_column_text]Die Sicherheitsplombe SPY wird aus Polypropylen hergestellt, der mit Zusatzstoffen gemischt wird, um Produkte zu erzielen, die <strong>besondere Anwendungsbed\u00fcrfnisse<\/strong> erf\u00fcllen.[\/vc_column_text][\/vc_column][vc_column width=&#8220;1\/2&#8243; css=&#8220;.vc_custom_1640096670523{padding-left: 30px !important;}&#8220;][vc_row_inner equal_height=&#8220;yes&#8220; content_placement=&#8220;middle&#8220; css=&#8220;.vc_custom_1644314404384{margin-top: -5px !important;}&#8220;][vc_column_inner]<div class=\"box-icon-modal icon-small\" data-modal=\"\">\n\t<img decoding=\"async\" src=\"\/wp-content\/uploads\/2021\/12\/fascette-speciali-colorate.svg\" alt=\"Modal icon\" \/>\n\t<p>MATERIAL AUS <strong>FARBIGEM<\/strong> POLYPROPYLEN<\/p>\n<\/div>\n[vc_column_text css=&#8220;.vc_custom_1658761588997{margin-bottom: 0px !important;padding-bottom: 0px !important;}&#8220;]N\u00e4here Informationen \u00fcber die farbigen Spy-Plomben k\u00f6nnen hier per E-Mail beantragt werden: <a class=\"accent\" href=\"mailto:info@sapiselco.com\">info@sapiselco.com<\/a>[\/vc_column_text][\/vc_column_inner][\/vc_row_inner][\/vc_column][\/vc_row][vc_row el_id=&#8220;table&#8220; el_class=&#8220;modal-box-content&#8220;][vc_column][vc_row_inner gap=&#8220;30&#8243; css=&#8220;.vc_custom_1644314248407{margin-bottom: 0px !important;padding-bottom: 0px !important;}&#8220;][vc_column_inner][vc_column_text css=&#8220;.vc_custom_1658761546067{margin-bottom: 0px !important;padding-bottom: 0px !important;}&#8220;]<\/p>\n<h4>Technische tabelle<\/h4>\n<p><img loading=\"lazy\" decoding=\"async\" class=\"alignnone size-full wp-image-4217\" src=\"https:\/\/www.sapiselco.com\/wp-content\/uploads\/2022\/02\/tab-spy.jpg\" alt=\"\" width=\"1200\" height=\"415\" srcset=\"https:\/\/www.sapiselco.com\/wp-content\/uploads\/2022\/02\/tab-spy.jpg 1200w, https:\/\/www.sapiselco.com\/wp-content\/uploads\/2022\/02\/tab-spy-1024x354.jpg 1024w, https:\/\/www.sapiselco.com\/wp-content\/uploads\/2022\/02\/tab-spy-600x208.jpg 600w\" sizes=\"auto, (max-width: 1200px) 100vw, 1200px\" \/>[\/vc_column_text][\/vc_column_inner][\/vc_row_inner][\/vc_column][\/vc_row]<\/p>\n<\/div>","protected":false},"excerpt":{"rendered":"[vc_row gap=&#8220;30&#8243;][vc_column width=&#8220;2\/3&#8243;][vc_column_text] Spy Sicherheitsplomben [\/vc_column_text][\/vc_column][vc_column width=&#8220;1\/3&#8243; offset=&#8220;vc_hidden-sm vc_hidden-xs&#8220;][vc_single_image image=&#8220;46830&#8243; img_size=&#8220;full&#8220; alignment=&#8220;right&#8220; el_class=&#8220;product-brand&#8220;][\/vc_column][\/vc_row][vc_row gap=&#8220;30&#8243; css=&#8220;.vc_custom_1640103222300{margin-bottom: 0px !important;}&#8220;][vc_column width=&#8220;1\/4&#8243;][vc_column_text]Die\u00a0Sicherheitsplombe Spy wird aus Polypropylen hergestellt und besteht aus einem fischgr\u00e4tenartigen Korpus, einem rechteckigen Kopf mit \u00d6ffnungs- und Abl\u00f6sungssystem und einem Beschriftungspl\u00e4ttchen mit Haken. Der Kabelbinder ist f\u00fcr\u00a0Anwendungen\u00a0konzipiert, die einen\u00a0hohen Sicherheitsgrad, verlangen und er erm\u00f6glicht ein\u00a0schnelles Erkennen eventueller <a href=\"https:\/\/www.sapiselco.com\/de\/sicherheitsplomben\/\" class=\"more-link\">&#8230;<\/a>","protected":false},"author":1,"featured_media":0,"parent":0,"menu_order":0,"comment_status":"closed","ping_status":"closed","template":"","meta":{"_acf_changed":false,"footnotes":""},"class_list":["post-48763","page","type-page","status-publish","hentry"],"acf":[],"_links":{"self":[{"href":"https:\/\/www.sapiselco.com\/de\/wp-json\/wp\/v2\/pages\/48763","targetHints":{"allow":["GET"]}}],"collection":[{"href":"https:\/\/www.sapiselco.com\/de\/wp-json\/wp\/v2\/pages"}],"about":[{"href":"https:\/\/www.sapiselco.com\/de\/wp-json\/wp\/v2\/types\/page"}],"author":[{"embeddable":true,"href":"https:\/\/www.sapiselco.com\/de\/wp-json\/wp\/v2\/users\/1"}],"replies":[{"embeddable":true,"href":"https:\/\/www.sapiselco.com\/de\/wp-json\/wp\/v2\/comments?post=48763"}],"version-history":[{"count":6,"href":"https:\/\/www.sapiselco.com\/de\/wp-json\/wp\/v2\/pages\/48763\/revisions"}],"predecessor-version":[{"id":58368,"href":"https:\/\/www.sapiselco.com\/de\/wp-json\/wp\/v2\/pages\/48763\/revisions\/58368"}],"wp:attachment":[{"href":"https:\/\/www.sapiselco.com\/de\/wp-json\/wp\/v2\/media?parent=48763"}],"curies":[{"name":"wp","href":"https:\/\/api.w.org\/{rel}","templated":true}]}}