{"id":48802,"date":"2022-01-31T17:25:13","date_gmt":"2022-01-31T16:25:13","guid":{"rendered":"https:\/\/www.sapiselco.com\/fixing-tools\/"},"modified":"2025-09-09T08:39:36","modified_gmt":"2025-09-09T06:39:36","slug":"befestigungswerkzeuge","status":"publish","type":"page","link":"https:\/\/www.sapiselco.com\/de\/befestigungswerkzeuge\/","title":{"rendered":"Werkzeuge"},"content":{"rendered":"<div class=\"wpb-content-wrapper\"><p>[vc_row gap=&#8220;30&#8243;][vc_column width=&#8220;2\/3&#8243;][vc_column_text]<\/p>\n<h2>Befestigungs<strong>werkzeuge<\/strong><\/h2>\n<p>[\/vc_column_text][\/vc_column][vc_column width=&#8220;1\/3&#8243; offset=&#8220;vc_hidden-sm vc_hidden-xs&#8220;][\/vc_column][\/vc_row][vc_row css=&#8220;.vc_custom_1640267924508{padding-bottom: 30px !important;}&#8220;][vc_column][vc_tta_tour style=&#8220;flat&#8220; shape=&#8220;square&#8220; gap=&#8220;30&#8243; active_section=&#8220;1&#8243; no_fill_content_area=&#8220;true&#8220; el_class=&#8220;tab-type-1&#8243;][vc_tta_section title=&#8220;KABELBINDER- UND KABELSCHERE&#8220; tab_id=&#8220;schneiden&#8220;][vc_single_image image=&#8220;3392&#8243; img_size=&#8220;full&#8220; el_class=&#8220;schneiden tabImg&#8220;][vc_single_image image=&#8220;4752&#8243; img_size=&#8220;full&#8220;][vc_column_text el_class=&#8220;sezione1&#8243; css=&#8220;.vc_custom_1658841296357{margin-bottom: 5px !important;padding-bottom: 0px !important;}&#8220;]Die Kabelbinderschere ist ein spezifisches Werkzeug zum Schneiden von Kabelbindern.\u00a0 Die besondere Geometrie der Spitzen garantiert einen <strong>pr\u00e4zisen Schnitt des Kabelbinders<\/strong>\u00a0(Breite zwischen 2,5mm und 12,55mm) und sorgt daf\u00fcr, dass die Elektrokabel unbesch\u00e4digt bleiben.\u00a0\u00a0 Die Schere dient auch zum Schneiden von Kabeln.<\/p>\n<h4>Technische Tabelle<\/h4>\n<p>[\/vc_column_text][vc_single_image image=&#8220;59924&#8243; img_size=&#8220;full&#8220;][\/vc_tta_section][vc_tta_section title=&#8220;KABELBINDERZANGE&#8220; tab_id=&#8220;kabelbinderzange&#8220;][vc_single_image image=&#8220;3387&#8243; img_size=&#8220;full&#8220; el_class=&#8220;kabelbinderzange tabImg&#8220;][vc_single_image image=&#8220;4757&#8243; img_size=&#8220;full&#8220;][vc_column_text el_class=&#8220;sezione1&#8243; css=&#8220;.vc_custom_1658841336765{margin-bottom: 5px !important;padding-bottom: 0px !important;}&#8220;]Die Kabelbinderzange aus Metall ist ein spezifisches Werkzeug\u00a0<strong>zum Befestigen von Kabelbindern und zum Schneiden<\/strong>\u00a0der \u00dcberl\u00e4nge.\u00a0 Kann mit einer Spannkraft zwischen 3,5 kg und 12 kg voreingestellt werden.<\/p>\n<h4>Technische Tabelle<\/h4>\n<p>[\/vc_column_text][vc_single_image image=&#8220;4356&#8243; img_size=&#8220;full&#8220;][\/vc_tta_section][vc_tta_section title=&#8220;KABELSCHELLENZANGE&#8220; tab_id=&#8220;kabelschellenzange&#8220;][vc_single_image image=&#8220;3397&#8243; img_size=&#8220;full&#8220; el_class=&#8220;kabelschellenzange tabImg&#8220;][vc_single_image image=&#8220;4763&#8243; img_size=&#8220;full&#8220;][vc_column_text el_class=&#8220;sezione1&#8243; css=&#8220;.vc_custom_1658841377486{margin-bottom: 5px !important;padding-bottom: 0px !important;}&#8220;]Die Metallzange f\u00fcr Kabelbinderschellen ist ein Werkzeug, das eine pr\u00e4zise Befestigung der Kabelbinderschellen und das Abschneiden der \u00dcberl\u00e4nge erm\u00f6glicht.<\/p>\n<h4>Technische Tabelle<\/h4>\n<p>[\/vc_column_text][vc_single_image image=&#8220;4361&#8243; img_size=&#8220;full&#8220;][\/vc_tta_section][vc_tta_section title=&#8220;SAPISELCO KABELBINDERZANGE&#8220; tab_id=&#8220;sapiselco-kabelbinderzange&#8220;][vc_single_image image=&#8220;59708&#8243; img_size=&#8220;full&#8220; el_class=&#8220;sapiselco-kabelbinderzange tabImg&#8220;][vc_single_image image=&#8220;59713&#8243; img_size=&#8220;full&#8220;][vc_column_text el_class=&#8220;sezione1&#8243; css=&#8220;.vc_custom_1757399961448{margin-bottom: 5px !important;padding-bottom: 0px !important;}&#8220;]Manuelles Werkzeug zur Verarbeitung verschiedener Kabelbinder.<strong> Der Spannungseinsteller erm\u00f6glicht<\/strong>, je nach Anforderung des Anwenders,<strong> eine genaue Vorspannung <\/strong>des Werkzeugs.<\/p>\n<h4>Technische Tabelle<\/h4>\n<p>[\/vc_column_text][vc_single_image image=&#8220;59718&#8243; img_size=&#8220;full&#8220;][\/vc_tta_section][\/vc_tta_tour][\/vc_column][\/vc_row]<\/p>\n<\/div>","protected":false},"excerpt":{"rendered":"[vc_row gap=&#8220;30&#8243;][vc_column width=&#8220;2\/3&#8243;][vc_column_text] Befestigungswerkzeuge [\/vc_column_text][\/vc_column][vc_column width=&#8220;1\/3&#8243; offset=&#8220;vc_hidden-sm vc_hidden-xs&#8220;][\/vc_column][\/vc_row][vc_row css=&#8220;.vc_custom_1640267924508{padding-bottom: 30px !important;}&#8220;][vc_column][vc_tta_tour style=&#8220;flat&#8220; shape=&#8220;square&#8220; gap=&#8220;30&#8243; active_section=&#8220;1&#8243; no_fill_content_area=&#8220;true&#8220; el_class=&#8220;tab-type-1&#8243;][vc_tta_section title=&#8220;KABELBINDER- UND KABELSCHERE&#8220; tab_id=&#8220;schneiden&#8220;][vc_single_image image=&#8220;3392&#8243; img_size=&#8220;full&#8220; el_class=&#8220;schneiden tabImg&#8220;][vc_single_image image=&#8220;4752&#8243; img_size=&#8220;full&#8220;][vc_column_text el_class=&#8220;sezione1&#8243; css=&#8220;.vc_custom_1658841296357{margin-bottom: 5px !important;padding-bottom: 0px !important;}&#8220;]Die Kabelbinderschere ist ein spezifisches Werkzeug zum Schneiden von Kabelbindern.\u00a0 Die besondere Geometrie der Spitzen garantiert einen pr\u00e4zisen Schnitt des Kabelbinders\u00a0(Breite zwischen 2,5mm <a href=\"https:\/\/www.sapiselco.com\/de\/befestigungswerkzeuge\/\" class=\"more-link\">&#8230;<\/a>","protected":false},"author":1,"featured_media":0,"parent":0,"menu_order":0,"comment_status":"closed","ping_status":"closed","template":"","meta":{"_acf_changed":false,"footnotes":""},"class_list":["post-48802","page","type-page","status-publish","hentry"],"acf":[],"_links":{"self":[{"href":"https:\/\/www.sapiselco.com\/de\/wp-json\/wp\/v2\/pages\/48802","targetHints":{"allow":["GET"]}}],"collection":[{"href":"https:\/\/www.sapiselco.com\/de\/wp-json\/wp\/v2\/pages"}],"about":[{"href":"https:\/\/www.sapiselco.com\/de\/wp-json\/wp\/v2\/types\/page"}],"author":[{"embeddable":true,"href":"https:\/\/www.sapiselco.com\/de\/wp-json\/wp\/v2\/users\/1"}],"replies":[{"embeddable":true,"href":"https:\/\/www.sapiselco.com\/de\/wp-json\/wp\/v2\/comments?post=48802"}],"version-history":[{"count":6,"href":"https:\/\/www.sapiselco.com\/de\/wp-json\/wp\/v2\/pages\/48802\/revisions"}],"predecessor-version":[{"id":60091,"href":"https:\/\/www.sapiselco.com\/de\/wp-json\/wp\/v2\/pages\/48802\/revisions\/60091"}],"wp:attachment":[{"href":"https:\/\/www.sapiselco.com\/de\/wp-json\/wp\/v2\/media?parent=48802"}],"curies":[{"name":"wp","href":"https:\/\/api.w.org\/{rel}","templated":true}]}}