{"id":48822,"date":"2022-01-31T17:37:04","date_gmt":"2022-01-31T16:37:04","guid":{"rendered":"https:\/\/www.sapiselco.com\/bucket\/"},"modified":"2022-07-27T14:09:37","modified_gmt":"2022-07-27T12:09:37","slug":"bucket","status":"publish","type":"page","link":"https:\/\/www.sapiselco.com\/de\/bucket\/","title":{"rendered":"Bucket"},"content":{"rendered":"<div class=\"wpb-content-wrapper\"><p>[vc_row gap=&#8220;30&#8243;][vc_column][vc_column_text]<\/p>\n<h2><strong>Bucket<\/strong> mix<\/h2>\n<p>[\/vc_column_text][vc_column_text]Alle SapiSelco Buckets werden komplett mit\u00a0<strong>Garantie-Klebesiegel<\/strong>\u00a0geliefert, das den einwandfreien Produktzustand bezeugt.[\/vc_column_text][\/vc_column][\/vc_row][vc_row css=&#8220;.vc_custom_1640267924508{padding-bottom: 30px !important;}&#8220;][vc_column][vc_tta_tour style=&#8220;flat&#8220; shape=&#8220;square&#8220; gap=&#8220;30&#8243; active_section=&#8220;1&#8243; no_fill_content_area=&#8220;true&#8220; el_class=&#8220;tab-type-1&#8243;][vc_tta_section title=&#8220;BUCKET MIX<br \/>\nSELFIT&#8220; tab_id=&#8220;bucket-mix-selfit&#8220;][vc_single_image image=&#8220;3502&#8243; img_size=&#8220;full&#8220; el_class=&#8220;bucket-mix-selfit tabImg&#8220;][vc_gallery interval=&#8220;3&#8243; images=&#8220;4075,47200&#8243; img_size=&#8220;full&#8220; onclick=&#8220;&#8220; css=&#8220;.vc_custom_1651661730388{padding-bottom: 15px !important;}&#8220;][vc_column_text el_class=&#8220;sezione1&#8243;]Bucket\u00a0<strong>Mix<\/strong>\u00a0\u2013\u00a0<strong>Selfit\u00a0<\/strong>ist ein Beh\u00e4lter aus PET in \u201eEimerform\u201d und ist den Versionen mit 1200 und 800 St\u00fcck erh\u00e4ltlich. Er enth\u00e4lt ein Sortiment Standard-Kabelbinder Selfit in verschiedenen Gr\u00f6\u00dfen, in den Farben Natur oder Schwarz. Die Produkte sind in 100-St\u00fcck-Beuteln verpackt.<br \/>\nDas <strong>800-St\u00fcck-Format<\/strong> ist auch in der Version mit der <strong>Farbmischung Rot, Blau, Gr\u00fcn und Gelb<\/strong> erh\u00e4ltlich.<\/p>\n<p>Die Standard-Kabelbinder Selfit k\u00f6nnen <strong>von Hand befestigt <\/strong>werden oder mit einer <strong>Kabelbinderzange<\/strong>.[\/vc_column_text][vc_row_inner gap=&#8220;15&#8243; css=&#8220;.vc_custom_1644396450328{margin-bottom: 15px !important;}&#8220;][vc_column_inner width=&#8220;1\/2&#8243;][vc_btn title=&#8220;Bucket Mix 1 \u2013 1200 PCS&#8220; style=&#8220;outline-custom&#8220; outline_custom_color=&#8220;#00955f&#8220; outline_custom_hover_background=&#8220;#00955f&#8220; outline_custom_hover_text=&#8220;#ffffff&#8220; shape=&#8220;square&#8220; align=&#8220;center&#8220; i_align=&#8220;right&#8220; i_icon_fontawesome=&#8220;fas fa-table&#8220; css_animation=&#8220;fadeIn&#8220; button_block=&#8220;true&#8220; add_icon=&#8220;true&#8220; custom_onclick=&#8220;true&#8220; custom_onclick_code=&#8220;openModal(&#8222;#mix1&#8222;);&#8220;][\/vc_column_inner][vc_column_inner width=&#8220;1\/2&#8243;][vc_btn title=&#8220;Bucket Mix 2 \u2013 800 PCS&#8220; style=&#8220;outline-custom&#8220; outline_custom_color=&#8220;#00955f&#8220; outline_custom_hover_background=&#8220;#00955f&#8220; outline_custom_hover_text=&#8220;#ffffff&#8220; shape=&#8220;square&#8220; align=&#8220;center&#8220; i_align=&#8220;right&#8220; i_icon_fontawesome=&#8220;fas fa-table&#8220; css_animation=&#8220;fadeIn&#8220; button_block=&#8220;true&#8220; add_icon=&#8220;true&#8220; custom_onclick=&#8220;true&#8220; custom_onclick_code=&#8220;openModal(&#8222;#mix2&#8222;);&#8220;][\/vc_column_inner][\/vc_row_inner][vc_row_inner gap=&#8220;15&#8243;][vc_column_inner width=&#8220;1\/2&#8243;][vc_btn title=&#8220;Bucket Mix 3 \u2013 800 PCS&#8220; style=&#8220;outline-custom&#8220; outline_custom_color=&#8220;#00955f&#8220; outline_custom_hover_background=&#8220;#00955f&#8220; outline_custom_hover_text=&#8220;#ffffff&#8220; shape=&#8220;square&#8220; align=&#8220;center&#8220; i_align=&#8220;right&#8220; i_icon_fontawesome=&#8220;fas fa-table&#8220; css_animation=&#8220;fadeIn&#8220; button_block=&#8220;true&#8220; add_icon=&#8220;true&#8220; custom_onclick=&#8220;true&#8220; custom_onclick_code=&#8220;openModal(&#8222;#mix3&#8222;);&#8220;][\/vc_column_inner][vc_column_inner width=&#8220;1\/2&#8243;][\/vc_column_inner][\/vc_row_inner][\/vc_tta_section][vc_tta_section title=&#8220;BUCKET SNXV<br \/>\nBefestigungssysteme&#8220; tab_id=&#8220;bucket-snxv&#8220;][vc_single_image image=&#8220;3489&#8243; img_size=&#8220;full&#8220; el_class=&#8220;bucket-snxv tabImg&#8220;][vc_single_image image=&#8220;4064&#8243; img_size=&#8220;full&#8220;][vc_column_text el_class=&#8220;sezione1&#8243;]Bucket\u00a0<strong>SNXV<\/strong>\u00a0\u2013\u00a0<strong>Befestigungssysteme\u00a0<\/strong>ist ein Beh\u00e4lter aus PET in \u201eEimerform\u201d und im Format mit 300 St\u00fcck erh\u00e4ltlich. \u00a0Er enth\u00e4lt Expansionsd\u00fcbel der Serie SNX \u2013 6x30mm\u00a0und 300 Spenglerschrauben, 4x40mm.<\/p>\n<p>Die Expansionsd\u00fcbel k\u00f6nnen\u00a0<strong>von Hand angebracht<\/strong> werden.[\/vc_column_text][vc_row_inner gap=&#8220;30&#8243;][vc_column_inner width=&#8220;1\/2&#8243;][vc_btn title=&#8220;Bucket SNXV \u2013 300 PCS&#8220; style=&#8220;outline-custom&#8220; outline_custom_color=&#8220;#00955f&#8220; outline_custom_hover_background=&#8220;#00955f&#8220; outline_custom_hover_text=&#8220;#ffffff&#8220; shape=&#8220;square&#8220; align=&#8220;center&#8220; i_align=&#8220;right&#8220; i_icon_fontawesome=&#8220;fas fa-table&#8220; css_animation=&#8220;fadeIn&#8220; button_block=&#8220;true&#8220; add_icon=&#8220;true&#8220; custom_onclick=&#8220;true&#8220; custom_onclick_code=&#8220;openModal(&#8222;#snvx&#8222;);&#8220;][\/vc_column_inner][vc_column_inner width=&#8220;1\/2&#8243;][\/vc_column_inner][\/vc_row_inner][\/vc_tta_section][vc_tta_section title=&#8220;BUCKET ALE<br \/>\nSTECKD\u00dcBEL&#8220; tab_id=&#8220;bucket-ale&#8220;][vc_single_image image=&#8220;3495&#8243; img_size=&#8220;full&#8220; el_class=&#8220;bucket-ale tabImg&#8220;][vc_single_image image=&#8220;4069&#8243; img_size=&#8220;full&#8220;][vc_column_text el_class=&#8220;sezione1&#8243;]Bucket\u00a0<strong>ALE<\/strong>\u00a0\u2013\u00a0<strong>Steckd\u00fcbel\u00a0<\/strong>ist ein Beh\u00e4lter aus PET in \u201eEimerform\u201d und im Format mit 200 St\u00fcck erh\u00e4ltlich.\u00a0\u00a0 Er enth\u00e4lt Steckd\u00fcbel aus technischem Kunststoff in Farbe Schwarz, Serie Ale \u2013 10x43mm.<\/p>\n<p>Die Steckd\u00fcbel k\u00f6nnen\u00a0<strong>von Hand angebracht<\/strong> werden.[\/vc_column_text][vc_row_inner gap=&#8220;30&#8243;][vc_column_inner width=&#8220;1\/2&#8243;][vc_btn title=&#8220;Bucket ALE \u2013 200 PCS&#8220; style=&#8220;outline-custom&#8220; outline_custom_color=&#8220;#00955f&#8220; outline_custom_hover_background=&#8220;#00955f&#8220; outline_custom_hover_text=&#8220;#ffffff&#8220; shape=&#8220;square&#8220; align=&#8220;center&#8220; i_align=&#8220;right&#8220; i_icon_fontawesome=&#8220;fas fa-table&#8220; css_animation=&#8220;fadeIn&#8220; button_block=&#8220;true&#8220; add_icon=&#8220;true&#8220; custom_onclick=&#8220;true&#8220; custom_onclick_code=&#8220;openModal(&#8222;#ale&#8222;);&#8220;][\/vc_column_inner][vc_column_inner width=&#8220;1\/2&#8243;][\/vc_column_inner][\/vc_row_inner][\/vc_tta_section][\/vc_tta_tour][vc_raw_js]JTNDc2NyaXB0JTNFJTBBdmFyJTIwJTI0aiUyMCUzRCUyMGpRdWVyeSUzQiUwQWZ1bmN0aW9uJTIwb3Blbk1vZGFsJTI4bW9kYWwlMjklN0IlMEF2YXIlMjBtb2RhbENvbnRhaW5lciUyMCUzRCUyMCUyNGolMjglMjcubW9kYWwtY29udGVudC1ib3glMjclMjklM0IlMEFtb2RhbENvbnRhaW5lci5odG1sJTI4JTI3JTI3JTI5JTNCJTBBdmFyJTIwbW9kYWxjb250ZW50JTIwJTNEJTIwJTI0aiUyOG1vZGFsJTI5Lmh0bWwlMjglMjklM0IlMEFtb2RhbENvbnRhaW5lci5odG1sJTI4bW9kYWxjb250ZW50JTI5LnNob3clMjglMjklM0IlMEElMjRqJTI4JTI3JTIzbW9kYWwtY29udGFpbmVyJTI3JTI5LmZhZGVJbiUyOCUyOSUzQiUwQSU3RCUwQSUzQyUyRnNjcmlwdCUzRQ==[\/vc_raw_js][\/vc_column][\/vc_row][vc_row el_id=&#8220;mix1&#8243; el_class=&#8220;modal-box-content&#8220;][vc_column][vc_row_inner gap=&#8220;30&#8243; css=&#8220;.vc_custom_1644396040639{margin-bottom: 0px !important;padding-bottom: 0px !important;}&#8220;][vc_column_inner][vc_column_text css=&#8220;.vc_custom_1658918545914{margin-bottom: 0px !important;padding-bottom: 0px !important;}&#8220;]<\/p>\n<h4>Bucket Mix 1 Technische tabelle \u2013 1200 PCS<\/h4>\n<p><img loading=\"lazy\" decoding=\"async\" class=\"alignnone size-full wp-image-4374\" src=\"https:\/\/www.sapiselco.com\/wp-content\/uploads\/2022\/07\/tab-BUCK-MIX1-SELFIT-en.jpg\" alt=\"\" width=\"1200\" height=\"812\" \/>[\/vc_column_text][\/vc_column_inner][\/vc_row_inner][\/vc_column][\/vc_row][vc_row el_id=&#8220;mix2&#8243; el_class=&#8220;modal-box-content&#8220;][vc_column][vc_row_inner gap=&#8220;30&#8243; css=&#8220;.vc_custom_1644396040639{margin-bottom: 0px !important;padding-bottom: 0px !important;}&#8220;][vc_column_inner][vc_column_text css=&#8220;.vc_custom_1658918555218{margin-bottom: 0px !important;padding-bottom: 0px !important;}&#8220;]<\/p>\n<h4>Bucket Mix 2 Technische tabelle \u2013 800 PCS<\/h4>\n<p><img loading=\"lazy\" decoding=\"async\" class=\"alignnone size-full wp-image-4382\" src=\"https:\/\/www.sapiselco.com\/wp-content\/uploads\/2022\/07\/tab-BUCK-MIX2-SELFIT-en.jpg\" alt=\"\" width=\"1200\" height=\"812\" \/>[\/vc_column_text][\/vc_column_inner][\/vc_row_inner][\/vc_column][\/vc_row][vc_row el_id=&#8220;mix3&#8243; el_class=&#8220;modal-box-content&#8220;][vc_column][vc_row_inner gap=&#8220;30&#8243; css=&#8220;.vc_custom_1644396040639{margin-bottom: 0px !important;padding-bottom: 0px !important;}&#8220;][vc_column_inner][vc_column_text css=&#8220;.vc_custom_1658918585157{margin-bottom: 0px !important;padding-bottom: 0px !important;}&#8220;]<\/p>\n<h4>Bucket Mix 3 Technische tabelle \u2013 800 PCS mehrfarbig<\/h4>\n<p><img loading=\"lazy\" decoding=\"async\" class=\"alignnone size-full wp-image-4387\" src=\"https:\/\/www.sapiselco.com\/wp-content\/uploads\/2022\/07\/tab-BUCK-MIX3-SELFIT-en.jpg\" alt=\"\" width=\"1200\" height=\"812\" \/>[\/vc_column_text][\/vc_column_inner][\/vc_row_inner][\/vc_column][\/vc_row][vc_row el_id=&#8220;snvx&#8220; el_class=&#8220;modal-box-content&#8220;][vc_column][vc_row_inner gap=&#8220;30&#8243; css=&#8220;.vc_custom_1644396040639{margin-bottom: 0px !important;padding-bottom: 0px !important;}&#8220;][vc_column_inner][vc_column_text css=&#8220;.vc_custom_1658918598196{margin-bottom: 0px !important;padding-bottom: 0px !important;}&#8220;]<\/p>\n<h4>Bucket SNXV Technische tabelle \u2013 300 PCS<\/h4>\n<p><img loading=\"lazy\" decoding=\"async\" class=\"alignnone size-full wp-image-4398\" src=\"https:\/\/www.sapiselco.com\/wp-content\/uploads\/2022\/07\/tab-BUCK-SNXV-en.jpg\" alt=\"\" width=\"1200\" height=\"432\" \/>[\/vc_column_text][\/vc_column_inner][\/vc_row_inner][\/vc_column][\/vc_row][vc_row el_id=&#8220;ale&#8220; el_class=&#8220;modal-box-content&#8220;][vc_column][vc_row_inner gap=&#8220;30&#8243; css=&#8220;.vc_custom_1644396040639{margin-bottom: 0px !important;padding-bottom: 0px !important;}&#8220;][vc_column_inner][vc_column_text css=&#8220;.vc_custom_1658918607351{margin-bottom: 0px !important;padding-bottom: 0px !important;}&#8220;]<\/p>\n<h4>Bucket ALE Technische tabelle \u2013 200 PCS<\/h4>\n<p><img loading=\"lazy\" decoding=\"async\" class=\"alignnone size-full wp-image-4403\" src=\"https:\/\/www.sapiselco.com\/wp-content\/uploads\/2022\/07\/tab-buck-ale-en.jpg\" alt=\"\" width=\"1200\" height=\"461\" \/>[\/vc_column_text][\/vc_column_inner][\/vc_row_inner][\/vc_column][\/vc_row]<\/p>\n<\/div>","protected":false},"excerpt":{"rendered":"[vc_row gap=&#8220;30&#8243;][vc_column][vc_column_text] Bucket mix [\/vc_column_text][vc_column_text]Alle SapiSelco Buckets werden komplett mit\u00a0Garantie-Klebesiegel\u00a0geliefert, das den einwandfreien Produktzustand bezeugt.[\/vc_column_text][\/vc_column][\/vc_row][vc_row css=&#8220;.vc_custom_1640267924508{padding-bottom: 30px !important;}&#8220;][vc_column][vc_tta_tour style=&#8220;flat&#8220; shape=&#8220;square&#8220; gap=&#8220;30&#8243; active_section=&#8220;1&#8243; no_fill_content_area=&#8220;true&#8220; el_class=&#8220;tab-type-1&#8243;][vc_tta_section title=&#8220;BUCKET MIX SELFIT&#8220; tab_id=&#8220;bucket-mix-selfit&#8220;][vc_single_image image=&#8220;3502&#8243; img_size=&#8220;full&#8220; el_class=&#8220;bucket-mix-selfit tabImg&#8220;][vc_gallery interval=&#8220;3&#8243; images=&#8220;4075,47200&#8243; img_size=&#8220;full&#8220; onclick=&#8220;&#8220; css=&#8220;.vc_custom_1651661730388{padding-bottom: 15px !important;}&#8220;][vc_column_text el_class=&#8220;sezione1&#8243;]Bucket\u00a0Mix\u00a0\u2013\u00a0Selfit\u00a0ist ein Beh\u00e4lter aus PET in \u201eEimerform\u201d und ist den Versionen mit 1200 und 800 St\u00fcck <a href=\"https:\/\/www.sapiselco.com\/de\/bucket\/\" class=\"more-link\">&#8230;<\/a>","protected":false},"author":1,"featured_media":0,"parent":0,"menu_order":0,"comment_status":"closed","ping_status":"closed","template":"","meta":{"_acf_changed":false,"footnotes":""},"class_list":["post-48822","page","type-page","status-publish","hentry"],"acf":[],"_links":{"self":[{"href":"https:\/\/www.sapiselco.com\/de\/wp-json\/wp\/v2\/pages\/48822","targetHints":{"allow":["GET"]}}],"collection":[{"href":"https:\/\/www.sapiselco.com\/de\/wp-json\/wp\/v2\/pages"}],"about":[{"href":"https:\/\/www.sapiselco.com\/de\/wp-json\/wp\/v2\/types\/page"}],"author":[{"embeddable":true,"href":"https:\/\/www.sapiselco.com\/de\/wp-json\/wp\/v2\/users\/1"}],"replies":[{"embeddable":true,"href":"https:\/\/www.sapiselco.com\/de\/wp-json\/wp\/v2\/comments?post=48822"}],"version-history":[{"count":12,"href":"https:\/\/www.sapiselco.com\/de\/wp-json\/wp\/v2\/pages\/48822\/revisions"}],"predecessor-version":[{"id":58272,"href":"https:\/\/www.sapiselco.com\/de\/wp-json\/wp\/v2\/pages\/48822\/revisions\/58272"}],"wp:attachment":[{"href":"https:\/\/www.sapiselco.com\/de\/wp-json\/wp\/v2\/media?parent=48822"}],"curies":[{"name":"wp","href":"https:\/\/api.w.org\/{rel}","templated":true}]}}