{"id":48589,"date":"2022-01-05T14:19:14","date_gmt":"2022-01-05T13:19:14","guid":{"rendered":"https:\/\/www.sapiselco.com\/work-with-us\/"},"modified":"2022-07-15T16:03:52","modified_gmt":"2022-07-15T14:03:52","slug":"trabaja-con-nostros","status":"publish","type":"page","link":"https:\/\/www.sapiselco.com\/es\/trabaja-con-nostros\/","title":{"rendered":"Trabaja con nostros"},"content":{"rendered":"<div class=\"wpb-content-wrapper\"><p>[vc_row gap=\u00bb30&#8243; css=\u00bb.vc_custom_1641397484999{margin-bottom: 0px !important;}\u00bb][vc_column width=\u00bb2\/3&#8243;][vc_column_text]<\/p>\n<h2>Miramos al <strong>Futuro<\/strong><\/h2>\n<p>[\/vc_column_text][\/vc_column][vc_column width=\u00bb1\/3&#8243; offset=\u00bbvc_hidden-sm vc_hidden-xs\u00bb][\/vc_column][\/vc_row][vc_row gap=\u00bb30&#8243;][vc_column width=\u00bb1\/2&#8243;][vc_column_text]Estamos buscando nuevos profesionales cualificados para ampliar nuestro equipo: presenta una candidatura espont\u00e1nea o con\u00e9ctate a nuestra p\u00e1gina de Linkedin para estar al d\u00eda sobre todas las iniciativas. Las personas que entran a trabajar en SapiSelco se preparan con un programa de integraci\u00f3n destinado a conocer la empresa y a desarrollar las competencias necesarias para la funci\u00f3n asignada.[\/vc_column_text][\/vc_column][vc_column width=\u00bb1\/2&#8243;][vc_column_text]\u00bfEst\u00e1s interesado en unirte a nuestra empresa? Env\u00eda tu candidatura espont\u00e1nea rellenando el formulario de contacto y adjuntando tu CV en uno de los formatos admitidos.[\/vc_column_text][\/vc_column][\/vc_row][vc_row css=\u00bb.vc_custom_1641397507106{padding-bottom: 30px !important;}\u00bb][vc_column][vc_column_text]<\/p>\n<h3>Candidatura <strong>espont\u00e1nea<\/strong><\/h3>\n<p>[\/vc_column_text]\n<div class=\"wpcf7 no-js\" id=\"wpcf7-f48596-o1\" lang=\"es-ES\" dir=\"ltr\" data-wpcf7-id=\"48596\">\n<div class=\"screen-reader-response\"><p role=\"status\" aria-live=\"polite\" aria-atomic=\"true\"><\/p> <ul><\/ul><\/div>\n<form action=\"\/es\/wp-json\/wp\/v2\/pages\/48589#wpcf7-f48596-o1\" method=\"post\" class=\"wpcf7-form init\" aria-label=\"Formulario de contacto\" enctype=\"multipart\/form-data\" novalidate=\"novalidate\" data-status=\"init\">\n<fieldset class=\"hidden-fields-container\"><input type=\"hidden\" name=\"_wpcf7\" value=\"48596\" \/><input type=\"hidden\" name=\"_wpcf7_version\" value=\"6.1.5\" \/><input type=\"hidden\" name=\"_wpcf7_locale\" value=\"es_ES\" \/><input type=\"hidden\" name=\"_wpcf7_unit_tag\" value=\"wpcf7-f48596-o1\" \/><input type=\"hidden\" name=\"_wpcf7_container_post\" value=\"0\" \/><input type=\"hidden\" name=\"_wpcf7_posted_data_hash\" value=\"\" \/><input type=\"hidden\" name=\"_wpcf7_recaptcha_response\" value=\"\" \/>\n<\/fieldset>\n<div class=\"side-l\">\n<h4 class=\"form-ttl\">Datos personales<\/h4>\n<div style=\"position:relative;\"><span class=\"form-req\">*<\/span><span class=\"wpcf7-form-control-wrap\" data-name=\"first-name\"><input size=\"40\" maxlength=\"400\" class=\"wpcf7-form-control wpcf7-text wpcf7-validates-as-required\" aria-required=\"true\" aria-invalid=\"false\" placeholder=\"Nombre\" value=\"\" type=\"text\" name=\"first-name\" \/><\/span><\/div>\n<div style=\"position:relative;\"><span class=\"form-req\">*<\/span><span class=\"wpcf7-form-control-wrap\" data-name=\"last-name\"><input size=\"40\" maxlength=\"400\" class=\"wpcf7-form-control wpcf7-text wpcf7-validates-as-required\" aria-required=\"true\" aria-invalid=\"false\" placeholder=\"Apellido\/s\" value=\"\" type=\"text\" name=\"last-name\" \/><\/span><\/div>\n<div style=\"position:relative;\"><span class=\"form-req\">*<\/span><span class=\"wpcf7-form-control-wrap\" data-name=\"your-email\"><input size=\"40\" maxlength=\"400\" class=\"wpcf7-form-control wpcf7-email wpcf7-validates-as-required wpcf7-text wpcf7-validates-as-email\" aria-required=\"true\" aria-invalid=\"false\" placeholder=\"Correo electr\u00f3nico\" value=\"\" type=\"email\" name=\"your-email\" \/><\/span><\/div>\n<div style=\"position:relative;\"><span class=\"form-req\">*<\/span><span class=\"wpcf7-form-control-wrap\" data-name=\"your-tel\"><input size=\"40\" maxlength=\"400\" class=\"wpcf7-form-control wpcf7-tel wpcf7-validates-as-required wpcf7-text wpcf7-validates-as-tel\" aria-required=\"true\" aria-invalid=\"false\" placeholder=\"Tel\u00e9fono\" value=\"\" type=\"tel\" name=\"your-tel\" \/><\/span><\/div>\n<h4 class=\"form-ttl\">Adjuntos<\/h4>\n<div style=\"position:relative;\">Adjuntar el Curr\u00edculo (formato PDF,DOC,DOCX,RTF) <span class=\"form-req\">*<\/span><\/div>\n<span class=\"wpcf7-form-control-wrap\" data-name=\"allegati\"><input size=\"40\" class=\"wpcf7-form-control wpcf7-file wpcf7-validates-as-required\" accept=\".pdf,.doc,.docx,.rtf\" aria-required=\"true\" aria-invalid=\"false\" type=\"file\" name=\"allegati\" \/><\/span>\n<\/div>\n<div class=\"side-r\">\n<h4 class=\"form-ttl\">T\u00edtulo de estudio<\/h4>\n<div style=\"position:relative;\"><span class=\"wpcf7-form-control-wrap\" data-name=\"diploma\"><select class=\"wpcf7-form-control wpcf7-select wpcf7-validates-as-required\" aria-required=\"true\" aria-invalid=\"false\" name=\"diploma\"><option value=\"\">Diploma<\/option><option value=\"Art\u00edstico\">Art\u00edstico<\/option><option value=\"Cl\u00e1sico\">Cl\u00e1sico<\/option><option value=\"Ling\u00fc\u00edstico\">Ling\u00fc\u00edstico<\/option><option value=\"Cient\u00edfico\">Cient\u00edfico<\/option><option value=\"Qu\u00edmico\">Qu\u00edmico<\/option><option value=\"Econom\u00eda\">Econom\u00eda<\/option><option value=\"Electr\u00f3nico\">Electr\u00f3nico<\/option><option value=\"Construcci\u00f3n\">Construcci\u00f3n<\/option><option value=\"Mec\u00e1nico\">Mec\u00e1nico<\/option><option value=\"Otro\">Otro<\/option><\/select><\/span><\/div>\n<div style=\"position:relative;\"><span class=\"wpcf7-form-control-wrap\" data-name=\"laurea\"><select class=\"wpcf7-form-control wpcf7-select wpcf7-validates-as-required\" aria-required=\"true\" aria-invalid=\"false\" name=\"laurea\"><option value=\"\">Grado<\/option><option value=\"Arquitectura\">Arquitectura<\/option><option value=\"Humanista\">Humanista<\/option><option value=\"Econom\u00eda\">Econom\u00eda<\/option><option value=\"Ley\">Ley<\/option><option value=\"Ingenier\u00eda\">Ingenier\u00eda<\/option><option value=\"Inform\u00e1tica\">Inform\u00e1tica<\/option><option value=\"Idiomas\">Idiomas<\/option><option value=\"Otro\">Otro<\/option><\/select><\/span><\/div>\n<h4 class=\"form-ttl\">\u00c1reas de competencia<\/h4>\n<div style=\"position:relative;\"><span class=\"wpcf7-form-control-wrap\" data-name=\"aree\"><span class=\"wpcf7-form-control wpcf7-checkbox wpcf7-validates-as-required\"><span class=\"wpcf7-list-item first\"><label><input type=\"checkbox\" name=\"aree[]\" value=\"Compras\" \/><span class=\"wpcf7-list-item-label\">Compras<\/span><\/label><\/span><span class=\"wpcf7-list-item\"><label><input type=\"checkbox\" name=\"aree[]\" value=\"Administrativo\" \/><span class=\"wpcf7-list-item-label\">Administrativo<\/span><\/label><\/span><span class=\"wpcf7-list-item\"><label><input type=\"checkbox\" name=\"aree[]\" value=\"Comercial\" \/><span class=\"wpcf7-list-item-label\">Comercial<\/span><\/label><\/span><span class=\"wpcf7-list-item\"><label><input type=\"checkbox\" name=\"aree[]\" value=\"IT\" \/><span class=\"wpcf7-list-item-label\">IT<\/span><\/label><\/span><span class=\"wpcf7-list-item\"><label><input type=\"checkbox\" name=\"aree[]\" value=\"Log\u00edstica\" \/><span class=\"wpcf7-list-item-label\">Log\u00edstica<\/span><\/label><\/span><span class=\"wpcf7-list-item\"><label><input type=\"checkbox\" name=\"aree[]\" value=\"Mantenimiento\" \/><span class=\"wpcf7-list-item-label\">Mantenimiento<\/span><\/label><\/span><span class=\"wpcf7-list-item\"><label><input type=\"checkbox\" name=\"aree[]\" value=\"Producci\u00f3n\" \/><span class=\"wpcf7-list-item-label\">Producci\u00f3n<\/span><\/label><\/span><span class=\"wpcf7-list-item\"><label><input type=\"checkbox\" name=\"aree[]\" value=\"Calidad\" \/><span class=\"wpcf7-list-item-label\">Calidad<\/span><\/label><\/span><span class=\"wpcf7-list-item\"><label><input type=\"checkbox\" name=\"aree[]\" value=\"Recursos humanos\" \/><span class=\"wpcf7-list-item-label\">Recursos humanos<\/span><\/label><\/span><span class=\"wpcf7-list-item last\"><label><input type=\"checkbox\" name=\"aree[]\" value=\"Recepci\u00f3n\" \/><span class=\"wpcf7-list-item-label\">Recepci\u00f3n<\/span><\/label><\/span><\/span><\/span><\/div>\n<h4 class=\"form-ttl\">Notas adicionales<\/h4>\n<p style=\"position:relative;\"><span class=\"wpcf7-form-control-wrap\" data-name=\"note\"><textarea cols=\"40\" rows=\"10\" maxlength=\"2000\" class=\"wpcf7-form-control wpcf7-textarea\" aria-invalid=\"false\" name=\"note\"><\/textarea><\/span><\/p>\n<div style=\"clear:both\"><\/div>\n<\/div>\n<div class=\"side2-l\">\n<p class=\"field acpt\">A efectos de los art\u00edculos 13 y 14 del REGLAMENTO EUROPEO N\u00b0 679\/2016<br \/><span class=\"wpcf7-form-control-wrap\" data-name=\"acceptance\"><span class=\"wpcf7-form-control wpcf7-acceptance\"><span class=\"wpcf7-list-item\"><input type=\"checkbox\" name=\"acceptance\" value=\"1\" aria-invalid=\"false\" \/><\/span><\/span><\/span> declaro que he le\u00eddo la  <a target=\"_blank\" href=\"\/es\/privacy-policy\" title=\"Pol\u00edtica de Privacidad\">Pol\u00edtica de Privacidad<\/a> completa de SapiSelco s.r.l. relativa al tratamiento de los datos personales y autorizo a ser contactado para responder a mi solicitud.<\/p>\n<\/div>\n<div class=\"side2-r\">\n<p class=\"field acpt cons\">\nAutorizo el tratamiento de mis datos personales para fines de marketing sobre productos y servicios de SapiSelco s.r.l., a trav\u00e9s de correo postal y tel\u00e9fono, inclusive sin operador, correo electr\u00f3nico, mensajes MMS y SMS. La autorizaci\u00f3n para env\u00edos de marketing con herramientas automatizadas, seg\u00fan el art. 130, es v\u00e1lida tambi\u00e9n para el modo tradicional de contacto.<br \/>\n<span class=\"wpcf7-form-control-wrap\" data-name=\"cons\"><span class=\"wpcf7-form-control wpcf7-checkbox wpcf7-validates-as-required wpcf7-exclusive-checkbox\"><span class=\"wpcf7-list-item first\"><input type=\"checkbox\" name=\"cons\" value=\"AUTORIZO\" \/><span class=\"wpcf7-list-item-label\">AUTORIZO<\/span><\/span><span class=\"wpcf7-list-item last\"><input type=\"checkbox\" name=\"cons\" value=\"NO AUTORIZO\" \/><span class=\"wpcf7-list-item-label\">NO AUTORIZO<\/span><\/span><\/span><\/span>\n<\/p>\n<\/div>\n<div style=\"clear:both\"><\/div>\n<div class=\"cf7-cap\"><input class=\"wpcf7-form-control wpcf7-submit has-spinner\" type=\"submit\" value=\"ENVIAR SOLICITUD\" \/><\/div>\n<style>\n.form-ttl { color:#BCBCBC; font-weight:700; font-size:20px; margin-top:2rem; }\n.wpcf7 { margin-bottom:0.5em; }\n.side-l { float:left; width:33%; margin-bottom:15px; margin-right:2%; position:relative; }\n.side-r { float:left; width:65%; margin-bottom:15px; position:relative; }\n.side2-l { float:left; width:49%; margin-bottom:15px; margin-right:2%; position:relative; }\n.side2-r { float:left; width:49%; margin-bottom:15px; position:relative; }\n.cf7-cap { width:100%; display:flex; justify-content:center; margin-bottom:2rem; }\n.cf7-cap-l, .cf7-cap-r { float:left; width:49%; margin-bottom:15px; }\n.cf7-cap-r { margin-left:1%; position:relative; }\n.cf7-cap-l { margin-right:1%; position:relative; }\n.aree .wpcf7-checkbox { display:grid; grid-template-columns:repeat(auto-fit, minmax(135px, 1fr)); grid-gap:10px; margin-bottom:20px; }\n.aree .wpcf7-checkbox .wpcf7-list-item { margin:0; }\n.aree .wpcf7-checkbox label { cursor:pointer; }\n.wpcf7-submit { float:right !important; max-width:200px; }\n.captcha input { padding-left:10px; }\n.captcha input { margin:0px; }\n.wpcf7 textarea { width:100% !important; height:80px; min-height:auto; }\n.wpcf7-submit:disabled { opacity:0.5; cursor:not-allowed !important; }\n.wpcf7 .acpt input { width:auto !important; height:auto !important; margin-right:5px; }\n.wpcf7 .acpt span { width:auto !important; display:inline-block; }\n.wpcf7 .cons { margin-bottom:15px; }\ninput[type=\"text\"], input[type=\"tel\"], input[type=\"email\"], input[type=\"number\"], select, textarea { margin-bottom:15px; }\n@media screen and (max-width:800px) {\n.side-l, .side-r { width:49%; }\n}\n@media screen and (max-width:567px) {\n.cf7-cap-l, .cf7-cap-r, .side2-l, .side2-r, .side-l, .side-r { width:100%; }\n.cf7-cap-r { margin-left:0; }\n.cf7-cap-l, .side2-l, .side-l { margin-right:0; }\ninput.wpcf7-submit { margin-top:20px !important; }\n}\n<\/style><input type=\"hidden\" id=\"ct_checkjs_cf7_22fb0cee7e1f3bde58293de743871417\" name=\"ct_checkjs_cf7\" value=\"0\" \/><script >setTimeout(function(){var ct_input_name = \"ct_checkjs_cf7_22fb0cee7e1f3bde58293de743871417\";if (document.getElementById(ct_input_name) !== null) {var ct_input_value = document.getElementById(ct_input_name).value;document.getElementById(ct_input_name).value = document.getElementById(ct_input_name).value.replace(ct_input_value, '1464494800');}}, 1000);<\/script><input\n                    class=\"apbct_special_field apbct_email_id__wp_contact_form_7\"\n                    name=\"apbct__email_id__wp_contact_form_7\"\n                    aria-label=\"apbct__label_id__wp_contact_form_7\"\n                    type=\"text\" size=\"30\" maxlength=\"200\" autocomplete=\"off\"\n                    value=\"\"\n                \/><div class=\"wpcf7-response-output\" aria-hidden=\"true\"><\/div>\n<\/form>\n<\/div>\n[\/vc_column][\/vc_row]<\/p>\n<\/div>","protected":false},"excerpt":{"rendered":"[vc_row gap=\u00bb30&#8243; css=\u00bb.vc_custom_1641397484999{margin-bottom: 0px !important;}\u00bb][vc_column width=\u00bb2\/3&#8243;][vc_column_text] Miramos al Futuro [\/vc_column_text][\/vc_column][vc_column width=\u00bb1\/3&#8243; offset=\u00bbvc_hidden-sm vc_hidden-xs\u00bb][\/vc_column][\/vc_row][vc_row gap=\u00bb30&#8243;][vc_column width=\u00bb1\/2&#8243;][vc_column_text]Estamos buscando nuevos profesionales cualificados para ampliar nuestro equipo: presenta una candidatura espont\u00e1nea o con\u00e9ctate a nuestra p\u00e1gina de Linkedin para estar al d\u00eda sobre todas las iniciativas. Las personas que entran a trabajar en SapiSelco se preparan con un programa <a href=\"https:\/\/www.sapiselco.com\/es\/trabaja-con-nostros\/\" class=\"more-link\">&#8230;<\/a>","protected":false},"author":1,"featured_media":0,"parent":0,"menu_order":0,"comment_status":"closed","ping_status":"closed","template":"","meta":{"_acf_changed":false,"footnotes":""},"class_list":["post-48589","page","type-page","status-publish","hentry"],"acf":[],"_links":{"self":[{"href":"https:\/\/www.sapiselco.com\/es\/wp-json\/wp\/v2\/pages\/48589","targetHints":{"allow":["GET"]}}],"collection":[{"href":"https:\/\/www.sapiselco.com\/es\/wp-json\/wp\/v2\/pages"}],"about":[{"href":"https:\/\/www.sapiselco.com\/es\/wp-json\/wp\/v2\/types\/page"}],"author":[{"embeddable":true,"href":"https:\/\/www.sapiselco.com\/es\/wp-json\/wp\/v2\/users\/1"}],"replies":[{"embeddable":true,"href":"https:\/\/www.sapiselco.com\/es\/wp-json\/wp\/v2\/comments?post=48589"}],"version-history":[{"count":3,"href":"https:\/\/www.sapiselco.com\/es\/wp-json\/wp\/v2\/pages\/48589\/revisions"}],"predecessor-version":[{"id":57977,"href":"https:\/\/www.sapiselco.com\/es\/wp-json\/wp\/v2\/pages\/48589\/revisions\/57977"}],"wp:attachment":[{"href":"https:\/\/www.sapiselco.com\/es\/wp-json\/wp\/v2\/media?parent=48589"}],"curies":[{"name":"wp","href":"https:\/\/api.w.org\/{rel}","templated":true}]}}