{"id":48600,"date":"2022-01-25T10:20:02","date_gmt":"2022-01-25T09:20:02","guid":{"rendered":"https:\/\/www.sapiselco.com\/training-area\/"},"modified":"2023-10-26T10:00:32","modified_gmt":"2023-10-26T08:00:32","slug":"area-de-formacion","status":"publish","type":"page","link":"https:\/\/www.sapiselco.com\/es\/area-de-formacion\/","title":{"rendered":"Area de formacion"},"content":{"rendered":"<div class=\"wpb-content-wrapper\"><p>[vc_row gap=\u00bb30&#8243;][vc_column width=\u00bb1\/2&#8243;][vc_column_text]<\/p>\n<h2>Conocer los productos <strong>SapiSelco<\/strong><\/h2>\n<p>[\/vc_column_text][\/vc_column][vc_column width=\u00bb1\/2&#8243;][vc_column_text]Conocer las <strong>soluciones de cableado de SapiSelco<\/strong> es importante para <strong>tomar siempre la decisi\u00f3n correcta<\/strong>. En esta secci\u00f3n podr\u00e1s encontrar informaci\u00f3n sobre c\u00f3mo identificar nuestro producto, consejos sobre <strong>c\u00f3mo aplicarlo<\/strong>, consejos importantes sobre el <strong>almacenamiento<\/strong>, instrucciones sobre <strong>c\u00f3mo instalar<\/strong> el producto de forma segura y consejos sobre el final de la vida \u00fatil de los envases utilizados.[\/vc_column_text][\/vc_column][\/vc_row][vc_row][vc_column][vc_tta_tour style=\u00bbflat\u00bb shape=\u00bbsquare\u00bb gap=\u00bb30&#8243; active_section=\u00bb1&#8243; no_fill_content_area=\u00bbtrue\u00bb el_class=\u00bbtab-type-2 tab-training\u00bb][vc_tta_section title=\u00bbReconocer el <strong>producto<\/strong>\u00bb tab_id=\u00bbreconocer-el-producto\u00bb][vc_single_image image=\u00bb2597&#8243; img_size=\u00bbfull\u00bb el_class=\u00bbreconocer-el-producto\u00bb][vc_column_text]<\/p>\n<h4>Identificar la autenticidad de un producto SapiSelco<\/h4>\n<p>[\/vc_column_text][vc_column_text]Un <strong>aut\u00e9ntico producto SapiSelco<\/strong> puede ser identificado por las <strong>marcas oficiales, directamente estampadas bajo la \u00abcabeza\u00bb<\/strong> de cada <strong>brida<\/strong> <strong>para cables<\/strong>: el logo <strong>con forma de rombo de SapiSelco,<\/strong> como alternativa al <strong>c\u00f3digo comercial 2S<\/strong>, dos s\u00edmbolos que son la garant\u00eda de un producto\u00a0<strong>100% MADE in Italy<\/strong>\u00a0por\u00a0<strong>SapiSelco<\/strong>.[\/vc_column_text][vc_single_image image=\u00bb2366&#8243; img_size=\u00bbfull\u00bb alignment=\u00bbcenter\u00bb css_animation=\u00bbfadeInRight\u00bb][\/vc_tta_section][vc_tta_section title=\u00bb<strong>Almacenamiento<\/strong> y <strong>instalaci\u00f3n<\/strong>\u00bb tab_id=\u00bbalmacenamiento-instalacion\u00bb][vc_single_image image=\u00bb2527&#8243; img_size=\u00bbfull\u00bb el_class=\u00bbalmacenamiento-instalacion\u00bb][vc_column_text]<\/p>\n<h4>Almacenamiento y installaci\u00f3n<\/h4>\n<p>Resumimos en las siguientes tablas los m\u00e9todos correctos de <strong>almacenamiento<\/strong> y <strong>conservaci\u00f3n<\/strong> de los productos SapiSelco y orientamos sobre los principales m\u00e9todos de <strong>aplicaci\u00f3n<\/strong> y las <strong>normas de<\/strong> <strong>seguridad<\/strong>.[\/vc_column_text][vc_row_inner][vc_column_inner width=\u00bb1\/2&#8243;][vc_btn title=\u00bbALMACENAMIENTO\u00bb style=\u00bboutline-custom\u00bb outline_custom_color=\u00bb#00955f\u00bb outline_custom_hover_background=\u00bb#00955f\u00bb outline_custom_hover_text=\u00bb#ffffff\u00bb shape=\u00bbsquare\u00bb align=\u00bbcenter\u00bb i_align=\u00bbright\u00bb i_icon_fontawesome=\u00bbfas fa-table\u00bb css_animation=\u00bbfadeIn\u00bb button_block=\u00bbtrue\u00bb add_icon=\u00bbtrue\u00bb custom_onclick=\u00bbtrue\u00bb custom_onclick_code=\u00bbopenModal(\u00ab#storage\u00ab);\u00bb][\/vc_column_inner][vc_column_inner width=\u00bb1\/2&#8243;][vc_btn title=\u00bbINSTALACI\u00d3N\u00bb style=\u00bboutline-custom\u00bb outline_custom_color=\u00bb#00955f\u00bb outline_custom_hover_background=\u00bb#00955f\u00bb outline_custom_hover_text=\u00bb#ffffff\u00bb shape=\u00bbsquare\u00bb align=\u00bbcenter\u00bb i_align=\u00bbright\u00bb i_icon_fontawesome=\u00bbfas fa-table\u00bb css_animation=\u00bbfadeIn\u00bb button_block=\u00bbtrue\u00bb add_icon=\u00bbtrue\u00bb custom_onclick=\u00bbtrue\u00bb custom_onclick_code=\u00bbopenModal(\u00ab#installation\u00ab);\u00bb][\/vc_column_inner][\/vc_row_inner][\/vc_tta_section][vc_tta_section title=\u00bb<strong>Instrucciones<\/strong> de <strong>reciclaje<\/strong>\u00bb tab_id=\u00bbreciclaje\u00bb][vc_single_image image=\u00bb2527&#8243; img_size=\u00bbfull\u00bb el_class=\u00bbreciclaje\u00bb][vc_column_text]<\/p>\n<h4>Instrucciones de reciclaje<\/h4>\n<p>Con el fin de aumentar el respeto por el medio ambiente y la naturaleza, y de conformidad con la normativa nacional e internacional, a continuaci\u00f3n indicamos las directrices para la <strong>correcta eliminaci\u00f3n de los envases<\/strong> de todos los productos <strong>SapiSelco<\/strong>.[\/vc_column_text][vc_row_inner][vc_column_inner width=\u00bb1\/2&#8243;][vc_btn title=\u00bbInstrucciones\u00bb style=\u00bboutline-custom\u00bb outline_custom_color=\u00bb#00955f\u00bb outline_custom_hover_background=\u00bb#00955f\u00bb outline_custom_hover_text=\u00bb#ffffff\u00bb shape=\u00bbsquare\u00bb align=\u00bbcenter\u00bb i_align=\u00bbright\u00bb i_icon_fontawesome=\u00bbfas fa-table\u00bb css_animation=\u00bbfadeIn\u00bb button_block=\u00bbtrue\u00bb add_icon=\u00bbtrue\u00bb link=\u00bburl:%2Fqr-code\u00bb][\/vc_column_inner][vc_column_inner width=\u00bb1\/2&#8243;][\/vc_column_inner][\/vc_row_inner][\/vc_tta_section][vc_tta_section title=\u00bbCampos de <strong>aplicaci\u00f3n<\/strong>\u00bb tab_id=\u00bbcampos-de-aplicacion\u00bb][vc_single_image image=\u00bb2582&#8243; img_size=\u00bbfull\u00bb el_class=\u00bbcampos-de-aplicacion\u00bb][vc_row_inner][vc_column_inner][vc_column_text css=\u00bb.vc_custom_1657723926407{margin-bottom: 0px !important;padding-bottom: 0px !important;}\u00bb]<\/p>\n<h4>Las <strong>aplicaciones<\/strong> de nuestro producto<\/h4>\n<p>Resumen de los principales \u00e1mbitos de aplicaci\u00f3n de las <strong>bridas para cables de SapiSelco. <\/strong>[\/vc_column_text][\/vc_column_inner][\/vc_row_inner][vc_row_inner css=\u00bb.vc_custom_1652194939701{margin-bottom: 0px !important;}\u00bb el_class=\u00bbtraining-campi\u00bb][vc_column_inner width=\u00bb1\/6&#8243; offset=\u00bbvc_col-xs-4&#8243;][vc_single_image image=\u00bb2378&#8243; img_size=\u00bbfull\u00bb alignment=\u00bbcenter\u00bb css_animation=\u00bbfadeIn\u00bb][\/vc_column_inner][vc_column_inner width=\u00bb1\/6&#8243; offset=\u00bbvc_col-xs-4&#8243;][vc_single_image image=\u00bb2383&#8243; img_size=\u00bbfull\u00bb alignment=\u00bbcenter\u00bb css_animation=\u00bbfadeIn\u00bb][\/vc_column_inner][vc_column_inner width=\u00bb1\/6&#8243; offset=\u00bbvc_col-xs-4&#8243;][vc_single_image image=\u00bb2388&#8243; img_size=\u00bbfull\u00bb alignment=\u00bbcenter\u00bb css_animation=\u00bbfadeIn\u00bb][\/vc_column_inner][vc_column_inner width=\u00bb1\/6&#8243; offset=\u00bbvc_col-xs-4&#8243;][vc_single_image image=\u00bb2393&#8243; img_size=\u00bbfull\u00bb alignment=\u00bbcenter\u00bb css_animation=\u00bbfadeIn\u00bb][\/vc_column_inner][vc_column_inner width=\u00bb1\/6&#8243; offset=\u00bbvc_col-xs-4&#8243;][vc_single_image image=\u00bb2398&#8243; img_size=\u00bbfull\u00bb alignment=\u00bbcenter\u00bb css_animation=\u00bbfadeIn\u00bb][\/vc_column_inner][vc_column_inner width=\u00bb1\/6&#8243; offset=\u00bbvc_col-xs-4&#8243;][vc_single_image image=\u00bb2403&#8243; img_size=\u00bbfull\u00bb alignment=\u00bbcenter\u00bb css_animation=\u00bbfadeIn\u00bb][\/vc_column_inner][\/vc_row_inner][vc_row_inner][vc_column_inner width=\u00bb1\/6&#8243; offset=\u00bbvc_col-xs-4&#8243;][vc_single_image image=\u00bb2408&#8243; img_size=\u00bbfull\u00bb alignment=\u00bbcenter\u00bb css_animation=\u00bbfadeIn\u00bb][\/vc_column_inner][vc_column_inner width=\u00bb1\/6&#8243; offset=\u00bbvc_col-xs-4&#8243;][vc_single_image image=\u00bb2413&#8243; img_size=\u00bbfull\u00bb alignment=\u00bbcenter\u00bb css_animation=\u00bbfadeIn\u00bb][\/vc_column_inner][vc_column_inner width=\u00bb1\/6&#8243; offset=\u00bbvc_col-xs-4&#8243;][vc_single_image image=\u00bb2418&#8243; img_size=\u00bbfull\u00bb alignment=\u00bbcenter\u00bb css_animation=\u00bbfadeIn\u00bb][\/vc_column_inner][vc_column_inner width=\u00bb1\/6&#8243; offset=\u00bbvc_col-xs-4&#8243;][vc_single_image image=\u00bb2423&#8243; img_size=\u00bbfull\u00bb alignment=\u00bbcenter\u00bb css_animation=\u00bbfadeIn\u00bb][\/vc_column_inner][vc_column_inner width=\u00bb1\/6&#8243; offset=\u00bbvc_col-xs-4&#8243;][vc_single_image image=\u00bb2428&#8243; img_size=\u00bbfull\u00bb alignment=\u00bbcenter\u00bb css_animation=\u00bbfadeIn\u00bb][\/vc_column_inner][vc_column_inner width=\u00bb1\/6&#8243; offset=\u00bbvc_col-xs-4&#8243;][vc_single_image image=\u00bb2373&#8243; img_size=\u00bbfull\u00bb alignment=\u00bbcenter\u00bb css_animation=\u00bbfadeIn\u00bb][\/vc_column_inner][\/vc_row_inner][\/vc_tta_section][\/vc_tta_tour][vc_raw_js]JTNDc2NyaXB0JTNFJTBBdmFyJTIwJTI0aiUyMCUzRCUyMGpRdWVyeSUzQiUwQWZ1bmN0aW9uJTIwb3Blbk1vZGFsJTI4bW9kYWwlMjklN0IlMEF2YXIlMjBtb2RhbENvbnRhaW5lciUyMCUzRCUyMCUyNGolMjglMjcubW9kYWwtY29udGVudC1ib3glMjclMjklM0IlMEFtb2RhbENvbnRhaW5lci5odG1sJTI4JTI3JTI3JTI5JTNCJTBBdmFyJTIwbW9kYWxjb250ZW50JTIwJTNEJTIwJTI0aiUyOG1vZGFsJTI5Lmh0bWwlMjglMjklM0IlMEFtb2RhbENvbnRhaW5lci5odG1sJTI4bW9kYWxjb250ZW50JTI5LnNob3clMjglMjklM0IlMEElMjRqJTI4JTI3JTIzbW9kYWwtY29udGFpbmVyJTI3JTI5LmZhZGVJbiUyOCUyOSUzQiUwQSU3RCUwQSUzQyUyRnNjcmlwdCUzRQ==[\/vc_raw_js][\/vc_column][\/vc_row][vc_row el_class=\u00bbno-mobile-space\u00bb][vc_column][vc_separator color=\u00bbcustom\u00bb border_width=\u00bb3&#8243; accent_color=\u00bb#00955f\u00bb][vc_empty_space height=\u00bb50px\u00bb][vc_column_text el_class=\u00bbtraining-title\u00bb]<\/p>\n<h3><strong>Agentes externos<\/strong> que afectan a la poliamida<\/h3>\n<p>[\/vc_column_text][vc_empty_space height=\u00bb50px\u00bb][vc_tta_tour style=\u00bbflat\u00bb shape=\u00bbsquare\u00bb gap=\u00bb30&#8243; active_section=\u00bb1&#8243; no_fill_content_area=\u00bbtrue\u00bb el_class=\u00bbtab-type-2 tab-training2 tab-training\u00bb][vc_tta_section title=\u00bb<strong>agua<\/strong>\u00bb tab_id=\u00bbagua\u00bb][vc_single_image image=\u00bb2567&#8243; img_size=\u00bbfull\u00bb el_class=\u00bbagua\u00bb][vc_single_image image=\u00bb4652&#8243; img_size=\u00bbfull\u00bb css=\u00bb.vc_custom_1644407814640{margin-bottom: 0px !important;}\u00bb][vc_column_text]<\/p>\n<h3>El <strong>agua<\/strong><\/h3>\n<p>La relaci\u00f3n entre la poliamida y la humedad del aire y, en general, el agua es fundamental para explicar el comportamiento de este tecnopol\u00edmero higrosc\u00f3pico. Al igual que una esponja, el producto absorbe y expele el agua, adapt\u00e1ndose al porcentaje de humedad ambiente. Las caracter\u00edsticas mec\u00e1nicas\u00a0 de los productos de poliamida var\u00edan en funci\u00f3n de las condiciones ambientales de aplicaci\u00f3n.[\/vc_column_text][\/vc_tta_section][vc_tta_section title=\u00bb<strong>Alta temperatura<\/strong>\u00bb tab_id=\u00bbalta-temperatura\u00bb][vc_single_image image=\u00bb2572&#8243; img_size=\u00bbfull\u00bb el_class=\u00bbalta-temperatura\u00bb][vc_single_image image=\u00bb4657&#8243; img_size=\u00bbfull\u00bb alignment=\u00bbcenter\u00bb css_animation=\u00bbfadeIn\u00bb css=\u00bb.vc_custom_1644407828791{margin-bottom: 0px !important;}\u00bb][vc_column_text]<\/p>\n<h3>La <strong>alta temperatura<\/strong><\/h3>\n<p>La temperatura es un factor ambiental que influye en la rigidez y la flexibilidad de la poliamida y la somete a un deterioro m\u00e1s r\u00e1pido e irreversible.[\/vc_column_text][vc_column_text el_class=\u00bbdark padding30&#8243;]<span style=\"color: #ffffff;\">SapiSelco ofrece bridas para cables de PA66 resistentes al calor, ideales para aplicaciones para alta temperatura.<br \/>\n<strong><span style=\"color: #ffffff;\"><a style=\"color: #ffffff;\" href=\"\/es\/materiales-especiales\/#alta-temperatura\">Hacer clic aqu\u00ed<\/a> <\/span>para m\u00e1s informaci\u00f3n<\/strong><\/span>[\/vc_column_text][\/vc_tta_section][vc_tta_section title=\u00bb<strong>Baja temperatura<\/strong>\u00bb tab_id=\u00bbbaja-temperatura\u00bb][vc_single_image image=\u00bb2577&#8243; img_size=\u00bbfull\u00bb el_class=\u00bbbaja-temperatura\u00bb][vc_single_image image=\u00bb4662&#8243; img_size=\u00bbfull\u00bb alignment=\u00bbcenter\u00bb css_animation=\u00bbfadeIn\u00bb css=\u00bb.vc_custom_1644407838355{margin-bottom: 0px !important;}\u00bb][vc_column_text]<\/p>\n<h3>La <strong>baja temperatura<\/strong><\/h3>\n<p>Las bajas temperaturas endurecen la poliamida volvi\u00e9ndola fr\u00e1gil. Las formulaciones adecuadas para trabajar a bajas temperaturas se definen como <strong>de tenacidad alta<\/strong> y se caracterizan por una mejor resistencia a la fragilidad a baja temperatura. Debido a su tenacidad, el producto cambia sus propiedades autoextinguibles de V2 a HB.[\/vc_column_text][vc_column_text el_class=\u00bbdark padding30&#8243;]<span style=\"color: #ffffff;\">SapiSelco ofrece bridas para cables de PA66 de tenacidad alta, ideal para aplicaciones a baja temperatura.<\/span><br \/>\n<span style=\"color: #ffffff;\"><strong><a style=\"color: #ffffff;\" href=\"\/es\/materiales-especiales\/#baja-temperature\">Hacer clic aqu\u00ed<\/a> para m\u00e1s informaci\u00f3n<\/strong><\/span>[\/vc_column_text][\/vc_tta_section][vc_tta_section title=\u00bb<strong>Sol<\/strong>\u00bb tab_id=\u00bbel-sol\u00bb][vc_single_image image=\u00bb2602&#8243; img_size=\u00bbfull\u00bb el_class=\u00bbel-sol\u00bb][vc_single_image image=\u00bb4642&#8243; img_size=\u00bbfull\u00bb alignment=\u00bbcenter\u00bb css_animation=\u00bbfadeIn\u00bb css=\u00bb.vc_custom_1644407867759{margin-bottom: 0px !important;}\u00bb][vc_column_text]<\/p>\n<h3>El <strong>Sol<\/strong><\/h3>\n<p>La exposici\u00f3n al sol, especialmente a los rayos ultravioletas, es otro factor que contribuye al deterioro de la poliamida. A lo largo de los a\u00f1os, SapiSelco ha simulado pruebas de envejecimiento acelerado comparando una serie de art\u00edculos de poliamida est\u00e1ndar y de poliamida resistente a los rayos UV y , respectivamente, y bas\u00e1ndose en los resultados ha optado por ofrecer una gama espec\u00edfica.[\/vc_column_text][vc_column_text el_class=\u00bbdark padding30&#8243;]<span style=\"color: #ffffff;\">SapiSelco ofrece bridas para cables de PA66 resistente a los rayos UV, ideal para aplicaciones exteriores.<\/span><br \/>\n<span style=\"color: #ffffff;\"><a style=\"color: #ffffff;\" href=\"\/es\/materiales-especiales\/#uv\"><strong>Hacer clic aqu\u00ed<\/strong> para m\u00e1s informaci\u00f3n<\/a><\/span>[\/vc_column_text][\/vc_tta_section][vc_tta_section title=\u00bb<strong>Fuego<\/strong>\u00bb tab_id=\u00bbfuego\u00bb][vc_single_image image=\u00bb2592&#8243; img_size=\u00bbfull\u00bb el_class=\u00bbfuego\u00bb][vc_single_image image=\u00bb4672&#8243; img_size=\u00bbfull\u00bb alignment=\u00bbcenter\u00bb css_animation=\u00bbfadeIn\u00bb css=\u00bb.vc_custom_1644407876270{margin-bottom: 0px !important;}\u00bb][vc_column_text]<\/p>\n<h3>El <strong>Fuego<\/strong><\/h3>\n<p>Otro elemento critico para la aplicaci\u00f3n del producto de poliamida, en t\u00e9rminos de seguridad, es el fuego. La necesidad de garantizar la seguridad de las personas y de los bienes y de limitar el riesgo de incendio otorga siempre una mayor importancia al estudio del comportamiento al fuego de los materiales de construcci\u00f3n y de las materias pl\u00e1sticas. Este comportamiento ha sido estudiado y normalizado a lo largo del tiempo en Estados Unidos por los Underwriters Laboratories con la norma UL 94.<\/p>\n<p><strong>SapiSelco ha optado por fabricar la mayor\u00eda de sus <\/strong><strong>\u00a0bridas y <\/strong><strong>\u00a0accesorios<\/strong> <strong>\u00a0utilizando poliamida 6.6 con clasificaci\u00f3n fuego V2 seg\u00fan UL94. <\/strong>[\/vc_column_text][vc_column_text el_class=\u00bbdark padding30&#8243;]<strong>Para aplicaciones especiales , tambi\u00e9n est\u00e1n disponibles las bridas de PA66 con clasificaci\u00f3n fuego V0 seg\u00fan UL94.<br \/>\n<span style=\"color: #ffffff;\"><a style=\"color: #ffffff;\" href=\"\/es\/materiales-especiales\/#autoextinguible\">Hacer clic aqu\u00ed<\/a><\/span> para m\u00e1s informaci\u00f3n<\/strong>[\/vc_column_text][\/vc_tta_section][vc_tta_section title=\u00bb<strong>AGENTES QU\u00cdMICOS<\/strong>\u00bb tab_id=\u00bbagentes-quimicos\u00bb][vc_single_image image=\u00bb2587&#8243; img_size=\u00bbfull\u00bb el_class=\u00bbagentes-quimicos\u00bb][vc_single_image image=\u00bb4667&#8243; img_size=\u00bbfull\u00bb alignment=\u00bbcenter\u00bb css_animation=\u00bbfadeIn\u00bb css=\u00bb.vc_custom_1644407897044{margin-bottom: 0px !important;}\u00bb][vc_column_text]<\/p>\n<h3>Los <strong>compuestos qu\u00edmicos<\/strong><\/h3>\n<p>Otro factor que influye sobre las caracter\u00edsticas f\u00edsicas de las materias pl\u00e1sticas, es el entorno de trabajo desde el punto de vista qu\u00edmico. La poliamida tiene una buena resistencia a los productos qu\u00edmicos y es especialmente resistente a los hidrocarburos, aceites, alcoholes, cetonas y \u00e9teres. Otros disolventes como los \u00e1cidos minerales fuertes, las sales met\u00e1licas y el \u00e1cido f\u00f3rmico, en cambio, son muy agresivos para la poliamida. Al seleccionar \u00a0el material para las aplicaciones espec\u00edficas, hay que considerar la naturaleza del reactivo, la concentraci\u00f3n, la temperatura y el estr\u00e9s a fin de determinar el efecto preciso.[\/vc_column_text][vc_btn title=\u00bbTabla informativa de PA66&#8243; style=\u00bboutline-custom\u00bb outline_custom_color=\u00bb#00955f\u00bb outline_custom_hover_background=\u00bb#00955f\u00bb outline_custom_hover_text=\u00bb#ffffff\u00bb shape=\u00bbsquare\u00bb align=\u00bbcenter\u00bb i_align=\u00bbright\u00bb i_icon_fontawesome=\u00bbfas fa-table\u00bb css_animation=\u00bbfadeIn\u00bb button_block=\u00bbtrue\u00bb add_icon=\u00bbtrue\u00bb link=\u00bburl:https%3A%2F%2Fwww.sapiselco.com%2Fwp-content%2Fuploads%2F2023%2F10%2FComposti_chimici.pdf\u00bb][vc_empty_space][vc_column_text el_class=\u00bbdark padding30&#8243;]<strong>Para los entornos qu\u00edmicos m\u00e1s agresivos, SapiSelco ofrece bridas para cables de PP.<br \/>\n<span style=\"color: #ffffff;\"><a style=\"color: #ffffff;\" href=\"\/es\/materiales-especiales\/#agentes-agresivos\">Hacer clic aqu\u00ed<\/a><\/span> para m\u00e1s informaci\u00f3n<\/strong>[\/vc_column_text][\/vc_tta_section][\/vc_tta_tour][\/vc_column][\/vc_row][vc_row el_id=\u00bbstorage\u00bb el_class=\u00bbmodal-box-content\u00bb][vc_column][vc_row_inner gap=\u00bb30&#8243; css=\u00bb.vc_custom_1644406372545{margin-bottom: 0px !important;padding-bottom: 0px !important;}\u00bb][vc_column_inner][vc_column_text css=\u00bb.vc_custom_1657723956242{margin-bottom: 0px !important;padding-bottom: 0px !important;}\u00bb]<\/p>\n<h4>Condiciones de almacenaje<\/h4>\n<p><img loading=\"lazy\" decoding=\"async\" class=\"alignnone size-full wp-image-4625\" src=\"https:\/\/www.sapiselco.com\/wp-content\/uploads\/2022\/02\/sapiselco-vademecum-1.jpg\" alt=\"\" width=\"1200\" height=\"991\" srcset=\"https:\/\/www.sapiselco.com\/wp-content\/uploads\/2022\/02\/sapiselco-vademecum-1.jpg 1200w, https:\/\/www.sapiselco.com\/wp-content\/uploads\/2022\/02\/sapiselco-vademecum-1-1024x846.jpg 1024w, https:\/\/www.sapiselco.com\/wp-content\/uploads\/2022\/02\/sapiselco-vademecum-1-600x496.jpg 600w\" sizes=\"auto, (max-width: 1200px) 100vw, 1200px\" \/>[\/vc_column_text][\/vc_column_inner][\/vc_row_inner][\/vc_column][\/vc_row][vc_row el_id=\u00bbinstallation\u00bb el_class=\u00bbmodal-box-content\u00bb][vc_column][vc_row_inner gap=\u00bb30&#8243; css=\u00bb.vc_custom_1644406710209{margin-bottom: 0px !important;padding-bottom: 0px !important;}\u00bb][vc_column_inner][vc_column_text css=\u00bb.vc_custom_1657724003588{margin-bottom: 0px !important;padding-bottom: 0px !important;}\u00bb]<\/p>\n<h4>Condiciones de instalaci\u00f3n<\/h4>\n<p><img loading=\"lazy\" decoding=\"async\" class=\"alignnone size-full wp-image-4630\" src=\"https:\/\/www.sapiselco.com\/wp-content\/uploads\/2022\/02\/sapiselco-vademecum-2.jpg\" alt=\"\" width=\"1200\" height=\"1737\" srcset=\"https:\/\/www.sapiselco.com\/wp-content\/uploads\/2022\/02\/sapiselco-vademecum-2.jpg 1200w, https:\/\/www.sapiselco.com\/wp-content\/uploads\/2022\/02\/sapiselco-vademecum-2-707x1024.jpg 707w, https:\/\/www.sapiselco.com\/wp-content\/uploads\/2022\/02\/sapiselco-vademecum-2-600x869.jpg 600w\" sizes=\"auto, (max-width: 1200px) 100vw, 1200px\" \/>[\/vc_column_text][\/vc_column_inner][\/vc_row_inner][\/vc_column][\/vc_row]<\/p>\n<\/div>","protected":false},"excerpt":{"rendered":"[vc_row gap=\u00bb30&#8243;][vc_column width=\u00bb1\/2&#8243;][vc_column_text] Conocer los productos SapiSelco [\/vc_column_text][\/vc_column][vc_column width=\u00bb1\/2&#8243;][vc_column_text]Conocer las soluciones de cableado de SapiSelco es importante para tomar siempre la decisi\u00f3n correcta. En esta secci\u00f3n podr\u00e1s encontrar informaci\u00f3n sobre c\u00f3mo identificar nuestro producto, consejos sobre c\u00f3mo aplicarlo, consejos importantes sobre el almacenamiento, instrucciones sobre c\u00f3mo instalar el producto de forma segura y consejos sobre <a href=\"https:\/\/www.sapiselco.com\/es\/area-de-formacion\/\" class=\"more-link\">&#8230;<\/a>","protected":false},"author":1,"featured_media":0,"parent":0,"menu_order":0,"comment_status":"closed","ping_status":"closed","template":"","meta":{"_acf_changed":false,"footnotes":""},"class_list":["post-48600","page","type-page","status-publish","hentry"],"acf":[],"_links":{"self":[{"href":"https:\/\/www.sapiselco.com\/es\/wp-json\/wp\/v2\/pages\/48600","targetHints":{"allow":["GET"]}}],"collection":[{"href":"https:\/\/www.sapiselco.com\/es\/wp-json\/wp\/v2\/pages"}],"about":[{"href":"https:\/\/www.sapiselco.com\/es\/wp-json\/wp\/v2\/types\/page"}],"author":[{"embeddable":true,"href":"https:\/\/www.sapiselco.com\/es\/wp-json\/wp\/v2\/users\/1"}],"replies":[{"embeddable":true,"href":"https:\/\/www.sapiselco.com\/es\/wp-json\/wp\/v2\/comments?post=48600"}],"version-history":[{"count":26,"href":"https:\/\/www.sapiselco.com\/es\/wp-json\/wp\/v2\/pages\/48600\/revisions"}],"predecessor-version":[{"id":59084,"href":"https:\/\/www.sapiselco.com\/es\/wp-json\/wp\/v2\/pages\/48600\/revisions\/59084"}],"wp:attachment":[{"href":"https:\/\/www.sapiselco.com\/es\/wp-json\/wp\/v2\/media?parent=48600"}],"curies":[{"name":"wp","href":"https:\/\/api.w.org\/{rel}","templated":true}]}}