{"id":48606,"date":"2021-06-04T10:15:53","date_gmt":"2021-06-04T08:15:53","guid":{"rendered":"https:\/\/www.sapiselco.com\/certifications\/"},"modified":"2026-02-09T16:36:46","modified_gmt":"2026-02-09T15:36:46","slug":"certificaciones","status":"publish","type":"page","link":"https:\/\/www.sapiselco.com\/es\/certificaciones\/","title":{"rendered":"Certificaciones"},"content":{"rendered":"<div class=\"wpb-content-wrapper\"><p>[vc_row gap=\u00bb30&#8243; css=\u00bb.vc_custom_1639478416560{margin-bottom: 0px !important;}\u00bb][vc_column width=\u00bb2\/3&#8243;][vc_column_text]<\/p>\n<h2>Certificaciones <strong>de sistema<\/strong><\/h2>\n<p>[\/vc_column_text][\/vc_column][vc_column width=\u00bb1\/3&#8243; offset=\u00bbvc_hidden-sm vc_hidden-xs\u00bb][\/vc_column][\/vc_row][vc_row gap=\u00bb30&#8243; equal_height=\u00bbyes\u00bb content_placement=\u00bbtop\u00bb css=\u00bb.vc_custom_1639475877180{margin-bottom: 0px !important;}\u00bb][vc_column width=\u00bb2\/3&#8243;][vc_column_text]Una filosof\u00eda que busca la plena <strong>satisfacci\u00f3n del cliente<\/strong> dando <strong>prioridad<\/strong> a las cuestiones de <strong>salud<\/strong> y <strong>seguridad<\/strong> a trav\u00e9s de un <strong>enfoque pragm\u00e1tico<\/strong> en favor<strong> del medio ambiente<\/strong> y de la<strong> sostenibilidad.<\/strong>[\/vc_column_text][\/vc_column][vc_column width=\u00bb1\/3&#8243; css=\u00bb.vc_custom_1639475836911{padding-right: 0px !important;padding-left: 0px !important;}\u00bb][vc_btn title=\u00bbLA POL\u00cdTICA DE CALIDAD\u00bb style=\u00bboutline-custom\u00bb outline_custom_color=\u00bb#00955f\u00bb outline_custom_hover_background=\u00bb#00955f\u00bb outline_custom_hover_text=\u00bb#ffffff\u00bb shape=\u00bbsquare\u00bb align=\u00bbcenter\u00bb css_animation=\u00bbfadeIn\u00bb button_block=\u00bbtrue\u00bb link=\u00bburl:%2Fwp-content%2Fuploads%2F2022%2F11%2FPolitica-per-la-Qualita-2018-ES.pdf|target:_blank\u00bb css=\u00bb.vc_custom_1669820318708{margin-bottom: 5px !important;}\u00bb][vc_btn title=\u00bbPOL\u00cdTICA AMBIENTAL\u00bb style=\u00bboutline-custom\u00bb outline_custom_color=\u00bb#00955f\u00bb outline_custom_hover_background=\u00bb#00955f\u00bb outline_custom_hover_text=\u00bb#ffffff\u00bb shape=\u00bbsquare\u00bb align=\u00bbcenter\u00bb css_animation=\u00bbfadeIn\u00bb button_block=\u00bbtrue\u00bb link=\u00bburl:%2Fwp-content%2Fuploads%2F2026%2F02%2FPolitica-Ambientale-di-SapiSelco_es-12-2025.pdf|target:_blank\u00bb][\/vc_column][\/vc_row][vc_row el_class=\u00bbcert\u00bb][vc_column][vc_row_inner gap=\u00bb30&#8243; el_class=\u00bbcert-row1&#8243;][vc_column_inner width=\u00bb1\/3&#8243; css=\u00bb.vc_custom_1639476068560{padding-right: 0px !important;padding-left: 0px !important;background-color: #f9f9f9 !important;}\u00bb][vc_column_text css=\u00bb.vc_custom_1717077069032{padding-top: 20px !important;padding-right: 20px !important;padding-left: 20px !important;}\u00bb]<img loading=\"lazy\" decoding=\"async\" class=\"alignnone wp-image-1098\" role=\"img\" src=\"\/wp-content\/uploads\/2022\/10\/sapiselco-certificazione-iatf.svg\" alt=\"\" width=\"201\" height=\"65\" \/><br \/>\nCert. 0518176<br \/>\nSistema de gesti\u00f3n de la calidad certificado sector automotor.[\/vc_column_text][vc_btn title=\u00bbdownload\u00bb style=\u00bbcustom\u00bb custom_background=\u00bb#00955f\u00bb custom_text=\u00bb#ffffff\u00bb shape=\u00bbsquare\u00bb align=\u00bbcenter\u00bb i_align=\u00bbright\u00bb i_icon_fontawesome=\u00bbfas fa-chevron-down\u00bb css_animation=\u00bbfadeIn\u00bb button_block=\u00bbtrue\u00bb add_icon=\u00bbtrue\u00bb link=\u00bburl:https%3A%2F%2Fwww.sapiselco.com%2Fwp-content%2Fuploads%2F2024%2F05%2FCertificato-IATF-16949_2016_DNV_19-05-2027.pdf|target:_blank\u00bb][\/vc_column_inner][vc_column_inner width=\u00bb1\/3&#8243; css=\u00bb.vc_custom_1639476051697{padding-right: 0px !important;padding-left: 0px !important;background-color: #f9f9f9 !important;}\u00bb][vc_column_text css=\u00bb.vc_custom_1738764082820{padding-top: 20px !important;padding-right: 20px !important;padding-left: 20px !important;}\u00bb]<img loading=\"lazy\" decoding=\"async\" class=\"alignnone wp-image-1098\" role=\"img\" src=\"\/wp-content\/uploads\/2025\/02\/sapiselco-certificazione-iip.svg\" alt=\"\" width=\"201\" height=\"65\" \/><br \/>\nCert. IIP 46<br \/>\nSistema de gesti\u00f3n de la calidad certificado.[\/vc_column_text][vc_btn title=\u00bbdownload\u00bb style=\u00bbcustom\u00bb custom_background=\u00bb#00955f\u00bb custom_text=\u00bb#ffffff\u00bb shape=\u00bbsquare\u00bb align=\u00bbcenter\u00bb i_align=\u00bbright\u00bb i_icon_fontawesome=\u00bbfas fa-chevron-down\u00bb css_animation=\u00bbfadeIn\u00bb button_block=\u00bbtrue\u00bb add_icon=\u00bbtrue\u00bb link=\u00bburl:%2Fwp-content%2Fuploads%2F2024%2F07%2FCertificato-UNI-EN-ISO-9001_2015_IQnet_05-09-2027.pdf|target:_blank\u00bb][\/vc_column_inner][vc_column_inner width=\u00bb1\/3&#8243; css=\u00bb.vc_custom_1639476059975{padding-right: 0px !important;padding-left: 0px !important;background-color: #f9f9f9 !important;}\u00bb][vc_column_text css=\u00bb.vc_custom_1676364133778{padding-top: 20px !important;padding-right: 20px !important;padding-left: 20px !important;}\u00bb]<img loading=\"lazy\" decoding=\"async\" class=\"alignnone wp-image-1098\" role=\"img\" src=\"\/wp-content\/uploads\/2022\/10\/sapiselco-certificazione-iso.svg\" alt=\"\" width=\"201\" height=\"65\" \/><br \/>\nCert. CERT-464-2002-AE-VEN-SINCERT<br \/>\nSistema de gesti\u00f3n medioambiental certificado.[\/vc_column_text][vc_btn title=\u00bbdownload\u00bb style=\u00bbcustom\u00bb custom_background=\u00bb#00955f\u00bb custom_text=\u00bb#ffffff\u00bb shape=\u00bbsquare\u00bb align=\u00bbcenter\u00bb i_align=\u00bbright\u00bb i_icon_fontawesome=\u00bbfas fa-chevron-down\u00bb css_animation=\u00bbfadeIn\u00bb button_block=\u00bbtrue\u00bb add_icon=\u00bbtrue\u00bb link=\u00bburl:%2Fwp-content%2Fuploads%2F2023%2F05%2FCertificato-UNI-EN-ISO-14001_2015_DNV-ENG_27_05_2026.pdf|target:_blank\u00bb][\/vc_column_inner][\/vc_row_inner][\/vc_column][\/vc_row][vc_row][vc_column css=\u00bb.vc_custom_1639476107274{padding-right: 0px !important;padding-left: 0px !important;}\u00bb][vc_separator color=\u00bbcustom\u00bb border_width=\u00bb3&#8243; accent_color=\u00bb#00955f\u00bb][\/vc_column][\/vc_row][vc_row gap=\u00bb30&#8243; css=\u00bb.vc_custom_1639478399856{margin-bottom: 0px !important;}\u00bb][vc_column width=\u00bb2\/3&#8243;][vc_column_text]<\/p>\n<h2>Certificaciones <strong>de producto<\/strong><\/h2>\n<p>[\/vc_column_text][\/vc_column][vc_column width=\u00bb1\/3&#8243; offset=\u00bbvc_hidden-sm vc_hidden-xs\u00bb][\/vc_column][\/vc_row][vc_row gap=\u00bb30&#8243; css=\u00bb.vc_custom_1639478725829{margin-bottom: 10px !important;}\u00bb][vc_column width=\u00bb2\/3&#8243;][vc_column_text]<strong>Los productos<\/strong>\u00a0<strong>de SapiSelco<\/strong> se someten a severas pruebas para cumplir con <strong>las normas internacionales de certificaci\u00f3n<\/strong>, obteniendo as\u00ed los certificados de los organismos de control. La investigaci\u00f3n y el desarrollo, la optimizaci\u00f3n del producto, son los factores que distinguen una producci\u00f3n exclusivamente \u201c<strong>Made in Italy\u201d<\/strong>, fruto de <strong>70 a\u00f1os de experiencia<\/strong>. Una\u00a0<strong>calidad<\/strong>\u00a0reconocida en todo el\u00a0<strong>mundo<\/strong>.[\/vc_column_text][\/vc_column][vc_column width=\u00bb1\/3&#8243;][vc_column_text]Para obtener m\u00e1s informaci\u00f3n sobre las declaraciones de conformidad y las certificaciones de producto disponibles para cada art\u00edculo, env\u00ede un correo electr\u00f3nico a: <a class=\"accent\" href=\"mailto:info@sapiselco.com\">info@sapiselco.com<\/a>[\/vc_column_text]<div class=\"vc_btn3-container sapi-button-normal sapi-contact vc_btn3-inline\"><a class=\"contact-modal vc_general vc_btn3 vc_btn3-size-md vc_btn3-shape-square vc_btn3-style-flat vc_btn3-color-grey\" href=\"#\" >Contactos<\/a><\/div>[\/vc_column][\/vc_row][vc_row gap=\u00bb30&#8243; css=\u00bb.vc_custom_1640258880614{margin-bottom: 0px !important;}\u00bb el_class=\u00bbcert\u00bb][vc_column width=\u00bb1\/3&#8243;][vc_column_text css=\u00bb.vc_custom_1664801745903{margin-bottom: 0px !important;}\u00bb]<img loading=\"lazy\" decoding=\"async\" class=\"alignnone wp-image-47186\" role=\"img\" src=\"https:\/\/www.sapiselco.com\/wp-content\/uploads\/2022\/10\/sapiselco-certificazione-UL.svg\" alt=\"\" width=\"300\" height=\"62\" \/><br \/>\nProductos Type 21\/21S\/2\/2S, File E160935 (normas de referencia UL 62275, CSA-C22.2 N\u00b062275).[\/vc_column_text][\/vc_column][vc_column width=\u00bb1\/3&#8243;][vc_column_text css=\u00bb.vc_custom_1664801755466{margin-bottom: 0px !important;}\u00bb]<img loading=\"lazy\" decoding=\"async\" class=\"alignnone wp-image-47181\" role=\"img\" src=\"https:\/\/www.sapiselco.com\/wp-content\/uploads\/2022\/10\/sapiselco-certificazione-RU.svg\" alt=\"\" width=\"300\" height=\"62\" \/><br \/>\nProductos Type 11, File E160935 (normas de referencia UL 62275, CSA-C22.2 No.62275).[\/vc_column_text][\/vc_column][vc_column width=\u00bb1\/3&#8243;][vc_column_text css=\u00bb.vc_custom_1676364147633{margin-bottom: 0px !important;}\u00bb]<img loading=\"lazy\" decoding=\"async\" class=\"alignnone wp-image-47161\" role=\"img\" src=\"https:\/\/www.sapiselco.com\/wp-content\/uploads\/2022\/04\/sapiselco_certificazione_tuv_1.png\" alt=\"\" width=\"98\" height=\"62\" \/><br \/>\nCertificado n\u00b0 Z1 095068 0002 Rev. 01 (norma de referencia EN 62275).[\/vc_column_text][\/vc_column][\/vc_row][vc_row gap=\u00bb30&#8243; css=\u00bb.vc_custom_1640258885074{margin-bottom: 0px !important;}\u00bb el_class=\u00bbcert\u00bb][vc_column width=\u00bb1\/3&#8243;][vc_column_text css=\u00bb.vc_custom_1690874055891{margin-bottom: 0px !important;}\u00bb]<img loading=\"lazy\" decoding=\"async\" class=\"alignnone wp-image-47176\" role=\"img\" src=\"https:\/\/www.sapiselco.com\/wp-content\/uploads\/2023\/07\/sapiselco-certificazione-rina.svg\" alt=\"\" width=\"290\" height=\"65\" \/><br \/>\nType Approval Certificate ELE494322CS (norma de referencia IEC 62275).[\/vc_column_text][\/vc_column][vc_column width=\u00bb1\/3&#8243;][vc_column_text css=\u00bb.vc_custom_1690874042816{margin-bottom: 0px !important;}\u00bb]<img loading=\"lazy\" decoding=\"async\" class=\"alignnone wp-image-47155\" role=\"img\" src=\"https:\/\/www.sapiselco.com\/wp-content\/uploads\/2023\/07\/sapiselco-certificazione-bureau_1.svg\" alt=\"\" width=\"290\" height=\"65\" \/><br \/>\nCertificate of Type Approval n\u00b009113\/E0 BV (norma de referencia IEC 62275).[\/vc_column_text][\/vc_column][vc_column width=\u00bb1\/3&#8243;][vc_column_text css=\u00bb.vc_custom_1711440130427{margin-bottom: 0px !important;}\u00bb]<img loading=\"lazy\" decoding=\"async\" class=\"alignnone wp-image-47166\" role=\"img\" src=\"https:\/\/www.sapiselco.com\/wp-content\/uploads\/2022\/10\/sapiselco-certificazione-dnv.svg\" alt=\"\" width=\"290\" height=\"65\" \/><br \/>\nType Approval Certificate n\u00b0 TAE00003E9 Rev. 01, TAE00003EA Rev. 01 (normas de referencia IEC 62275 y UL 62275).[\/vc_column_text][\/vc_column][\/vc_row][vc_row gap=\u00bb30&#8243; el_class=\u00bbcert\u00bb][vc_column width=\u00bb1\/3&#8243;][vc_column_text]<img loading=\"lazy\" decoding=\"async\" class=\"alignnone wp-image-47171\" role=\"img\" src=\"https:\/\/www.sapiselco.com\/wp-content\/uploads\/2022\/10\/sapiselco-certificazione-LR.svg\" alt=\"\" width=\"290\" height=\"65\" \/><br \/>\nLR Type Approval Certificate n\u00b0LR24132926TA (normas de referencia IEC 62275).[\/vc_column_text][\/vc_column][vc_column width=\u00bb1\/3&#8243;][\/vc_column][vc_column width=\u00bb1\/3&#8243; offset=\u00bbvc_hidden-xs\u00bb][\/vc_column][\/vc_row][vc_row][vc_column css=\u00bb.vc_custom_1639476107274{padding-right: 0px !important;padding-left: 0px !important;}\u00bb][vc_separator color=\u00bbcustom\u00bb border_width=\u00bb3&#8243; accent_color=\u00bb#00955f\u00bb][\/vc_column][\/vc_row][vc_row gap=\u00bb30&#8243; css=\u00bb.vc_custom_1639478399856{margin-bottom: 0px !important;}\u00bb][vc_column width=\u00bb2\/3&#8243;][vc_column_text]<\/p>\n<h2>Declaraci\u00f3n <strong>de conformidad<\/strong><\/h2>\n<p>[\/vc_column_text][\/vc_column][vc_column width=\u00bb1\/3&#8243; offset=\u00bbvc_hidden-sm vc_hidden-xs\u00bb][\/vc_column][\/vc_row][vc_row gap=\u00bb30&#8243; el_class=\u00bbcert\u00bb][vc_column width=\u00bb1\/3&#8243;][vc_column_text css=\u00bb.vc_custom_1657725644297{margin-bottom: 0px !important;}\u00bb]<img loading=\"lazy\" decoding=\"async\" class=\"alignnone wp-image-1046\" role=\"img\" src=\"\/wp-content\/uploads\/2021\/12\/sapiselco-certificazione-CE.svg\" alt=\"\" width=\"201\" height=\"65\" \/><br \/>\nMARCADO CE: conforme a la directiva comunitaria 2014\/35\/UE (nuestros productos satisfacen los requisitos de seguridad si se utilizan de acuerdo con las condiciones de uso recomendadas).[\/vc_column_text][\/vc_column][vc_column width=\u00bb1\/3&#8243;][vc_column_text css=\u00bb.vc_custom_1657725671633{margin-bottom: 0px !important;}\u00bb]<img loading=\"lazy\" decoding=\"async\" class=\"alignnone wp-image-1046\" role=\"img\" src=\"\/wp-content\/uploads\/2021\/12\/sapiselco-certificazione-rohs.svg\" alt=\"\" width=\"201\" height=\"65\" \/><br \/>\nLas materias primas utilizadas no contienen las sustancias enumeradas en la Directiva europea 2011\/65\/UE y modificada por la Directiva Delegada (UE) 2015\/863.[\/vc_column_text][\/vc_column][vc_column width=\u00bb1\/3&#8243;][vc_column_text css=\u00bb.vc_custom_1657725679077{margin-bottom: 0px !important;}\u00bb]<img loading=\"lazy\" decoding=\"async\" class=\"alignnone wp-image-1046\" role=\"img\" src=\"\/wp-content\/uploads\/2021\/12\/sapiselco-certificazione-reach.svg\" alt=\"\" width=\"201\" height=\"65\" \/><br \/>\nLas materias primas utilizadas no contienen las sustancias enumeradas en el Reglamento europeo 1907\/2006.[\/vc_column_text][\/vc_column][\/vc_row][vc_row gap=\u00bb30&#8243; content_placement=\u00bbmiddle\u00bb css=\u00bb.vc_custom_1639479563495{margin-bottom: 70px !important;}\u00bb][vc_column width=\u00bb2\/3&#8243;][vc_column_text]Para m\u00e1s informaci\u00f3n sobre las declaraciones de conformidad, env\u00ede un correo electr\u00f3nico a: <a class=\"accent\" href=\"mailto:info@sapiselco.com\">info@sapiselco.com<\/a>[\/vc_column_text][\/vc_column][vc_column width=\u00bb1\/3&#8243;]<div class=\"vc_btn3-container sapi-button-normal sapi-contact vc_btn3-inline\"><a class=\"contact-modal vc_general vc_btn3 vc_btn3-size-md vc_btn3-shape-square vc_btn3-style-flat vc_btn3-color-grey\" href=\"#\" >Contactos<\/a><\/div>[\/vc_column][\/vc_row]<\/p>\n<\/div>","protected":false},"excerpt":{"rendered":"[vc_row gap=\u00bb30&#8243; css=\u00bb.vc_custom_1639478416560{margin-bottom: 0px !important;}\u00bb][vc_column width=\u00bb2\/3&#8243;][vc_column_text] Certificaciones de sistema [\/vc_column_text][\/vc_column][vc_column width=\u00bb1\/3&#8243; offset=\u00bbvc_hidden-sm vc_hidden-xs\u00bb][\/vc_column][\/vc_row][vc_row gap=\u00bb30&#8243; equal_height=\u00bbyes\u00bb content_placement=\u00bbtop\u00bb css=\u00bb.vc_custom_1639475877180{margin-bottom: 0px !important;}\u00bb][vc_column width=\u00bb2\/3&#8243;][vc_column_text]Una filosof\u00eda que busca la plena satisfacci\u00f3n del cliente dando prioridad a las cuestiones de salud y seguridad a trav\u00e9s de un enfoque pragm\u00e1tico en favor del medio ambiente y de la sostenibilidad.[\/vc_column_text][\/vc_column][vc_column width=\u00bb1\/3&#8243; css=\u00bb.vc_custom_1639475836911{padding-right: 0px <a href=\"https:\/\/www.sapiselco.com\/es\/certificaciones\/\" class=\"more-link\">&#8230;<\/a>","protected":false},"author":1,"featured_media":0,"parent":0,"menu_order":0,"comment_status":"closed","ping_status":"closed","template":"","meta":{"_acf_changed":false,"footnotes":""},"class_list":["post-48606","page","type-page","status-publish","hentry"],"acf":[],"_links":{"self":[{"href":"https:\/\/www.sapiselco.com\/es\/wp-json\/wp\/v2\/pages\/48606","targetHints":{"allow":["GET"]}}],"collection":[{"href":"https:\/\/www.sapiselco.com\/es\/wp-json\/wp\/v2\/pages"}],"about":[{"href":"https:\/\/www.sapiselco.com\/es\/wp-json\/wp\/v2\/types\/page"}],"author":[{"embeddable":true,"href":"https:\/\/www.sapiselco.com\/es\/wp-json\/wp\/v2\/users\/1"}],"replies":[{"embeddable":true,"href":"https:\/\/www.sapiselco.com\/es\/wp-json\/wp\/v2\/comments?post=48606"}],"version-history":[{"count":20,"href":"https:\/\/www.sapiselco.com\/es\/wp-json\/wp\/v2\/pages\/48606\/revisions"}],"predecessor-version":[{"id":60339,"href":"https:\/\/www.sapiselco.com\/es\/wp-json\/wp\/v2\/pages\/48606\/revisions\/60339"}],"wp:attachment":[{"href":"https:\/\/www.sapiselco.com\/es\/wp-json\/wp\/v2\/media?parent=48606"}],"curies":[{"name":"wp","href":"https:\/\/api.w.org\/{rel}","templated":true}]}}