{"id":48624,"date":"2021-11-12T15:55:41","date_gmt":"2021-11-12T14:55:41","guid":{"rendered":"https:\/\/www.sapiselco.com\/departments\/"},"modified":"2022-07-14T10:07:35","modified_gmt":"2022-07-14T08:07:35","slug":"divisiones","status":"publish","type":"page","link":"https:\/\/www.sapiselco.com\/es\/divisiones\/","title":{"rendered":"Divisiones"},"content":{"rendered":"<div class=\"wpb-content-wrapper\"><p>[vc_row gap=\u00bb30&#8243;][vc_column width=\u00bb2\/3&#8243;][vc_column_text]<\/p>\n<h2>Nuestras <strong>divisiones<\/strong><\/h2>\n<p>[\/vc_column_text][\/vc_column][vc_column width=\u00bb1\/3&#8243; offset=\u00bbvc_hidden-sm vc_hidden-xs\u00bb][\/vc_column][\/vc_row][vc_row gap=\u00bb30&#8243;][vc_column width=\u00bb3\/4&#8243;][vc_column_text]Desde 1950\u00a0<strong>SapiSelco<\/strong>\u00a0trabaja con el objetivo de dise\u00f1ar y suministrar a sus clientes productos fiables y fabricados exclusivamente en Italia. Toda la cadena de producci\u00f3n se desarrolla internamente en las plantas de SapiSelco y est\u00e1 organizada en\u00a0<strong>5 divisiones: moldes, producci\u00f3n, laboratorio de an\u00e1lisis, log\u00edstica, oficinas<\/strong>.<\/p>\n<p>La salud y la seguridad del personal, la sensibilidad hacia las cuestiones medioambientales y la m\u00e1xima satisfacci\u00f3n de los clientes, <strong>SapiSelco<\/strong> sit\u00faa estas cuestiones como elementos prioritarios en una l\u00f3gica de \u00abmejora continua\u00bb.[\/vc_column_text][\/vc_column][vc_column width=\u00bb1\/4&#8243;]<div class=\"vc_btn3-container sapi-button-normal sapi-contact vc_btn3-inline\"><a class=\"contact-modal vc_general vc_btn3 vc_btn3-size-md vc_btn3-shape-square vc_btn3-style-flat vc_btn3-color-grey\" href=\"#\" >CONT\u00c1CTENOS AHORA<\/a><\/div>[\/vc_column][\/vc_row][vc_row el_class=\u00bbnomargin tab-reparti\u00bb][vc_column][vc_tta_tabs style=\u00bbflat\u00bb shape=\u00bbsquare\u00bb active_section=\u00bb1&#8243; no_fill_content_area=\u00bbtrue\u00bb el_class=\u00bbtab-type-3&#8243;][vc_tta_section i_icon_fontawesome=\u00bbfas fa-fingerprint\u00bb add_icon=\u00bbtrue\u00bb title=\u00bbDIVISI\u00d3N<br \/>\n<strong>Moldes<\/strong>\u00bb tab_id=\u00bbdivision-moldes\u00bb][vc_row_inner el_class=\u00bbnomargin tabstrano\u00bb][vc_column_inner width=\u00bb1\/3&#8243;][vc_column_text]<\/p>\n<h3><i class=\"fas fa-fingerprint\"><\/i><br \/>\n<strong>Moldes por inyecci\u00f3n<\/strong>:<br \/>\nDel dise\u00f1o<br \/>\na la ejecuci\u00f3n<\/h3>\n<p>[\/vc_column_text][\/vc_column_inner][vc_column_inner width=\u00bb2\/3&#8243;][vc_column_text]<\/p>\n<h4>Divisi\u00f3n moldes<\/h4>\n<p><strong>SapiSelco\u00a0<\/strong>realiza de forma aut\u00f3noma <strong>el dise\u00f1o y la fabricaci\u00f3n<\/strong> de sus <strong>moldes de inyecci\u00f3n<\/strong>. Esta tarea est\u00e1 encomendada al equipo de ingenieros y t\u00e9cnicos especializados que componen la\u00a0<strong>Divisi\u00f3n Moldes<\/strong>. Cada nueva soluci\u00f3n de cableado toma forma dentro de esta unidad.[\/vc_column_text][vc_empty_space height=\u00bb15px\u00bb][vc_separator color=\u00bbcustom\u00bb align=\u00bbalign_left\u00bb border_width=\u00bb2&#8243; el_width=\u00bb30&#8243; accent_color=\u00bb#00955f\u00bb][\/vc_column_inner][\/vc_row_inner][vc_row_inner equal_height=\u00bbyes\u00bb content_placement=\u00bbtop\u00bb gap=\u00bb20&#8243;][vc_column_inner width=\u00bb1\/3&#8243;][\/vc_column_inner][vc_column_inner width=\u00bb1\/3&#8243;][vc_column_text]<\/p>\n<h4>Dise\u00f1o<\/h4>\n<p>Los conocimientos t\u00e9cnicos adquiridos a lo largo de m\u00e1s de 70 a\u00f1os de experiencia, apoyados por las m\u00e1s avanzadas tecnolog\u00edas de <strong>desarrollo<\/strong> y <strong>modelado<\/strong> (CAD\/CAE), garantizan el dise\u00f1o de moldes que cumplen con los <strong>mejores est\u00e1ndares de calidad<\/strong> y aseguran <strong>un mejor rendimiento <\/strong>\u00a0del producto terminado en las diferentes \u00e1reas de aplicaci\u00f3n.[\/vc_column_text][\/vc_column_inner][vc_column_inner width=\u00bb1\/3&#8243;][vc_column_text]<\/p>\n<h4>Ejecuci\u00f3n<\/h4>\n<p><strong>El acero templado<\/strong> es la materia prima con la que se fabrican los moldes, que se mecanizan por electr\u00f3lisis y posterior fresado a alta velocidad. La precisi\u00f3n en la ejecuci\u00f3n est\u00e1 garantizada por el apoyo de la <strong>tecnolog\u00eda<\/strong> <strong>CAM<\/strong> y el uso del <strong>sistema<\/strong> <strong>CMM<\/strong> para la verificaci\u00f3n.[\/vc_column_text][\/vc_column_inner][\/vc_row_inner][vc_row_inner gap=\u00bb10&#8243;][vc_column_inner width=\u00bb1\/4&#8243;][vc_single_image image=\u00bb994&#8243; img_size=\u00bbfull\u00bb alignment=\u00bbcenter\u00bb css_animation=\u00bbfadeInLeft\u00bb][vc_single_image image=\u00bb962&#8243; img_size=\u00bbfull\u00bb alignment=\u00bbcenter\u00bb css_animation=\u00bbfadeInUp\u00bb][\/vc_column_inner][vc_column_inner width=\u00bb1\/4&#8243;][vc_single_image image=\u00bb1006&#8243; img_size=\u00bbfull\u00bb alignment=\u00bbcenter\u00bb css_animation=\u00bbfadeIn\u00bb][\/vc_column_inner][vc_column_inner width=\u00bb1\/2&#8243;][vc_single_image image=\u00bb957&#8243; img_size=\u00bbfull\u00bb alignment=\u00bbcenter\u00bb css_animation=\u00bbfadeInRight\u00bb][\/vc_column_inner][\/vc_row_inner][\/vc_tta_section][vc_tta_section i_icon_fontawesome=\u00bbfas fa-cogs\u00bb add_icon=\u00bbtrue\u00bb title=\u00bbUNIDADES DE <strong>PRODUCCI\u00d3N<\/strong>\u00bb tab_id=\u00bbunidades-de-produccion\u00bb][vc_row_inner equal_height=\u00bbyes\u00bb content_placement=\u00bbtop\u00bb][vc_column_inner width=\u00bb1\/3&#8243;][vc_column_text]<\/p>\n<h3><i class=\"fas fa-cogs\"><\/i><br \/>\n<strong>Calidad y Seguridad<\/strong>:<br \/>\nobjetivos para la<br \/>\nmejora de<br \/>\nlos procesos<\/h3>\n<p>[\/vc_column_text][\/vc_column_inner][vc_column_inner width=\u00bb2\/3&#8243;][vc_column_text]<\/p>\n<h4>Unidades de producci\u00f3n<\/h4>\n<p>Todo el <strong>ciclo de producci\u00f3n<\/strong><strong>, <\/strong>desde<strong> el tratamiento de la materia prima<\/strong> hasta la <strong>fabricaci\u00f3n<\/strong> del producto acabado, tiene lugar en <strong>Italia<\/strong> dentro de las <strong>plantas de producci\u00f3n de SapiSelco<\/strong>, donde las estaciones de trabajo automatizadas garantizan una producci\u00f3n de 18 millones de bridas al d\u00eda.[\/vc_column_text][vc_empty_space height=\u00bb5&#8243;][vc_separator color=\u00bbcustom\u00bb align=\u00bbalign_left\u00bb border_width=\u00bb2&#8243; el_width=\u00bb30&#8243; css_animation=\u00bbfadeInLeft\u00bb accent_color=\u00bb#00955f\u00bb][vc_empty_space height=\u00bb5&#8243;][vc_column_text]En las plantas de producci\u00f3n<strong>, cuadrillas de operarios especializados<\/strong> supervisan, hacen el mantenimiento y optimizan constantemente las estaciones de trabajo. <strong>Los jefes de producci\u00f3n<\/strong> coordinan al personal y garantizan el cumplimiento de los procedimientos de seguridad y salud dispuestos. El objetivo es preservar, de forma constante y repetible, los est\u00e1ndares de calidad que siempre han distinguido a los\u00a0<strong>productos SapiSelco<\/strong>.[\/vc_column_text][\/vc_column_inner][\/vc_row_inner][vc_row_inner equal_height=\u00bbyes\u00bb content_placement=\u00bbtop\u00bb gap=\u00bb10&#8243;][vc_column_inner width=\u00bb1\/4&#8243;][vc_single_image image=\u00bb788&#8243; img_size=\u00bbfull\u00bb alignment=\u00bbcenter\u00bb css_animation=\u00bbfadeInLeft\u00bb el_class=\u00bbnomargin\u00bb][\/vc_column_inner][vc_column_inner width=\u00bb1\/2&#8243;][vc_single_image image=\u00bb783&#8243; img_size=\u00bbfull\u00bb alignment=\u00bbcenter\u00bb css_animation=\u00bbfadeInRight\u00bb el_class=\u00bbnomargin\u00bb][\/vc_column_inner][vc_column_inner width=\u00bb1\/4&#8243; css=\u00bb.vc_custom_1638290590901{padding-top: 20px !important;padding-right: 20px !important;padding-left: 20px !important;background-color: #00955f !important;}\u00bb][vc_column_text]<\/p>\n<h4><span style=\"color: #ffffff;\">Las cifras distinguen a la empresa<\/span><\/h4>\n<p>[\/vc_column_text][vc_empty_space][vc_single_image image=\u00bb57856&#8243; img_size=\u00bbfull\u00bb][\/vc_column_inner][\/vc_row_inner][\/vc_tta_section][vc_tta_section i_icon_fontawesome=\u00bbfas fa-flask\u00bb add_icon=\u00bbtrue\u00bb title=\u00bbLaboratorio de<br \/>\n<strong>An\u00e1lisis<\/strong>\u00bb tab_id=\u00bblaboratorio-de-analisis\u00bb][vc_row_inner equal_height=\u00bbyes\u00bb content_placement=\u00bbtop\u00bb gap=\u00bb20&#8243; el_class=\u00bbnomargin\u00bb][vc_column_inner width=\u00bb1\/3&#8243;][vc_column_text]<\/p>\n<h3><i class=\"fas fa-flask\"><\/i><br \/>\n<strong>An\u00e1lisis y desarrollo:<\/strong><br \/>\nde la materia prima<br \/>\nal producto acabado<\/h3>\n<p>[\/vc_column_text][\/vc_column_inner][vc_column_inner width=\u00bb1\/3&#8243;][vc_column_text]<\/p>\n<h4>Laboratorio<\/h4>\n<p>El <strong>laboratorio de an\u00e1lisis <\/strong>realiza controles de conformidad de la <strong>materia prima <\/strong>entrante, analizando la humedad, la viscosidad y la densidad del granulado para verificar que los valores cumplen con los requisitos de los par\u00e1metros de producci\u00f3n.<\/p>\n<p>El laboratorio de SapiSelco tambi\u00e9n realiza controles de calidad del <strong>producto terminado <\/strong>mediante planes de muestreo diarios. El objetivo es <strong>garantizar el cumplimiento de cada requisito de aplicaci\u00f3n <\/strong>con productos que mantienen un <strong>mejor rendimiento a lo largo del tiempo<\/strong>.[\/vc_column_text][\/vc_column_inner][vc_column_inner width=\u00bb1\/3&#8243;][vc_column_text]<\/p>\n<h4>Calidad<\/h4>\n<p>Todos los productos de SapiSelco se someten a <strong>pruebas de laboratorio<\/strong>, en un ambiente estabilizado, para verificar el cumplimiento de <strong>las normas internacionales<\/strong> sobre <strong>calidad<\/strong> y <strong>certificaciones de productos<\/strong>.[\/vc_column_text][vc_btn title=\u00bbCERTIFICACI\u00d3N DE PRODUCTO\u00bb style=\u00bbflat\u00bb shape=\u00bbsquare\u00bb align=\u00bbleft\u00bb css_animation=\u00bbfadeIn\u00bb el_class=\u00bbsapi-button-normal\u00bb link=\u00bburl:%2Fes%2Fcertificaciones%2F|title:CERTIFICACIONES\u00bb][\/vc_column_inner][\/vc_row_inner][vc_row_inner equal_height=\u00bbyes\u00bb gap=\u00bb10&#8243;][vc_column_inner width=\u00bb1\/4&#8243;][vc_single_image image=\u00bb980&#8243; img_size=\u00bbfull\u00bb alignment=\u00bbcenter\u00bb css_animation=\u00bbfadeInLeft\u00bb][\/vc_column_inner][vc_column_inner width=\u00bb1\/4&#8243;][vc_single_image image=\u00bb920&#8243; img_size=\u00bbfull\u00bb alignment=\u00bbcenter\u00bb css_animation=\u00bbfadeInDown\u00bb][\/vc_column_inner][vc_column_inner width=\u00bb1\/2&#8243;][vc_single_image image=\u00bb925&#8243; img_size=\u00bbfull\u00bb alignment=\u00bbcenter\u00bb css_animation=\u00bbfadeInRight\u00bb][\/vc_column_inner][\/vc_row_inner][\/vc_tta_section][vc_tta_section i_icon_fontawesome=\u00bbfas fa-boxes\u00bb add_icon=\u00bbtrue\u00bb title=\u00bb<strong>Almacenes<\/strong><br \/>\nY log\u00edstica\u00bb tab_id=\u00bbalmacenes-y-logistica\u00bb][vc_row_inner equal_height=\u00bbyes\u00bb content_placement=\u00bbtop\u00bb][vc_column_inner width=\u00bb1\/3&#8243;][vc_column_text]<\/p>\n<h3><i class=\"fas fa-boxes\"><\/i><br \/>\nLa <strong>Cadena de suministro<\/strong>:<br \/>\nobjetivo de control y<br \/>\nmejora de los procesos<\/h3>\n<p>[\/vc_column_text][\/vc_column_inner][vc_column_inner width=\u00bb2\/3&#8243;][vc_column_text]<\/p>\n<h4>Almacenes y log\u00edstica<\/h4>\n<p>SapiSelco opera a nivel mundial y est\u00e1 presente en m\u00e1s de 65 mercados de todo el mundo. La organizaci\u00f3n de la planificaci\u00f3n log\u00edstica y el transporte en salida de las plantas se conf\u00eda a la <strong>Divisi\u00f3n de Log\u00edstica<\/strong>. Todo el ciclo de gesti\u00f3n de pedidos (venta, etiquetado, envasado) est\u00e1 controlado por un<strong> Sistema de Gesti\u00f3n de Almacenes<\/strong> (<em>WMS, por sus siglas en ingl\u00e9s<\/em>), que garantiza:<\/p>\n<ul>\n<li>Simulaci\u00f3n de cumplimiento y planificaci\u00f3n de pedidos;<\/li>\n<li>Generaci\u00f3n de la lista de recogida;<\/li>\n<li>Valoraci\u00f3n de las existencias seg\u00fan el m\u00e9todo FIFO;<\/li>\n<li>Gesti\u00f3n y control de la manipulaci\u00f3n del almac\u00e9n;<\/li>\n<li>Sincronizaci\u00f3n del flujo de datos con el ERP.<\/li>\n<\/ul>\n<p>La informatizaci\u00f3n del sistema de gesti\u00f3n de los productos y la automatizaci\u00f3n del proceso de realizaci\u00f3n de los pedidos garantizan <strong>\u00a0la rapidez<\/strong>, <strong>\u00a0fiabilidad<\/strong> y <strong>flexibilidad<\/strong>, contribuyendo as\u00ed a la mejora de los servicios a los clientes.<\/p>\n<p>[\/vc_column_text][\/vc_column_inner][\/vc_row_inner][vc_row_inner equal_height=\u00bbyes\u00bb content_placement=\u00bbmiddle\u00bb gap=\u00bb10&#8243;][vc_column_inner width=\u00bb1\/4&#8243;][vc_single_image image=\u00bb706&#8243; img_size=\u00bbfull\u00bb][vc_single_image image=\u00bb721&#8243; img_size=\u00bbfull\u00bb][\/vc_column_inner][vc_column_inner width=\u00bb1\/4&#8243;][vc_single_image image=\u00bb716&#8243; img_size=\u00bbfull\u00bb][\/vc_column_inner][vc_column_inner width=\u00bb1\/2&#8243;][vc_single_image image=\u00bb726&#8243; img_size=\u00bbfull\u00bb][vc_single_image image=\u00bb711&#8243; img_size=\u00bbfull\u00bb][\/vc_column_inner][\/vc_row_inner][\/vc_tta_section][vc_tta_section i_icon_fontawesome=\u00bbfas fa-edit\u00bb add_icon=\u00bbtrue\u00bb title=\u00bb<strong>Oficinas<\/strong>\u00bb tab_id=\u00bboficinas\u00bb][vc_row_inner][vc_column_inner width=\u00bb1\/3&#8243; offset=\u00bbvc_col-xs-12&#8243;][vc_column_text]<\/p>\n<h3><i class=\"fas fa-edit\"><\/i><br \/>\n<strong>SapiSelco<\/strong>,<br \/>\nuna empresa con<br \/>\nalma italiana<\/h3>\n<p>[\/vc_column_text][\/vc_column_inner][vc_column_inner el_class=\u00bbgrid-element\u00bb width=\u00bb2\/3&#8243; offset=\u00bbvc_col-xs-12&#8243;][vc_column_text]<\/p>\n<h4>Oficinas<\/h4>\n<p>De acuerdo con la filosof\u00eda \u00ab<strong>Made in Italy<\/strong>\u00ab, la sede de SapiSelco se encuentra en Italia, en el distrito industrial de Saonara, en la provincia de Padua.<br \/>\nLas\u00a0<strong>plantas 1<\/strong>\u00a0y\u00a0<strong>2<\/strong>\u00a0albergan las oficinas, que se organizan en 6 departamentos:[\/vc_column_text][vc_column_text el_class=\u00bbnomargin elenco-uffici\u00bb]<\/p>\n<ul>\n<li>Direcci\u00f3n General<\/li>\n<li>Departamento administrativo<\/li>\n<li>Departamento comercial<\/li>\n<li>Oficina de Compras<\/li>\n<li>Departamento de calidad<\/li>\n<li>Departamento de RRHH<\/li>\n<\/ul>\n<p>[\/vc_column_text][\/vc_column_inner][\/vc_row_inner][vc_row_inner][vc_column_inner][vc_single_image image=\u00bb1262&#8243; img_size=\u00bbfull\u00bb alignment=\u00bbcenter\u00bb css_animation=\u00bbfadeIn\u00bb][\/vc_column_inner][\/vc_row_inner][\/vc_tta_section][\/vc_tta_tabs][\/vc_column][\/vc_row]<\/p>\n<\/div>","protected":false},"excerpt":{"rendered":"[vc_row gap=\u00bb30&#8243;][vc_column width=\u00bb2\/3&#8243;][vc_column_text] Nuestras divisiones [\/vc_column_text][\/vc_column][vc_column width=\u00bb1\/3&#8243; offset=\u00bbvc_hidden-sm vc_hidden-xs\u00bb][\/vc_column][\/vc_row][vc_row gap=\u00bb30&#8243;][vc_column width=\u00bb3\/4&#8243;][vc_column_text]Desde 1950\u00a0SapiSelco\u00a0trabaja con el objetivo de dise\u00f1ar y suministrar a sus clientes productos fiables y fabricados exclusivamente en Italia. Toda la cadena de producci\u00f3n se desarrolla internamente en las plantas de SapiSelco y est\u00e1 organizada en\u00a05 divisiones: moldes, producci\u00f3n, laboratorio de an\u00e1lisis, log\u00edstica, oficinas. La <a href=\"https:\/\/www.sapiselco.com\/es\/divisiones\/\" class=\"more-link\">&#8230;<\/a>","protected":false},"author":1,"featured_media":0,"parent":0,"menu_order":0,"comment_status":"closed","ping_status":"closed","template":"","meta":{"_acf_changed":false,"footnotes":""},"class_list":["post-48624","page","type-page","status-publish","hentry"],"acf":[],"_links":{"self":[{"href":"https:\/\/www.sapiselco.com\/es\/wp-json\/wp\/v2\/pages\/48624","targetHints":{"allow":["GET"]}}],"collection":[{"href":"https:\/\/www.sapiselco.com\/es\/wp-json\/wp\/v2\/pages"}],"about":[{"href":"https:\/\/www.sapiselco.com\/es\/wp-json\/wp\/v2\/types\/page"}],"author":[{"embeddable":true,"href":"https:\/\/www.sapiselco.com\/es\/wp-json\/wp\/v2\/users\/1"}],"replies":[{"embeddable":true,"href":"https:\/\/www.sapiselco.com\/es\/wp-json\/wp\/v2\/comments?post=48624"}],"version-history":[{"count":17,"href":"https:\/\/www.sapiselco.com\/es\/wp-json\/wp\/v2\/pages\/48624\/revisions"}],"predecessor-version":[{"id":57866,"href":"https:\/\/www.sapiselco.com\/es\/wp-json\/wp\/v2\/pages\/48624\/revisions\/57866"}],"wp:attachment":[{"href":"https:\/\/www.sapiselco.com\/es\/wp-json\/wp\/v2\/media?parent=48624"}],"curies":[{"name":"wp","href":"https:\/\/api.w.org\/{rel}","templated":true}]}}