{"id":48648,"date":"2021-11-23T11:01:38","date_gmt":"2021-11-23T10:01:38","guid":{"rendered":"https:\/\/www.sapiselco.com\/raw-materials\/"},"modified":"2024-04-10T16:44:42","modified_gmt":"2024-04-10T14:44:42","slug":"materia-prima","status":"publish","type":"page","link":"https:\/\/www.sapiselco.com\/es\/materia-prima\/","title":{"rendered":"Materia prima"},"content":{"rendered":"<div class=\"wpb-content-wrapper\"><p>[vc_row gap=\u00bb30&#8243; el_class=\u00bbnobottom-margin\u00bb][vc_column][vc_column_text]<\/p>\n<h2><strong>Poliamida <\/strong>6.6<strong><br \/>\n<\/strong><\/h2>\n<p>[\/vc_column_text][\/vc_column][\/vc_row][vc_row gap=\u00bb30&#8243; equal_height=\u00bbyes\u00bb content_placement=\u00bbtop\u00bb][vc_column width=\u00bb2\/3&#8243;][vc_row_inner gap=\u00bb30&#8243; css=\u00bb.vc_custom_1637934941806{margin-bottom: 0px !important;}\u00bb][vc_column_inner width=\u00bb1\/2&#8243;][vc_column_text]<strong>Poliamida 6.6<\/strong>\u00a0(PA66) es la\u00a0<strong>materia prima<\/strong>\u00a0con la que se realiza la mayor\u00eda de los\u00a0<strong>productos SapiSelco<\/strong>. En la familia de los tecnopol\u00edmeros, la PA66 se caracteriza por una alta \u00a0resistencia mec\u00e1nica y a la abrasi\u00f3n, un bajo coeficiente de fricci\u00f3n, as\u00ed como por una buena resistencia a los disolventes y otros reactivos agresivos.<\/p>\n<p>En el panorama de los materiales sint\u00e9ticos[\/vc_column_text][\/vc_column_inner][vc_column_inner width=\u00bb1\/2&#8243;][vc_column_text]termopl\u00e1sticos, la <strong>PA66<\/strong> es el pol\u00edmero con mejores propiedades \u00a0para ser procesado por sistemas de moldeo por inyecci\u00f3n.<\/p>\n<p>Para responder a cada caracter\u00edstica espec\u00edfica de los productos dise\u00f1ados y fabricados por SapiSelco, en los ciclos de producci\u00f3n \u00a0se utilizan tambi\u00e9n otros pol\u00edmeros como el <strong>polipropileno <\/strong>y el <strong>polietileno.<\/strong>[\/vc_column_text][\/vc_column_inner][\/vc_row_inner][vc_row_inner][vc_column_inner][vc_empty_space height=\u00bb10px\u00bb][vc_column_text]<\/p>\n<h3>Aprovisionamiento<\/h3>\n<p>La seguridad de poder contar con un proveedor que garantice <strong>continuidad<\/strong> en el suministro y <strong>la m\u00e1xima calidad<\/strong> del material es un aspecto fundamental en la organizaci\u00f3n y planificaci\u00f3n de los ciclos de producci\u00f3n. Por ello, SapiSelco ha elegido como proveedor a <strong>Ascend Performances Materials,<\/strong> l\u00edder mundial en la producci\u00f3n de\u00a0 <strong>PA66.<\/strong>[\/vc_column_text][vc_single_image image=\u00bb46720&#8243; img_size=\u00bbfull\u00bb][\/vc_column_inner][\/vc_row_inner][\/vc_column][vc_column width=\u00bb1\/3&#8243;][vc_single_image image=\u00bb46614&#8243; img_size=\u00bbfull\u00bb alignment=\u00bbcenter\u00bb css=\u00bb.vc_custom_1652189141777{padding-right: 30px !important;padding-left: 30px !important;}\u00bb el_class=\u00bbascend-materia-prima\u00bb][vc_column_text el_class=\u00bbdark padding30&#8243;]<strong>L\u00cdDER MUNDIAL<br \/>\nEN LA PRODUCCI\u00d3N DE PA6.6<\/strong><\/p>\n<p>Con m\u00e1s de 70 a\u00f1os de experiencia <strong>Ascend Performances Materials<\/strong> emplea ahora a m\u00e1s de <strong>2600 personas<\/strong> en plantas de Estados Unidos, Europa y China para dise\u00f1ar y fabricar pl\u00e1sticos, tejidos, fibras y productos qu\u00edmicos aplicados en la producci\u00f3n industrial.<\/p>\n<p>SapiSelco conf\u00eda en Ascend no s\u00f3lo por el <strong>excelente rendimiento<\/strong> de los pol\u00edmeros suministrados y garantizados a trav\u00e9s de la marca <strong>Vydyne PA66<\/strong>, sino tambi\u00e9n por los <strong>valores<\/strong> con los que la empresa se compromete a respetar el medio ambiente y <strong>dise\u00f1ar soluciones sostenibles que mejoren la calidad de vida actual e inspiren un ma\u00f1ana mejor<\/strong>.<\/p>\n<p>&nbsp;<\/p>\n<p><strong><img loading=\"lazy\" decoding=\"async\" class=\"alignnone size-full wp-image-680\" src=\"https:\/\/www.sapiselco.com\/wp-content\/uploads\/2021\/11\/pa66_icon.png\" alt=\"\" width=\"152\" height=\"183\" \/><\/strong><\/p>\n<p><strong>Vydyne PA66<\/strong> representa el estado del arte de los materiales suministrados y es el componente clave que contribuye a la excelencia del rendimiento de los productos SapiSelco. Colocamos este sello en todos los envases de SapiSelco como garant\u00eda de calidad.[\/vc_column_text][vc_empty_space height=\u00bb10px\u00bb][vc_row_inner equal_height=\u00bbyes\u00bb content_placement=\u00bbmiddle\u00bb css=\u00bb.vc_custom_1637934069993{padding-right: 10px !important;padding-left: 30px !important;}\u00bb][vc_column_inner width=\u00bb2\/3&#8243;][vc_column_text]<\/p>\n<p class=\"accent\" style=\"line-height: 1.2;\"><strong>LA APLICACI\u00d3N DE ESTE LOGOTIPO EN LOS ENVASES DE SAPISELCO ES UNA GARANT\u00cdA DE CALIDAD<\/strong><\/p>\n<p>[\/vc_column_text][\/vc_column_inner][vc_column_inner width=\u00bb1\/3&#8243;][vc_raw_html]JTNDaSUyMGNsYXNzJTNEJTIyZmFzJTIwZmEtc2VhcmNoJTIwYWNjZW50JTIyJTIwc3R5bGUlM0QlMjJmb250LXNpemUlM0EzMHB4JTNCJTIyJTNFJTNDJTJGaSUzRQ==[\/vc_raw_html][\/vc_column_inner][\/vc_row_inner][\/vc_column][\/vc_row]<\/p>\n<\/div>","protected":false},"excerpt":{"rendered":"[vc_row gap=\u00bb30&#8243; el_class=\u00bbnobottom-margin\u00bb][vc_column][vc_column_text] Poliamida 6.6 [\/vc_column_text][\/vc_column][\/vc_row][vc_row gap=\u00bb30&#8243; equal_height=\u00bbyes\u00bb content_placement=\u00bbtop\u00bb][vc_column width=\u00bb2\/3&#8243;][vc_row_inner gap=\u00bb30&#8243; css=\u00bb.vc_custom_1637934941806{margin-bottom: 0px !important;}\u00bb][vc_column_inner width=\u00bb1\/2&#8243;][vc_column_text]Poliamida 6.6\u00a0(PA66) es la\u00a0materia prima\u00a0con la que se realiza la mayor\u00eda de los\u00a0productos SapiSelco. En la familia de los tecnopol\u00edmeros, la PA66 se caracteriza por una alta \u00a0resistencia mec\u00e1nica y a la abrasi\u00f3n, un bajo coeficiente de fricci\u00f3n, as\u00ed como por <a href=\"https:\/\/www.sapiselco.com\/es\/materia-prima\/\" class=\"more-link\">&#8230;<\/a>","protected":false},"author":1,"featured_media":0,"parent":0,"menu_order":0,"comment_status":"closed","ping_status":"closed","template":"","meta":{"_acf_changed":false,"footnotes":""},"class_list":["post-48648","page","type-page","status-publish","hentry"],"acf":[],"_links":{"self":[{"href":"https:\/\/www.sapiselco.com\/es\/wp-json\/wp\/v2\/pages\/48648","targetHints":{"allow":["GET"]}}],"collection":[{"href":"https:\/\/www.sapiselco.com\/es\/wp-json\/wp\/v2\/pages"}],"about":[{"href":"https:\/\/www.sapiselco.com\/es\/wp-json\/wp\/v2\/types\/page"}],"author":[{"embeddable":true,"href":"https:\/\/www.sapiselco.com\/es\/wp-json\/wp\/v2\/users\/1"}],"replies":[{"embeddable":true,"href":"https:\/\/www.sapiselco.com\/es\/wp-json\/wp\/v2\/comments?post=48648"}],"version-history":[{"count":5,"href":"https:\/\/www.sapiselco.com\/es\/wp-json\/wp\/v2\/pages\/48648\/revisions"}],"predecessor-version":[{"id":59449,"href":"https:\/\/www.sapiselco.com\/es\/wp-json\/wp\/v2\/pages\/48648\/revisions\/59449"}],"wp:attachment":[{"href":"https:\/\/www.sapiselco.com\/es\/wp-json\/wp\/v2\/media?parent=48648"}],"curies":[{"name":"wp","href":"https:\/\/api.w.org\/{rel}","templated":true}]}}