{"id":48681,"date":"2022-01-31T12:32:04","date_gmt":"2022-01-31T11:32:04","guid":{"rendered":"https:\/\/www.sapiselco.com\/me-t-cable-ties\/"},"modified":"2026-03-11T12:44:25","modified_gmt":"2026-03-11T11:44:25","slug":"bridas-me-t","status":"publish","type":"page","link":"https:\/\/www.sapiselco.com\/es\/bridas-me-t\/","title":{"rendered":"Bridas ME-T"},"content":{"rendered":"<div class=\"wpb-content-wrapper\"><p>[vc_row gap=\u00bb30&#8243;][vc_column width=\u00bb2\/3&#8243;][vc_column_text]<\/p>\n<h2>Brida con <strong>diente de acero inoxidable<\/strong><\/h2>\n<p>[\/vc_column_text][\/vc_column][vc_column width=\u00bb1\/3&#8243;][vc_single_image image=\u00bb46816&#8243; img_size=\u00bbfull\u00bb alignment=\u00bbright\u00bb el_class=\u00bbproduct-brand\u00bb][\/vc_column][\/vc_row][vc_row gap=\u00bb30&#8243; css=\u00bb.vc_custom_1640103222300{margin-bottom: 0px !important;}\u00bb][vc_column width=\u00bb1\/4&#8243;][vc_column_text]La brida\u00a0<strong>ME-T\u00a0<\/strong>est\u00e1 hecha en <strong>poliamida 6.6 autoextinguible (UL94:V2)<\/strong> y se caracteriza por un cuerpo sin cremallera, bordes redondeados y una cabeza cuadrada con un diente de cierre de acero inoxidable, lo que le confiere una mayor resistencia al fr\u00edo y una mayor estabilidad en aplicaciones sometidas a vibraciones.<\/p>\n<p>El producto est\u00e1 disponible en una amplia gama de tama\u00f1os para satisfacer diferentes necesidades de aplicaci\u00f3n, con cargas de apertura comprendidas en el rango: <strong>130N \/ 13kg y 600N \/ 60kg<\/strong><\/p>\n<p>La brida para cables Met puede ser colocada a mano o con una pistola para tensar bridas.[\/vc_column_text][vc_row_inner el_class=\u00bbnomargin\u00bb][vc_column_inner width=\u00bb1\/2&#8243; offset=\u00bbvc_col-xs-6&#8243;][vc_single_image image=\u00bb3258&#8243; img_size=\u00bbfull\u00bb alignment=\u00bbright\u00bb css_animation=\u00bbfadeInUp\u00bb][\/vc_column_inner][vc_column_inner width=\u00bb1\/2&#8243; offset=\u00bbvc_col-xs-6&#8243;][vc_single_image image=\u00bb3263&#8243; img_size=\u00bb\u00bb css_animation=\u00bbfadeInDown\u00bb][\/vc_column_inner][\/vc_row_inner][\/vc_column][vc_column width=\u00bb3\/4&#8243;][vc_gallery interval=\u00bb3&#8243; images=\u00bb3271,3276,3281&#8243; img_size=\u00bbfull\u00bb onclick=\u00bb\u00bb][vc_row_inner gap=\u00bb30&#8243; css=\u00bb.vc_custom_1640101056861{margin-top: 30px !important;}\u00bb][vc_column_inner width=\u00bb1\/2&#8243;][vc_btn title=\u00bbTABLA T\u00c9CNICA\u00bb style=\u00bboutline-custom\u00bb outline_custom_color=\u00bb#00955f\u00bb outline_custom_hover_background=\u00bb#00955f\u00bb outline_custom_hover_text=\u00bb#ffffff\u00bb shape=\u00bbsquare\u00bb align=\u00bbcenter\u00bb i_align=\u00bbright\u00bb i_icon_fontawesome=\u00bbfas fa-table\u00bb css_animation=\u00bbfadeIn\u00bb button_block=\u00bbtrue\u00bb add_icon=\u00bbtrue\u00bb link=\u00bburl:%2Fwp-content%2Fuploads%2F2026%2F02%2FSAPISELCO-TABELLE-MET-REV2-2026.pdf|target:_blank\u00bb][\/vc_column_inner][vc_column_inner width=\u00bb1\/2&#8243;][vc_btn title=\u00bbShop\u00bb style=\u00bboutline-custom\u00bb outline_custom_color=\u00bb#00955f\u00bb outline_custom_hover_background=\u00bb#00955f\u00bb outline_custom_hover_text=\u00bb#ffffff\u00bb shape=\u00bbsquare\u00bb align=\u00bbcenter\u00bb i_align=\u00bbright\u00bb i_icon_fontawesome=\u00bbfa fa-solid fa-cart-shopping\u00bb css_animation=\u00bbfadeIn\u00bb css=\u00bb\u00bb button_block=\u00bbtrue\u00bb add_icon=\u00bbtrue\u00bb link=\u00bburl:%2Fes%2Fcategoria-de-producto%2Fme-t%2F|target:_blank\u00bb el_class=\u00bbicon-circled inv-button\u00bb][\/vc_column_inner][\/vc_row_inner][\/vc_column][\/vc_row][vc_row][vc_column][vc_separator color=\u00bbcustom\u00bb border_width=\u00bb3&#8243; accent_color=\u00bb#00955f\u00bb][\/vc_column][\/vc_row][vc_row gap=\u00bb30&#8243;][vc_column width=\u00bb1\/4&#8243;][vc_column_text el_class=\u00bbnomargin\u00bb]<\/p>\n<h3><strong>Certificaciones<\/strong><\/h3>\n<p>[\/vc_column_text][vc_separator color=\u00bbcustom\u00bb align=\u00bbalign_left\u00bb border_width=\u00bb2&#8243; el_width=\u00bb20&#8243; css=\u00bb.vc_custom_1640085764009{margin-top: 15px !important;}\u00bb accent_color=\u00bb#bcbcbc\u00bb][vc_column_text]Para m\u00e1s informaci\u00f3n sobre las certificaciones de producto disponibles para cada art\u00edculo, env\u00ede un correo electr\u00f3nico a: <a class=\"accent\" href=\"mailto:info@sapiselco.com\">info@sapiselco.com<\/a>[\/vc_column_text][\/vc_column][vc_column width=\u00bb3\/4&#8243;][vc_row_inner gap=\u00bb15&#8243; css=\u00bb.vc_custom_1640091673148{padding-left: 30px !important;}\u00bb][vc_column_inner width=\u00bb1\/3&#8243;][vc_column_text css=\u00bb.vc_custom_1742291493631{margin-bottom: 0px !important;}\u00bb]<img decoding=\"async\" class=\"alignnone wp-image-1046\" role=\"img\" src=\"\/wp-content\/uploads\/2022\/10\/sapiselco-certificazione-UL.svg\" alt=\"\" height=\"54\" \/><br \/>\nProductos Type 21\/2, File E160935 (normas de referencia UL 62275, CSA-C22.2 N\u00b062275).[\/vc_column_text][\/vc_column_inner][vc_column_inner width=\u00bb1\/3&#8243;][vc_column_text css=\u00bb.vc_custom_1742291504398{margin-bottom: 0px !important;}\u00bb]<img decoding=\"async\" class=\"alignnone wp-image-1046\" role=\"img\" src=\"https:\/\/www.sapiselco.com\/wp-content\/uploads\/2023\/07\/sapiselco-certificazione-rina.svg\" alt=\"\" height=\"54\" \/><br \/>\nType Approval Certificate ELE494322CS (normas de referencia IEC 62275).[\/vc_column_text][\/vc_column_inner][vc_column_inner width=\u00bb1\/3&#8243;][vc_column_text css=\u00bb.vc_custom_1742291512457{margin-bottom: 0px !important;}\u00bb]<img decoding=\"async\" class=\"alignnone wp-image-58809\" src=\"\/wp-content\/uploads\/2022\/10\/sapiselco-certificazione-dnv.svg\" alt=\"\" height=\"54\" \/><br \/>\nType Approval Certificate n\u00b0 TAE00003E9 Rev. 01 (normas de referencia IEC 62275 y UL 62275).[\/vc_column_text][\/vc_column_inner][\/vc_row_inner][vc_row_inner gap=\u00bb15&#8243; css=\u00bb.vc_custom_1643634902909{padding-left: 30px !important;}\u00bb el_class=\u00bbnomargin\u00bb][vc_column_inner width=\u00bb1\/3&#8243;][vc_column_text css=\u00bb.vc_custom_1742291527250{margin-bottom: 0px !important;}\u00bb]<img decoding=\"async\" class=\"alignnone wp-image-1046\" role=\"img\" src=\"https:\/\/www.sapiselco.com\/wp-content\/uploads\/2023\/07\/sapiselco-certificazione-bureau_1.svg\" alt=\"\" height=\"54\" \/><br \/>\nCertificate of Type Approval n\u00b009113\/E0 BV (norma de referencia IEC 62275).[\/vc_column_text][\/vc_column_inner][vc_column_inner width=\u00bb1\/3&#8243;][vc_column_text]<img decoding=\"async\" class=\"alignnone wp-image-1046\" role=\"img\" src=\"\/wp-content\/uploads\/2022\/10\/sapiselco-certificazione-LR.svg\" alt=\"\" height=\"54\" \/><br \/>\nLR Type Approval Certificate n\u00b0LR24132926TA (normas de referencia IEC 62275).[\/vc_column_text][\/vc_column_inner][vc_column_inner width=\u00bb1\/3&#8243;][\/vc_column_inner][\/vc_row_inner][\/vc_column][\/vc_row][vc_row][vc_column][vc_separator color=\u00bbcustom\u00bb border_width=\u00bb3&#8243; accent_color=\u00bb#00955f\u00bb][\/vc_column][\/vc_row][vc_row][vc_column width=\u00bb1\/4&#8243;][vc_column_text el_class=\u00bbnomargin\u00bb]<\/p>\n<h3>Disponible en <strong>Materiales especiales<\/strong><\/h3>\n<p>[\/vc_column_text][vc_separator color=\u00bbcustom\u00bb align=\u00bbalign_left\u00bb border_width=\u00bb2&#8243; el_width=\u00bb20&#8243; css=\u00bb.vc_custom_1640085764009{margin-top: 15px !important;}\u00bb accent_color=\u00bb#bcbcbc\u00bb][vc_column_text]La PA6.6 con la que se fabrica la brida ME-T se mezcla con aditivos para crear productos que satisfagan <strong>las necesidades de las aplicaciones especiales<\/strong>.[\/vc_column_text][\/vc_column][vc_column width=\u00bb3\/4&#8243; css=\u00bb.vc_custom_1640096670523{padding-left: 30px !important;}\u00bb][vc_row_inner gap=\u00bb15&#8243; css=\u00bb.vc_custom_1644394897637{margin-top: -5px !important;margin-bottom: 0px !important;padding-bottom: 0px !important;}\u00bb][vc_column_inner width=\u00bb1\/2&#8243;]<div class=\"box-icon-modal icon-small\" data-modal=\"\">\n\t<img decoding=\"async\" src=\"\/wp-content\/uploads\/2021\/12\/fascette-speciali-basse-temperature.svg\" alt=\"Modal icon\" \/>\n\t<p>MATERIAL RESISTENTE A <strong>BAJAS TEMPERATURAS<\/strong><\/p>\n<\/div>\n[\/vc_column_inner][vc_column_inner width=\u00bb1\/2&#8243;]<div class=\"box-icon-modal icon-small\" data-modal=\"\">\n\t<img decoding=\"async\" src=\"\/wp-content\/uploads\/2021\/12\/fascette-speciali-metaldetect.svg\" alt=\"Modal icon\" \/>\n\t<p>MATERIAL DETECTABLE <strong>CON DETECTOR DE METALES<\/strong><\/p>\n<\/div>\n[\/vc_column_inner][\/vc_row_inner][vc_row_inner gap=\u00bb15&#8243; css=\u00bb.vc_custom_1644394890377{margin-bottom: 0px !important;padding-bottom: 0px !important;}\u00bb][vc_column_inner width=\u00bb1\/2&#8243;]<div class=\"box-icon-modal icon-small\" data-modal=\"\">\n\t<img decoding=\"async\" src=\"\/wp-content\/uploads\/2021\/12\/fascette-speciali-UV.svg\" alt=\"Modal icon\" \/>\n\t<p>MATERIAL ESTABILIZADO A LOS <strong>RAYOS ULTRAVIOLETAS<\/strong><\/p>\n<\/div>\n[\/vc_column_inner][vc_column_inner width=\u00bb1\/2&#8243;]<div class=\"box-icon-modal icon-small\" data-modal=\"\">\n\t<img decoding=\"async\" src=\"\/wp-content\/uploads\/2021\/12\/fascette-speciali-colorate.svg\" alt=\"Modal icon\" \/>\n\t<p>MATERIAL <strong>DE COLOR<\/strong><\/p>\n<\/div>\n[\/vc_column_inner][\/vc_row_inner][vc_row_inner][vc_column_inner][vc_column_text]Si desea m\u00e1s informaci\u00f3n sobre las bridas ME-T fabricadas con materiales especiales, env\u00ede un correo electr\u00f3nico a: <a class=\"accent\" href=\"mailto:info@sapiselco.com\">info@sapiselco.com<\/a>[\/vc_column_text][\/vc_column_inner][\/vc_row_inner][\/vc_column][\/vc_row]<\/p>\n<\/div>","protected":false},"excerpt":{"rendered":"[vc_row gap=\u00bb30&#8243;][vc_column width=\u00bb2\/3&#8243;][vc_column_text] Brida con diente de acero inoxidable [\/vc_column_text][\/vc_column][vc_column width=\u00bb1\/3&#8243;][vc_single_image image=\u00bb46816&#8243; img_size=\u00bbfull\u00bb alignment=\u00bbright\u00bb el_class=\u00bbproduct-brand\u00bb][\/vc_column][\/vc_row][vc_row gap=\u00bb30&#8243; css=\u00bb.vc_custom_1640103222300{margin-bottom: 0px !important;}\u00bb][vc_column width=\u00bb1\/4&#8243;][vc_column_text]La brida\u00a0ME-T\u00a0est\u00e1 hecha en poliamida 6.6 autoextinguible (UL94:V2) y se caracteriza por un cuerpo sin cremallera, bordes redondeados y una cabeza cuadrada con un diente de cierre de acero inoxidable, lo que le confiere una mayor <a href=\"https:\/\/www.sapiselco.com\/es\/bridas-me-t\/\" class=\"more-link\">&#8230;<\/a>","protected":false},"author":1,"featured_media":0,"parent":0,"menu_order":0,"comment_status":"closed","ping_status":"closed","template":"","meta":{"_acf_changed":false,"footnotes":""},"class_list":["post-48681","page","type-page","status-publish","hentry"],"acf":[],"_links":{"self":[{"href":"https:\/\/www.sapiselco.com\/es\/wp-json\/wp\/v2\/pages\/48681","targetHints":{"allow":["GET"]}}],"collection":[{"href":"https:\/\/www.sapiselco.com\/es\/wp-json\/wp\/v2\/pages"}],"about":[{"href":"https:\/\/www.sapiselco.com\/es\/wp-json\/wp\/v2\/types\/page"}],"author":[{"embeddable":true,"href":"https:\/\/www.sapiselco.com\/es\/wp-json\/wp\/v2\/users\/1"}],"replies":[{"embeddable":true,"href":"https:\/\/www.sapiselco.com\/es\/wp-json\/wp\/v2\/comments?post=48681"}],"version-history":[{"count":25,"href":"https:\/\/www.sapiselco.com\/es\/wp-json\/wp\/v2\/pages\/48681\/revisions"}],"predecessor-version":[{"id":60878,"href":"https:\/\/www.sapiselco.com\/es\/wp-json\/wp\/v2\/pages\/48681\/revisions\/60878"}],"wp:attachment":[{"href":"https:\/\/www.sapiselco.com\/es\/wp-json\/wp\/v2\/media?parent=48681"}],"curies":[{"name":"wp","href":"https:\/\/api.w.org\/{rel}","templated":true}]}}