{"id":48703,"date":"2022-01-31T15:00:23","date_gmt":"2022-01-31T14:00:23","guid":{"rendered":"https:\/\/www.sapiselco.com\/coll-collars\/"},"modified":"2026-03-11T12:46:02","modified_gmt":"2026-03-11T11:46:02","slug":"bridas-coll","status":"publish","type":"page","link":"https:\/\/www.sapiselco.com\/es\/bridas-coll\/","title":{"rendered":"Bridas COLL"},"content":{"rendered":"<div class=\"wpb-content-wrapper\"><p>[vc_row gap=\u00bb30&#8243;][vc_column width=\u00bb2\/3&#8243;][vc_column_text]<\/p>\n<h2>Bridas de <strong>una<\/strong> y <strong>dos cabezas<\/strong><\/h2>\n<p>[\/vc_column_text][\/vc_column][vc_column width=\u00bb1\/3&#8243; offset=\u00bbvc_hidden-sm vc_hidden-xs\u00bb][vc_single_image image=\u00bb46811&#8243; img_size=\u00bbfull\u00bb alignment=\u00bbright\u00bb el_class=\u00bbproduct-brand\u00bb][\/vc_column][\/vc_row][vc_row css=\u00bb.vc_custom_1640267924508{padding-bottom: 30px !important;}\u00bb][vc_column][vc_tta_tour style=\u00bbflat\u00bb shape=\u00bbsquare\u00bb gap=\u00bb30&#8243; active_section=\u00bb1&#8243; no_fill_content_area=\u00bbtrue\u00bb el_class=\u00bbtab-type-1&#8243;][vc_tta_section title=\u00bbUNA CABEZA\u00bb tab_id=\u00bbuna-cabeza\u00bb][vc_single_image image=\u00bb3341&#8243; img_size=\u00bbfull\u00bb el_class=\u00bbuna-cabeza tabImg\u00bb][vc_single_image image=\u00bb3231&#8243; img_size=\u00bbfull\u00bb][vc_column_text el_class=\u00bbsezione1&#8243;]La\u00a0<strong>brida<\/strong>\u00a0de\u00a0<strong>una cabeza Coll<\/strong>\u00a0est\u00e1 fabricada en tecnopol\u00edmero y se caracteriza por un cuerpo con cremallera externa, bordes redondeados y una \u00fanica cabeza horizontal. El material otorga al producto <strong>m\u00e1s flexibilidad, <\/strong>\u00a0su estructura permite un <strong>tama\u00f1o menor de la cabeza<\/strong>, as\u00ed como <strong>una mejor adherencia<\/strong> a la superficie aplicada. Tambi\u00e9n es apto para <strong>aplicaciones en exteriores<\/strong>.<\/p>\n<p>El producto est\u00e1 disponible con cargas de apertura en el rango<strong>:\u00a0250N \/ 25kg y 300N \/ 30kg<\/strong><\/p>\n<p>La\u00a0<strong>brida de una cabeza<\/strong>\u00a0debe aplicarse utilizando la herramienta espec\u00edfica (PIN. 005).[\/vc_column_text][vc_row_inner gap=\u00bb30&#8243;][vc_column_inner width=\u00bb1\/2&#8243;][vc_btn title=\u00bbTABLA T\u00c9CNICA\u00bb style=\u00bboutline-custom\u00bb outline_custom_color=\u00bb#00955f\u00bb outline_custom_hover_background=\u00bb#00955f\u00bb outline_custom_hover_text=\u00bb#ffffff\u00bb shape=\u00bbsquare\u00bb align=\u00bbcenter\u00bb i_align=\u00bbright\u00bb i_icon_fontawesome=\u00bbfas fa-table\u00bb css_animation=\u00bbfadeIn\u00bb button_block=\u00bbtrue\u00bb add_icon=\u00bbtrue\u00bb custom_onclick=\u00bbtrue\u00bb custom_onclick_code=\u00bbopenModal(\u00ab#table1\u00ab);\u00bb][\/vc_column_inner][vc_column_inner width=\u00bb1\/2&#8243;][vc_btn title=\u00bbShop\u00bb style=\u00bboutline-custom\u00bb outline_custom_color=\u00bb#00955f\u00bb outline_custom_hover_background=\u00bb#00955f\u00bb outline_custom_hover_text=\u00bb#ffffff\u00bb shape=\u00bbsquare\u00bb align=\u00bbcenter\u00bb i_align=\u00bbright\u00bb i_icon_fontawesome=\u00bbfa fa-solid fa-cart-shopping\u00bb css_animation=\u00bbfadeIn\u00bb css=\u00bb\u00bb button_block=\u00bbtrue\u00bb add_icon=\u00bbtrue\u00bb link=\u00bburl:%2Fes%2Fcategoria-de-producto%2Fbridas-coll%2F|target:_blank\u00bb el_class=\u00bbicon-circled inv-button\u00bb][\/vc_column_inner][\/vc_row_inner][vc_column_text]<\/p>\n<h3>Certificaciones <strong>de Producto<\/strong><\/h3>\n<p>[\/vc_column_text][vc_row_inner equal_height=\u00bbyes\u00bb css=\u00bb.vc_custom_1644253123994{margin-bottom: 0px !important;}\u00bb][vc_column_inner width=\u00bb1\/2&#8243;][vc_raw_html]JTNDZGl2JTIwc3R5bGUlM0QlMjJkaXNwbGF5JTNBZ3JpZCUzQiUyMGdyaWQtdGVtcGxhdGUtY29sdW1ucyUzQTUwcHglMjAxZnIlM0IlMjBncmlkLWdhcCUzQTEycHglM0IlMjIlM0UlMEElM0NkaXYlM0UlM0NpbWclMjBzcmMlM0QlMjIlMkZ3cC1jb250ZW50JTJGdXBsb2FkcyUyRjIwMjIlMkYwMiUyRkRGNDM4MkQ3OEY5NDBCOTIucG5nJTIyJTIwYWx0JTNEJTIyQ2VydGlmaWNhemlvbmUlMjBUVVYlMjIlMjAlMkYlM0UlM0MlMkZkaXYlM0UlMEElM0NkaXYlM0UlMkFDZXJ0aWZpY2FkbyUyMG4lQzIlQjAlMjBaMSUyMDA5NTA2OCUyMDAwMDIlMjBSZXYuJTIwMDElMjAlMjhub3JtYSUyMGRlJTIwcmVmZXJlbmNpYSUyMEVOJTIwNjIyNzUlMjkuJTNDJTJGZGl2JTNFJTBBJTNDJTJGZGl2JTNF[\/vc_raw_html][\/vc_column_inner][vc_column_inner width=\u00bb1\/2&#8243;][\/vc_column_inner][\/vc_row_inner][vc_separator color=\u00bbcustom\u00bb border_width=\u00bb2&#8243; accent_color=\u00bb#00955f\u00bb][vc_column_text]*El certificado n\u00b0 Z1 095068 0002 Rev. 01 no es v\u00e1lido para brida de una cabeza de tama\u00f1o 115x9mm<\/p>\n<p>Para m\u00e1s informaci\u00f3n sobre las certificaciones de producto, env\u00ede un correo electr\u00f3nico a: <a class=\"accent\" href=\"mailto:info@sapiselco.com\">info@sapiselco.com<\/a>[\/vc_column_text][\/vc_tta_section][vc_tta_section title=\u00bbCABEZA DOBLE\u00bb tab_id=\u00bbcabeza-doble\u00bb][vc_single_image image=\u00bb3336&#8243; img_size=\u00bbfull\u00bb el_class=\u00bbcabeza-doble tabImg\u00bb][vc_single_image image=\u00bb3432&#8243; img_size=\u00bbfull\u00bb][vc_column_text el_class=\u00bbsezione1&#8243;]La\u00a0<strong>brida<\/strong>\u00a0de\u00a0<strong> cabeza doble Coll<\/strong>\u00a0est\u00e1 fabricada en tecnopol\u00edmero y se caracteriza por un cuerpo con cremallera externa, bordes redondeados y una cabeza horizontal doble. El material otorga al producto <strong>m\u00e1s flexibilidad, <\/strong>\u00a0su estructura permite un <strong>tama\u00f1o menor de la cabeza<\/strong>, as\u00ed como <strong>una mejor adherencia<\/strong> a la superficie aplicada. Tambi\u00e9n es apto para <strong>aplicaciones en exteriores<\/strong>.<\/p>\n<p>El producto est\u00e1 disponible con carga de apertura:\u00a0<strong>400N \/ 40kg<\/strong><\/p>\n<p>La\u00a0<strong>brida de cabeza doble<\/strong>\u00a0debe aplicarse utilizando la herramienta espec\u00edfica (PIN. 005).[\/vc_column_text][vc_row_inner gap=\u00bb30&#8243;][vc_column_inner width=\u00bb1\/2&#8243;][vc_btn title=\u00bbTABLA T\u00c9CNICA\u00bb style=\u00bboutline-custom\u00bb outline_custom_color=\u00bb#00955f\u00bb outline_custom_hover_background=\u00bb#00955f\u00bb outline_custom_hover_text=\u00bb#ffffff\u00bb shape=\u00bbsquare\u00bb align=\u00bbcenter\u00bb i_align=\u00bbright\u00bb i_icon_fontawesome=\u00bbfas fa-table\u00bb css_animation=\u00bbfadeIn\u00bb button_block=\u00bbtrue\u00bb add_icon=\u00bbtrue\u00bb custom_onclick=\u00bbtrue\u00bb custom_onclick_code=\u00bbopenModal(\u00ab#table2\u00ab);\u00bb][\/vc_column_inner][vc_column_inner width=\u00bb1\/2&#8243;][\/vc_column_inner][\/vc_row_inner][vc_column_text]<\/p>\n<h3>Certificaciones <strong>de Producto<\/strong><\/h3>\n<p>[\/vc_column_text][vc_row_inner equal_height=\u00bbyes\u00bb css=\u00bb.vc_custom_1644253143095{margin-bottom: 0px !important;}\u00bb][vc_column_inner width=\u00bb1\/2&#8243;][vc_raw_html]JTNDZGl2JTIwc3R5bGUlM0QlMjJkaXNwbGF5JTNBZ3JpZCUzQiUyMGdyaWQtdGVtcGxhdGUtY29sdW1ucyUzQTUwcHglMjAxZnIlM0IlMjBncmlkLWdhcCUzQTEycHglM0IlMjIlM0UlMEElM0NkaXYlM0UlM0NpbWclMjBzcmMlM0QlMjIlMkZ3cC1jb250ZW50JTJGdXBsb2FkcyUyRjIwMjIlMkYwMiUyRkRGNDM4MkQ3OEY5NDBCOTIucG5nJTIyJTIwYWx0JTNEJTIyQ2VydGlmaWNhemlvbmUlMjBUVVYlMjIlMjAlMkYlM0UlM0MlMkZkaXYlM0UlMEElM0NkaXYlM0UlMkFDZXJ0aWZpY2FkbyUyMG4lQzIlQjAlMjBaMSUyMDA5NTA2OCUyMDAwMDIlMjBSZXYuJTIwMDElMjAlMjhub3JtYSUyMGRlJTIwcmVmZXJlbmNpYSUyMEVOJTIwNjIyNzUlMjkuJTNDJTJGZGl2JTNFJTBBJTNDJTJGZGl2JTNF[\/vc_raw_html][\/vc_column_inner][vc_column_inner width=\u00bb1\/2&#8243;][\/vc_column_inner][\/vc_row_inner][vc_separator color=\u00bbcustom\u00bb border_width=\u00bb2&#8243; accent_color=\u00bb#00955f\u00bb][vc_column_text]Para m\u00e1s informaci\u00f3n sobre las certificaciones de producto, env\u00ede un correo electr\u00f3nico a: <a class=\"accent\" href=\"mailto:info@sapiselco.com\">info@sapiselco.com<\/a>[\/vc_column_text][\/vc_tta_section][\/vc_tta_tour][vc_raw_js]JTNDc2NyaXB0JTNFJTBBdmFyJTIwJTI0aiUyMCUzRCUyMGpRdWVyeSUzQiUwQWZ1bmN0aW9uJTIwb3Blbk1vZGFsJTI4bW9kYWwlMjklN0IlMEF2YXIlMjBtb2RhbENvbnRhaW5lciUyMCUzRCUyMCUyNGolMjglMjcubW9kYWwtY29udGVudC1ib3glMjclMjklM0IlMEFtb2RhbENvbnRhaW5lci5odG1sJTI4JTI3JTI3JTI5JTNCJTBBdmFyJTIwbW9kYWxjb250ZW50JTIwJTNEJTIwJTI0aiUyOG1vZGFsJTI5Lmh0bWwlMjglMjklM0IlMEFtb2RhbENvbnRhaW5lci5odG1sJTI4bW9kYWxjb250ZW50JTI5LnNob3clMjglMjklM0IlMEElMjRqJTI4JTI3JTIzbW9kYWwtY29udGFpbmVyJTI3JTI5LmZhZGVJbiUyOCUyOSUzQiUwQSU3RCUwQSUzQyUyRnNjcmlwdCUzRQ==[\/vc_raw_js][\/vc_column][\/vc_row][vc_row el_id=\u00bbtable1&#8243; el_class=\u00bbmodal-box-content\u00bb][vc_column][vc_row_inner gap=\u00bb30&#8243; css=\u00bb.vc_custom_1644253160403{margin-bottom: 0px !important;padding-bottom: 0px !important;}\u00bb][vc_column_inner][vc_column_text css=\u00bb.vc_custom_1711440701020{margin-bottom: 0px !important;padding-bottom: 0px !important;}\u00bb]<\/p>\n<h4>Tabla t\u00e9cnica una cabeza<\/h4>\n<p><img loading=\"lazy\" decoding=\"async\" class=\"alignnone size-full wp-image-59412\" src=\"https:\/\/www.sapiselco.com\/wp-content\/uploads\/2024\/03\/tab-coll-testa-singola.jpg\" alt=\"\" width=\"1200\" height=\"579\" srcset=\"https:\/\/www.sapiselco.com\/wp-content\/uploads\/2024\/03\/tab-coll-testa-singola.jpg 1200w, https:\/\/www.sapiselco.com\/wp-content\/uploads\/2024\/03\/tab-coll-testa-singola-1024x494.jpg 1024w, https:\/\/www.sapiselco.com\/wp-content\/uploads\/2024\/03\/tab-coll-testa-singola-600x290.jpg 600w\" sizes=\"auto, (max-width: 1200px) 100vw, 1200px\" \/>[\/vc_column_text][\/vc_column_inner][\/vc_row_inner][\/vc_column][\/vc_row][vc_row el_id=\u00bbtable2&#8243; el_class=\u00bbmodal-box-content\u00bb][vc_column][vc_row_inner gap=\u00bb30&#8243; css=\u00bb.vc_custom_1644253170840{margin-bottom: 0px !important;padding-bottom: 0px !important;}\u00bb][vc_column_inner][vc_column_text css=\u00bb.vc_custom_1711440712789{margin-bottom: 0px !important;padding-bottom: 0px !important;}\u00bb]<\/p>\n<h4>Tabla t\u00e9cnica cabeza doble<\/h4>\n<p><img loading=\"lazy\" decoding=\"async\" class=\"alignnone size-full wp-image-59407\" src=\"https:\/\/www.sapiselco.com\/wp-content\/uploads\/2024\/03\/tab-coll-testa-doppia.jpg\" alt=\"\" width=\"1200\" height=\"417\" srcset=\"https:\/\/www.sapiselco.com\/wp-content\/uploads\/2024\/03\/tab-coll-testa-doppia.jpg 1200w, https:\/\/www.sapiselco.com\/wp-content\/uploads\/2024\/03\/tab-coll-testa-doppia-1024x356.jpg 1024w, https:\/\/www.sapiselco.com\/wp-content\/uploads\/2024\/03\/tab-coll-testa-doppia-600x209.jpg 600w\" sizes=\"auto, (max-width: 1200px) 100vw, 1200px\" \/>[\/vc_column_text][\/vc_column_inner][\/vc_row_inner][\/vc_column][\/vc_row]<\/p>\n<\/div>","protected":false},"excerpt":{"rendered":"[vc_row gap=\u00bb30&#8243;][vc_column width=\u00bb2\/3&#8243;][vc_column_text] Bridas de una y dos cabezas [\/vc_column_text][\/vc_column][vc_column width=\u00bb1\/3&#8243; offset=\u00bbvc_hidden-sm vc_hidden-xs\u00bb][vc_single_image image=\u00bb46811&#8243; img_size=\u00bbfull\u00bb alignment=\u00bbright\u00bb el_class=\u00bbproduct-brand\u00bb][\/vc_column][\/vc_row][vc_row css=\u00bb.vc_custom_1640267924508{padding-bottom: 30px !important;}\u00bb][vc_column][vc_tta_tour style=\u00bbflat\u00bb shape=\u00bbsquare\u00bb gap=\u00bb30&#8243; active_section=\u00bb1&#8243; no_fill_content_area=\u00bbtrue\u00bb el_class=\u00bbtab-type-1&#8243;][vc_tta_section title=\u00bbUNA CABEZA\u00bb tab_id=\u00bbuna-cabeza\u00bb][vc_single_image image=\u00bb3341&#8243; img_size=\u00bbfull\u00bb el_class=\u00bbuna-cabeza tabImg\u00bb][vc_single_image image=\u00bb3231&#8243; img_size=\u00bbfull\u00bb][vc_column_text el_class=\u00bbsezione1&#8243;]La\u00a0brida\u00a0de\u00a0una cabeza Coll\u00a0est\u00e1 fabricada en tecnopol\u00edmero y se caracteriza por un cuerpo con cremallera externa, bordes redondeados y una \u00fanica <a href=\"https:\/\/www.sapiselco.com\/es\/bridas-coll\/\" class=\"more-link\">&#8230;<\/a>","protected":false},"author":1,"featured_media":0,"parent":0,"menu_order":0,"comment_status":"closed","ping_status":"closed","template":"","meta":{"_acf_changed":false,"footnotes":""},"class_list":["post-48703","page","type-page","status-publish","hentry"],"acf":[],"_links":{"self":[{"href":"https:\/\/www.sapiselco.com\/es\/wp-json\/wp\/v2\/pages\/48703","targetHints":{"allow":["GET"]}}],"collection":[{"href":"https:\/\/www.sapiselco.com\/es\/wp-json\/wp\/v2\/pages"}],"about":[{"href":"https:\/\/www.sapiselco.com\/es\/wp-json\/wp\/v2\/types\/page"}],"author":[{"embeddable":true,"href":"https:\/\/www.sapiselco.com\/es\/wp-json\/wp\/v2\/users\/1"}],"replies":[{"embeddable":true,"href":"https:\/\/www.sapiselco.com\/es\/wp-json\/wp\/v2\/comments?post=48703"}],"version-history":[{"count":8,"href":"https:\/\/www.sapiselco.com\/es\/wp-json\/wp\/v2\/pages\/48703\/revisions"}],"predecessor-version":[{"id":60879,"href":"https:\/\/www.sapiselco.com\/es\/wp-json\/wp\/v2\/pages\/48703\/revisions\/60879"}],"wp:attachment":[{"href":"https:\/\/www.sapiselco.com\/es\/wp-json\/wp\/v2\/media?parent=48703"}],"curies":[{"name":"wp","href":"https:\/\/api.w.org\/{rel}","templated":true}]}}