{"id":48713,"date":"2022-01-31T17:08:43","date_gmt":"2022-01-31T16:08:43","guid":{"rendered":"https:\/\/www.sapiselco.com\/id-cable-ties\/"},"modified":"2026-03-11T12:50:02","modified_gmt":"2026-03-11T11:50:02","slug":"bridas-para-identificacion","status":"publish","type":"page","link":"https:\/\/www.sapiselco.com\/es\/bridas-para-identificacion\/","title":{"rendered":"Bridas para identificaci\u00f3n"},"content":{"rendered":"<div class=\"wpb-content-wrapper\"><p>[vc_row gap=\u00bb30&#8243;][vc_column][vc_column_text]<\/p>\n<h2>Bridas para <strong>identificaci\u00f3n<\/strong><\/h2>\n<p>[\/vc_column_text][\/vc_column][\/vc_row][vc_row css=\u00bb.vc_custom_1640267924508{padding-bottom: 30px !important;}\u00bb][vc_column][vc_tta_tour style=\u00bbflat\u00bb shape=\u00bbsquare\u00bb gap=\u00bb30&#8243; active_section=\u00bb1&#8243; no_fill_content_area=\u00bbtrue\u00bb el_class=\u00bbtab-type-1&#8243;][vc_tta_section title=\u00bbid 83x51mm\u00bb tab_id=\u00bbid-83-51&#8243;][vc_single_image image=\u00bb3426&#8243; img_size=\u00bbfull\u00bb el_class=\u00bbid-83-51 tabImg\u00bb][vc_single_image image=\u00bb3035&#8243; img_size=\u00bbfull\u00bb][vc_column_text el_class=\u00bbsezione1&#8243;]La brida\u00a0<strong>ID \u2013 83\u00d751\u00a0<\/strong>est\u00e1 hecha de\u00a0<strong>poliamida 6.6<\/strong>\u00a0y se caracteriza por un cuerpo con cremallera interna, bordes redondeados sin aristas, un diente de poliamida de 6,6 y una cabeza cuadrada con una<strong> etiqueta de 83\u00d751 mm<\/strong> para cumplir los requisitos de identificaci\u00f3n. El tama\u00f1o grande del soporte permite contener una gran cantidad de informaci\u00f3n, escrita o impresa.<\/p>\n<p>El producto est\u00e1 disponible con carga de apertura:\u00a0<strong>450N \/ 45kg.<\/strong><\/p>\n<p>La brida para identificaci\u00f3n ID \u2013 83\u00d751 puede ser\u00a0<strong>colocada a mano<\/strong>\u00a0o con una\u00a0<strong>pistola para tensar bridas<\/strong>.[\/vc_column_text][vc_row_inner gap=\u00bb30&#8243;][vc_column_inner width=\u00bb1\/2&#8243;][vc_btn title=\u00bbTABLA T\u00c9CNICA\u00bb style=\u00bboutline-custom\u00bb outline_custom_color=\u00bb#00955f\u00bb outline_custom_hover_background=\u00bb#00955f\u00bb outline_custom_hover_text=\u00bb#ffffff\u00bb shape=\u00bbsquare\u00bb align=\u00bbcenter\u00bb i_align=\u00bbright\u00bb i_icon_fontawesome=\u00bbfas fa-table\u00bb css_animation=\u00bbfadeIn\u00bb button_block=\u00bbtrue\u00bb add_icon=\u00bbtrue\u00bb custom_onclick=\u00bbtrue\u00bb custom_onclick_code=\u00bbopenModal(\u00ab#table3\u00ab);\u00bb][\/vc_column_inner][vc_column_inner width=\u00bb1\/2&#8243;][vc_btn title=\u00bbShop\u00bb style=\u00bboutline-custom\u00bb outline_custom_color=\u00bb#00955f\u00bb outline_custom_hover_background=\u00bb#00955f\u00bb outline_custom_hover_text=\u00bb#ffffff\u00bb shape=\u00bbsquare\u00bb align=\u00bbcenter\u00bb i_align=\u00bbright\u00bb i_icon_fontawesome=\u00bbfa fa-solid fa-cart-shopping\u00bb css_animation=\u00bbfadeIn\u00bb css=\u00bb\u00bb button_block=\u00bbtrue\u00bb add_icon=\u00bbtrue\u00bb link=\u00bburl:%2Fes%2Fcategoria-de-producto%2Fbridas-para-identificacion%2F\u00bb el_class=\u00bbicon-circled inv-button\u00bb][\/vc_column_inner][\/vc_row_inner][vc_row_inner][vc_column_inner][vc_column_text]<\/p>\n<h3>Personalizable en <strong>Materiales especiales<\/strong><\/h3>\n<p>[\/vc_column_text][vc_empty_space height=\u00bb15px\u00bb]<div class=\"box-icon-modal icon-small\" data-modal=\"\">\n\t<img decoding=\"async\" src=\"\/wp-content\/uploads\/2021\/12\/fascette-speciali-colorate.svg\" alt=\"Modal icon\" \/>\n\t<p>BRIDA <strong>DE COLOR<\/strong><\/p>\n<\/div>\n[vc_column_text]Para m\u00e1s informaci\u00f3n sobre las bridas ID de color, env\u00ede un correo electr\u00f3nico a: <a class=\"accent\" href=\"mailto:info@sapiselco.com\">info@sapiselco.com<\/a>[\/vc_column_text][\/vc_column_inner][\/vc_row_inner][\/vc_tta_section][vc_tta_section title=\u00bbid 35x13mm\u00bb tab_id=\u00bbid-35-13&#8243;][vc_single_image image=\u00bb3416&#8243; img_size=\u00bbfull\u00bb el_class=\u00bbid-35-13 tabImg\u00bb][vc_single_image image=\u00bb3045&#8243; img_size=\u00bbfull\u00bb][vc_column_text el_class=\u00bbsezione1&#8243;]La brida\u00a0<strong>ID \u2013 35\u00d713\u00a0<\/strong>est\u00e1 hecha de\u00a0<strong>poliamida 6.6<\/strong>\u00a0autoextinguible (UL94:V2) y se caracteriza por un cuerpo con cremallera interna, bordes redondeados sin aristas, un diente de poliamida de 6,6 y una cabeza cuadrada con una <strong>etiqueta de 35\u00d713<\/strong> mm para cumplir los requisitos de identificaci\u00f3n.<\/p>\n<p>El producto est\u00e1 disponible con carga de apertura:\u00a0<strong>220N \/ 22kg.<\/strong><\/p>\n<p>La brida ID \u2013\u00a0 35\u00d713 puede ser\u00a0<strong>colocada a mano<\/strong>\u00a0o con una\u00a0<strong>pistola para tensar bridas<\/strong>.[\/vc_column_text][vc_row_inner gap=\u00bb30&#8243;][vc_column_inner width=\u00bb1\/2&#8243;][vc_btn title=\u00bbTABLA T\u00c9CNICA\u00bb style=\u00bboutline-custom\u00bb outline_custom_color=\u00bb#00955f\u00bb outline_custom_hover_background=\u00bb#00955f\u00bb outline_custom_hover_text=\u00bb#ffffff\u00bb shape=\u00bbsquare\u00bb align=\u00bbcenter\u00bb i_align=\u00bbright\u00bb i_icon_fontawesome=\u00bbfas fa-table\u00bb css_animation=\u00bbfadeIn\u00bb button_block=\u00bbtrue\u00bb add_icon=\u00bbtrue\u00bb custom_onclick=\u00bbtrue\u00bb custom_onclick_code=\u00bbopenModal(\u00ab#table2\u00ab);\u00bb][\/vc_column_inner][vc_column_inner width=\u00bb1\/2&#8243;][vc_btn title=\u00bbShop\u00bb style=\u00bboutline-custom\u00bb outline_custom_color=\u00bb#00955f\u00bb outline_custom_hover_background=\u00bb#00955f\u00bb outline_custom_hover_text=\u00bb#ffffff\u00bb shape=\u00bbsquare\u00bb align=\u00bbcenter\u00bb i_align=\u00bbright\u00bb i_icon_fontawesome=\u00bbfa fa-solid fa-cart-shopping\u00bb css_animation=\u00bbfadeIn\u00bb css=\u00bb\u00bb button_block=\u00bbtrue\u00bb add_icon=\u00bbtrue\u00bb link=\u00bburl:%2Fes%2Fcategoria-de-producto%2Fbridas-para-identificacion%2F\u00bb el_class=\u00bbicon-circled inv-button\u00bb][\/vc_column_inner][\/vc_row_inner][vc_row_inner][vc_column_inner][vc_column_text]<\/p>\n<h3>Personalizable en <strong>Materiales especiales<\/strong><\/h3>\n<p>[\/vc_column_text][vc_empty_space height=\u00bb15px\u00bb]<div class=\"box-icon-modal icon-small\" data-modal=\"\">\n\t<img decoding=\"async\" src=\"\/wp-content\/uploads\/2021\/12\/fascette-speciali-colorate.svg\" alt=\"Modal icon\" \/>\n\t<p>BRIDA <strong>DE COLOR<\/strong><\/p>\n<\/div>\n[vc_column_text]Para m\u00e1s informaci\u00f3n sobre las bridas ID de color, env\u00ede un correo electr\u00f3nico a: <a class=\"accent\" href=\"mailto:info@sapiselco.com\">info@sapiselco.com<\/a>[\/vc_column_text][\/vc_column_inner][\/vc_row_inner][\/vc_tta_section][vc_tta_section title=\u00bbid 8x25mm\u00bb tab_id=\u00bbid-8-25&#8243;][vc_single_image image=\u00bb3421&#8243; img_size=\u00bbfull\u00bb el_class=\u00bbid-8-25 tabImg\u00bb][vc_single_image image=\u00bb3055&#8243; img_size=\u00bbfull\u00bb][vc_column_text el_class=\u00bbsezione1&#8243;]The <strong>ID \u2013 8\u00d725 <\/strong>cable tie is made of <strong>self-extinguishing polyamide 6.6 (UL94:V2)<\/strong>. It consists of a body with an internal rack with smooth rounded edges, a polyamide 6.6 tooth and a square head with an <strong>8\u00d725 mm ID tag<\/strong>.<\/p>\n<p>The product is available with a tensile strength of: <strong>90N \/ 9kg<\/strong>.<\/p>\n<p>ID &#8211; 8 x 25 cable ties can be <strong>applied by hand <\/strong>or with a <strong>cable tie tensioning tool<\/strong>.[\/vc_column_text][vc_row_inner gap=\u00bb30&#8243;][vc_column_inner width=\u00bb1\/2&#8243;][vc_btn title=\u00bbTABLA T\u00c9CNICA\u00bb style=\u00bboutline-custom\u00bb outline_custom_color=\u00bb#00955f\u00bb outline_custom_hover_background=\u00bb#00955f\u00bb outline_custom_hover_text=\u00bb#ffffff\u00bb shape=\u00bbsquare\u00bb align=\u00bbcenter\u00bb i_align=\u00bbright\u00bb i_icon_fontawesome=\u00bbfas fa-table\u00bb css_animation=\u00bbfadeIn\u00bb button_block=\u00bbtrue\u00bb add_icon=\u00bbtrue\u00bb custom_onclick=\u00bbtrue\u00bb custom_onclick_code=\u00bbopenModal(\u00ab#table1\u00ab);\u00bb][\/vc_column_inner][vc_column_inner width=\u00bb1\/2&#8243;][vc_btn title=\u00bbShop\u00bb style=\u00bboutline-custom\u00bb outline_custom_color=\u00bb#00955f\u00bb outline_custom_hover_background=\u00bb#00955f\u00bb outline_custom_hover_text=\u00bb#ffffff\u00bb shape=\u00bbsquare\u00bb align=\u00bbcenter\u00bb i_align=\u00bbright\u00bb i_icon_fontawesome=\u00bbfa fa-solid fa-cart-shopping\u00bb css_animation=\u00bbfadeIn\u00bb css=\u00bb\u00bb button_block=\u00bbtrue\u00bb add_icon=\u00bbtrue\u00bb link=\u00bburl:%2Fes%2Fcategoria-de-producto%2Fbridas-para-identificacion%2F\u00bb el_class=\u00bbicon-circled inv-button\u00bb][\/vc_column_inner][\/vc_row_inner][vc_row_inner][vc_column_inner][vc_column_text]<\/p>\n<h3>Personalizable en <strong>Materiales especiales<\/strong><\/h3>\n<p>[\/vc_column_text][vc_empty_space height=\u00bb15px\u00bb]<div class=\"box-icon-modal icon-small\" data-modal=\"\">\n\t<img decoding=\"async\" src=\"\/wp-content\/uploads\/2021\/12\/fascette-speciali-colorate.svg\" alt=\"Modal icon\" \/>\n\t<p>BRIDA <strong>DE COLOR<\/strong><\/p>\n<\/div>\n[vc_column_text]Para m\u00e1s informaci\u00f3n sobre las bridas ID de color, env\u00ede un correo electr\u00f3nico a: <a class=\"accent\" href=\"mailto:info@sapiselco.com\">info@sapiselco.com<\/a>[\/vc_column_text][\/vc_column_inner][\/vc_row_inner][\/vc_tta_section][\/vc_tta_tour][vc_raw_js]JTNDc2NyaXB0JTNFJTBBdmFyJTIwJTI0aiUyMCUzRCUyMGpRdWVyeSUzQiUwQWZ1bmN0aW9uJTIwb3Blbk1vZGFsJTI4bW9kYWwlMjklN0IlMEF2YXIlMjBtb2RhbENvbnRhaW5lciUyMCUzRCUyMCUyNGolMjglMjcubW9kYWwtY29udGVudC1ib3glMjclMjklM0IlMEFtb2RhbENvbnRhaW5lci5odG1sJTI4JTI3JTI3JTI5JTNCJTBBdmFyJTIwbW9kYWxjb250ZW50JTIwJTNEJTIwJTI0aiUyOG1vZGFsJTI5Lmh0bWwlMjglMjklM0IlMEFtb2RhbENvbnRhaW5lci5odG1sJTI4bW9kYWxjb250ZW50JTI5LnNob3clMjglMjklM0IlMEElMjRqJTI4JTI3JTIzbW9kYWwtY29udGFpbmVyJTI3JTI5LmZhZGVJbiUyOCUyOSUzQiUwQSU3RCUwQSUzQyUyRnNjcmlwdCUzRQ==[\/vc_raw_js][\/vc_column][\/vc_row][vc_row el_id=\u00bbtable1&#8243; el_class=\u00bbmodal-box-content\u00bb][vc_column][vc_row_inner gap=\u00bb30&#8243; css=\u00bb.vc_custom_1644311905804{margin-bottom: 0px !important;padding-bottom: 0px !important;}\u00bb][vc_column_inner css=\u00bb.vc_custom_1644311912204{margin-bottom: 0px !important;padding-bottom: 0px !important;}\u00bb][vc_column_text css=\u00bb.vc_custom_1657795676545{margin-bottom: 0px !important;padding-bottom: 0px !important;}\u00bb]<\/p>\n<h4>8x25mm Tabla T\u00e9cnica<\/h4>\n<p><img loading=\"lazy\" decoding=\"async\" class=\"alignnone size-full wp-image-3596\" src=\"https:\/\/www.sapiselco.com\/wp-content\/uploads\/2022\/02\/tab-ident-targhetta-8x25-1.jpg\" alt=\"\" width=\"1200\" height=\"238\" srcset=\"https:\/\/www.sapiselco.com\/wp-content\/uploads\/2022\/02\/tab-ident-targhetta-8x25-1.jpg 1200w, https:\/\/www.sapiselco.com\/wp-content\/uploads\/2022\/02\/tab-ident-targhetta-8x25-1-1024x203.jpg 1024w, https:\/\/www.sapiselco.com\/wp-content\/uploads\/2022\/02\/tab-ident-targhetta-8x25-1-600x119.jpg 600w\" sizes=\"auto, (max-width: 1200px) 100vw, 1200px\" \/>[\/vc_column_text][\/vc_column_inner][\/vc_row_inner][\/vc_column][\/vc_row][vc_row el_id=\u00bbtable2&#8243; el_class=\u00bbmodal-box-content\u00bb][vc_column][vc_row_inner gap=\u00bb30&#8243; css=\u00bb.vc_custom_1644311851439{margin-bottom: 0px !important;padding-bottom: 0px !important;}\u00bb][vc_column_inner][vc_column_text css=\u00bb.vc_custom_1657795687271{margin-bottom: 0px !important;padding-bottom: 0px !important;}\u00bb]<\/p>\n<h4>35x13mm Tabla T\u00e9cnica<\/h4>\n<p><img loading=\"lazy\" decoding=\"async\" class=\"alignnone size-full wp-image-3601\" src=\"https:\/\/www.sapiselco.com\/wp-content\/uploads\/2022\/02\/tab-ident-targhetta-35x13-1.jpg\" alt=\"\" width=\"1200\" height=\"238\" srcset=\"https:\/\/www.sapiselco.com\/wp-content\/uploads\/2022\/02\/tab-ident-targhetta-35x13-1.jpg 1200w, https:\/\/www.sapiselco.com\/wp-content\/uploads\/2022\/02\/tab-ident-targhetta-35x13-1-1024x203.jpg 1024w, https:\/\/www.sapiselco.com\/wp-content\/uploads\/2022\/02\/tab-ident-targhetta-35x13-1-600x119.jpg 600w\" sizes=\"auto, (max-width: 1200px) 100vw, 1200px\" \/>[\/vc_column_text][\/vc_column_inner][\/vc_row_inner][\/vc_column][\/vc_row][vc_row el_id=\u00bbtable3&#8243; el_class=\u00bbmodal-box-content\u00bb css=\u00bb.vc_custom_1644311867769{margin-bottom: 0px !important;padding-bottom: 0px !important;}\u00bb][vc_column][vc_row_inner gap=\u00bb30&#8243;][vc_column_inner][vc_column_text css=\u00bb.vc_custom_1657795700193{margin-bottom: 0px !important;padding-bottom: 0px !important;}\u00bb]<\/p>\n<h4>83x51mm Tabla T\u00e9cnica<\/h4>\n<p><img loading=\"lazy\" decoding=\"async\" class=\"alignnone size-full wp-image-3606\" src=\"https:\/\/www.sapiselco.com\/wp-content\/uploads\/2022\/02\/tab-ident-maxi-targhetta.jpg\" alt=\"\" width=\"1200\" height=\"182\" srcset=\"https:\/\/www.sapiselco.com\/wp-content\/uploads\/2022\/02\/tab-ident-maxi-targhetta.jpg 1200w, https:\/\/www.sapiselco.com\/wp-content\/uploads\/2022\/02\/tab-ident-maxi-targhetta-1024x155.jpg 1024w, https:\/\/www.sapiselco.com\/wp-content\/uploads\/2022\/02\/tab-ident-maxi-targhetta-600x91.jpg 600w\" sizes=\"auto, (max-width: 1200px) 100vw, 1200px\" \/>[\/vc_column_text][\/vc_column_inner][\/vc_row_inner][\/vc_column][\/vc_row]<\/p>\n<\/div>","protected":false},"excerpt":{"rendered":"[vc_row gap=\u00bb30&#8243;][vc_column][vc_column_text] Bridas para identificaci\u00f3n [\/vc_column_text][\/vc_column][\/vc_row][vc_row css=\u00bb.vc_custom_1640267924508{padding-bottom: 30px !important;}\u00bb][vc_column][vc_tta_tour style=\u00bbflat\u00bb shape=\u00bbsquare\u00bb gap=\u00bb30&#8243; active_section=\u00bb1&#8243; no_fill_content_area=\u00bbtrue\u00bb el_class=\u00bbtab-type-1&#8243;][vc_tta_section title=\u00bbid 83x51mm\u00bb tab_id=\u00bbid-83-51&#8243;][vc_single_image image=\u00bb3426&#8243; img_size=\u00bbfull\u00bb el_class=\u00bbid-83-51 tabImg\u00bb][vc_single_image image=\u00bb3035&#8243; img_size=\u00bbfull\u00bb][vc_column_text el_class=\u00bbsezione1&#8243;]La brida\u00a0ID \u2013 83\u00d751\u00a0est\u00e1 hecha de\u00a0poliamida 6.6\u00a0y se caracteriza por un cuerpo con cremallera interna, bordes redondeados sin aristas, un diente de poliamida de 6,6 y una cabeza cuadrada con una <a href=\"https:\/\/www.sapiselco.com\/es\/bridas-para-identificacion\/\" class=\"more-link\">&#8230;<\/a>","protected":false},"author":1,"featured_media":0,"parent":0,"menu_order":0,"comment_status":"closed","ping_status":"closed","template":"","meta":{"_acf_changed":false,"footnotes":""},"class_list":["post-48713","page","type-page","status-publish","hentry"],"acf":[],"_links":{"self":[{"href":"https:\/\/www.sapiselco.com\/es\/wp-json\/wp\/v2\/pages\/48713","targetHints":{"allow":["GET"]}}],"collection":[{"href":"https:\/\/www.sapiselco.com\/es\/wp-json\/wp\/v2\/pages"}],"about":[{"href":"https:\/\/www.sapiselco.com\/es\/wp-json\/wp\/v2\/types\/page"}],"author":[{"embeddable":true,"href":"https:\/\/www.sapiselco.com\/es\/wp-json\/wp\/v2\/users\/1"}],"replies":[{"embeddable":true,"href":"https:\/\/www.sapiselco.com\/es\/wp-json\/wp\/v2\/comments?post=48713"}],"version-history":[{"count":13,"href":"https:\/\/www.sapiselco.com\/es\/wp-json\/wp\/v2\/pages\/48713\/revisions"}],"predecessor-version":[{"id":60881,"href":"https:\/\/www.sapiselco.com\/es\/wp-json\/wp\/v2\/pages\/48713\/revisions\/60881"}],"wp:attachment":[{"href":"https:\/\/www.sapiselco.com\/es\/wp-json\/wp\/v2\/media?parent=48713"}],"curies":[{"name":"wp","href":"https:\/\/api.w.org\/{rel}","templated":true}]}}