{"id":48723,"date":"2021-12-23T12:40:28","date_gmt":"2021-12-23T11:40:28","guid":{"rendered":"https:\/\/www.sapiselco.com\/special-cable-ties\/"},"modified":"2026-03-11T12:55:59","modified_gmt":"2026-03-11T11:55:59","slug":"bridas-especiales","status":"publish","type":"page","link":"https:\/\/www.sapiselco.com\/es\/bridas-especiales\/","title":{"rendered":"Bridas especiales"},"content":{"rendered":"<div class=\"wpb-content-wrapper\"><p>[vc_row gap=\u00bb30&#8243;][vc_column width=\u00bb2\/3&#8243;][vc_column_text]<\/p>\n<h2>Bridas de <strong>dise\u00f1o especial<\/strong><\/h2>\n<p>[\/vc_column_text][\/vc_column][vc_column width=\u00bb1\/3&#8243; offset=\u00bbvc_hidden-sm vc_hidden-xs\u00bb][\/vc_column][\/vc_row][vc_row css=\u00bb.vc_custom_1640267924508{padding-bottom: 30px !important;}\u00bb][vc_column][vc_tta_tour style=\u00bbflat\u00bb shape=\u00bbsquare\u00bb gap=\u00bb30&#8243; active_section=\u00bb1&#8243; no_fill_content_area=\u00bbtrue\u00bb el_class=\u00bbtab-type-1&#8243;][vc_tta_section title=\u00bbA PRESI\u00d3N\u00bb tab_id=\u00bbpresion\u00bb][vc_single_image image=\u00bb2861&#8243; img_size=\u00bbfull\u00bb el_class=\u00bbpresion tabImg\u00bb][vc_single_image image=\u00bb3970&#8243; img_size=\u00bbfull\u00bb][vc_column_text el_class=\u00bbsezione1&#8243;]La brida <strong>Sca<\/strong> est\u00e1 hecha de <strong>poliamida 6.6 autoextinguible (UL94:V2)<\/strong> y se caracteriza por un cuerpo con cremallera interna con bordes redondeados y sin aristas vivas y una cabeza cuadrada con arp\u00f3n de poliamida 6.6 que permite engancharla a chapas con agujero pasante.<\/p>\n<p>El producto est\u00e1 disponible con cargas de apertura comprendidas en el rango<strong>90N \/ 9kg y 150N \/ 15kg.<\/strong><\/p>\n<p>El <strong>arp\u00f3n<\/strong>\u00a0se puede introducir\u00a0<strong> a mano<\/strong>, la\u00a0<strong>brida<\/strong>\u00a0 tambi\u00e9n puede ser aplicada\u00a0<strong>con<\/strong>\u00a0una\u00a0<strong>pistola para tensar bridas<\/strong>.[\/vc_column_text][vc_column_text]<\/p>\n<h4>Tabla T\u00e9cnica<\/h4>\n<p>[\/vc_column_text][vc_single_image image=\u00bb60159&#8243; img_size=\u00bbfull\u00bb][\/vc_tta_section][vc_tta_section title=\u00bbOJAL\u00bb tab_id=\u00bbojal\u00bb][vc_single_image image=\u00bb2856&#8243; img_size=\u00bbfull\u00bb el_class=\u00bbojal tabImg\u00bb][vc_single_image image=\u00bb3957&#8243; img_size=\u00bbfull\u00bb][vc_column_text el_class=\u00bbsezione1&#8243;]La brida <strong>Och<\/strong> est\u00e1 hecha de <strong>poliamida 6.6 autoextinguible (UL94:V2)<\/strong> y se caracteriza por un cuerpo con cremallera interna, bordes redondeados sin aristas vivas y una cabeza cuadrada con un diente de poliamida 6.6. y de un ojal que permite anclar el producto en diferentes superficies.<\/p>\n<p>El producto est\u00e1 disponible con carga de apertura:\u00a0<strong>220N \/ 22kg<\/strong><\/p>\n<p>La brida con ojal Och puede ser\u00a0<strong>colocada a mano<\/strong>\u00a0o con una\u00a0<strong>pistola para tensar bridas<\/strong>.[\/vc_column_text][vc_column_text]<\/p>\n<h4>Tabla T\u00e9cnica<\/h4>\n<p>[\/vc_column_text][vc_single_image image=\u00bb4029&#8243; img_size=\u00bbfull\u00bb][vc_row_inner][vc_column_inner][vc_column_text]<\/p>\n<h3>Personalizable en <strong>Materiales especiales<\/strong><\/h3>\n<p>[\/vc_column_text][vc_empty_space height=\u00bb15px\u00bb]<div class=\"box-icon-modal icon-small\" data-modal=\"\">\n\t<img decoding=\"async\" src=\"\/wp-content\/uploads\/2021\/12\/fascette-speciali-UV.svg\" alt=\"Modal icon\" \/>\n\t<p>RESISTENTE A LOS <strong>RAYOS UV<\/strong><\/p>\n<\/div>\n[vc_column_text]Para m\u00e1s informaci\u00f3n sobre las bridas con ojal resistentes a los rayos UV, env\u00ede un correo electr\u00f3nico a: <a class=\"accent\" href=\"mailto:info@sapiselco.com\">info@sapiselco.com<\/a>[\/vc_column_text][\/vc_column_inner][\/vc_row_inner][\/vc_tta_section][vc_tta_section title=\u00bbCREMALLERA EXTERNA CON SOPORTE A PRESI\u00d3N CON ALETAS\u00bb tab_id=\u00bbexterna\u00bb][vc_single_image image=\u00bb2851&#8243; img_size=\u00bbfull\u00bb el_class=\u00bbexterna tabImg\u00bb][vc_single_image image=\u00bb3951&#8243; img_size=\u00bbfull\u00bb][vc_column_text]La brida\u00a0<strong>Lam\u00a0<\/strong>est\u00e1 realizada de\u00a0<strong>poliamida 6.6 autoextinguible (UL94:V2)<\/strong>\u00a0y se caracteriza por un cuerpo con cremallera externa, bordes redondeados y una cabeza cuadrada con un soporte a presi\u00f3n con aletas de poliamida 6.6. Con este sistema, es posible anclar la abrazadera en agujeros ciegos sin riesgo de da\u00f1ar la superficie de aplicaci\u00f3n. El di\u00e1metro m\u00ednimo de sujeci\u00f3n es igual a cero.<\/p>\n<p>El producto est\u00e1 disponible con carga de apertura:\u00a0<strong>110N \/ 11kg<\/strong><\/p>\n<p>El\u00a0<strong>soporte<\/strong>\u00a0puede ser\u00a0<strong>aplicado a mano<\/strong>, la\u00a0<strong>brida<\/strong>\u00a0<strong>tambi\u00e9n<\/strong>\u00a0con una\u00a0<strong>pistola para tensar bridas<\/strong>.[\/vc_column_text][vc_column_text]<\/p>\n<h4>Tabla T\u00e9cnica<\/h4>\n<p>[\/vc_column_text][vc_single_image image=\u00bb3615&#8243; img_size=\u00bbfull\u00bb][\/vc_tta_section][vc_tta_section title=\u00bbCABEZA PLANA\u00bb tab_id=\u00bbcabeza-plana\u00bb][vc_single_image image=\u00bb2866&#8243; img_size=\u00bbfull\u00bb el_class=\u00bbcabeza-plana tabImg\u00bb][vc_single_image image=\u00bb3994&#8243; img_size=\u00bbfull\u00bb][vc_column_text el_class=\u00bbsezione1&#8243;]La brida\u00a0<strong>Tor\u00a0<\/strong>est\u00e1 hecha de\u00a0<strong>poliamida 6.6 autoextinguible (UL94:V2)<\/strong>\u00a0y se caracteriza por un cuerpo con cremallera externa, bordes redondeados y una cabeza \u00fanica horizontal plana que ocupa un espacio m\u00ednimo en las aplicaciones.<\/p>\n<p>El producto est\u00e1 disponible con carga de apertura:\u00a0<strong>500N \/ 50kg.<\/strong><\/p>\n<p>La brida de cabeza plana Tor puede ser aplicada<strong> a mano.<\/strong>[\/vc_column_text][vc_column_text]<\/p>\n<h4>Tabla T\u00e9cnica<\/h4>\n<p>[\/vc_column_text][vc_single_image image=\u00bb59139&#8243; img_size=\u00bbfull\u00bb][vc_row_inner][vc_column_inner][vc_column_text]<\/p>\n<h3>Personalizable en <strong>Materiales especiales<\/strong><\/h3>\n<p>[\/vc_column_text][vc_empty_space height=\u00bb15px\u00bb]<div class=\"box-icon-modal icon-small\" data-modal=\"\">\n\t<img decoding=\"async\" src=\"\/wp-content\/uploads\/2021\/12\/fascette-speciali-colorate.svg\" alt=\"Modal icon\" \/>\n\t<p>BRIDA <strong>DE COLOR<\/strong><\/p>\n<\/div>\n[vc_column_text]Para m\u00e1s informaci\u00f3n sobre las bridas de cabeza plana, env\u00ede un correo electr\u00f3nico a: <a class=\"accent\" href=\"mailto:info@sapiselco.com\">info@sapiselco.com<\/a>[\/vc_column_text][\/vc_column_inner][\/vc_row_inner][\/vc_tta_section][vc_tta_section title=\u00bbHEBILLA\u00bb tab_id=\u00bbhebilla\u00bb][vc_single_image image=\u00bb2846&#8243; img_size=\u00bbfull\u00bb el_class=\u00bbhebilla tabImg\u00bb][vc_single_image image=\u00bb3989&#8243; img_size=\u00bbfull\u00bb][vc_column_text el_class=\u00bbsezione1&#8243;]La brida <strong>Aso<\/strong> est\u00e1 hecha de <strong>poliamida 6.6 autoextinguible (UL94:V2)<\/strong> y se caracteriza por un cuerpo con cremallera interna con bordes redondeados sin aristas vivas, por un diente de poliamida 6.6 y una cabeza cuadrada con<strong> enganche para el sobrante<\/strong>, que podr\u00e1 introducirse en la hebilla para ahorrar el tiempo de corte.<\/p>\n<p>El producto est\u00e1 disponible con carga de apertura:\u00a0<strong>980N \/ 98kg.<\/strong><\/p>\n<p>La brida con hebilla Aso puede ser\u00a0<strong>colocada a mano<\/strong>\u00a0o con una\u00a0<strong>pistola para tensar bridas<\/strong>.[\/vc_column_text][vc_column_text]<\/p>\n<h4>Tabla T\u00e9cnica<\/h4>\n<p>[\/vc_column_text][vc_single_image image=\u00bb3626&#8243; img_size=\u00bbfull\u00bb][\/vc_tta_section][vc_tta_section title=\u00bbSOPORTE\u00bb tab_id=\u00bbsoporte\u00bb][vc_single_image image=\u00bb2871&#8243; img_size=\u00bbfull\u00bb el_class=\u00bbsoporte tabImg\u00bb][vc_single_image image=\u00bb4017&#8243; img_size=\u00bbfull\u00bb][vc_column_text el_class=\u00bbsezione1&#8243;]La brida\u00a0<strong>Fsu\u00a0<\/strong>est\u00e1 fabricada en poliamida 6.6 autoextinguible <strong>\u00a0(UL94:V2)<\/strong> y se caracteriza por un cuerpo con cremallera interna, bordes redondeados sin aristas vivas, un diente de poliamida 6.6 y una cabeza rectangular con orificio pasante roscado (puede combinarse con tacos roscados c\u00f3d. ALF), ideal para la fijaci\u00f3n y el soporte de conductos de cables.<\/p>\n<p>El producto est\u00e1 disponible con carga de apertura:\u00a0<strong>300N \/ 30kg.<\/strong><\/p>\n<p>La brida con soporte Fsu puede ser\u00a0<strong>colocada a mano<\/strong>\u00a0o con una\u00a0<strong>pistola para tensar bridas<\/strong>.[\/vc_column_text][vc_column_text]<\/p>\n<h4>Tabla T\u00e9cnica<\/h4>\n<p>[\/vc_column_text][vc_single_image image=\u00bb60104&#8243; img_size=\u00bbfull\u00bb][vc_row_inner][vc_column_inner][vc_column_text]<\/p>\n<h3>Personalizable en <strong>Materiales especiales<\/strong><\/h3>\n<p>[\/vc_column_text][vc_empty_space height=\u00bb15px\u00bb]<div class=\"box-icon-modal icon-small\" data-modal=\"\">\n\t<img decoding=\"async\" src=\"\/wp-content\/uploads\/2021\/12\/fascette-speciali-colorate.svg\" alt=\"Modal icon\" \/>\n\t<p>BRIDA <strong>DE COLOR<\/strong><\/p>\n<\/div>\n[vc_column_text]Para m\u00e1s informaci\u00f3n sobre las bridas de color con soporte, env\u00ede un correo electr\u00f3nico a: <a class=\"accent\" href=\"mailto:info@sapiselco.com\">info@sapiselco.com<\/a>[\/vc_column_text][vc_btn title=\u00bbShop\u00bb style=\u00bboutline-custom\u00bb outline_custom_color=\u00bb#00955F\u00bb outline_custom_hover_background=\u00bb#00955F\u00bb shape=\u00bbsquare\u00bb align=\u00bbcenter\u00bb i_align=\u00bbright\u00bb i_icon_fontawesome=\u00bbfa fa-solid fa-cart-shopping\u00bb css=\u00bb\u00bb button_block=\u00bbtrue\u00bb add_icon=\u00bbtrue\u00bb link=\u00bburl:%2Fes%2Fcategoria-de-producto%2Fbrida-con-soporte%2F\u00bb el_class=\u00bbicon-circled inv-button\u00bb][\/vc_column_inner][\/vc_row_inner][\/vc_tta_section][\/vc_tta_tour][vc_raw_js]JTNDc2NyaXB0JTNFJTBBdmFyJTIwJTI0aiUyMCUzRCUyMGpRdWVyeSUzQiUwQWZ1bmN0aW9uJTIwb3Blbk1vZGFsJTI4bW9kYWwlMjklN0IlMEF2YXIlMjBtb2RhbENvbnRhaW5lciUyMCUzRCUyMCUyNGolMjglMjcubW9kYWwtY29udGVudC1ib3glMjclMjklM0IlMEFtb2RhbENvbnRhaW5lci5odG1sJTI4JTI3JTI3JTI5JTNCJTBBdmFyJTIwbW9kYWxjb250ZW50JTIwJTNEJTIwJTI0aiUyOG1vZGFsJTI5Lmh0bWwlMjglMjklM0IlMEFtb2RhbENvbnRhaW5lci5odG1sJTI4bW9kYWxjb250ZW50JTI5LnNob3clMjglMjklM0IlMEElMjRqJTI4JTI3JTIzbW9kYWwtY29udGFpbmVyJTI3JTI5LmZhZGVJbiUyOCUyOSUzQiUwQSU3RCUwQSUzQyUyRnNjcmlwdCUzRQ==[\/vc_raw_js][\/vc_column][\/vc_row]<\/p>\n<\/div>","protected":false},"excerpt":{"rendered":"[vc_row gap=\u00bb30&#8243;][vc_column width=\u00bb2\/3&#8243;][vc_column_text] Bridas de dise\u00f1o especial [\/vc_column_text][\/vc_column][vc_column width=\u00bb1\/3&#8243; offset=\u00bbvc_hidden-sm vc_hidden-xs\u00bb][\/vc_column][\/vc_row][vc_row css=\u00bb.vc_custom_1640267924508{padding-bottom: 30px !important;}\u00bb][vc_column][vc_tta_tour style=\u00bbflat\u00bb shape=\u00bbsquare\u00bb gap=\u00bb30&#8243; active_section=\u00bb1&#8243; no_fill_content_area=\u00bbtrue\u00bb el_class=\u00bbtab-type-1&#8243;][vc_tta_section title=\u00bbA PRESI\u00d3N\u00bb tab_id=\u00bbpresion\u00bb][vc_single_image image=\u00bb2861&#8243; img_size=\u00bbfull\u00bb el_class=\u00bbpresion tabImg\u00bb][vc_single_image image=\u00bb3970&#8243; img_size=\u00bbfull\u00bb][vc_column_text el_class=\u00bbsezione1&#8243;]La brida Sca est\u00e1 hecha de poliamida 6.6 autoextinguible (UL94:V2) y se caracteriza por un cuerpo con cremallera interna con bordes redondeados y sin aristas vivas <a href=\"https:\/\/www.sapiselco.com\/es\/bridas-especiales\/\" class=\"more-link\">&#8230;<\/a>","protected":false},"author":1,"featured_media":0,"parent":0,"menu_order":0,"comment_status":"closed","ping_status":"closed","template":"","meta":{"_acf_changed":false,"footnotes":""},"class_list":["post-48723","page","type-page","status-publish","hentry"],"acf":[],"_links":{"self":[{"href":"https:\/\/www.sapiselco.com\/es\/wp-json\/wp\/v2\/pages\/48723","targetHints":{"allow":["GET"]}}],"collection":[{"href":"https:\/\/www.sapiselco.com\/es\/wp-json\/wp\/v2\/pages"}],"about":[{"href":"https:\/\/www.sapiselco.com\/es\/wp-json\/wp\/v2\/types\/page"}],"author":[{"embeddable":true,"href":"https:\/\/www.sapiselco.com\/es\/wp-json\/wp\/v2\/users\/1"}],"replies":[{"embeddable":true,"href":"https:\/\/www.sapiselco.com\/es\/wp-json\/wp\/v2\/comments?post=48723"}],"version-history":[{"count":13,"href":"https:\/\/www.sapiselco.com\/es\/wp-json\/wp\/v2\/pages\/48723\/revisions"}],"predecessor-version":[{"id":60885,"href":"https:\/\/www.sapiselco.com\/es\/wp-json\/wp\/v2\/pages\/48723\/revisions\/60885"}],"wp:attachment":[{"href":"https:\/\/www.sapiselco.com\/es\/wp-json\/wp\/v2\/media?parent=48723"}],"curies":[{"name":"wp","href":"https:\/\/api.w.org\/{rel}","templated":true}]}}