{"id":48734,"date":"2022-01-31T15:46:51","date_gmt":"2022-01-31T14:46:51","guid":{"rendered":"https:\/\/www.sapiselco.com\/releasable-cable-ties\/"},"modified":"2026-03-11T12:52:13","modified_gmt":"2026-03-11T11:52:13","slug":"bridas-reutilizables","status":"publish","type":"page","link":"https:\/\/www.sapiselco.com\/es\/bridas-reutilizables\/","title":{"rendered":"Bridas reutilizables"},"content":{"rendered":"<div class=\"wpb-content-wrapper\"><p>[vc_row gap=\u00bb30&#8243;][vc_column][vc_column_text]<\/p>\n<h2><strong>Bridas reutilizables<\/strong><\/h2>\n<p>[\/vc_column_text][\/vc_column][\/vc_row][vc_row css=\u00bb.vc_custom_1640267924508{padding-bottom: 30px !important;}\u00bb][vc_column][vc_tta_tour style=\u00bbflat\u00bb shape=\u00bbsquare\u00bb gap=\u00bb30&#8243; active_section=\u00bb1&#8243; no_fill_content_area=\u00bbtrue\u00bb el_class=\u00bbtab-type-1&#8243;][vc_tta_section title=\u00bbClick Tie\u00bb tab_id=\u00bbclick-tie\u00bb][vc_single_image image=\u00bb3372&#8243; img_size=\u00bbfull\u00bb el_class=\u00bbclick-tie tabImg\u00bb][vc_single_image image=\u00bb47348&#8243; img_size=\u00bbfull\u00bb][vc_column_text el_class=\u00bbsezione1&#8243;]La brida\u00a0<strong>Click Tie\u00a0<\/strong>est\u00e1 fabricada en polietileno LDPE y se caracteriza por un cuerpo de bolas y un sistema de cierre doble alargado y plano. El producto es f\u00e1cilmente reutilizable. El material con el que est\u00e1 fabricado garantiza que resiste a los productos qu\u00edmicos agresivos.<\/p>\n<p>El producto est\u00e1 disponible con cargas de apertura en el rango: <strong>70N \/ 7kg y 275N \/ 27,5kg<\/strong><\/p>\n<p>La brida reutilizable Click Tie puede ser\u00a0<strong>colocada a mano.<\/strong>[\/vc_column_text][vc_row_inner gap=\u00bb30&#8243;][vc_column_inner width=\u00bb1\/2&#8243;][vc_btn title=\u00bbTABLA T\u00c9CNICA\u00bb style=\u00bboutline-custom\u00bb outline_custom_color=\u00bb#00955f\u00bb outline_custom_hover_background=\u00bb#00955f\u00bb outline_custom_hover_text=\u00bb#ffffff\u00bb shape=\u00bbsquare\u00bb align=\u00bbcenter\u00bb i_align=\u00bbright\u00bb i_icon_fontawesome=\u00bbfas fa-table\u00bb css_animation=\u00bbfadeIn\u00bb button_block=\u00bbtrue\u00bb add_icon=\u00bbtrue\u00bb custom_onclick=\u00bbtrue\u00bb custom_onclick_code=\u00bbopenModal(\u00ab#table1\u00ab);\u00bb][\/vc_column_inner][vc_column_inner width=\u00bb1\/2&#8243;][vc_btn title=\u00bbShop\u00bb style=\u00bboutline-custom\u00bb outline_custom_color=\u00bb#00955f\u00bb outline_custom_hover_background=\u00bb#00955f\u00bb outline_custom_hover_text=\u00bb#ffffff\u00bb shape=\u00bbsquare\u00bb align=\u00bbcenter\u00bb i_align=\u00bbright\u00bb i_icon_fontawesome=\u00bbfa fa-solid fa-cart-shopping\u00bb css_animation=\u00bbfadeIn\u00bb css=\u00bb\u00bb button_block=\u00bbtrue\u00bb add_icon=\u00bbtrue\u00bb link=\u00bburl:%2Fes%2Fcategoria-de-producto%2Fclick-tie%2F\u00bb el_class=\u00bbicon-circled inv-button\u00bb][\/vc_column_inner][\/vc_row_inner][\/vc_tta_section][vc_tta_section title=\u00bbRIA\u00bb tab_id=\u00bbria\u00bb][vc_single_image image=\u00bb3382&#8243; img_size=\u00bbfull\u00bb el_class=\u00bbria tabImg\u00bb][vc_single_image image=\u00bb3004&#8243; img_size=\u00bbfull\u00bb][vc_column_text el_class=\u00bbsezione1&#8243;]La brida <strong>Ria<\/strong> est\u00e1 hecha en <strong>poliamida 6.6 autoextinguible (UL94:V2)<\/strong> y se caracteriza por un cuerpo con cremallera interna con bordes redondeados sin aristas vivas y una cabeza alargada con sistema de apertura con leng\u00fceta de poliamida 6.6. El producto es f\u00e1cilmente reutilizable gracias al cabezal alargado que permite reabrirlo.<\/p>\n<p>El producto est\u00e1 disponible con carga de apertura:\u00a0<strong>280N \/ 28kg.<\/strong><\/p>\n<p>La brida reutilizable Ria puede ser\u00a0<strong>colocada a mano<\/strong>.[\/vc_column_text][vc_row_inner gap=\u00bb30&#8243;][vc_column_inner width=\u00bb1\/2&#8243;][vc_btn title=\u00bbTABLA T\u00c9CNICA\u00bb style=\u00bboutline-custom\u00bb outline_custom_color=\u00bb#00955f\u00bb outline_custom_hover_background=\u00bb#00955f\u00bb outline_custom_hover_text=\u00bb#ffffff\u00bb shape=\u00bbsquare\u00bb align=\u00bbcenter\u00bb i_align=\u00bbright\u00bb i_icon_fontawesome=\u00bbfas fa-table\u00bb css_animation=\u00bbfadeIn\u00bb button_block=\u00bbtrue\u00bb add_icon=\u00bbtrue\u00bb custom_onclick=\u00bbtrue\u00bb custom_onclick_code=\u00bbopenModal(\u00ab#table2\u00ab);\u00bb][\/vc_column_inner][vc_column_inner width=\u00bb1\/2&#8243;][vc_btn title=\u00bbShop\u00bb style=\u00bboutline-custom\u00bb outline_custom_color=\u00bb#00955f\u00bb outline_custom_hover_background=\u00bb#00955f\u00bb outline_custom_hover_text=\u00bb#ffffff\u00bb shape=\u00bbsquare\u00bb align=\u00bbcenter\u00bb i_align=\u00bbright\u00bb i_icon_fontawesome=\u00bbfa fa-solid fa-cart-shopping\u00bb css_animation=\u00bbfadeIn\u00bb css=\u00bb\u00bb button_block=\u00bbtrue\u00bb add_icon=\u00bbtrue\u00bb link=\u00bburl:%2Fes%2Fcategoria-de-producto%2Fbridas-reutilizables%2F\u00bb el_class=\u00bbicon-circled inv-button\u00bb][\/vc_column_inner][\/vc_row_inner][vc_row_inner][vc_column_inner][vc_column_text]<\/p>\n<h3>Personalizable en <strong>Materiales especiales<\/strong><\/h3>\n<p>[\/vc_column_text][vc_empty_space height=\u00bb15px\u00bb]<div class=\"box-icon-modal icon-small\" data-modal=\"\">\n\t<img decoding=\"async\" src=\"\/wp-content\/uploads\/2021\/12\/fascette-speciali-colorate.svg\" alt=\"Modal icon\" \/>\n\t<p>BRIDA <strong>DE COLOR<\/strong><\/p>\n<\/div>\n<div class=\"box-icon-modal icon-small\" data-modal=\"\">\n\t<img decoding=\"async\" src=\"\/wp-content\/uploads\/2021\/12\/fascette-speciali-metaldetect.svg\" alt=\"Modal icon\" \/>\n\t<p>BRIDA DETECTABLE POR <strong>EL DETECTOR DE METALES<\/strong><\/p>\n<\/div>\n[vc_empty_space height=\u00bb10px\u00bb][vc_column_text]For further information on coloured releasable cable ties or cable ties sensitive to metal detectors please write to: <a class=\"accent\" href=\"mailto:info@sapiselco.com\">info@sapiselco.com<\/a>[\/vc_column_text][\/vc_column_inner][\/vc_row_inner][\/vc_tta_section][vc_tta_section title=\u00bbRID\u00bb tab_id=\u00bbrid\u00bb][vc_single_image image=\u00bb3377&#8243; img_size=\u00bbfull\u00bb el_class=\u00bbrid tabImg\u00bb][vc_single_image image=\u00bb3014&#8243; img_size=\u00bbfull\u00bb][vc_column_text el_class=\u00bbsezione1&#8243;]<\/p>\n<div class=\"wpb_text_column wpb_content_element sezione1\">\n<div class=\"wpb_wrapper\">\n<p>La brida <strong>Rid<\/strong> est\u00e1 hecha de <strong>poliamida 6.6 autoextinguible (UL94:V2)<\/strong> y se caracteriza por un cuerpo con cremallera interna con bordes redondeados sin aristas vivas, una cabeza cuadrada y un diente alargado de poliamida 6.6 que permite volverla a abrir. El producto es f\u00e1cilmente reutilizable.<\/p>\n<p>El producto est\u00e1 disponible con carga de apertura:\u00a0<strong>180N \/ 18kg.<\/strong><\/p>\n<p>La brida reutilizable Rid puede ser\u00a0<strong>colocada a mano<\/strong>.<\/p>\n<\/div>\n<\/div>\n<p>[\/vc_column_text][vc_row_inner gap=\u00bb30&#8243;][vc_column_inner width=\u00bb1\/2&#8243;][vc_btn title=\u00bbTABLA T\u00c9CNICA\u00bb style=\u00bboutline-custom\u00bb outline_custom_color=\u00bb#00955f\u00bb outline_custom_hover_background=\u00bb#00955f\u00bb outline_custom_hover_text=\u00bb#ffffff\u00bb shape=\u00bbsquare\u00bb align=\u00bbcenter\u00bb i_align=\u00bbright\u00bb i_icon_fontawesome=\u00bbfas fa-table\u00bb css_animation=\u00bbfadeIn\u00bb button_block=\u00bbtrue\u00bb add_icon=\u00bbtrue\u00bb custom_onclick=\u00bbtrue\u00bb custom_onclick_code=\u00bbopenModal(\u00ab#table3\u00ab);\u00bb][\/vc_column_inner][vc_column_inner width=\u00bb1\/2&#8243;][\/vc_column_inner][\/vc_row_inner][vc_row_inner][vc_column_inner][vc_column_text]<\/p>\n<h3>Personalizable en <strong>Materiales especiales<\/strong><\/h3>\n<p>[\/vc_column_text][vc_empty_space height=\u00bb15px\u00bb]<div class=\"box-icon-modal icon-small\" data-modal=\"\">\n\t<img decoding=\"async\" src=\"\/wp-content\/uploads\/2021\/12\/fascette-speciali-UV.svg\" alt=\"Modal icon\" \/>\n\t<p>BRIDA RESISTENTE A LOS <strong>RAYOS UV<\/strong><\/p>\n<\/div>\n[vc_column_text]Para m\u00e1s informaci\u00f3n sobre las bridas reutilizables resistentes a UV, env\u00ede un correo electr\u00f3nico a: <a class=\"accent\" href=\"mailto:info@sapiselco.com\">info@sapiselco.com<\/a>[\/vc_column_text][\/vc_column_inner][\/vc_row_inner][\/vc_tta_section][\/vc_tta_tour][vc_raw_js]JTNDc2NyaXB0JTNFJTBBdmFyJTIwJTI0aiUyMCUzRCUyMGpRdWVyeSUzQiUwQWZ1bmN0aW9uJTIwb3Blbk1vZGFsJTI4bW9kYWwlMjklN0IlMEF2YXIlMjBtb2RhbENvbnRhaW5lciUyMCUzRCUyMCUyNGolMjglMjcubW9kYWwtY29udGVudC1ib3glMjclMjklM0IlMEFtb2RhbENvbnRhaW5lci5odG1sJTI4JTI3JTI3JTI5JTNCJTBBdmFyJTIwbW9kYWxjb250ZW50JTIwJTNEJTIwJTI0aiUyOG1vZGFsJTI5Lmh0bWwlMjglMjklM0IlMEFtb2RhbENvbnRhaW5lci5odG1sJTI4bW9kYWxjb250ZW50JTI5LnNob3clMjglMjklM0IlMEElMjRqJTI4JTI3JTIzbW9kYWwtY29udGFpbmVyJTI3JTI5LmZhZGVJbiUyOCUyOSUzQiUwQSU3RCUwQSUzQyUyRnNjcmlwdCUzRQ==[\/vc_raw_js][\/vc_column][\/vc_row][vc_row el_id=\u00bbtable1&#8243; el_class=\u00bbmodal-box-content\u00bb][vc_column][vc_row_inner gap=\u00bb30&#8243; css=\u00bb.vc_custom_1644312963747{margin-bottom: 0px !important;padding-bottom: 0px !important;}\u00bb][vc_column_inner][vc_column_text]<\/p>\n<h4>Tabla t\u00e9cnica Click Tie<\/h4>\n<p>[\/vc_column_text][vc_single_image image=\u00bb4203&#8243; img_size=\u00bbfull\u00bb css=\u00bb.vc_custom_1644312958959{margin-bottom: 0px !important;padding-bottom: 0px !important;}\u00bb][\/vc_column_inner][\/vc_row_inner][\/vc_column][\/vc_row][vc_row el_id=\u00bbtable2&#8243; el_class=\u00bbmodal-box-content\u00bb][vc_column][vc_row_inner gap=\u00bb30&#8243; css=\u00bb.vc_custom_1644313209174{margin-bottom: 0px !important;padding-bottom: 0px !important;}\u00bb][vc_column_inner][vc_column_text]<\/p>\n<h4>Tabla t\u00e9cnica RIA<\/h4>\n<p>[\/vc_column_text][vc_single_image image=\u00bb4209&#8243; img_size=\u00bbfull\u00bb css=\u00bb.vc_custom_1644313178558{margin-bottom: 0px !important;padding-bottom: 0px !important;}\u00bb][\/vc_column_inner][\/vc_row_inner][\/vc_column][\/vc_row][vc_row el_id=\u00bbtable3&#8243; el_class=\u00bbmodal-box-content\u00bb][vc_column][vc_row_inner gap=\u00bb30&#8243; css=\u00bb.vc_custom_1644313203326{margin-bottom: 0px !important;padding-bottom: 0px !important;}\u00bb][vc_column_inner][vc_column_text]<\/p>\n<h4>Tabla t\u00e9cnica RID<\/h4>\n<p>[\/vc_column_text][vc_single_image image=\u00bb4214&#8243; img_size=\u00bbfull\u00bb css=\u00bb.vc_custom_1644313194988{margin-bottom: 0px !important;padding-bottom: 0px !important;}\u00bb][\/vc_column_inner][\/vc_row_inner][\/vc_column][\/vc_row]<\/p>\n<\/div>","protected":false},"excerpt":{"rendered":"[vc_row gap=\u00bb30&#8243;][vc_column][vc_column_text] Bridas reutilizables [\/vc_column_text][\/vc_column][\/vc_row][vc_row css=\u00bb.vc_custom_1640267924508{padding-bottom: 30px !important;}\u00bb][vc_column][vc_tta_tour style=\u00bbflat\u00bb shape=\u00bbsquare\u00bb gap=\u00bb30&#8243; active_section=\u00bb1&#8243; no_fill_content_area=\u00bbtrue\u00bb el_class=\u00bbtab-type-1&#8243;][vc_tta_section title=\u00bbClick Tie\u00bb tab_id=\u00bbclick-tie\u00bb][vc_single_image image=\u00bb3372&#8243; img_size=\u00bbfull\u00bb el_class=\u00bbclick-tie tabImg\u00bb][vc_single_image image=\u00bb47348&#8243; img_size=\u00bbfull\u00bb][vc_column_text el_class=\u00bbsezione1&#8243;]La brida\u00a0Click Tie\u00a0est\u00e1 fabricada en polietileno LDPE y se caracteriza por un cuerpo de bolas y un sistema de cierre doble alargado y plano. El producto es f\u00e1cilmente reutilizable. El material con <a href=\"https:\/\/www.sapiselco.com\/es\/bridas-reutilizables\/\" class=\"more-link\">&#8230;<\/a>","protected":false},"author":1,"featured_media":0,"parent":0,"menu_order":0,"comment_status":"closed","ping_status":"closed","template":"","meta":{"_acf_changed":false,"footnotes":""},"class_list":["post-48734","page","type-page","status-publish","hentry"],"acf":[],"_links":{"self":[{"href":"https:\/\/www.sapiselco.com\/es\/wp-json\/wp\/v2\/pages\/48734","targetHints":{"allow":["GET"]}}],"collection":[{"href":"https:\/\/www.sapiselco.com\/es\/wp-json\/wp\/v2\/pages"}],"about":[{"href":"https:\/\/www.sapiselco.com\/es\/wp-json\/wp\/v2\/types\/page"}],"author":[{"embeddable":true,"href":"https:\/\/www.sapiselco.com\/es\/wp-json\/wp\/v2\/users\/1"}],"replies":[{"embeddable":true,"href":"https:\/\/www.sapiselco.com\/es\/wp-json\/wp\/v2\/comments?post=48734"}],"version-history":[{"count":7,"href":"https:\/\/www.sapiselco.com\/es\/wp-json\/wp\/v2\/pages\/48734\/revisions"}],"predecessor-version":[{"id":60883,"href":"https:\/\/www.sapiselco.com\/es\/wp-json\/wp\/v2\/pages\/48734\/revisions\/60883"}],"wp:attachment":[{"href":"https:\/\/www.sapiselco.com\/es\/wp-json\/wp\/v2\/media?parent=48734"}],"curies":[{"name":"wp","href":"https:\/\/api.w.org\/{rel}","templated":true}]}}