{"id":48764,"date":"2022-02-02T17:19:21","date_gmt":"2022-02-02T16:19:21","guid":{"rendered":"https:\/\/www.sapiselco.com\/tamper-evident-seals\/"},"modified":"2022-10-03T12:26:17","modified_gmt":"2022-10-03T10:26:17","slug":"precinto-de-seguridad","status":"publish","type":"page","link":"https:\/\/www.sapiselco.com\/es\/precinto-de-seguridad\/","title":{"rendered":"Precinto de seguridad"},"content":{"rendered":"<div class=\"wpb-content-wrapper\"><p>[vc_row gap=\u00bb30&#8243;][vc_column width=\u00bb2\/3&#8243;][vc_column_text]<\/p>\n<h2>Precinto de <strong>seguridad Spy<\/strong><\/h2>\n<p>[\/vc_column_text][\/vc_column][vc_column width=\u00bb1\/3&#8243; offset=\u00bbvc_hidden-sm vc_hidden-xs\u00bb][vc_single_image image=\u00bb46831&#8243; img_size=\u00bbfull\u00bb alignment=\u00bbright\u00bb el_class=\u00bbproduct-brand\u00bb][\/vc_column][\/vc_row][vc_row gap=\u00bb30&#8243; css=\u00bb.vc_custom_1640103222300{margin-bottom: 0px !important;}\u00bb][vc_column width=\u00bb1\/4&#8243;][vc_column_text]El\u00a0<strong>precinto de seguridad Spy<\/strong> est\u00e1 fabricado en polipropileno y se caracteriza por un cuerpo de espina de pescado, una cabeza rectangular con un sistema de apertura\/desenganche y un se\u00f1alizador con arpones.<\/p>\n<p>El producto, dise\u00f1ado para <strong>aplicaciones<\/strong> que requieren un <strong>alto grado de seguridad<\/strong>, permite <strong>\u00a0detectar f\u00e1cilmente las manipulaciones<\/strong> y\/o los robos.<\/p>\n<p>El precinto de seguridad\u00a0<strong>Spy<\/strong>\u00a0puede ser colocado \u00a0a mano.[\/vc_column_text][vc_row_inner el_class=\u00bbnomargin\u00bb][vc_column_inner width=\u00bb1\/2&#8243;][vc_single_image image=\u00bb3666&#8243; img_size=\u00bbfull\u00bb alignment=\u00bbright\u00bb css_animation=\u00bbfadeInUp\u00bb][\/vc_column_inner][vc_column_inner width=\u00bb1\/2&#8243;][vc_single_image image=\u00bb3673&#8243; img_size=\u00bb\u00bb css_animation=\u00bbfadeInDown\u00bb][\/vc_column_inner][\/vc_row_inner][\/vc_column][vc_column width=\u00bb3\/4&#8243;][vc_gallery interval=\u00bb3&#8243; images=\u00bb3681,3686,47208,47213,47218,47223,3691&#8243; img_size=\u00bbfull\u00bb onclick=\u00bb\u00bb][vc_row_inner gap=\u00bb30&#8243; css=\u00bb.vc_custom_1640101056861{margin-top: 30px !important;}\u00bb][vc_column_inner width=\u00bb1\/2&#8243;][\/vc_column_inner][vc_column_inner width=\u00bb1\/2&#8243;][vc_btn title=\u00bbTABLA T\u00c9CNICA\u00bb style=\u00bboutline-custom\u00bb outline_custom_color=\u00bb#00955f\u00bb outline_custom_hover_background=\u00bb#00955f\u00bb outline_custom_hover_text=\u00bb#ffffff\u00bb shape=\u00bbsquare\u00bb align=\u00bbcenter\u00bb i_align=\u00bbright\u00bb i_icon_fontawesome=\u00bbfas fa-table\u00bb css_animation=\u00bbfadeIn\u00bb button_block=\u00bbtrue\u00bb add_icon=\u00bbtrue\u00bb custom_onclick=\u00bbtrue\u00bb custom_onclick_code=\u00bbopenModal(\u00ab#table\u00ab);\u00bb][\/vc_column_inner][\/vc_row_inner][vc_raw_js]JTNDc2NyaXB0JTNFJTBBdmFyJTIwJTI0aiUyMCUzRCUyMGpRdWVyeSUzQiUwQWZ1bmN0aW9uJTIwb3Blbk1vZGFsJTI4bW9kYWwlMjklN0IlMEF2YXIlMjBtb2RhbENvbnRhaW5lciUyMCUzRCUyMCUyNGolMjglMjcubW9kYWwtY29udGVudC1ib3glMjclMjklM0IlMEFtb2RhbENvbnRhaW5lci5odG1sJTI4JTI3JTI3JTI5JTNCJTBBdmFyJTIwbW9kYWxjb250ZW50JTIwJTNEJTIwJTI0aiUyOG1vZGFsJTI5Lmh0bWwlMjglMjklM0IlMEFtb2RhbENvbnRhaW5lci5odG1sJTI4bW9kYWxjb250ZW50JTI5LnNob3clMjglMjklM0IlMEElMjRqJTI4JTI3JTIzbW9kYWwtY29udGFpbmVyJTI3JTI5LmZhZGVJbiUyOCUyOSUzQiUwQSU3RCUwQSUzQyUyRnNjcmlwdCUzRQ==[\/vc_raw_js][\/vc_column][\/vc_row][vc_row][vc_column][vc_separator color=\u00bbcustom\u00bb border_width=\u00bb3&#8243; accent_color=\u00bb#00955f\u00bb][\/vc_column][\/vc_row][vc_row gap=\u00bb30&#8243;][vc_column width=\u00bb1\/2&#8243;][vc_column_text el_class=\u00bbnomargin\u00bb]<\/p>\n<h3>Disponible en <strong>Materiales especiales<\/strong><\/h3>\n<p>[\/vc_column_text][vc_separator color=\u00bbcustom\u00bb align=\u00bbalign_left\u00bb border_width=\u00bb2&#8243; el_width=\u00bb20&#8243; accent_color=\u00bb#bcbcbc\u00bb css=\u00bb.vc_custom_1640085764009{margin-top: 15px !important;}\u00bb][vc_column_text]El precinto de seguridad SPY, hecho de polipropileno se mezcla con aditivos para crear productos que satisfagan <strong>las necesidades de las aplicaciones especiales<\/strong>.[\/vc_column_text][\/vc_column][vc_column width=\u00bb1\/2&#8243; css=\u00bb.vc_custom_1640096670523{padding-left: 30px !important;}\u00bb][vc_row_inner equal_height=\u00bbyes\u00bb content_placement=\u00bbmiddle\u00bb css=\u00bb.vc_custom_1644314404384{margin-top: -5px !important;}\u00bb][vc_column_inner]<div class=\"box-icon-modal icon-small\" data-modal=\"\">\n\t<img decoding=\"async\" src=\"\/wp-content\/uploads\/2021\/12\/fascette-speciali-colorate.svg\" alt=\"Modal icon\" \/>\n\t<p>MATERIAL DE POLIPROPILENO <strong>DE COLOR<\/strong><\/p>\n<\/div>\n[vc_column_text css=\u00bb.vc_custom_1657809270446{margin-bottom: 0px !important;padding-bottom: 0px !important;}\u00bb]Para m\u00e1s informaci\u00f3n sobre los precintos Spy en material de color, env\u00ede un correo electr\u00f3nico a: <a class=\"accent\" href=\"mailto:info@sapiselco.com\">info@sapiselco.com<\/a>[\/vc_column_text][\/vc_column_inner][\/vc_row_inner][\/vc_column][\/vc_row][vc_row el_id=\u00bbtable\u00bb el_class=\u00bbmodal-box-content\u00bb][vc_column][vc_row_inner gap=\u00bb30&#8243; css=\u00bb.vc_custom_1644314248407{margin-bottom: 0px !important;padding-bottom: 0px !important;}\u00bb][vc_column_inner][vc_column_text css=\u00bb.vc_custom_1657809210192{margin-bottom: 0px !important;padding-bottom: 0px !important;}\u00bb]<\/p>\n<h4>Tabla t\u00e9cnica<\/h4>\n<p><img loading=\"lazy\" decoding=\"async\" class=\"alignnone size-full wp-image-4217\" src=\"https:\/\/www.sapiselco.com\/wp-content\/uploads\/2022\/02\/tab-spy.jpg\" alt=\"\" width=\"1200\" height=\"415\" srcset=\"https:\/\/www.sapiselco.com\/wp-content\/uploads\/2022\/02\/tab-spy.jpg 1200w, https:\/\/www.sapiselco.com\/wp-content\/uploads\/2022\/02\/tab-spy-1024x354.jpg 1024w, https:\/\/www.sapiselco.com\/wp-content\/uploads\/2022\/02\/tab-spy-600x208.jpg 600w\" sizes=\"auto, (max-width: 1200px) 100vw, 1200px\" \/>[\/vc_column_text][\/vc_column_inner][\/vc_row_inner][\/vc_column][\/vc_row]<\/p>\n<\/div>","protected":false},"excerpt":{"rendered":"[vc_row gap=\u00bb30&#8243;][vc_column width=\u00bb2\/3&#8243;][vc_column_text] Precinto de seguridad Spy [\/vc_column_text][\/vc_column][vc_column width=\u00bb1\/3&#8243; offset=\u00bbvc_hidden-sm vc_hidden-xs\u00bb][vc_single_image image=\u00bb46831&#8243; img_size=\u00bbfull\u00bb alignment=\u00bbright\u00bb el_class=\u00bbproduct-brand\u00bb][\/vc_column][\/vc_row][vc_row gap=\u00bb30&#8243; css=\u00bb.vc_custom_1640103222300{margin-bottom: 0px !important;}\u00bb][vc_column width=\u00bb1\/4&#8243;][vc_column_text]El\u00a0precinto de seguridad Spy est\u00e1 fabricado en polipropileno y se caracteriza por un cuerpo de espina de pescado, una cabeza rectangular con un sistema de apertura\/desenganche y un se\u00f1alizador con arpones. El producto, dise\u00f1ado para aplicaciones <a href=\"https:\/\/www.sapiselco.com\/es\/precinto-de-seguridad\/\" class=\"more-link\">&#8230;<\/a>","protected":false},"author":1,"featured_media":0,"parent":0,"menu_order":0,"comment_status":"closed","ping_status":"closed","template":"","meta":{"_acf_changed":false,"footnotes":""},"class_list":["post-48764","page","type-page","status-publish","hentry"],"acf":[],"_links":{"self":[{"href":"https:\/\/www.sapiselco.com\/es\/wp-json\/wp\/v2\/pages\/48764","targetHints":{"allow":["GET"]}}],"collection":[{"href":"https:\/\/www.sapiselco.com\/es\/wp-json\/wp\/v2\/pages"}],"about":[{"href":"https:\/\/www.sapiselco.com\/es\/wp-json\/wp\/v2\/types\/page"}],"author":[{"embeddable":true,"href":"https:\/\/www.sapiselco.com\/es\/wp-json\/wp\/v2\/users\/1"}],"replies":[{"embeddable":true,"href":"https:\/\/www.sapiselco.com\/es\/wp-json\/wp\/v2\/comments?post=48764"}],"version-history":[{"count":6,"href":"https:\/\/www.sapiselco.com\/es\/wp-json\/wp\/v2\/pages\/48764\/revisions"}],"predecessor-version":[{"id":58370,"href":"https:\/\/www.sapiselco.com\/es\/wp-json\/wp\/v2\/pages\/48764\/revisions\/58370"}],"wp:attachment":[{"href":"https:\/\/www.sapiselco.com\/es\/wp-json\/wp\/v2\/media?parent=48764"}],"curies":[{"name":"wp","href":"https:\/\/api.w.org\/{rel}","templated":true}]}}