{"id":48823,"date":"2022-01-31T17:37:04","date_gmt":"2022-01-31T16:37:04","guid":{"rendered":"https:\/\/www.sapiselco.com\/bucket\/"},"modified":"2022-07-19T16:16:47","modified_gmt":"2022-07-19T14:16:47","slug":"bucket","status":"publish","type":"page","link":"https:\/\/www.sapiselco.com\/es\/bucket\/","title":{"rendered":"Bucket"},"content":{"rendered":"<div class=\"wpb-content-wrapper\"><p>[vc_row gap=\u00bb30&#8243;][vc_column width=\u00bb2\/3&#8243;][vc_column_text]<\/p>\n<h2><strong>Bucket<\/strong> mix<\/h2>\n<p>[\/vc_column_text][vc_column_text]Todos los Bucket SapiSelco se entregan con <strong>precinto adhesivo de garant\u00eda<\/strong>\u00a0que certifica la integridad del producto.[\/vc_column_text][\/vc_column][vc_column width=\u00bb1\/3&#8243; offset=\u00bbvc_hidden-sm vc_hidden-xs\u00bb][\/vc_column][\/vc_row][vc_row css=\u00bb.vc_custom_1640267924508{padding-bottom: 30px !important;}\u00bb][vc_column][vc_tta_tour style=\u00bbflat\u00bb shape=\u00bbsquare\u00bb gap=\u00bb30&#8243; active_section=\u00bb1&#8243; no_fill_content_area=\u00bbtrue\u00bb el_class=\u00bbtab-type-1&#8243;][vc_tta_section title=\u00bbBUCKET MIX<br \/>\nSELFIT\u00bb tab_id=\u00bbbucket-mix-selfit\u00bb][vc_single_image image=\u00bb3503&#8243; img_size=\u00bbfull\u00bb el_class=\u00bbbucket-mix-selfit tabImg\u00bb][vc_gallery interval=\u00bb3&#8243; images=\u00bb4076,47201&#8243; img_size=\u00bbfull\u00bb onclick=\u00bb\u00bb css=\u00bb.vc_custom_1651661730388{padding-bottom: 15px !important;}\u00bb][vc_column_text el_class=\u00bbsezione1&#8243;]Bucket\u00a0<strong>Mix<\/strong>\u00a0\u2013\u00a0<strong>Selfit\u00a0<\/strong>es un contenedor con formato de \u00abcubo\u00bb fabricado en PET, disponible en 1200 y 800 unidades. Contiene un surtido de bridas para cables est\u00e1ndares Selfit de diferentes tama\u00f1os, en color natural o negro. Los productos est\u00e1n envasados en sobres de 100 unidades.<\/p>\n<p>El bucket en <strong>formato 800 unidades<\/strong> tambi\u00e9n est\u00e1 disponible en la versi\u00f3n <strong>surtido de colores<\/strong>: <strong>rojo<\/strong>, <strong>azul<\/strong>, <strong>verde<\/strong>, <strong>amarillo<\/strong>.<\/p>\n<p>La brida est\u00e1ndar para cables Selfit puede ser <strong>colocada a mano <\/strong>o con una <strong>pistola para tensar bridas.<\/strong>[\/vc_column_text][vc_row_inner gap=\u00bb15&#8243; css=\u00bb.vc_custom_1644396450328{margin-bottom: 15px !important;}\u00bb][vc_column_inner width=\u00bb1\/2&#8243;][vc_btn title=\u00bbBucket Mix 1 \u2013 1200 PCS\u00bb style=\u00bboutline-custom\u00bb outline_custom_color=\u00bb#00955f\u00bb outline_custom_hover_background=\u00bb#00955f\u00bb outline_custom_hover_text=\u00bb#ffffff\u00bb shape=\u00bbsquare\u00bb align=\u00bbcenter\u00bb i_align=\u00bbright\u00bb i_icon_fontawesome=\u00bbfas fa-table\u00bb css_animation=\u00bbfadeIn\u00bb button_block=\u00bbtrue\u00bb add_icon=\u00bbtrue\u00bb custom_onclick=\u00bbtrue\u00bb custom_onclick_code=\u00bbopenModal(\u00ab#mix1\u00ab);\u00bb][\/vc_column_inner][vc_column_inner width=\u00bb1\/2&#8243;][vc_btn title=\u00bbBucket Mix 2 \u2013 800 PCS\u00bb style=\u00bboutline-custom\u00bb outline_custom_color=\u00bb#00955f\u00bb outline_custom_hover_background=\u00bb#00955f\u00bb outline_custom_hover_text=\u00bb#ffffff\u00bb shape=\u00bbsquare\u00bb align=\u00bbcenter\u00bb i_align=\u00bbright\u00bb i_icon_fontawesome=\u00bbfas fa-table\u00bb css_animation=\u00bbfadeIn\u00bb button_block=\u00bbtrue\u00bb add_icon=\u00bbtrue\u00bb custom_onclick=\u00bbtrue\u00bb custom_onclick_code=\u00bbopenModal(\u00ab#mix2\u00ab);\u00bb][\/vc_column_inner][\/vc_row_inner][vc_row_inner gap=\u00bb15&#8243;][vc_column_inner width=\u00bb1\/2&#8243;][vc_btn title=\u00bbBucket Mix 3 \u2013 800 PCS\u00bb style=\u00bboutline-custom\u00bb outline_custom_color=\u00bb#00955f\u00bb outline_custom_hover_background=\u00bb#00955f\u00bb outline_custom_hover_text=\u00bb#ffffff\u00bb shape=\u00bbsquare\u00bb align=\u00bbcenter\u00bb i_align=\u00bbright\u00bb i_icon_fontawesome=\u00bbfas fa-table\u00bb css_animation=\u00bbfadeIn\u00bb button_block=\u00bbtrue\u00bb add_icon=\u00bbtrue\u00bb custom_onclick=\u00bbtrue\u00bb custom_onclick_code=\u00bbopenModal(\u00ab#mix3\u00ab);\u00bb][\/vc_column_inner][vc_column_inner width=\u00bb1\/2&#8243;][\/vc_column_inner][\/vc_row_inner][\/vc_tta_section][vc_tta_section title=\u00bbBUCKET SNXV<br \/>\nSISTEMAS DE FIJACI\u00d3N\u00bb tab_id=\u00bbbucket-snxv-fijacion\u00bb][vc_single_image image=\u00bb3490&#8243; img_size=\u00bbfull\u00bb el_class=\u00bbbucket-snxv-fijacion tabImg\u00bb][vc_single_image image=\u00bb4065&#8243; img_size=\u00bbfull\u00bb][vc_column_text el_class=\u00bbsezione1&#8243;]<strong>SNXV<\/strong> <strong>Fixing Systems Bucket <\/strong>is a bucket-shaped PET container that holds 300 pieces. It contains SNX series expansion plugs (6&#215;30 mm) and 300 Pozidriv screws (4&#215;40 mm).<\/p>\n<p>The expansion screws can be <strong>applied by hand<\/strong>.[\/vc_column_text][vc_row_inner gap=\u00bb30&#8243;][vc_column_inner width=\u00bb1\/2&#8243;][vc_btn title=\u00bbBucket SNXV \u2013 300 PCS\u00bb style=\u00bboutline-custom\u00bb outline_custom_color=\u00bb#00955f\u00bb outline_custom_hover_background=\u00bb#00955f\u00bb outline_custom_hover_text=\u00bb#ffffff\u00bb shape=\u00bbsquare\u00bb align=\u00bbcenter\u00bb i_align=\u00bbright\u00bb i_icon_fontawesome=\u00bbfas fa-table\u00bb css_animation=\u00bbfadeIn\u00bb button_block=\u00bbtrue\u00bb add_icon=\u00bbtrue\u00bb custom_onclick=\u00bbtrue\u00bb custom_onclick_code=\u00bbopenModal(\u00ab#snvx\u00ab);\u00bb][\/vc_column_inner][vc_column_inner width=\u00bb1\/2&#8243;][\/vc_column_inner][\/vc_row_inner][\/vc_tta_section][vc_tta_section title=\u00bbBUCKET ALE TACOS<br \/>\nA PRESI\u00d3N\u00bb tab_id=\u00bbbucket-ale-presion\u00bb][vc_single_image image=\u00bb3496&#8243; img_size=\u00bbfull\u00bb el_class=\u00bbbucket-ale-presion tabImg\u00bb][vc_single_image image=\u00bb4070&#8243; img_size=\u00bbfull\u00bb][vc_column_text el_class=\u00bbsezione1&#8243;]Bucket\u00a0<strong>ALE<\/strong>\u00a0\u2013\u00a0<strong>Tacos a presi\u00f3n<\/strong>\u00a0es un contenedor, formato \u00abcubo\u00bb, de PET, disponible en el formato de 200 unidades. Contiene tacos a presi\u00f3n, de tecnopol\u00edmero, color negro, serie Ale &#8211; 10x43mm.<\/p>\n<p>Los tacos a presi\u00f3n pueden ser\u00a0<strong>colocados a mano<\/strong>.[\/vc_column_text][vc_row_inner gap=\u00bb30&#8243;][vc_column_inner width=\u00bb1\/2&#8243;][vc_btn title=\u00bbBucket ALE \u2013 200 PCS\u00bb style=\u00bboutline-custom\u00bb outline_custom_color=\u00bb#00955f\u00bb outline_custom_hover_background=\u00bb#00955f\u00bb outline_custom_hover_text=\u00bb#ffffff\u00bb shape=\u00bbsquare\u00bb align=\u00bbcenter\u00bb i_align=\u00bbright\u00bb i_icon_fontawesome=\u00bbfas fa-table\u00bb css_animation=\u00bbfadeIn\u00bb button_block=\u00bbtrue\u00bb add_icon=\u00bbtrue\u00bb custom_onclick=\u00bbtrue\u00bb custom_onclick_code=\u00bbopenModal(\u00ab#ale\u00ab);\u00bb][\/vc_column_inner][vc_column_inner width=\u00bb1\/2&#8243;][\/vc_column_inner][\/vc_row_inner][\/vc_tta_section][\/vc_tta_tour][vc_raw_js]JTNDc2NyaXB0JTNFJTBBdmFyJTIwJTI0aiUyMCUzRCUyMGpRdWVyeSUzQiUwQWZ1bmN0aW9uJTIwb3Blbk1vZGFsJTI4bW9kYWwlMjklN0IlMEF2YXIlMjBtb2RhbENvbnRhaW5lciUyMCUzRCUyMCUyNGolMjglMjcubW9kYWwtY29udGVudC1ib3glMjclMjklM0IlMEFtb2RhbENvbnRhaW5lci5odG1sJTI4JTI3JTI3JTI5JTNCJTBBdmFyJTIwbW9kYWxjb250ZW50JTIwJTNEJTIwJTI0aiUyOG1vZGFsJTI5Lmh0bWwlMjglMjklM0IlMEFtb2RhbENvbnRhaW5lci5odG1sJTI4bW9kYWxjb250ZW50JTI5LnNob3clMjglMjklM0IlMEElMjRqJTI4JTI3JTIzbW9kYWwtY29udGFpbmVyJTI3JTI5LmZhZGVJbiUyOCUyOSUzQiUwQSU3RCUwQSUzQyUyRnNjcmlwdCUzRQ==[\/vc_raw_js][\/vc_column][\/vc_row][vc_row el_id=\u00bbmix1&#8243; el_class=\u00bbmodal-box-content\u00bb][vc_column][vc_row_inner gap=\u00bb30&#8243; css=\u00bb.vc_custom_1644396040639{margin-bottom: 0px !important;padding-bottom: 0px !important;}\u00bb][vc_column_inner][vc_column_text css=\u00bb.vc_custom_1657874792811{margin-bottom: 0px !important;padding-bottom: 0px !important;}\u00bb]<\/p>\n<h4>Bucket Mix 1 Tabla T\u00e9cnica \u2013 1200 PCS<\/h4>\n<p><img loading=\"lazy\" decoding=\"async\" class=\"alignnone size-full wp-image-4374\" src=\"https:\/\/www.sapiselco.com\/wp-content\/uploads\/2022\/07\/tab-BUCK-MIX1-SELFIT-en.jpg\" alt=\"\" width=\"1200\" height=\"812\" \/>[\/vc_column_text][\/vc_column_inner][\/vc_row_inner][\/vc_column][\/vc_row][vc_row el_id=\u00bbmix2&#8243; el_class=\u00bbmodal-box-content\u00bb][vc_column][vc_row_inner gap=\u00bb30&#8243; css=\u00bb.vc_custom_1644396040639{margin-bottom: 0px !important;padding-bottom: 0px !important;}\u00bb][vc_column_inner][vc_column_text css=\u00bb.vc_custom_1657874809842{margin-bottom: 0px !important;padding-bottom: 0px !important;}\u00bb]<\/p>\n<h4>Bucket Mix 2 Tabla T\u00e9cnica \u2013 800 PCS<\/h4>\n<p><img loading=\"lazy\" decoding=\"async\" class=\"alignnone size-full wp-image-4382\" src=\"https:\/\/www.sapiselco.com\/wp-content\/uploads\/2022\/07\/tab-BUCK-MIX2-SELFIT-en.jpg\" alt=\"\" width=\"1200\" height=\"812\" \/>[\/vc_column_text][\/vc_column_inner][\/vc_row_inner][\/vc_column][\/vc_row][vc_row el_id=\u00bbmix3&#8243; el_class=\u00bbmodal-box-content\u00bb][vc_column][vc_row_inner gap=\u00bb30&#8243; css=\u00bb.vc_custom_1644396040639{margin-bottom: 0px !important;padding-bottom: 0px !important;}\u00bb][vc_column_inner][vc_column_text css=\u00bb.vc_custom_1658240201640{margin-bottom: 0px !important;padding-bottom: 0px !important;}\u00bb]<\/p>\n<h4>Bucket Mix 3 Tabla T\u00e9cnica \u2013 800 PCS Multicolor<\/h4>\n<p><img loading=\"lazy\" decoding=\"async\" class=\"alignnone size-full wp-image-4387\" src=\"https:\/\/www.sapiselco.com\/wp-content\/uploads\/2022\/07\/tab-BUCK-MIX3-SELFIT-en.jpg\" alt=\"\" width=\"1200\" height=\"812\" \/>[\/vc_column_text][\/vc_column_inner][\/vc_row_inner][\/vc_column][\/vc_row][vc_row el_id=\u00bbsnvx\u00bb el_class=\u00bbmodal-box-content\u00bb][vc_column][vc_row_inner gap=\u00bb30&#8243; css=\u00bb.vc_custom_1644396040639{margin-bottom: 0px !important;padding-bottom: 0px !important;}\u00bb][vc_column_inner][vc_column_text css=\u00bb.vc_custom_1657874829024{margin-bottom: 0px !important;padding-bottom: 0px !important;}\u00bb]<\/p>\n<h4>Bucket SNXV Tabla T\u00e9cnica \u2013 300 PCS<\/h4>\n<p><img loading=\"lazy\" decoding=\"async\" class=\"alignnone size-full wp-image-4398\" src=\"https:\/\/www.sapiselco.com\/wp-content\/uploads\/2022\/07\/tab-BUCK-SNXV-en.jpg\" alt=\"\" width=\"1200\" height=\"432\" \/>[\/vc_column_text][\/vc_column_inner][\/vc_row_inner][\/vc_column][\/vc_row][vc_row el_id=\u00bbale\u00bb el_class=\u00bbmodal-box-content\u00bb][vc_column][vc_row_inner gap=\u00bb30&#8243; css=\u00bb.vc_custom_1644396040639{margin-bottom: 0px !important;padding-bottom: 0px !important;}\u00bb][vc_column_inner][vc_column_text css=\u00bb.vc_custom_1657874838023{margin-bottom: 0px !important;padding-bottom: 0px !important;}\u00bb]<\/p>\n<h4>Bucket ALE Tabla T\u00e9cnica \u2013 200 PCS<\/h4>\n<p><img loading=\"lazy\" decoding=\"async\" class=\"alignnone size-full wp-image-4403\" src=\"https:\/\/www.sapiselco.com\/wp-content\/uploads\/2022\/07\/tab-buck-ale-en.jpg\" alt=\"\" width=\"1200\" height=\"461\" \/>[\/vc_column_text][\/vc_column_inner][\/vc_row_inner][\/vc_column][\/vc_row]<\/p>\n<\/div>","protected":false},"excerpt":{"rendered":"[vc_row gap=\u00bb30&#8243;][vc_column width=\u00bb2\/3&#8243;][vc_column_text] Bucket mix [\/vc_column_text][vc_column_text]Todos los Bucket SapiSelco se entregan con precinto adhesivo de garant\u00eda\u00a0que certifica la integridad del producto.[\/vc_column_text][\/vc_column][vc_column width=\u00bb1\/3&#8243; offset=\u00bbvc_hidden-sm vc_hidden-xs\u00bb][\/vc_column][\/vc_row][vc_row css=\u00bb.vc_custom_1640267924508{padding-bottom: 30px !important;}\u00bb][vc_column][vc_tta_tour style=\u00bbflat\u00bb shape=\u00bbsquare\u00bb gap=\u00bb30&#8243; active_section=\u00bb1&#8243; no_fill_content_area=\u00bbtrue\u00bb el_class=\u00bbtab-type-1&#8243;][vc_tta_section title=\u00bbBUCKET MIX SELFIT\u00bb tab_id=\u00bbbucket-mix-selfit\u00bb][vc_single_image image=\u00bb3503&#8243; img_size=\u00bbfull\u00bb el_class=\u00bbbucket-mix-selfit tabImg\u00bb][vc_gallery interval=\u00bb3&#8243; images=\u00bb4076,47201&#8243; img_size=\u00bbfull\u00bb onclick=\u00bb\u00bb css=\u00bb.vc_custom_1651661730388{padding-bottom: 15px !important;}\u00bb][vc_column_text el_class=\u00bbsezione1&#8243;]Bucket\u00a0Mix\u00a0\u2013\u00a0Selfit\u00a0es un contenedor con formato de \u00abcubo\u00bb <a href=\"https:\/\/www.sapiselco.com\/es\/bucket\/\" class=\"more-link\">&#8230;<\/a>","protected":false},"author":1,"featured_media":0,"parent":0,"menu_order":0,"comment_status":"closed","ping_status":"closed","template":"","meta":{"_acf_changed":false,"footnotes":""},"class_list":["post-48823","page","type-page","status-publish","hentry"],"acf":[],"_links":{"self":[{"href":"https:\/\/www.sapiselco.com\/es\/wp-json\/wp\/v2\/pages\/48823","targetHints":{"allow":["GET"]}}],"collection":[{"href":"https:\/\/www.sapiselco.com\/es\/wp-json\/wp\/v2\/pages"}],"about":[{"href":"https:\/\/www.sapiselco.com\/es\/wp-json\/wp\/v2\/types\/page"}],"author":[{"embeddable":true,"href":"https:\/\/www.sapiselco.com\/es\/wp-json\/wp\/v2\/users\/1"}],"replies":[{"embeddable":true,"href":"https:\/\/www.sapiselco.com\/es\/wp-json\/wp\/v2\/comments?post=48823"}],"version-history":[{"count":8,"href":"https:\/\/www.sapiselco.com\/es\/wp-json\/wp\/v2\/pages\/48823\/revisions"}],"predecessor-version":[{"id":58103,"href":"https:\/\/www.sapiselco.com\/es\/wp-json\/wp\/v2\/pages\/48823\/revisions\/58103"}],"wp:attachment":[{"href":"https:\/\/www.sapiselco.com\/es\/wp-json\/wp\/v2\/media?parent=48823"}],"curies":[{"name":"wp","href":"https:\/\/api.w.org\/{rel}","templated":true}]}}