{"id":60440,"date":"2021-10-18T15:19:51","date_gmt":"2021-10-18T13:19:51","guid":{"rendered":"https:\/\/www.sapiselco.com\/modalita-di-pagamento\/"},"modified":"2026-03-09T17:17:16","modified_gmt":"2026-03-09T16:17:16","slug":"formas-de-pago","status":"publish","type":"page","link":"https:\/\/www.sapiselco.com\/es\/formas-de-pago\/","title":{"rendered":"Formas de pago"},"content":{"rendered":"<div class=\"wpb-content-wrapper\"><p>[vc_row gap=\u00bb30&#8243;][vc_column width=\u00bb2\/3&#8243;][vc_column_text css=\u00bb\u00bb]<\/p>\n<h2><strong>Pagos<\/strong> aceptados<\/h2>\n<p>[\/vc_column_text][\/vc_column][vc_column width=\u00bb1\/3&#8243; offset=\u00bbvc_hidden-sm vc_hidden-xs\u00bb][\/vc_column][\/vc_row][vc_row css=\u00bb.vc_custom_1640099426963{padding-bottom: 30px !important;}\u00bb][vc_column][vc_column_text css=\u00bb\u00bb]<strong>Solo se aceptan pagos con tarjeta de cr\u00e9dito<\/strong>.<\/p>\n<p>Se aceptan todas las tarjetas de cr\u00e9dito, incluidas las prepago, excepto las tarjetas DINERS y AMERICAN EXPRESS.<\/p>\n<p>Se pueden utilizar las principales tarjetas de cr\u00e9dito para pagar a trav\u00e9s de Stripe o PayPal.<\/p>\n<p><img decoding=\"async\" src=\"\/wp-content\/uploads\/paypal-stripe.png\" alt=\"\" \/><\/p>\n<p>Una vez recibido el pedido y abonado el pago, SapiSelco enviar\u00e1 un correo electr\u00f3nico de confirmaci\u00f3n al cliente.[\/vc_column_text][\/vc_column][\/vc_row]<\/p>\n<\/div>","protected":false},"excerpt":{"rendered":"[vc_row gap=\u00bb30&#8243;][vc_column width=\u00bb2\/3&#8243;][vc_column_text css=\u00bb\u00bb] Pagos aceptados [\/vc_column_text][\/vc_column][vc_column width=\u00bb1\/3&#8243; offset=\u00bbvc_hidden-sm vc_hidden-xs\u00bb][\/vc_column][\/vc_row][vc_row css=\u00bb.vc_custom_1640099426963{padding-bottom: 30px !important;}\u00bb][vc_column][vc_column_text css=\u00bb\u00bb]Solo se aceptan pagos con tarjeta de cr\u00e9dito. Se aceptan todas las tarjetas de cr\u00e9dito, incluidas las prepago, excepto las tarjetas DINERS y AMERICAN EXPRESS. Se pueden utilizar las principales tarjetas de cr\u00e9dito para pagar a trav\u00e9s de Stripe o PayPal. Una <a href=\"https:\/\/www.sapiselco.com\/es\/formas-de-pago\/\" class=\"more-link\">&#8230;<\/a>","protected":false},"author":1,"featured_media":0,"parent":0,"menu_order":0,"comment_status":"closed","ping_status":"closed","template":"","meta":{"_acf_changed":false,"footnotes":""},"class_list":["post-60440","page","type-page","status-publish","hentry"],"acf":[],"_links":{"self":[{"href":"https:\/\/www.sapiselco.com\/es\/wp-json\/wp\/v2\/pages\/60440","targetHints":{"allow":["GET"]}}],"collection":[{"href":"https:\/\/www.sapiselco.com\/es\/wp-json\/wp\/v2\/pages"}],"about":[{"href":"https:\/\/www.sapiselco.com\/es\/wp-json\/wp\/v2\/types\/page"}],"author":[{"embeddable":true,"href":"https:\/\/www.sapiselco.com\/es\/wp-json\/wp\/v2\/users\/1"}],"replies":[{"embeddable":true,"href":"https:\/\/www.sapiselco.com\/es\/wp-json\/wp\/v2\/comments?post=60440"}],"version-history":[{"count":3,"href":"https:\/\/www.sapiselco.com\/es\/wp-json\/wp\/v2\/pages\/60440\/revisions"}],"predecessor-version":[{"id":60443,"href":"https:\/\/www.sapiselco.com\/es\/wp-json\/wp\/v2\/pages\/60440\/revisions\/60443"}],"wp:attachment":[{"href":"https:\/\/www.sapiselco.com\/es\/wp-json\/wp\/v2\/media?parent=60440"}],"curies":[{"name":"wp","href":"https:\/\/api.w.org\/{rel}","templated":true}]}}