{"id":60444,"date":"2021-10-18T15:16:19","date_gmt":"2021-10-18T13:16:19","guid":{"rendered":"https:\/\/www.sapiselco.com\/condizioni-di-vendita\/"},"modified":"2026-03-09T17:22:23","modified_gmt":"2026-03-09T16:22:23","slug":"condiciones-de-venta","status":"publish","type":"page","link":"https:\/\/www.sapiselco.com\/es\/condiciones-de-venta\/","title":{"rendered":"Condiciones de venta"},"content":{"rendered":"<div class=\"wpb-content-wrapper\"><p>[vc_row gap=\u00bb30&#8243;][vc_column width=\u00bb2\/3&#8243;][vc_column_text css=\u00bb\u00bb]<\/p>\n<h2><strong>Condiciones generales<\/strong> de venta<\/h2>\n<p>[\/vc_column_text][\/vc_column][vc_column width=\u00bb1\/3&#8243; offset=\u00bbvc_hidden-sm vc_hidden-xs\u00bb][\/vc_column][\/vc_row][vc_row css=\u00bb.vc_custom_1640099359887{padding-bottom: 30px !important;}\u00bb][vc_column][vc_column_text css=\u00bb\u00bb]<strong>Las presentes condiciones de venta se aplican a todas las compras realizadas en el sitio web<\/strong> <a href=\"http:\/\/www.sapiselco.com\/es\/\">www.sapiselco.com\/es\/<\/a> <strong>&#8211; e.commerce.<\/strong><\/p>\n<ul>\n<li>Todos los art\u00edculos propuestos se fabrican exclusivamente en Italia por SapiSelco srl \u2013 Via Irpinia, 43-45 35020 Saonara (Padua).<\/li>\n<li>Pedido m\u00ednimo de compra: 20 \u20ac.<\/li>\n<li>Los pedidos realizados durante el fin de semana se tramitar\u00e1n el primer d\u00eda laborable de la semana siguiente. Los pedidos recibidos despu\u00e9s de las 17:00 h entre semana se tramitar\u00e1n al siguiente d\u00eda laborable. Los pedidos recibidos durante los d\u00edas festivos nacionales programados o durante los periodos de cierre de la empresa (vacaciones, festividades locales, etc.) se tramitar\u00e1n el primer d\u00eda laborable disponible.<\/li>\n<li>Para pedidos de entre 20 y 50 \u20ac, se\u00a0cobrar\u00e1n 20 \u20ac en concepto gastos de transporte. Para pedidos a partir de 51 \u20ac, los gastos de transporte correr\u00e1n \u00edntegramente a cargo de SapiSelco.<\/li>\n<li>Los precios indicados se refieren a una sola unidad (1 bolsa o 1 caja), tal y como se indica en la lista de precios.<\/li>\n<li>Es responsabilidad del cliente verificar el estado del material en el momento de la recepci\u00f3n de la mercanc\u00eda, se\u00f1alando por escrito cualquier anomal\u00eda en la entrega directamente al transportista que realiza el transporte y a SapiSelco.<\/li>\n<li>No se aceptar\u00e1n reclamaciones transcurridos 8 d\u00edas desde la entrega.<\/li>\n<li>No asumiremos ninguna responsabilidad por el uso incorrecto o diferente de nuestros art\u00edculos con respecto a lo indicado en la web de SapiSelco.<\/li>\n<\/ul>\n<p>[\/vc_column_text][\/vc_column][\/vc_row]<\/p>\n<\/div>","protected":false},"excerpt":{"rendered":"[vc_row gap=\u00bb30&#8243;][vc_column width=\u00bb2\/3&#8243;][vc_column_text css=\u00bb\u00bb] Condiciones generales de venta [\/vc_column_text][\/vc_column][vc_column width=\u00bb1\/3&#8243; offset=\u00bbvc_hidden-sm vc_hidden-xs\u00bb][\/vc_column][\/vc_row][vc_row css=\u00bb.vc_custom_1640099359887{padding-bottom: 30px !important;}\u00bb][vc_column][vc_column_text css=\u00bb\u00bb]Las presentes condiciones de venta se aplican a todas las compras realizadas en el sitio web www.sapiselco.com\/es\/ &#8211; e.commerce. Todos los art\u00edculos propuestos se fabrican exclusivamente en Italia por SapiSelco srl \u2013 Via Irpinia, 43-45 35020 Saonara (Padua). Pedido m\u00ednimo <a href=\"https:\/\/www.sapiselco.com\/es\/condiciones-de-venta\/\" class=\"more-link\">&#8230;<\/a>","protected":false},"author":1,"featured_media":0,"parent":0,"menu_order":0,"comment_status":"closed","ping_status":"closed","template":"","meta":{"_acf_changed":false,"footnotes":""},"class_list":["post-60444","page","type-page","status-publish","hentry"],"acf":[],"_links":{"self":[{"href":"https:\/\/www.sapiselco.com\/es\/wp-json\/wp\/v2\/pages\/60444","targetHints":{"allow":["GET"]}}],"collection":[{"href":"https:\/\/www.sapiselco.com\/es\/wp-json\/wp\/v2\/pages"}],"about":[{"href":"https:\/\/www.sapiselco.com\/es\/wp-json\/wp\/v2\/types\/page"}],"author":[{"embeddable":true,"href":"https:\/\/www.sapiselco.com\/es\/wp-json\/wp\/v2\/users\/1"}],"replies":[{"embeddable":true,"href":"https:\/\/www.sapiselco.com\/es\/wp-json\/wp\/v2\/comments?post=60444"}],"version-history":[{"count":3,"href":"https:\/\/www.sapiselco.com\/es\/wp-json\/wp\/v2\/pages\/60444\/revisions"}],"predecessor-version":[{"id":60447,"href":"https:\/\/www.sapiselco.com\/es\/wp-json\/wp\/v2\/pages\/60444\/revisions\/60447"}],"wp:attachment":[{"href":"https:\/\/www.sapiselco.com\/es\/wp-json\/wp\/v2\/media?parent=60444"}],"curies":[{"name":"wp","href":"https:\/\/api.w.org\/{rel}","templated":true}]}}