{"id":60448,"date":"2021-10-18T15:41:16","date_gmt":"2021-10-18T13:41:16","guid":{"rendered":"https:\/\/www.sapiselco.com\/spedizione\/"},"modified":"2026-03-09T17:26:16","modified_gmt":"2026-03-09T16:26:16","slug":"envio-y-entrega","status":"publish","type":"page","link":"https:\/\/www.sapiselco.com\/es\/envio-y-entrega\/","title":{"rendered":"Env\u00eco y entrega"},"content":{"rendered":"<div class=\"wpb-content-wrapper\"><p>[vc_row gap=\u00bb30&#8243;][vc_column width=\u00bb2\/3&#8243;][vc_column_text css=\u00bb\u00bb]<\/p>\n<h2>Env\u00eco y <strong>entrega<\/strong><\/h2>\n<p>[\/vc_column_text][\/vc_column][vc_column width=\u00bb1\/3&#8243; offset=\u00bbvc_hidden-sm vc_hidden-xs\u00bb][\/vc_column][\/vc_row][vc_row css=\u00bb.vc_custom_1640099463813{padding-bottom: 30px !important;}\u00bb][vc_column][vc_column_text css=\u00bb\u00bb]La entrega de la mercanc\u00eda se realizar\u00e1 mediante servicio de env\u00edo urgente en un plazo de 48\/72 horas.<\/p>\n<p>La mercanc\u00eda se entregar\u00e1 con albar\u00e1n, seguido de la factura correspondiente con NIF del cliente.<\/p>\n<p>SapiSelco no se hace responsable ante el cliente por el retraso o la falta de entrega del material debido a causas de fuerza mayor.[\/vc_column_text][vc_single_image image=\u00bb389&#8243; img_size=\u00bbfull\u00bb][\/vc_column][\/vc_row]<\/p>\n<\/div>","protected":false},"excerpt":{"rendered":"[vc_row gap=\u00bb30&#8243;][vc_column width=\u00bb2\/3&#8243;][vc_column_text css=\u00bb\u00bb] Env\u00eco y entrega [\/vc_column_text][\/vc_column][vc_column width=\u00bb1\/3&#8243; offset=\u00bbvc_hidden-sm vc_hidden-xs\u00bb][\/vc_column][\/vc_row][vc_row css=\u00bb.vc_custom_1640099463813{padding-bottom: 30px !important;}\u00bb][vc_column][vc_column_text css=\u00bb\u00bb]La entrega de la mercanc\u00eda se realizar\u00e1 mediante servicio de env\u00edo urgente en un plazo de 48\/72 horas. La mercanc\u00eda se entregar\u00e1 con albar\u00e1n, seguido de la factura correspondiente con NIF del cliente. SapiSelco no se hace responsable ante el cliente <a href=\"https:\/\/www.sapiselco.com\/es\/envio-y-entrega\/\" class=\"more-link\">&#8230;<\/a>","protected":false},"author":1,"featured_media":0,"parent":0,"menu_order":0,"comment_status":"closed","ping_status":"closed","template":"","meta":{"_acf_changed":false,"footnotes":""},"class_list":["post-60448","page","type-page","status-publish","hentry"],"acf":[],"_links":{"self":[{"href":"https:\/\/www.sapiselco.com\/es\/wp-json\/wp\/v2\/pages\/60448","targetHints":{"allow":["GET"]}}],"collection":[{"href":"https:\/\/www.sapiselco.com\/es\/wp-json\/wp\/v2\/pages"}],"about":[{"href":"https:\/\/www.sapiselco.com\/es\/wp-json\/wp\/v2\/types\/page"}],"author":[{"embeddable":true,"href":"https:\/\/www.sapiselco.com\/es\/wp-json\/wp\/v2\/users\/1"}],"replies":[{"embeddable":true,"href":"https:\/\/www.sapiselco.com\/es\/wp-json\/wp\/v2\/comments?post=60448"}],"version-history":[{"count":4,"href":"https:\/\/www.sapiselco.com\/es\/wp-json\/wp\/v2\/pages\/60448\/revisions"}],"predecessor-version":[{"id":60452,"href":"https:\/\/www.sapiselco.com\/es\/wp-json\/wp\/v2\/pages\/60448\/revisions\/60452"}],"wp:attachment":[{"href":"https:\/\/www.sapiselco.com\/es\/wp-json\/wp\/v2\/media?parent=60448"}],"curies":[{"name":"wp","href":"https:\/\/api.w.org\/{rel}","templated":true}]}}