{"id":60453,"date":"2021-10-18T15:38:38","date_gmt":"2021-10-18T13:38:38","guid":{"rendered":"https:\/\/www.sapiselco.com\/note-legali\/"},"modified":"2026-03-09T17:28:53","modified_gmt":"2026-03-09T16:28:53","slug":"notas-legales","status":"publish","type":"page","link":"https:\/\/www.sapiselco.com\/es\/notas-legales\/","title":{"rendered":"Notas legales"},"content":{"rendered":"<div class=\"wpb-content-wrapper\"><p>[vc_row gap=\u00bb30&#8243;][vc_column width=\u00bb2\/3&#8243;][vc_column_text css=\u00bb\u00bb]<\/p>\n<h2>Politica de Privacidad y <strong>notas legales<\/strong><\/h2>\n<p>[\/vc_column_text][\/vc_column][vc_column width=\u00bb1\/3&#8243; offset=\u00bbvc_hidden-sm vc_hidden-xs\u00bb][\/vc_column][\/vc_row][vc_row css=\u00bb.vc_custom_1640099544142{padding-bottom: 30px !important;}\u00bb][vc_column][vc_column_text css=\u00bb\u00bb]<strong>POL\u00cdTICA DE PRIVACIDAD<\/strong><\/p>\n<p>Todos los datos personales recibidos ser\u00e1n tratados conforme a la normativa vigente en materia de privacidad y se utilizar\u00e1n exclusivamente para gestionar el pedido y enviar material informativo en papel o multimedia.<\/p>\n<p><strong>NOTAS LEGALES<\/strong><\/p>\n<p>Para cualquier comunicaci\u00f3n, dir\u00edjase a la oficina comercial enviando un correo electr\u00f3nico a: <a href=\"mailto:info@sapiselco.com\">info@sapiselco.com<\/a>.<\/p>\n<p>Para cualquier reclamaci\u00f3n, ser\u00e1 competente el Tribunal de Padua; no obstante, SapiSelco se reserva el derecho de acudir al Tribunal competente del comprador.[\/vc_column_text][vc_single_image image=\u00bb389&#8243; img_size=\u00bbfull\u00bb][\/vc_column][\/vc_row]<\/p>\n<\/div>","protected":false},"excerpt":{"rendered":"[vc_row gap=\u00bb30&#8243;][vc_column width=\u00bb2\/3&#8243;][vc_column_text css=\u00bb\u00bb] Politica de Privacidad y notas legales [\/vc_column_text][\/vc_column][vc_column width=\u00bb1\/3&#8243; offset=\u00bbvc_hidden-sm vc_hidden-xs\u00bb][\/vc_column][\/vc_row][vc_row css=\u00bb.vc_custom_1640099544142{padding-bottom: 30px !important;}\u00bb][vc_column][vc_column_text css=\u00bb\u00bb]POL\u00cdTICA DE PRIVACIDAD Todos los datos personales recibidos ser\u00e1n tratados conforme a la normativa vigente en materia de privacidad y se utilizar\u00e1n exclusivamente para gestionar el pedido y enviar material informativo en papel o multimedia. NOTAS LEGALES Para <a href=\"https:\/\/www.sapiselco.com\/es\/notas-legales\/\" class=\"more-link\">&#8230;<\/a>","protected":false},"author":1,"featured_media":0,"parent":0,"menu_order":0,"comment_status":"closed","ping_status":"closed","template":"","meta":{"_acf_changed":false,"footnotes":""},"class_list":["post-60453","page","type-page","status-publish","hentry"],"acf":[],"_links":{"self":[{"href":"https:\/\/www.sapiselco.com\/es\/wp-json\/wp\/v2\/pages\/60453","targetHints":{"allow":["GET"]}}],"collection":[{"href":"https:\/\/www.sapiselco.com\/es\/wp-json\/wp\/v2\/pages"}],"about":[{"href":"https:\/\/www.sapiselco.com\/es\/wp-json\/wp\/v2\/types\/page"}],"author":[{"embeddable":true,"href":"https:\/\/www.sapiselco.com\/es\/wp-json\/wp\/v2\/users\/1"}],"replies":[{"embeddable":true,"href":"https:\/\/www.sapiselco.com\/es\/wp-json\/wp\/v2\/comments?post=60453"}],"version-history":[{"count":2,"href":"https:\/\/www.sapiselco.com\/es\/wp-json\/wp\/v2\/pages\/60453\/revisions"}],"predecessor-version":[{"id":60455,"href":"https:\/\/www.sapiselco.com\/es\/wp-json\/wp\/v2\/pages\/60453\/revisions\/60455"}],"wp:attachment":[{"href":"https:\/\/www.sapiselco.com\/es\/wp-json\/wp\/v2\/media?parent=60453"}],"curies":[{"name":"wp","href":"https:\/\/api.w.org\/{rel}","templated":true}]}}