{"id":60834,"date":"2021-06-01T09:16:36","date_gmt":"2021-06-01T07:16:36","guid":{"rendered":"https:\/\/www.sapiselco.com\/shop\/"},"modified":"2026-03-11T08:34:32","modified_gmt":"2026-03-11T07:34:32","slug":"shop","status":"publish","type":"page","link":"https:\/\/www.sapiselco.com\/es\/shop\/","title":{"rendered":"E-Shop"},"content":{"rendered":"<div class=\"wpb-content-wrapper\"><p>[vc_row gap=\u00bb30&#8243; equal_height=\u00bbyes\u00bb content_placement=\u00bbmiddle\u00bb][vc_column width=\u00bb1\/2&#8243;][vc_column_text css=\u00bb\u00bb]<\/p>\n<h2>Bienvenido a nuestro<br \/>\n<strong style=\"display: inline-block;\">E-Shop<\/strong><\/h2>\n<p>[\/vc_column_text][vc_column_text css=\u00bb\u00bb]<\/p>\n<p data-start=\"100\" data-end=\"152\">\u00a1Descubre la gran oferta de nuestra tienda online!<\/p>\n<p data-start=\"154\" data-end=\"318\">Puedes realizar tus compras a partir de un importe m\u00ednimo de 20 \u20ac y podr\u00e1s disfrutar del env\u00edo gratuito a toda Espa\u00f1a (excepto islas) a partir de pedidos de 50 \u20ac.<\/p>\n<p data-start=\"320\" data-end=\"361\" data-is-last-node=\"\" data-is-only-node=\"\">Todos los importes indicados son sin IVA.<\/p>\n<p>[\/vc_column_text][vc_btn title=\u00bbPara saber m\u00e1s\u00bb style=\u00bboutline-custom\u00bb outline_custom_color=\u00bb#00955f\u00bb outline_custom_hover_background=\u00bb#00955f\u00bb outline_custom_hover_text=\u00bb#ffffff\u00bb shape=\u00bbsquare\u00bb align=\u00bbleft\u00bb css_animation=\u00bbfadeIn\u00bb css=\u00bb\u00bb custom_onclick=\u00bbtrue\u00bb custom_onclick_code=\u00bbopenModal(\u00ab#dettagli\u00ab);\u00bb][\/vc_column][vc_column width=\u00bb1\/2&#8243;][vc_single_image image=\u00bb60826&#8243; img_size=\u00bbfull\u00bb alignment=\u00bbcenter\u00bb css_animation=\u00bbfadeIn\u00bb css=\u00bb\u00bb][\/vc_column][\/vc_row][vc_row gap=\u00bb30&#8243; equal_height=\u00bbyes\u00bb content_placement=\u00bbmiddle\u00bb el_class=\u00bblow-lh\u00bb][vc_column width=\u00bb1\/4&#8243; offset=\u00bbvc_col-lg-3 vc_col-md-3 vc_col-xs-6&#8243;][vc_single_image image=\u00bb49453&#8243; img_size=\u00bbfull\u00bb alignment=\u00bbcenter\u00bb css=\u00bb.vc_custom_1657091785058{margin-bottom: 0px !important;padding-bottom: 0px !important;}\u00bb][vc_column_text css=\u00bb\u00bb]<\/p>\n<p style=\"text-align: center;\">Productos<br \/>\n<strong>Made In Italy<\/strong><\/p>\n<p>[\/vc_column_text][\/vc_column][vc_column width=\u00bb1\/4&#8243; offset=\u00bbvc_col-lg-3 vc_col-md-3 vc_col-xs-6&#8243;][vc_single_image image=\u00bb48466&#8243; img_size=\u00bbfull\u00bb alignment=\u00bbcenter\u00bb css=\u00bb.vc_custom_1655901009665{margin-bottom: 0px !important;padding-bottom: 0px !important;}\u00bb][vc_column_text css=\u00bb\u00bb]<\/p>\n<p style=\"text-align: center;\">Transporte<br \/>\n<strong>Gratuito<\/strong><\/p>\n<p>[\/vc_column_text][\/vc_column][vc_column width=\u00bb1\/4&#8243; offset=\u00bbvc_col-lg-3 vc_col-md-3 vc_col-xs-6&#8243;][vc_single_image image=\u00bb48481&#8243; img_size=\u00bbfull\u00bb alignment=\u00bbcenter\u00bb css=\u00bb.vc_custom_1655901014671{margin-bottom: 0px !important;padding-bottom: 0px !important;}\u00bb][vc_column_text css=\u00bb\u00bb]<\/p>\n<p style=\"text-align: center;\">Env\u00edo en<br \/>\n<strong>72 Horas<\/strong><\/p>\n<p>[\/vc_column_text][\/vc_column][vc_column width=\u00bb1\/4&#8243; offset=\u00bbvc_col-lg-3 vc_col-md-3 vc_col-xs-6&#8243;][vc_single_image image=\u00bb48476&#8243; img_size=\u00bbfull\u00bb alignment=\u00bbcenter\u00bb css=\u00bb.vc_custom_1655901024800{margin-bottom: 0px !important;padding-bottom: 0px !important;}\u00bb][vc_column_text css=\u00bb\u00bb]<\/p>\n<p style=\"text-align: center;\">Pagos<br \/>\n<strong>Seguros<\/strong><\/p>\n<p>[\/vc_column_text][\/vc_column][\/vc_row][vc_row gap=\u00bb30&#8243; equal_height=\u00bbyes\u00bb css=\u00bb.vc_custom_1657018739723{margin-bottom: 0px !important;padding-bottom: 0px !important;}\u00bb el_class=\u00bbbox-prodotti\u00bb][vc_column width=\u00bb1\/2&#8243; offset=\u00bbvc_col-lg-4 vc_col-md-6 vc_col-xs-6&#8243; el_class=\u00bbshop-item\u00bb el_id=\u00bbselfit\u00bb][vc_single_image image=\u00bb48394&#8243; img_size=\u00bbfull\u00bb alignment=\u00bbcenter\u00bb css=\u00bb.vc_custom_1655889784764{margin-bottom: 0px !important;padding-bottom: 0px !important;}\u00bb][vc_column_text css=\u00bb.vc_custom_1773159216612{margin-bottom: 0px !important;background-color: #f9f9f9 !important;}\u00bb el_class=\u00bbshop-item-textbox\u00bb]BRIDA ESTAND\u00c1R PARA CABLES<\/p>\n<h4>Selfit<\/h4>\n<p>[\/vc_column_text][\/vc_column][vc_column width=\u00bb1\/2&#8243; offset=\u00bbvc_col-lg-4 vc_col-md-6 vc_col-xs-6&#8243; el_class=\u00bbshop-item\u00bb el_id=\u00bbme-t\u00bb][vc_single_image image=\u00bb48384&#8243; img_size=\u00bbfull\u00bb alignment=\u00bbcenter\u00bb css=\u00bb.vc_custom_1655890030648{margin-bottom: 0px !important;padding-bottom: 0px !important;}\u00bb][vc_column_text css=\u00bb.vc_custom_1773159240803{margin-bottom: 0px !important;background-color: #f9f9f9 !important;}\u00bb el_class=\u00bbshop-item-textbox\u00bb]BRIDA CON DIENTE DE ACERO<\/p>\n<h4>ME-T<\/h4>\n<p>[\/vc_column_text][\/vc_column][vc_column width=\u00bb1\/2&#8243; offset=\u00bbvc_col-lg-4 vc_col-md-6 vc_col-xs-6&#8243; el_class=\u00bbshop-item\u00bb el_id=\u00bbbridas-coll\u00bb][vc_single_image image=\u00bb60011&#8243; img_size=\u00bbfull\u00bb alignment=\u00bbcenter\u00bb css=\u00bb.vc_custom_1744875512277{margin-bottom: 0px !important;padding-bottom: 0px !important;}\u00bb][vc_column_text css=\u00bb.vc_custom_1773159292282{margin-bottom: 0px !important;background-color: #f9f9f9 !important;}\u00bb el_class=\u00bbshop-item-textbox\u00bb]BRIDAS DE UNA Y DOS CABEZAS<\/p>\n<h4>COLL<\/h4>\n<p>[\/vc_column_text][\/vc_column][vc_column width=\u00bb1\/2&#8243; offset=\u00bbvc_col-lg-4 vc_col-md-6 vc_col-xs-6&#8243; el_class=\u00bbshop-item\u00bb el_id=\u00bbclick-tie\u00bb][vc_single_image image=\u00bb48419&#8243; img_size=\u00bbfull\u00bb alignment=\u00bbcenter\u00bb css=\u00bb.vc_custom_1655890039215{margin-bottom: 0px !important;padding-bottom: 0px !important;}\u00bb][vc_column_text css=\u00bb.vc_custom_1773159313195{margin-bottom: 0px !important;background-color: #f9f9f9 !important;}\u00bb el_class=\u00bbshop-item-textbox\u00bb]BRIDAS REUTILIZABLES<\/p>\n<h4>ClickTie<\/h4>\n<p>[\/vc_column_text][\/vc_column][vc_column width=\u00bb1\/2&#8243; offset=\u00bbvc_col-lg-4 vc_col-md-6 vc_col-xs-6&#8243; el_class=\u00bbshop-item\u00bb el_id=\u00bbbrida-con-soporte\u00bb][vc_single_image image=\u00bb48404&#8243; img_size=\u00bbfull\u00bb alignment=\u00bbcenter\u00bb css=\u00bb.vc_custom_1655902445121{margin-bottom: 0px !important;padding-bottom: 0px !important;}\u00bb][vc_column_text css=\u00bb.vc_custom_1773159378512{margin-bottom: 0px !important;background-color: #f9f9f9 !important;}\u00bb el_class=\u00bbshop-item-textbox\u00bb]BRIDAS DE DISE\u00d1O ESPECIAL<\/p>\n<h4>Con soporte<\/h4>\n<p>[\/vc_column_text][\/vc_column][vc_column width=\u00bb1\/2&#8243; offset=\u00bbvc_col-lg-4 vc_col-md-6 vc_col-xs-6&#8243; el_class=\u00bbshop-item\u00bb el_id=\u00bbbridas-para-identificacion\u00bb][vc_single_image image=\u00bb48424&#8243; img_size=\u00bbfull\u00bb alignment=\u00bbcenter\u00bb css=\u00bb.vc_custom_1655902504225{margin-bottom: 0px !important;padding-bottom: 0px !important;}\u00bb][vc_column_text css=\u00bb.vc_custom_1773159414841{margin-bottom: 0px !important;background-color: #f9f9f9 !important;}\u00bb el_class=\u00bbshop-item-textbox\u00bb]BRIDAS PARA IDENTIFICACI\u00d3N<\/p>\n<h4>ID<\/h4>\n<p>[\/vc_column_text][\/vc_column][\/vc_row][vc_row gap=\u00bb30&#8243; equal_height=\u00bbyes\u00bb el_class=\u00bbbox-prodotti\u00bb][vc_column width=\u00bb1\/2&#8243; offset=\u00bbvc_col-lg-4 vc_col-md-6 vc_col-xs-6&#8243; el_class=\u00bbshop-item\u00bb el_id=\u00bbbridas-reutilizables\u00bb][vc_single_image image=\u00bb48389&#8243; img_size=\u00bbfull\u00bb alignment=\u00bbcenter\u00bb css=\u00bb.vc_custom_1655902520337{margin-bottom: 0px !important;padding-bottom: 0px !important;}\u00bb][vc_column_text css=\u00bb.vc_custom_1773159507550{margin-bottom: 0px !important;background-color: #f9f9f9 !important;}\u00bb el_class=\u00bbshop-item-textbox\u00bb]BRIDAS REUTILIZABLES EN PA6.6<\/p>\n<h4>Reabribles<\/h4>\n<p>[\/vc_column_text][\/vc_column][vc_column width=\u00bb1\/2&#8243; offset=\u00bbvc_col-lg-4 vc_col-md-6 vc_col-xs-6&#8243; el_class=\u00bbshop-item\u00bb el_id=\u00bbaccessorios\u00bb][vc_single_image image=\u00bb59007&#8243; img_size=\u00bbfull\u00bb alignment=\u00bbcenter\u00bb css=\u00bb.vc_custom_1695739453267{margin-bottom: 0px !important;padding-bottom: 0px !important;}\u00bb][vc_column_text css=\u00bb.vc_custom_1773159592675{margin-bottom: 0px !important;background-color: #f9f9f9 !important;}\u00bb el_class=\u00bbshop-item-textbox\u00bb]ACCESSORIOS DE FIJACI\u00d3N<\/p>\n<h4>Bases, soportes y tacos<\/h4>\n<p>[\/vc_column_text][\/vc_column][vc_column width=\u00bb1\/2&#8243; offset=\u00bbvc_col-lg-4 vc_col-md-6 vc_col-xs-6&#8243; el_class=\u00bbshop-item\u00bb el_id=\u00bbherramientas-para-la-fijacion\u00bb][vc_single_image image=\u00bb59017&#8243; img_size=\u00bbfull\u00bb alignment=\u00bbcenter\u00bb css=\u00bb.vc_custom_1695739460306{margin-bottom: 0px !important;padding-bottom: 0px !important;}\u00bb][vc_column_text css=\u00bb.vc_custom_1773159668066{margin-bottom: 0px !important;background-color: #f9f9f9 !important;}\u00bb el_class=\u00bbshop-item-textbox\u00bb]HERRAMIENTAS PARA LA FIJACI\u00d3N<\/p>\n<h4>Pinzas<\/h4>\n<p>[\/vc_column_text][\/vc_column][\/vc_row][vc_row gap=\u00bb30&#8243; equal_height=\u00bbyes\u00bb el_class=\u00bbbox-prodotti\u00bb][vc_column width=\u00bb1\/2&#8243; offset=\u00bbvc_col-lg-4 vc_col-md-6 vc_col-xs-6&#8243; el_class=\u00bbshop-item\u00bb el_id=\u00bbbucket\u00bb][vc_single_image image=\u00bb59012&#8243; img_size=\u00bbfull\u00bb alignment=\u00bbcenter\u00bb css=\u00bb.vc_custom_1695739467761{margin-bottom: 0px !important;padding-bottom: 0px !important;}\u00bb][vc_column_text css=\u00bb.vc_custom_1773159697882{margin-bottom: 0px !important;background-color: #f9f9f9 !important;}\u00bb el_class=\u00bbshop-item-textbox\u00bb]MIX DE PRODUCTO LISTA PARA USAR<\/p>\n<h4>Bucket<\/h4>\n<p>[\/vc_column_text][\/vc_column][vc_column width=\u00bb1\/2&#8243; offset=\u00bbvc_col-lg-4 vc_col-md-6 vc_col-xs-6&#8243; el_class=\u00bbshop-item vishidden\u00bb][\/vc_column][vc_column width=\u00bb1\/2&#8243; offset=\u00bbvc_col-lg-4 vc_col-md-6 vc_col-xs-6&#8243; el_class=\u00bbshop-item vishidden\u00bb][\/vc_column][\/vc_row][vc_row][vc_column][vc_raw_js]JTNDc2NyaXB0JTNFJTBBdmFyJTIwJTI0aiUyMCUzRCUyMGpRdWVyeSUzQiUwQWZ1bmN0aW9uJTIwb3Blbk1vZGFsJTI4bW9kYWwlMjklN0IlMEF2YXIlMjBtb2RhbENvbnRhaW5lciUyMCUzRCUyMCUyNGolMjglMjcubW9kYWwtY29udGVudC1ib3glMjclMjklM0IlMEFtb2RhbENvbnRhaW5lci5odG1sJTI4JTI3JTI3JTI5JTNCJTBBdmFyJTIwbW9kYWxjb250ZW50JTIwJTNEJTIwJTI0aiUyOG1vZGFsJTI5Lmh0bWwlMjglMjklM0IlMEFtb2RhbENvbnRhaW5lci5odG1sJTI4bW9kYWxjb250ZW50JTI5LnNob3clMjglMjklM0IlMEElMjRqJTI4JTI3JTIzbW9kYWwtY29udGFpbmVyJTI3JTI5LmZhZGVJbiUyOCUyOSUzQiUwQSU3RCUwQSUzQyUyRnNjcmlwdCUzRQ==[\/vc_raw_js][\/vc_column][\/vc_row][vc_row el_id=\u00bbdettagli\u00bb el_class=\u00bbmodal-box-content\u00bb][vc_column][vc_row_inner gap=\u00bb30&#8243; css=\u00bb.vc_custom_1655909456211{margin-bottom: 0px !important;padding-bottom: 0px !important;}\u00bb][vc_column_inner][vc_column_text css=\u00bb\u00bb]<\/p>\n<h4 data-start=\"0\" data-end=\"18\"><strong>Compras en l\u00ednea<\/strong><\/h4>\n<p data-start=\"20\" data-end=\"92\" data-is-last-node=\"\" data-is-only-node=\"\">Tus compras en l\u00ednea son posibles a partir de un importe m\u00ednimo de <strong>20 \u20ac<\/strong>.<\/p>\n<p>[\/vc_column_text][vc_column_text css=\u00bb\u00bb]<\/p>\n<h4 data-start=\"0\" data-end=\"14\"><strong>IVA excluida<\/strong><\/h4>\n<p data-start=\"16\" data-end=\"107\" data-is-last-node=\"\" data-is-only-node=\"\">Te recordamos que todos los importes que ves indicados en nuestros productos est\u00e1n <strong>sin IVA<\/strong>.<\/p>\n<p>[\/vc_column_text][vc_column_text css=\u00bb\u00bb]<\/p>\n<h4 data-start=\"0\" data-end=\"49\"><strong>Env\u00edo gratuito para pedidos superiores a 50 \u20ac<\/strong><\/h4>\n<p data-start=\"51\" data-end=\"200\" data-is-last-node=\"\" data-is-only-node=\"\">Realiza tu pedido en l\u00ednea con un costo de env\u00edo de 20 \u20ac! Entregamos <strong>gratuitamente<\/strong> en toda Espa\u00f1a, excluyendo las islas, <strong>a partir de pedidos de 50 \u20ac<\/strong>.<\/p>\n<p>[\/vc_column_text][vc_column_text css=\u00bb\u00bb]<\/p>\n<h4 data-start=\"0\" data-end=\"16\"><strong>Entrega r\u00e1pida<\/strong><\/h4>\n<p data-start=\"18\" data-end=\"283\" data-is-last-node=\"\" data-is-only-node=\"\">Velocidad, eficiencia, seguridad: tu pedido se procesar\u00e1 en un plazo de 24 horas (excepto s\u00e1bados y domingos) y enviaremos inmediatamente los productos que solicitaste. La entrega se realizar\u00e1 mediante mensajer\u00eda expr\u00e9s, en d\u00edas laborables, en un plazo de 72 horas.<\/p>\n<p>[\/vc_column_text][\/vc_column_inner][\/vc_row_inner][\/vc_column][\/vc_row]<\/p>\n<\/div>","protected":false},"excerpt":{"rendered":"[vc_row gap=\u00bb30&#8243; equal_height=\u00bbyes\u00bb content_placement=\u00bbmiddle\u00bb][vc_column width=\u00bb1\/2&#8243;][vc_column_text css=\u00bb\u00bb] Bienvenido a nuestro E-Shop [\/vc_column_text][vc_column_text css=\u00bb\u00bb] \u00a1Descubre la gran oferta de nuestra tienda online! Puedes realizar tus compras a partir de un importe m\u00ednimo de 20 \u20ac y podr\u00e1s disfrutar del env\u00edo gratuito a toda Espa\u00f1a (excepto islas) a partir de pedidos de 50 \u20ac. Todos los importes indicados <a href=\"https:\/\/www.sapiselco.com\/es\/shop\/\" class=\"more-link\">&#8230;<\/a>","protected":false},"author":1,"featured_media":0,"parent":0,"menu_order":0,"comment_status":"closed","ping_status":"closed","template":"","meta":{"_acf_changed":false,"footnotes":""},"class_list":["post-60834","page","type-page","status-publish","hentry"],"acf":[],"_links":{"self":[{"href":"https:\/\/www.sapiselco.com\/es\/wp-json\/wp\/v2\/pages\/60834","targetHints":{"allow":["GET"]}}],"collection":[{"href":"https:\/\/www.sapiselco.com\/es\/wp-json\/wp\/v2\/pages"}],"about":[{"href":"https:\/\/www.sapiselco.com\/es\/wp-json\/wp\/v2\/types\/page"}],"author":[{"embeddable":true,"href":"https:\/\/www.sapiselco.com\/es\/wp-json\/wp\/v2\/users\/1"}],"replies":[{"embeddable":true,"href":"https:\/\/www.sapiselco.com\/es\/wp-json\/wp\/v2\/comments?post=60834"}],"version-history":[{"count":13,"href":"https:\/\/www.sapiselco.com\/es\/wp-json\/wp\/v2\/pages\/60834\/revisions"}],"predecessor-version":[{"id":60847,"href":"https:\/\/www.sapiselco.com\/es\/wp-json\/wp\/v2\/pages\/60834\/revisions\/60847"}],"wp:attachment":[{"href":"https:\/\/www.sapiselco.com\/es\/wp-json\/wp\/v2\/media?parent=60834"}],"curies":[{"name":"wp","href":"https:\/\/api.w.org\/{rel}","templated":true}]}}