{"id":48587,"date":"2022-01-05T14:19:14","date_gmt":"2022-01-05T13:19:14","guid":{"rendered":"https:\/\/www.sapiselco.com\/work-with-us\/"},"modified":"2022-07-20T09:56:36","modified_gmt":"2022-07-20T07:56:36","slug":"travailler-avec-nous","status":"publish","type":"page","link":"https:\/\/www.sapiselco.com\/fr\/travailler-avec-nous\/","title":{"rendered":"Travailler avec nous"},"content":{"rendered":"<div class=\"wpb-content-wrapper\"><p>[vc_row gap=\u00a0\u00bb30&Prime; css=\u00a0\u00bb.vc_custom_1641397484999{margin-bottom: 0px !important;}\u00a0\u00bb][vc_column width=\u00a0\u00bb2\/3&Prime;][vc_column_text]<\/p>\n<h2>Nous sommes tourn\u00e9s vers le <strong>Futur<\/strong><\/h2>\n<p>[\/vc_column_text][\/vc_column][vc_column width=\u00a0\u00bb1\/3&Prime; offset=\u00a0\u00bbvc_hidden-sm vc_hidden-xs\u00a0\u00bb][\/vc_column][\/vc_row][vc_row gap=\u00a0\u00bb30&Prime;][vc_column width=\u00a0\u00bb1\/2&Prime;][vc_column_text]Nous sommes toujours \u00e0 la recherche de nouvelles ressources humaines qualifi\u00e9es pour enrichir notre \u00e9quipe\u00a0: adressez-nous votre candidature spontan\u00e9e ou connectez-vous \u00e0 notre page Linkedin pour \u00eatre inform\u00e9 de toutes les initiatives. Les personnes qui rejoignent SapiSelco suivent un programme d\u2019insertion qui leur permet de mieux conna\u00eetre l\u2019entreprise et de d\u00e9velopper les comp\u00e9tences requises pour accomplir les t\u00e2ches qui leur sont confi\u00e9es.[\/vc_column_text][\/vc_column][vc_column width=\u00a0\u00bb1\/2&Prime;][vc_column_text]Vous souhaitez rejoindre notre entreprise\u2009? Envoyez votre candidature spontan\u00e9e ci-dessous en remplissant le formulaire de contact et en joignant votre CV dans l\u2019un des formats autoris\u00e9s.[\/vc_column_text][\/vc_column][\/vc_row][vc_row css=\u00a0\u00bb.vc_custom_1641397507106{padding-bottom: 30px !important;}\u00a0\u00bb][vc_column][vc_column_text]<\/p>\n<h3>Candidature <strong>spontan\u00e9e<\/strong><\/h3>\n<p>[\/vc_column_text]\n<div class=\"wpcf7 no-js\" id=\"wpcf7-f48594-o1\" lang=\"fr-FR\" dir=\"ltr\" data-wpcf7-id=\"48594\">\n<div class=\"screen-reader-response\"><p role=\"status\" aria-live=\"polite\" aria-atomic=\"true\"><\/p> <ul><\/ul><\/div>\n<form action=\"\/fr\/wp-json\/wp\/v2\/pages\/48587#wpcf7-f48594-o1\" method=\"post\" class=\"wpcf7-form init\" aria-label=\"Formulaire de contact\" enctype=\"multipart\/form-data\" novalidate=\"novalidate\" data-status=\"init\">\n<fieldset class=\"hidden-fields-container\"><input type=\"hidden\" name=\"_wpcf7\" value=\"48594\" \/><input type=\"hidden\" name=\"_wpcf7_version\" value=\"6.1.6\" \/><input type=\"hidden\" name=\"_wpcf7_locale\" value=\"fr_FR\" \/><input type=\"hidden\" name=\"_wpcf7_unit_tag\" value=\"wpcf7-f48594-o1\" \/><input type=\"hidden\" name=\"_wpcf7_container_post\" value=\"0\" \/><input type=\"hidden\" name=\"_wpcf7_posted_data_hash\" value=\"\" \/><input type=\"hidden\" name=\"_wpcf7_recaptcha_response\" value=\"\" \/>\n<\/fieldset>\n<div class=\"side-l\">\n<h4 class=\"form-ttl\">Coordonn\u00e9es<\/h4>\n<div style=\"position:relative;\"><span class=\"form-req\">*<\/span><span class=\"wpcf7-form-control-wrap\" data-name=\"first-name\"><input size=\"40\" maxlength=\"400\" class=\"wpcf7-form-control wpcf7-text wpcf7-validates-as-required\" aria-required=\"true\" aria-invalid=\"false\" placeholder=\"Pr\u00e9nom\" value=\"\" type=\"text\" name=\"first-name\" \/><\/span><\/div>\n<div style=\"position:relative;\"><span class=\"form-req\">*<\/span><span class=\"wpcf7-form-control-wrap\" data-name=\"last-name\"><input size=\"40\" maxlength=\"400\" class=\"wpcf7-form-control wpcf7-text wpcf7-validates-as-required\" aria-required=\"true\" aria-invalid=\"false\" placeholder=\"Nom\" value=\"\" type=\"text\" name=\"last-name\" \/><\/span><\/div>\n<div style=\"position:relative;\"><span class=\"form-req\">*<\/span><span class=\"wpcf7-form-control-wrap\" data-name=\"your-email\"><input size=\"40\" maxlength=\"400\" class=\"wpcf7-form-control wpcf7-email wpcf7-validates-as-required wpcf7-text wpcf7-validates-as-email\" aria-required=\"true\" aria-invalid=\"false\" placeholder=\"Courriel\" value=\"\" type=\"email\" name=\"your-email\" \/><\/span><\/div>\n<div style=\"position:relative;\"><span class=\"form-req\">*<\/span><span class=\"wpcf7-form-control-wrap\" data-name=\"your-tel\"><input size=\"40\" maxlength=\"400\" class=\"wpcf7-form-control wpcf7-tel wpcf7-validates-as-required wpcf7-text wpcf7-validates-as-tel\" aria-required=\"true\" aria-invalid=\"false\" placeholder=\"T\u00e9l\u00e9phone\" value=\"\" type=\"tel\" name=\"your-tel\" \/><\/span><\/div>\n<h4 class=\"form-ttl\">Pi\u00e8ces jointes<\/h4>\n<div style=\"position:relative;\">Joindre un curriculum vitae (format PDF,DOC,DOCX,RTF) <span class=\"form-req\">*<\/span><\/div>\n<span class=\"wpcf7-form-control-wrap\" data-name=\"allegati\"><input size=\"40\" class=\"wpcf7-form-control wpcf7-file wpcf7-validates-as-required\" accept=\".pdf,.doc,.docx,.rtf\" aria-required=\"true\" aria-invalid=\"false\" type=\"file\" name=\"allegati\" \/><\/span>\n<\/div>\n<div class=\"side-r\">\n<h4 class=\"form-ttl\">Niveau d\u2019\u00e9tude<\/h4>\n<div style=\"position:relative;\"><span class=\"wpcf7-form-control-wrap\" data-name=\"diploma\"><select class=\"wpcf7-form-control wpcf7-select wpcf7-validates-as-required\" aria-required=\"true\" aria-invalid=\"false\" name=\"diploma\"><option value=\"\">Baccalaur\u00e9at<\/option><option value=\"Artistique\">Artistique<\/option><option value=\"Classique\">Classique<\/option><option value=\"Linguistique\">Linguistique<\/option><option value=\"Scientifique\">Scientifique<\/option><option value=\"Chimiste\">Chimiste<\/option><option value=\"\u00c9conomie\">\u00c9conomie<\/option><option value=\"\u00c9lectronique\">\u00c9lectronique<\/option><option value=\"Construction\">Construction<\/option><option value=\"M\u00e9canique\">M\u00e9canique<\/option><option value=\"Autre\">Autre<\/option><\/select><\/span><\/div>\n<div style=\"position:relative;\"><span class=\"wpcf7-form-control-wrap\" data-name=\"laurea\"><select class=\"wpcf7-form-control wpcf7-select wpcf7-validates-as-required\" aria-required=\"true\" aria-invalid=\"false\" name=\"laurea\"><option value=\"\">Dipl\u00f4me universitaire<\/option><option value=\"Architecture\">Architecture<\/option><option value=\"Humaniste\">Humaniste<\/option><option value=\"\u00c9conomie\">\u00c9conomie<\/option><option value=\"Droit\">Droit<\/option><option value=\"Ing\u00e9nierie\">Ing\u00e9nierie<\/option><option value=\"Informatique\">Informatique<\/option><option value=\"Langues\">Langues<\/option><option value=\"Autre\">Autre<\/option><\/select><\/span><\/div>\n<h4 class=\"form-ttl\">Domaines de comp\u00e9tence<\/h4>\n<div style=\"position:relative;\"><span class=\"wpcf7-form-control-wrap\" data-name=\"aree\"><span class=\"wpcf7-form-control wpcf7-checkbox wpcf7-validates-as-required\"><span class=\"wpcf7-list-item first\"><label><input type=\"checkbox\" name=\"aree[]\" value=\"Achats\" \/><span class=\"wpcf7-list-item-label\">Achats<\/span><\/label><\/span><span class=\"wpcf7-list-item\"><label><input type=\"checkbox\" name=\"aree[]\" value=\"Administratif\" \/><span class=\"wpcf7-list-item-label\">Administratif<\/span><\/label><\/span><span class=\"wpcf7-list-item\"><label><input type=\"checkbox\" name=\"aree[]\" value=\"Commercial\" \/><span class=\"wpcf7-list-item-label\">Commercial<\/span><\/label><\/span><span class=\"wpcf7-list-item\"><label><input type=\"checkbox\" name=\"aree[]\" value=\"TI\" \/><span class=\"wpcf7-list-item-label\">TI<\/span><\/label><\/span><span class=\"wpcf7-list-item\"><label><input type=\"checkbox\" name=\"aree[]\" value=\"Logistique\" \/><span class=\"wpcf7-list-item-label\">Logistique<\/span><\/label><\/span><span class=\"wpcf7-list-item\"><label><input type=\"checkbox\" name=\"aree[]\" value=\"Maintenance\" \/><span class=\"wpcf7-list-item-label\">Maintenance<\/span><\/label><\/span><span class=\"wpcf7-list-item\"><label><input type=\"checkbox\" name=\"aree[]\" value=\"Production\" \/><span class=\"wpcf7-list-item-label\">Production<\/span><\/label><\/span><span class=\"wpcf7-list-item\"><label><input type=\"checkbox\" name=\"aree[]\" value=\"Qualit\u00e9\" \/><span class=\"wpcf7-list-item-label\">Qualit\u00e9<\/span><\/label><\/span><span class=\"wpcf7-list-item\"><label><input type=\"checkbox\" name=\"aree[]\" value=\"Ressources humaines\" \/><span class=\"wpcf7-list-item-label\">Ressources humaines<\/span><\/label><\/span><span class=\"wpcf7-list-item last\"><label><input type=\"checkbox\" name=\"aree[]\" value=\"Accueil\" \/><span class=\"wpcf7-list-item-label\">Accueil<\/span><\/label><\/span><\/span><\/span><\/div>\n<h4 class=\"form-ttl\">Remarques suppl\u00e9mentaires<\/h4>\n<p style=\"position:relative;\"><span class=\"wpcf7-form-control-wrap\" data-name=\"note\"><textarea cols=\"40\" rows=\"10\" maxlength=\"2000\" class=\"wpcf7-form-control wpcf7-textarea\" aria-invalid=\"false\" name=\"note\"><\/textarea><\/span><\/p>\n<div style=\"clear:both\"><\/div>\n<\/div>\n<div class=\"side2-l\">\n<p class=\"field acpt\">Sur le fondement des articles 13 et 14 du R\u00c8GLEMENT EUROP\u00c9EN no 679\/2016<br \/><span class=\"wpcf7-form-control-wrap\" data-name=\"acceptance\"><span class=\"wpcf7-form-control wpcf7-acceptance\"><span class=\"wpcf7-list-item\"><input type=\"checkbox\" name=\"acceptance\" value=\"1\" aria-invalid=\"false\" \/><\/span><\/span><\/span>   je d\u00e9clare avoir pris connaissance de la <a target=\"_blank\" href=\"\/fr\/privacy-policy\" title=\"politique de confidentialit\u00e9\">politique de confidentialit\u00e9<\/a> compl\u00e8te de SapiSelco s.r. l. relative au traitement des donn\u00e9es \u00e0 caract\u00e8re personnel et j\u2019accepte d\u2019\u00eatre contact\u00e9 pour obtenir une r\u00e9ponse \u00e0 ma demande.<\/p>\n<\/div>\n<div class=\"side2-r\">\n<p class=\"field acpt cons\">\nJe donne mon consentement au traitement de mes donn\u00e9es \u00e0 caract\u00e8re personnel pour des finalit\u00e9s de marketing relatives aux produits et aux services de SapiSelco s.r. l., par courrier papier et par t\u00e9l\u00e9phone, y compris sans op\u00e9rateur, messagerie \u00e9lectronique, MMS ou SMS. Le consentement fourni pour des envois marketing par des moyens automatis\u00e9s en vertu de l\u2019art. 130 s\u2019applique aussi aux modalit\u00e9s traditionnelles de contact.<br \/>\n<span class=\"wpcf7-form-control-wrap\" data-name=\"cons\"><span class=\"wpcf7-form-control wpcf7-checkbox wpcf7-validates-as-required wpcf7-exclusive-checkbox\"><span class=\"wpcf7-list-item first\"><input type=\"checkbox\" name=\"cons\" value=\"J&#039;accepte\" \/><span class=\"wpcf7-list-item-label\">J&#039;accepte<\/span><\/span><span class=\"wpcf7-list-item last\"><input type=\"checkbox\" name=\"cons\" value=\"Je n&#039;accepte pas\" \/><span class=\"wpcf7-list-item-label\">Je n&#039;accepte pas<\/span><\/span><\/span><\/span>\n<\/p>\n<\/div>\n<div style=\"clear:both\"><\/div>\n<div class=\"cf7-cap\"><input class=\"wpcf7-form-control wpcf7-submit has-spinner\" type=\"submit\" value=\"ENVOYER LA DEMANDE\" \/><\/div>\n<style>\n.form-ttl { color:#BCBCBC; font-weight:700; font-size:20px; margin-top:2rem; }\n.wpcf7 { margin-bottom:0.5em; }\n.side-l { float:left; width:33%; margin-bottom:15px; margin-right:2%; position:relative; }\n.side-r { float:left; width:65%; margin-bottom:15px; position:relative; }\n.side2-l { float:left; width:49%; margin-bottom:15px; margin-right:2%; position:relative; }\n.side2-r { float:left; width:49%; margin-bottom:15px; position:relative; }\n.cf7-cap { width:100%; display:flex; justify-content:center; margin-bottom:2rem; }\n.cf7-cap-l, .cf7-cap-r { float:left; width:49%; margin-bottom:15px; }\n.cf7-cap-r { margin-left:1%; position:relative; }\n.cf7-cap-l { margin-right:1%; position:relative; }\n.aree .wpcf7-checkbox { display:grid; grid-template-columns:repeat(auto-fit, minmax(135px, 1fr)); grid-gap:10px; margin-bottom:20px; }\n.aree .wpcf7-checkbox .wpcf7-list-item { margin:0; }\n.aree .wpcf7-checkbox label { cursor:pointer; }\n.wpcf7-submit { float:right !important; max-width:200px; }\n.captcha input { padding-left:10px; }\n.captcha input { margin:0px; }\n.wpcf7 textarea { width:100% !important; height:80px; min-height:auto; }\n.wpcf7-submit:disabled { opacity:0.5; cursor:not-allowed !important; }\n.wpcf7 .acpt input { width:auto !important; height:auto !important; margin-right:5px; }\n.wpcf7 .acpt span { width:auto !important; display:inline-block; }\n.wpcf7 .cons { margin-bottom:15px; }\ninput[type=\"text\"], input[type=\"tel\"], input[type=\"email\"], input[type=\"number\"], select, textarea { margin-bottom:15px; }\n@media screen and (max-width:800px) {\n.side-l, .side-r { width:49%; }\n}\n@media screen and (max-width:567px) {\n.cf7-cap-l, .cf7-cap-r, .side2-l, .side2-r, .side-l, .side-r { width:100%; }\n.cf7-cap-r { margin-left:0; }\n.cf7-cap-l, .side2-l, .side-l { margin-right:0; }\ninput.wpcf7-submit { margin-top:20px !important; }\n}\n<\/style><input type=\"hidden\" id=\"ct_checkjs_cf7_4ea06fbc83cdd0a06020c35d50e1e89a\" name=\"ct_checkjs_cf7\" value=\"0\" \/><script >setTimeout(function(){var ct_input_name = \"ct_checkjs_cf7_4ea06fbc83cdd0a06020c35d50e1e89a\";if (document.getElementById(ct_input_name) !== null) {var ct_input_value = document.getElementById(ct_input_name).value;document.getElementById(ct_input_name).value = document.getElementById(ct_input_name).value.replace(ct_input_value, '2032105270');}}, 1000);<\/script><input\n                    class=\"apbct_special_field apbct_email_id__wp_contact_form_7\"\n                    name=\"apbct__email_id__wp_contact_form_7\"\n                    aria-label=\"apbct__label_id__wp_contact_form_7\"\n                    type=\"text\" size=\"30\" maxlength=\"200\" autocomplete=\"off\"\n                    value=\"\"\n                \/><div class=\"wpcf7-response-output\" aria-hidden=\"true\"><\/div>\n<\/form>\n<\/div>\n[\/vc_column][\/vc_row]<\/p>\n<\/div>","protected":false},"excerpt":{"rendered":"[vc_row gap=\u00a0\u00bb30&Prime; css=\u00a0\u00bb.vc_custom_1641397484999{margin-bottom: 0px !important;}\u00a0\u00bb][vc_column width=\u00a0\u00bb2\/3&Prime;][vc_column_text] Nous sommes tourn\u00e9s vers le Futur [\/vc_column_text][\/vc_column][vc_column width=\u00a0\u00bb1\/3&Prime; offset=\u00a0\u00bbvc_hidden-sm vc_hidden-xs\u00a0\u00bb][\/vc_column][\/vc_row][vc_row gap=\u00a0\u00bb30&Prime;][vc_column width=\u00a0\u00bb1\/2&Prime;][vc_column_text]Nous sommes toujours \u00e0 la recherche de nouvelles ressources humaines qualifi\u00e9es pour enrichir notre \u00e9quipe\u00a0: adressez-nous votre candidature spontan\u00e9e ou connectez-vous \u00e0 notre page Linkedin pour \u00eatre inform\u00e9 de toutes les initiatives. Les personnes qui rejoignent SapiSelco suivent <a href=\"https:\/\/www.sapiselco.com\/fr\/travailler-avec-nous\/\" class=\"more-link\">&#8230;<\/a>","protected":false},"author":1,"featured_media":0,"parent":0,"menu_order":0,"comment_status":"closed","ping_status":"closed","template":"","meta":{"_acf_changed":false,"footnotes":""},"class_list":["post-48587","page","type-page","status-publish","hentry"],"acf":[],"_links":{"self":[{"href":"https:\/\/www.sapiselco.com\/fr\/wp-json\/wp\/v2\/pages\/48587","targetHints":{"allow":["GET"]}}],"collection":[{"href":"https:\/\/www.sapiselco.com\/fr\/wp-json\/wp\/v2\/pages"}],"about":[{"href":"https:\/\/www.sapiselco.com\/fr\/wp-json\/wp\/v2\/types\/page"}],"author":[{"embeddable":true,"href":"https:\/\/www.sapiselco.com\/fr\/wp-json\/wp\/v2\/users\/1"}],"replies":[{"embeddable":true,"href":"https:\/\/www.sapiselco.com\/fr\/wp-json\/wp\/v2\/comments?post=48587"}],"version-history":[{"count":3,"href":"https:\/\/www.sapiselco.com\/fr\/wp-json\/wp\/v2\/pages\/48587\/revisions"}],"predecessor-version":[{"id":58122,"href":"https:\/\/www.sapiselco.com\/fr\/wp-json\/wp\/v2\/pages\/48587\/revisions\/58122"}],"wp:attachment":[{"href":"https:\/\/www.sapiselco.com\/fr\/wp-json\/wp\/v2\/media?parent=48587"}],"curies":[{"name":"wp","href":"https:\/\/api.w.org\/{rel}","templated":true}]}}