{"id":48598,"date":"2022-01-25T10:20:02","date_gmt":"2022-01-25T09:20:02","guid":{"rendered":"https:\/\/www.sapiselco.com\/training-area\/"},"modified":"2023-10-26T09:59:37","modified_gmt":"2023-10-26T07:59:37","slug":"departement-formation","status":"publish","type":"page","link":"https:\/\/www.sapiselco.com\/fr\/departement-formation\/","title":{"rendered":"D\u00e9partement formation"},"content":{"rendered":"<div class=\"wpb-content-wrapper\"><p>[vc_row gap=\u00a0\u00bb30&Prime;][vc_column width=\u00a0\u00bb1\/2&Prime;][vc_column_text]<\/p>\n<h2>Conna\u00eetre les produits <strong>SapiSelco<\/strong><\/h2>\n<p>[\/vc_column_text][\/vc_column][vc_column width=\u00a0\u00bb1\/2&Prime;][vc_column_text]Il est important de se renseigner sur les<strong> solutions de c\u00e2blage SapiSelco<\/strong> pour toujours faire<strong> le bon choix<\/strong>. Dans cette section, vous trouverez des informations sur la fa\u00e7on d\u2019<strong>identifier notre produit<\/strong>, des conseils sur la <strong>fa\u00e7on de l\u2019appliquer<\/strong>, des indications importantes sur le <strong>stockage<\/strong>, des instructions sur la <strong>fa\u00e7on d\u2019installer<\/strong> le produit en toute s\u00e9curit\u00e9 et des conseils sur la fin de vie de l\u2019emballage utilis\u00e9.[\/vc_column_text][\/vc_column][\/vc_row][vc_row][vc_column][vc_tta_tour style=\u00a0\u00bbflat\u00a0\u00bb shape=\u00a0\u00bbsquare\u00a0\u00bb gap=\u00a0\u00bb30&Prime; active_section=\u00a0\u00bb1&Prime; no_fill_content_area=\u00a0\u00bbtrue\u00a0\u00bb el_class=\u00a0\u00bbtab-type-2 tab-training\u00a0\u00bb][vc_tta_section title=\u00a0\u00bbRECONNA\u00ceTRE <strong>LE PRODUIT<\/strong>\u00a0\u00bb tab_id=\u00a0\u00bbreconnaitre-le-produit\u00a0\u00bb][vc_single_image image=\u00a0\u00bb2595&Prime; img_size=\u00a0\u00bbfull\u00a0\u00bb el_class=\u00a0\u00bbreconnaitre-le-produit\u00a0\u00bb][vc_column_text]<\/p>\n<h4>Identifier l\u2019authenticit\u00e9 d\u2019un produit SapiSelco<\/h4>\n<p>[\/vc_column_text][vc_column_text]Il est possible d\u2019identifier un <strong>produit SapiSelco v\u00e9ritable<\/strong> gr\u00e2ce aux <strong>marques officielles<\/strong>, directement <strong>imprim\u00e9es sous la \u00ab\u2009t\u00eate\u2009\u00bb<\/strong> de chaque <strong>collier<\/strong> <strong>de serrage\u00a0<\/strong>: le logo avec le <strong>losange SapiSelco<\/strong>, ou bien le <strong>code commercial 2S<\/strong>, deux symboles qui garantissent un produit <strong>100\u00a0% <em>Made in Italy<\/em><\/strong> <em>by<\/em> <strong>SapiSelco<\/strong>.[\/vc_column_text][vc_single_image image=\u00a0\u00bb2364&Prime; img_size=\u00a0\u00bbfull\u00a0\u00bb alignment=\u00a0\u00bbcenter\u00a0\u00bb css_animation=\u00a0\u00bbfadeInRight\u00a0\u00bb][\/vc_tta_section][vc_tta_section title=\u00a0\u00bb<strong>Stockage<\/strong> et <strong>installation<\/strong>\u00a0\u00bb tab_id=\u00a0\u00bbstockage-installation\u00a0\u00bb][vc_single_image image=\u00a0\u00bb2525&Prime; img_size=\u00a0\u00bbfull\u00a0\u00bb el_class=\u00a0\u00bbstockage-installation\u00a0\u00bb][vc_column_text]<\/p>\n<h4>Stockage et installation<\/h4>\n<p>Nous r\u00e9capitulons dans les tableaux suivants les modalit\u00e9s correctes <strong>de stockage <\/strong>et <strong>de conservation <\/strong>des produits SapiSelco et nous fournissons des indications sur les principales <strong>modalit\u00e9s d\u2019application<\/strong> et <strong>les normes de s\u00e9curit\u00e9<\/strong>.[\/vc_column_text][vc_row_inner][vc_column_inner width=\u00a0\u00bb1\/2&Prime;][vc_btn title=\u00a0\u00bbSTOCKAGE\u00a0\u00bb style=\u00a0\u00bboutline-custom\u00a0\u00bb outline_custom_color=\u00a0\u00bb#00955f\u00a0\u00bb outline_custom_hover_background=\u00a0\u00bb#00955f\u00a0\u00bb outline_custom_hover_text=\u00a0\u00bb#ffffff\u00a0\u00bb shape=\u00a0\u00bbsquare\u00a0\u00bb align=\u00a0\u00bbcenter\u00a0\u00bb i_align=\u00a0\u00bbright\u00a0\u00bb i_icon_fontawesome=\u00a0\u00bbfas fa-table\u00a0\u00bb css_animation=\u00a0\u00bbfadeIn\u00a0\u00bb button_block=\u00a0\u00bbtrue\u00a0\u00bb add_icon=\u00a0\u00bbtrue\u00a0\u00bb custom_onclick=\u00a0\u00bbtrue\u00a0\u00bb custom_onclick_code=\u00a0\u00bbopenModal(\u00ab\u00a0#storage\u00ab\u00a0);\u00a0\u00bb][\/vc_column_inner][vc_column_inner width=\u00a0\u00bb1\/2&Prime;][vc_btn title=\u00a0\u00bbINSTALLATION\u00a0\u00bb style=\u00a0\u00bboutline-custom\u00a0\u00bb outline_custom_color=\u00a0\u00bb#00955f\u00a0\u00bb outline_custom_hover_background=\u00a0\u00bb#00955f\u00a0\u00bb outline_custom_hover_text=\u00a0\u00bb#ffffff\u00a0\u00bb shape=\u00a0\u00bbsquare\u00a0\u00bb align=\u00a0\u00bbcenter\u00a0\u00bb i_align=\u00a0\u00bbright\u00a0\u00bb i_icon_fontawesome=\u00a0\u00bbfas fa-table\u00a0\u00bb css_animation=\u00a0\u00bbfadeIn\u00a0\u00bb button_block=\u00a0\u00bbtrue\u00a0\u00bb add_icon=\u00a0\u00bbtrue\u00a0\u00bb custom_onclick=\u00a0\u00bbtrue\u00a0\u00bb custom_onclick_code=\u00a0\u00bbopenModal(\u00ab\u00a0#installation\u00ab\u00a0);\u00a0\u00bb][\/vc_column_inner][\/vc_row_inner][\/vc_tta_section][vc_tta_section title=\u00a0\u00bbInstructions de <strong>recyclage<\/strong>\u00a0\u00bb tab_id=\u00a0\u00bbrecyclage\u00a0\u00bb][vc_single_image image=\u00a0\u00bb2525&Prime; img_size=\u00a0\u00bbfull\u00a0\u00bb el_class=\u00a0\u00bbrecyclage\u00a0\u00bb][vc_column_text]<\/p>\n<h4>Instructions de recyclage<\/h4>\n<p>Dans le but de toujours mieux respecter l\u2019environnement et la nature, et conform\u00e9ment aux r\u00e9glementations nationales et internationales, vous trouverez ci-dessous les instructions pour l\u2019<strong>\u00e9limination correcte des emballages<\/strong> de tous les produits <strong>SapiSelco<\/strong>.[\/vc_column_text][vc_row_inner][vc_column_inner width=\u00a0\u00bb1\/2&Prime;][vc_btn title=\u00a0\u00bbINSTRUCTIONS\u00a0\u00bb style=\u00a0\u00bboutline-custom\u00a0\u00bb outline_custom_color=\u00a0\u00bb#00955f\u00a0\u00bb outline_custom_hover_background=\u00a0\u00bb#00955f\u00a0\u00bb outline_custom_hover_text=\u00a0\u00bb#ffffff\u00a0\u00bb shape=\u00a0\u00bbsquare\u00a0\u00bb align=\u00a0\u00bbcenter\u00a0\u00bb i_align=\u00a0\u00bbright\u00a0\u00bb i_icon_fontawesome=\u00a0\u00bbfas fa-table\u00a0\u00bb css_animation=\u00a0\u00bbfadeIn\u00a0\u00bb button_block=\u00a0\u00bbtrue\u00a0\u00bb add_icon=\u00a0\u00bbtrue\u00a0\u00bb link=\u00a0\u00bburl:%2Fqr-code\u00a0\u00bb][\/vc_column_inner][vc_column_inner width=\u00a0\u00bb1\/2&Prime;][\/vc_column_inner][\/vc_row_inner][\/vc_tta_section][vc_tta_section title=\u00a0\u00bbSECTEURS <strong>D\u2019APPLICATION<\/strong>\u00a0\u00bb tab_id=\u00a0\u00bbsecteurs-application\u00a0\u00bb][vc_single_image image=\u00a0\u00bb2580&Prime; img_size=\u00a0\u00bbfull\u00a0\u00bb el_class=\u00a0\u00bbsecteurs-application\u00a0\u00bb][vc_row_inner][vc_column_inner][vc_column_text css=\u00a0\u00bb.vc_custom_1658151509735{margin-bottom: 0px !important;padding-bottom: 0px !important;}\u00a0\u00bb]<\/p>\n<h4>Les <strong>applications<\/strong> de notre produit<\/h4>\n<p>Un aper\u00e7u des principaux secteurs d\u2019application des <strong>colliers de serrage SapiSelco<\/strong>.[\/vc_column_text][\/vc_column_inner][\/vc_row_inner][vc_row_inner css=\u00a0\u00bb.vc_custom_1652194939701{margin-bottom: 0px !important;}\u00a0\u00bb el_class=\u00a0\u00bbtraining-campi\u00a0\u00bb][vc_column_inner width=\u00a0\u00bb1\/6&Prime; offset=\u00a0\u00bbvc_col-xs-4&Prime;][vc_single_image image=\u00a0\u00bb2376&Prime; img_size=\u00a0\u00bbfull\u00a0\u00bb alignment=\u00a0\u00bbcenter\u00a0\u00bb css_animation=\u00a0\u00bbfadeIn\u00a0\u00bb][\/vc_column_inner][vc_column_inner width=\u00a0\u00bb1\/6&Prime; offset=\u00a0\u00bbvc_col-xs-4&Prime;][vc_single_image image=\u00a0\u00bb2381&Prime; img_size=\u00a0\u00bbfull\u00a0\u00bb alignment=\u00a0\u00bbcenter\u00a0\u00bb css_animation=\u00a0\u00bbfadeIn\u00a0\u00bb][\/vc_column_inner][vc_column_inner width=\u00a0\u00bb1\/6&Prime; offset=\u00a0\u00bbvc_col-xs-4&Prime;][vc_single_image image=\u00a0\u00bb2386&Prime; img_size=\u00a0\u00bbfull\u00a0\u00bb alignment=\u00a0\u00bbcenter\u00a0\u00bb css_animation=\u00a0\u00bbfadeIn\u00a0\u00bb][\/vc_column_inner][vc_column_inner width=\u00a0\u00bb1\/6&Prime; offset=\u00a0\u00bbvc_col-xs-4&Prime;][vc_single_image image=\u00a0\u00bb2391&Prime; img_size=\u00a0\u00bbfull\u00a0\u00bb alignment=\u00a0\u00bbcenter\u00a0\u00bb css_animation=\u00a0\u00bbfadeIn\u00a0\u00bb][\/vc_column_inner][vc_column_inner width=\u00a0\u00bb1\/6&Prime; offset=\u00a0\u00bbvc_col-xs-4&Prime;][vc_single_image image=\u00a0\u00bb2396&Prime; img_size=\u00a0\u00bbfull\u00a0\u00bb alignment=\u00a0\u00bbcenter\u00a0\u00bb css_animation=\u00a0\u00bbfadeIn\u00a0\u00bb][\/vc_column_inner][vc_column_inner width=\u00a0\u00bb1\/6&Prime; offset=\u00a0\u00bbvc_col-xs-4&Prime;][vc_single_image image=\u00a0\u00bb2401&Prime; img_size=\u00a0\u00bbfull\u00a0\u00bb alignment=\u00a0\u00bbcenter\u00a0\u00bb css_animation=\u00a0\u00bbfadeIn\u00a0\u00bb][\/vc_column_inner][\/vc_row_inner][vc_row_inner][vc_column_inner width=\u00a0\u00bb1\/6&Prime; offset=\u00a0\u00bbvc_col-xs-4&Prime;][vc_single_image image=\u00a0\u00bb2406&Prime; img_size=\u00a0\u00bbfull\u00a0\u00bb alignment=\u00a0\u00bbcenter\u00a0\u00bb css_animation=\u00a0\u00bbfadeIn\u00a0\u00bb][\/vc_column_inner][vc_column_inner width=\u00a0\u00bb1\/6&Prime; offset=\u00a0\u00bbvc_col-xs-4&Prime;][vc_single_image image=\u00a0\u00bb2411&Prime; img_size=\u00a0\u00bbfull\u00a0\u00bb alignment=\u00a0\u00bbcenter\u00a0\u00bb css_animation=\u00a0\u00bbfadeIn\u00a0\u00bb][\/vc_column_inner][vc_column_inner width=\u00a0\u00bb1\/6&Prime; offset=\u00a0\u00bbvc_col-xs-4&Prime;][vc_single_image image=\u00a0\u00bb2416&Prime; img_size=\u00a0\u00bbfull\u00a0\u00bb alignment=\u00a0\u00bbcenter\u00a0\u00bb css_animation=\u00a0\u00bbfadeIn\u00a0\u00bb][\/vc_column_inner][vc_column_inner width=\u00a0\u00bb1\/6&Prime; offset=\u00a0\u00bbvc_col-xs-4&Prime;][vc_single_image image=\u00a0\u00bb2421&Prime; img_size=\u00a0\u00bbfull\u00a0\u00bb alignment=\u00a0\u00bbcenter\u00a0\u00bb css_animation=\u00a0\u00bbfadeIn\u00a0\u00bb][\/vc_column_inner][vc_column_inner width=\u00a0\u00bb1\/6&Prime; offset=\u00a0\u00bbvc_col-xs-4&Prime;][vc_single_image image=\u00a0\u00bb2426&Prime; img_size=\u00a0\u00bbfull\u00a0\u00bb alignment=\u00a0\u00bbcenter\u00a0\u00bb css_animation=\u00a0\u00bbfadeIn\u00a0\u00bb][\/vc_column_inner][vc_column_inner width=\u00a0\u00bb1\/6&Prime; offset=\u00a0\u00bbvc_col-xs-4&Prime;][vc_single_image image=\u00a0\u00bb2371&Prime; img_size=\u00a0\u00bbfull\u00a0\u00bb alignment=\u00a0\u00bbcenter\u00a0\u00bb css_animation=\u00a0\u00bbfadeIn\u00a0\u00bb][\/vc_column_inner][\/vc_row_inner][\/vc_tta_section][\/vc_tta_tour][vc_raw_js]JTNDc2NyaXB0JTNFJTBBdmFyJTIwJTI0aiUyMCUzRCUyMGpRdWVyeSUzQiUwQWZ1bmN0aW9uJTIwb3Blbk1vZGFsJTI4bW9kYWwlMjklN0IlMEF2YXIlMjBtb2RhbENvbnRhaW5lciUyMCUzRCUyMCUyNGolMjglMjcubW9kYWwtY29udGVudC1ib3glMjclMjklM0IlMEFtb2RhbENvbnRhaW5lci5odG1sJTI4JTI3JTI3JTI5JTNCJTBBdmFyJTIwbW9kYWxjb250ZW50JTIwJTNEJTIwJTI0aiUyOG1vZGFsJTI5Lmh0bWwlMjglMjklM0IlMEFtb2RhbENvbnRhaW5lci5odG1sJTI4bW9kYWxjb250ZW50JTI5LnNob3clMjglMjklM0IlMEElMjRqJTI4JTI3JTIzbW9kYWwtY29udGFpbmVyJTI3JTI5LmZhZGVJbiUyOCUyOSUzQiUwQSU3RCUwQSUzQyUyRnNjcmlwdCUzRQ==[\/vc_raw_js][\/vc_column][\/vc_row][vc_row el_class=\u00a0\u00bbno-mobile-space\u00a0\u00bb][vc_column][vc_separator color=\u00a0\u00bbcustom\u00a0\u00bb border_width=\u00a0\u00bb3&Prime; accent_color=\u00a0\u00bb#00955f\u00a0\u00bb][vc_empty_space height=\u00a0\u00bb50px\u00a0\u00bb][vc_column_text el_class=\u00a0\u00bbtraining-title\u00a0\u00bb]<\/p>\n<h3><strong>Agents ext\u00e9rieurs<\/strong> influant sur le polyamide<\/h3>\n<p>[\/vc_column_text][vc_empty_space height=\u00a0\u00bb50px\u00a0\u00bb][vc_tta_tour style=\u00a0\u00bbflat\u00a0\u00bb shape=\u00a0\u00bbsquare\u00a0\u00bb gap=\u00a0\u00bb30&Prime; active_section=\u00a0\u00bb1&Prime; no_fill_content_area=\u00a0\u00bbtrue\u00a0\u00bb el_class=\u00a0\u00bbtab-type-2 tab-training2 tab-training\u00a0\u00bb][vc_tta_section title=\u00a0\u00bb<strong>Eau<\/strong>\u00a0\u00bb tab_id=\u00a0\u00bbeau\u00a0\u00bb][vc_single_image image=\u00a0\u00bb2565&Prime; img_size=\u00a0\u00bbfull\u00a0\u00bb el_class=\u00a0\u00bbeau\u00a0\u00bb][vc_single_image image=\u00a0\u00bb4650&Prime; img_size=\u00a0\u00bbfull\u00a0\u00bb css=\u00a0\u00bb.vc_custom_1644407814640{margin-bottom: 0px !important;}\u00a0\u00bb][vc_column_text]<\/p>\n<h3><strong>L\u2019eau<\/strong><\/h3>\n<p>Le rapport entre le polyamide et l\u2019humidit\u00e9 de l\u2019air, et l\u2019eau en g\u00e9n\u00e9ral, est fondamental pour expliquer le comportement de ce technopolym\u00e8re hygroscopique. Le produit, comme une \u00e9ponge, absorbe et expulse l\u2019eau, en s\u2019adaptant au pourcentage d\u2019humidit\u00e9 ambiante. Les caract\u00e9ristiques m\u00e9caniques des produits en polyamide varient en fonction des conditions d\u2019application ambiantes.[\/vc_column_text][\/vc_tta_section][vc_tta_section title=\u00a0\u00bb<strong>HAUTE TEMP\u00c9RATURE<\/strong>\u00a0\u00bb tab_id=\u00a0\u00bbhaute-temperature\u00a0\u00bb][vc_single_image image=\u00a0\u00bb2570&Prime; img_size=\u00a0\u00bbfull\u00a0\u00bb el_class=\u00a0\u00bbhaute-temperature\u00a0\u00bb][vc_single_image image=\u00a0\u00bb4655&Prime; img_size=\u00a0\u00bbfull\u00a0\u00bb alignment=\u00a0\u00bbcenter\u00a0\u00bb css_animation=\u00a0\u00bbfadeIn\u00a0\u00bb css=\u00a0\u00bb.vc_custom_1644407828791{margin-bottom: 0px !important;}\u00a0\u00bb][vc_column_text]<\/p>\n<h3>La <strong>haute temp\u00e9rature<\/strong><\/h3>\n<p>Les basses temp\u00e9ratures raidissent le polyamide et le fragilisent. Les formulations adapt\u00e9es aux basses temp\u00e9ratures sont dites <strong>modifi\u00e9es choc <\/strong>et sont caract\u00e9ris\u00e9es par de meilleures performances concernant la fragilit\u00e9 \u00e0 basse temp\u00e9rature. Le modifiant choc permet de modifier les propri\u00e9t\u00e9s d\u2019autoextinguibilit\u00e9, qui passent de V2 \u00e0 HB, du produit.[\/vc_column_text][vc_column_text el_class=\u00a0\u00bbdark padding30&Prime;]<span style=\"color: #ffffff;\">SapiSelco propose des colliers de serrage en PA66 modifi\u00e9s choc, parfaitement adapt\u00e9s aux applications qui exigent des temp\u00e9ratures basses.<br \/>\n<strong><span style=\"color: #ffffff;\"><a style=\"color: #ffffff;\" href=\"\/fr\/materiaux-speciaux\/#haute-temperature\">Cliquez ici<\/a> <\/span>pour en savoir plus<\/strong><\/span>[\/vc_column_text][\/vc_tta_section][vc_tta_section title=\u00a0\u00bb<strong>BASSE TEMP\u00c9RATURE<\/strong>\u00a0\u00bb tab_id=\u00a0\u00bbbasse-temperature\u00a0\u00bb][vc_single_image image=\u00a0\u00bb2575&Prime; img_size=\u00a0\u00bbfull\u00a0\u00bb el_class=\u00a0\u00bbbasse-temperature\u00a0\u00bb][vc_single_image image=\u00a0\u00bb4660&Prime; img_size=\u00a0\u00bbfull\u00a0\u00bb alignment=\u00a0\u00bbcenter\u00a0\u00bb css_animation=\u00a0\u00bbfadeIn\u00a0\u00bb css=\u00a0\u00bb.vc_custom_1644407838355{margin-bottom: 0px !important;}\u00a0\u00bb][vc_column_text]<\/p>\n<h3>La <strong>basse temp\u00e9rature<\/strong><\/h3>\n<p>Les basses temp\u00e9ratures raidissent le polyamide et le fragilisent. Les formulations adapt\u00e9es aux basses temp\u00e9ratures sont dites <strong>modifi\u00e9es choc <\/strong>et sont caract\u00e9ris\u00e9es par de meilleures performances concernant la fragilit\u00e9 \u00e0 basse temp\u00e9rature. Le modifiant choc permet de modifier les propri\u00e9t\u00e9s d\u2019autoextinguibilit\u00e9, qui passent de V2 \u00e0 HB, du produit.[\/vc_column_text][vc_column_text el_class=\u00a0\u00bbdark padding30&Prime;]<span style=\"color: #ffffff;\">SapiSelco propose des colliers de serrage en PA66 modifi\u00e9s choc, parfaitement adapt\u00e9s aux applications qui exigent des temp\u00e9ratures basses.<\/span><br \/>\n<span style=\"color: #ffffff;\"><strong><a style=\"color: #ffffff;\" href=\"\/fr\/materiaux-speciaux\/#basse-temperature\">Cliquez ici<\/a> pour en savoir plus<\/strong><\/span>[\/vc_column_text][\/vc_tta_section][vc_tta_section title=\u00a0\u00bb<strong>SOLEIL<\/strong>\u00a0\u00bb tab_id=\u00a0\u00bbsoleil\u00a0\u00bb][vc_single_image image=\u00a0\u00bb2600&Prime; img_size=\u00a0\u00bbfull\u00a0\u00bb el_class=\u00a0\u00bbsoleil\u00a0\u00bb][vc_single_image image=\u00a0\u00bb4640&Prime; img_size=\u00a0\u00bbfull\u00a0\u00bb alignment=\u00a0\u00bbcenter\u00a0\u00bb css_animation=\u00a0\u00bbfadeIn\u00a0\u00bb css=\u00a0\u00bb.vc_custom_1644407867759{margin-bottom: 0px !important;}\u00a0\u00bb][vc_column_text]<\/p>\n<h3>Le <strong>soleil<\/strong><\/h3>\n<p>L\u2019exposition au soleil, en particulier aux rayons ultraviolets, est un autre facteur de d\u00e9t\u00e9rioration du polyamide. Au fil des ans, SapiSelco a conduit des essais de vieillissement acc\u00e9l\u00e9r\u00e9 et compar\u00e9 des articles fabriqu\u00e9s en polyamide standard \u00e0 d\u2019autres r\u00e9alis\u00e9s en polyamide r\u00e9sistant aux rayons UV. Au vu des r\u00e9sultats, elle a choisi de proposer une gamme sp\u00e9cifique.[\/vc_column_text][vc_column_text el_class=\u00a0\u00bbdark padding30&Prime;]<span style=\"color: #ffffff;\">SapiSelco propose des colliers de serrage en PA66 r\u00e9sistants aux UV, parfaitement adapt\u00e9s aux applications ext\u00e9rieures.<\/span><br \/>\n<span style=\"color: #ffffff;\"><a style=\"color: #ffffff;\" href=\"\/fr\/materiaux-speciaux\/#uv\"><strong>Cliquez ici<\/strong>pour en savoir plus<\/a><\/span>[\/vc_column_text][\/vc_tta_section][vc_tta_section title=\u00a0\u00bb<strong>FEU<\/strong>\u00a0\u00bb tab_id=\u00a0\u00bbfeu\u00a0\u00bb][vc_single_image image=\u00a0\u00bb2590&Prime; img_size=\u00a0\u00bbfull\u00a0\u00bb el_class=\u00a0\u00bbfeu\u00a0\u00bb][vc_single_image image=\u00a0\u00bb4670&Prime; img_size=\u00a0\u00bbfull\u00a0\u00bb alignment=\u00a0\u00bbcenter\u00a0\u00bb css_animation=\u00a0\u00bbfadeIn\u00a0\u00bb css=\u00a0\u00bb.vc_custom_1644407876270{margin-bottom: 0px !important;}\u00a0\u00bb][vc_column_text]<\/p>\n<h3>Le <strong>feu<\/strong><\/h3>\n<p>Le feu constitue un autre facteur de risque, sur le plan de la s\u00e9curit\u00e9, pour l\u2019application du produit en polyamide. Il est fondamental de garantir la s\u00e9curit\u00e9 des personnes et des biens et de limiter le risque d\u2019incendie\u00a0: c\u2019est pourquoi l\u2019\u00e9tude du comportement aux flammes des diff\u00e9rents mat\u00e9riaux de construction, et donc aussi des mati\u00e8res plastiques, devient plus essentielle que jamais. Ce comportement a \u00e9t\u00e9 \u00e9tudi\u00e9 et normalis\u00e9 au fil du temps aux \u00c9tats-Unis par Underwriters Laboratories avec la norme UL\u00a094.<\/p>\n<p><strong>SapiSelco a choisi de produire<\/strong><strong> la plupart de ses <\/strong><strong>colliers et accessoires <\/strong>en<strong> polyamide\u00a06.6 avec une classe d<\/strong><strong>\u2019<\/strong><strong>autoextinguibilit\u00e9\u00a0V2 selon UL94. <\/strong>[\/vc_column_text][vc_column_text el_class=\u00a0\u00bbdark padding30&Prime;]<strong>Pour les applications particuli\u00e8res, des colliers en PA66 caract\u00e9ris\u00e9 par une classe d\u2019autoextinguibilit\u00e9 V0 selon UL94 sont \u00e9galement disponibles.<br \/>\n<span style=\"color: #ffffff;\"><a style=\"color: #ffffff;\" href=\"\/fr\/materiaux-speciaux\/#autoextinguible\">Cliquez ici<\/a><\/span> pour en savoir plus<\/strong>[\/vc_column_text][\/vc_tta_section][vc_tta_section title=\u00a0\u00bb<strong>AGENTS CHIMIQUES<\/strong>\u00a0\u00bb tab_id=\u00a0\u00bbagents-chimiques\u00a0\u00bb][vc_single_image image=\u00a0\u00bb2585&Prime; img_size=\u00a0\u00bbfull\u00a0\u00bb el_class=\u00a0\u00bbagents-chimiques\u00a0\u00bb][vc_single_image image=\u00a0\u00bb4665&Prime; img_size=\u00a0\u00bbfull\u00a0\u00bb alignment=\u00a0\u00bbcenter\u00a0\u00bb css_animation=\u00a0\u00bbfadeIn\u00a0\u00bb css=\u00a0\u00bb.vc_custom_1644407897044{margin-bottom: 0px !important;}\u00a0\u00bb][vc_column_text]<\/p>\n<h3>Les <strong>compos\u00e9s chimiques<\/strong><\/h3>\n<p>L\u2019environnement de travail, du point de vue chimique, constitue un autre facteur qui influe sur les caract\u00e9ristiques physiques des mati\u00e8res plastiques. Le polyamide pr\u00e9sente une bonne r\u00e9sistance aux produits chimiques, en particulier aux hydrocarbures, aux huiles, aux alcools, aux c\u00e9tones et aux \u00e9thers. D\u2019autres solvants tels que les acides min\u00e9raux forts, les sels m\u00e9talliques et l\u2019acide formique, sont en revanche tr\u00e8s agressifs pour le polyamide. Pour choisir le mat\u00e9riau adapt\u00e9 \u00e0 des applications sp\u00e9cifiques, il faut donc tenir compte de la nature du r\u00e9actif, de la concentration, de la temp\u00e9rature et de la contrainte afin d\u2019en d\u00e9terminer l\u2019effet avec pr\u00e9cision.[\/vc_column_text][vc_btn title=\u00a0\u00bbTable d&rsquo;information PA66&Prime; style=\u00a0\u00bboutline-custom\u00a0\u00bb outline_custom_color=\u00a0\u00bb#00955f\u00a0\u00bb outline_custom_hover_background=\u00a0\u00bb#00955f\u00a0\u00bb outline_custom_hover_text=\u00a0\u00bb#ffffff\u00a0\u00bb shape=\u00a0\u00bbsquare\u00a0\u00bb align=\u00a0\u00bbcenter\u00a0\u00bb i_align=\u00a0\u00bbright\u00a0\u00bb i_icon_fontawesome=\u00a0\u00bbfas fa-table\u00a0\u00bb css_animation=\u00a0\u00bbfadeIn\u00a0\u00bb button_block=\u00a0\u00bbtrue\u00a0\u00bb add_icon=\u00a0\u00bbtrue\u00a0\u00bb link=\u00a0\u00bburl:https%3A%2F%2Fwww.sapiselco.com%2Fwp-content%2Fuploads%2F2023%2F10%2FComposti_chimici.pdf\u00a0\u00bb][vc_empty_space][vc_column_text el_class=\u00a0\u00bbdark padding30&Prime;]<strong>Pour les environnements chimiques les plus agressifs, SapiSelco propose des colliers de serrage en PP.<br \/>\n<span style=\"color: #ffffff;\"><a style=\"color: #ffffff;\" href=\"\/fr\/materiaux-speciaux\/#agents-agressifs\">Cliquez ici<\/a><\/span> pour plus d\u2019informations<\/strong>[\/vc_column_text][\/vc_tta_section][\/vc_tta_tour][\/vc_column][\/vc_row][vc_row el_id=\u00a0\u00bbstorage\u00a0\u00bb el_class=\u00a0\u00bbmodal-box-content\u00a0\u00bb][vc_column][vc_row_inner gap=\u00a0\u00bb30&Prime; css=\u00a0\u00bb.vc_custom_1644406372545{margin-bottom: 0px !important;padding-bottom: 0px !important;}\u00a0\u00bb][vc_column_inner][vc_column_text css=\u00a0\u00bb.vc_custom_1658151178033{margin-bottom: 0px !important;padding-bottom: 0px !important;}\u00a0\u00bb]<\/p>\n<h4>Conditions de stockage<\/h4>\n<p><img loading=\"lazy\" decoding=\"async\" class=\"alignnone size-full wp-image-4625\" src=\"https:\/\/www.sapiselco.com\/wp-content\/uploads\/2022\/02\/sapiselco-vademecum-1.jpg\" alt=\"\" width=\"1200\" height=\"991\" srcset=\"https:\/\/www.sapiselco.com\/wp-content\/uploads\/2022\/02\/sapiselco-vademecum-1.jpg 1200w, https:\/\/www.sapiselco.com\/wp-content\/uploads\/2022\/02\/sapiselco-vademecum-1-1024x846.jpg 1024w, https:\/\/www.sapiselco.com\/wp-content\/uploads\/2022\/02\/sapiselco-vademecum-1-600x496.jpg 600w\" sizes=\"auto, (max-width: 1200px) 100vw, 1200px\" \/>[\/vc_column_text][\/vc_column_inner][\/vc_row_inner][\/vc_column][\/vc_row][vc_row el_id=\u00a0\u00bbinstallation\u00a0\u00bb el_class=\u00a0\u00bbmodal-box-content\u00a0\u00bb][vc_column][vc_row_inner gap=\u00a0\u00bb30&Prime; css=\u00a0\u00bb.vc_custom_1644406710209{margin-bottom: 0px !important;padding-bottom: 0px !important;}\u00a0\u00bb][vc_column_inner][vc_column_text css=\u00a0\u00bb.vc_custom_1658151204746{margin-bottom: 0px !important;padding-bottom: 0px !important;}\u00a0\u00bb]<\/p>\n<h4>Conditions d&rsquo;installation<\/h4>\n<p><img loading=\"lazy\" decoding=\"async\" class=\"alignnone size-full wp-image-4630\" src=\"https:\/\/www.sapiselco.com\/wp-content\/uploads\/2022\/02\/sapiselco-vademecum-2.jpg\" alt=\"\" width=\"1200\" height=\"1737\" srcset=\"https:\/\/www.sapiselco.com\/wp-content\/uploads\/2022\/02\/sapiselco-vademecum-2.jpg 1200w, https:\/\/www.sapiselco.com\/wp-content\/uploads\/2022\/02\/sapiselco-vademecum-2-707x1024.jpg 707w, https:\/\/www.sapiselco.com\/wp-content\/uploads\/2022\/02\/sapiselco-vademecum-2-600x869.jpg 600w\" sizes=\"auto, (max-width: 1200px) 100vw, 1200px\" \/>[\/vc_column_text][\/vc_column_inner][\/vc_row_inner][\/vc_column][\/vc_row]<\/p>\n<\/div>","protected":false},"excerpt":{"rendered":"[vc_row gap=\u00a0\u00bb30&Prime;][vc_column width=\u00a0\u00bb1\/2&Prime;][vc_column_text] Conna\u00eetre les produits SapiSelco [\/vc_column_text][\/vc_column][vc_column width=\u00a0\u00bb1\/2&Prime;][vc_column_text]Il est important de se renseigner sur les solutions de c\u00e2blage SapiSelco pour toujours faire le bon choix. Dans cette section, vous trouverez des informations sur la fa\u00e7on d\u2019identifier notre produit, des conseils sur la fa\u00e7on de l\u2019appliquer, des indications importantes sur le stockage, des instructions sur <a href=\"https:\/\/www.sapiselco.com\/fr\/departement-formation\/\" class=\"more-link\">&#8230;<\/a>","protected":false},"author":1,"featured_media":0,"parent":0,"menu_order":0,"comment_status":"closed","ping_status":"closed","template":"","meta":{"_acf_changed":false,"footnotes":""},"class_list":["post-48598","page","type-page","status-publish","hentry"],"acf":[],"_links":{"self":[{"href":"https:\/\/www.sapiselco.com\/fr\/wp-json\/wp\/v2\/pages\/48598","targetHints":{"allow":["GET"]}}],"collection":[{"href":"https:\/\/www.sapiselco.com\/fr\/wp-json\/wp\/v2\/pages"}],"about":[{"href":"https:\/\/www.sapiselco.com\/fr\/wp-json\/wp\/v2\/types\/page"}],"author":[{"embeddable":true,"href":"https:\/\/www.sapiselco.com\/fr\/wp-json\/wp\/v2\/users\/1"}],"replies":[{"embeddable":true,"href":"https:\/\/www.sapiselco.com\/fr\/wp-json\/wp\/v2\/comments?post=48598"}],"version-history":[{"count":20,"href":"https:\/\/www.sapiselco.com\/fr\/wp-json\/wp\/v2\/pages\/48598\/revisions"}],"predecessor-version":[{"id":59083,"href":"https:\/\/www.sapiselco.com\/fr\/wp-json\/wp\/v2\/pages\/48598\/revisions\/59083"}],"wp:attachment":[{"href":"https:\/\/www.sapiselco.com\/fr\/wp-json\/wp\/v2\/media?parent=48598"}],"curies":[{"name":"wp","href":"https:\/\/api.w.org\/{rel}","templated":true}]}}