{"id":48616,"date":"2021-06-04T10:17:12","date_gmt":"2021-06-04T08:17:12","guid":{"rendered":"https:\/\/www.sapiselco.com\/contacts\/"},"modified":"2025-04-30T16:52:23","modified_gmt":"2025-04-30T14:52:23","slug":"contacts","status":"publish","type":"page","link":"https:\/\/www.sapiselco.com\/fr\/contacts\/","title":{"rendered":"Contacts"},"content":{"rendered":"<div class=\"wpb-content-wrapper\"><p>[vc_row gap=\u00a0\u00bb30&Prime;][vc_column width=\u00a0\u00bb2\/3&Prime;][vc_column_text]<\/p>\n<h2>Comment <strong>nous<\/strong> trouver?<\/h2>\n<p>[\/vc_column_text][\/vc_column][vc_column width=\u00a0\u00bb1\/3&Prime; offset=\u00a0\u00bbvc_hidden-sm vc_hidden-xs\u00a0\u00bb][\/vc_column][\/vc_row][vc_row full_width=\u00a0\u00bbstretch_row_content_no_spaces\u00a0\u00bb el_id=\u00a0\u00bbcontact-map\u00a0\u00bb css=\u00a0\u00bb.vc_custom_1639581930025{padding-top: 0px !important;padding-right: 0px !important;padding-bottom: 0px !important;padding-left: 0px !important;}\u00a0\u00bb][vc_column][\/vc_column][\/vc_row][vc_row gap=\u00a0\u00bb30&Prime; el_class=\u00a0\u00bbcontact1&Prime;][vc_column width=\u00a0\u00bb2\/3&Prime;][vc_column_text]<\/p>\n<h2>Nos <strong>coordonn\u00e9es<\/strong><\/h2>\n<p>[\/vc_column_text][\/vc_column][vc_column width=\u00a0\u00bb1\/3&Prime; offset=\u00a0\u00bbvc_hidden-sm vc_hidden-xs\u00a0\u00bb][\/vc_column][\/vc_row][vc_row gap=\u00a0\u00bb30&Prime;][vc_column width=\u00a0\u00bb1\/3&Prime;][vc_column_text]<strong>HORAIRES DE BUREAU<\/strong><\/p>\n<p>LUNDI: 8h 30 \u2013 17h 30<br \/>\nMARDI: 8h 30 \u2013 17h 30<br \/>\nMERCREDI: 8h 30 \u2013 16h 30<br \/>\nJEUDI: 8h 30 \u2013 17h 30<br \/>\nVENDREDI: 8h 30 \u2013 17h 30[\/vc_column_text][vc_column_text]<strong>NUM\u00c9ROS DE T\u00c9L\u00c9PHONE<\/strong><\/p>\n<p>T\u00c9L.: <a href=\"tel:+39049644925\">+39.049.644.925<\/a><\/p>\n<p><strong>COURRIER \u00c9LECTRONIQUE<\/strong><\/p>\n<p><a href=\"mailto:info@sapiselco.com\">info@sapiselco.com<\/a>[\/vc_column_text][vc_column_text]<strong>SI\u00c8GE SOCIAL ET ADMINISTRATIF<\/strong><\/p>\n<p>SapiSelco s.r.l.<br \/>\nVia Irpinia 43\/45 z.a.<br \/>\n35020 \u2013 Saonara (PD)<br \/>\nItalie[\/vc_column_text][vc_raw_html css=\u00a0\u00bb.vc_custom_1658303233812{padding-top: 20px !important;padding-right: 20px !important;padding-bottom: 10px !important;padding-left: 20px !important;background-color: rgba(0,149,95,0.06) !important;*background-color: rgb(0,149,95) !important;}\u00a0\u00bb]JTNDaDQlMjBjbGFzcyUzRCUyMmFjY2VudCUyMiUyMHN0eWxlJTNEJTIybWFyZ2luLWJvdHRvbSUzQTEwcHglM0IlMjIlM0VTVUlWRVotTk9VUyUyMCVDMyU4OUdBTEVNRU5UJTIwU1VSJTNDJTJGaDQlM0UlMEElM0NhJTIwc3R5bGUlM0QlMjJmb250LXNpemUlM0EzMHB4JTNCJTIwbWFyZ2luLXJpZ2h0JTNBMTVweCUzQiUyMiUyMGNsYXNzJTNEJTIyYWNjZW50JTIyJTIwaHJlZiUzRCUyMmh0dHBzJTNBJTJGJTJGd3d3LmZhY2Vib29rLmNvbSUyRnNhcGlzZWxjbyUyMiUyMHRhcmdldCUzRCUyMl9ibGFuayUyMiUzRSUzQ2klMjBjbGFzcyUzRCUyMmZhYiUyMGZhLWZhY2Vib29rLXNxdWFyZSUyMiUzRSUzQyUyRmklM0UlM0MlMkZhJTNFJTNDYSUyMHN0eWxlJTNEJTIyZm9udC1zaXplJTNBMzBweCUzQiUyMiUyMGNsYXNzJTNEJTIyYWNjZW50JTIyJTIwaHJlZiUzRCUyMmh0dHBzJTNBJTJGJTJGd3d3Lmluc3RhZ3JhbS5jb20lMkZzYXBpc2VsY28lMkYlMjIlMjB0YXJnZXQlM0QlMjJfYmxhbmslMjIlM0UlM0NpJTIwY2xhc3MlM0QlMjJmYWIlMjBmYS1pbnN0YWdyYW0lMjIlM0UlM0MlMkZpJTNFJTNDJTJGYSUzRQ==[\/vc_raw_html][vc_raw_html]JTNDcCUyMHN0eWxlJTNEJTIybGluZS1oZWlnaHQlM0ExLjIlM0IlMjBmb250LXNpemUlM0ExMnB4JTIyJTNFRCVDMyU4OVRBSUxTJTIwREUlMjBMQSUyMFNPQ0klQzMlODlUJUMzJTg5JTNDYnIlM0UlMEFDYXBpdGFsZSUzQSUyMEV1cm8lMjA0LjAwMC4wMDAlMkMwMCUyMElWJTIwJTNDYnIlM0UlMEFUVkElM0ElMjBJVCUyMDAwMDczNDEwMjg0JTIwJTNDYnIlM0UlMEFTREklMjBjb2RlJTNBJTIwTTVJVE9KQSUzQ2JyJTNFJTBBQy5DLkkuQS5BLiUyMFBEJTIwJUUyJTgwJTkzJTIwRW50cmVwcmlzZSUyMG4lQzIlQjAlM0ElMjA3NzM0NyUzQyUyRnAlM0U=[\/vc_raw_html][\/vc_column][vc_column width=\u00a0\u00bb2\/3&Prime;]\n<div class=\"wpcf7 no-js\" id=\"wpcf7-f60-o1\" lang=\"fr-FR\" dir=\"ltr\" data-wpcf7-id=\"60\">\n<div class=\"screen-reader-response\"><p role=\"status\" aria-live=\"polite\" aria-atomic=\"true\"><\/p> <ul><\/ul><\/div>\n<form action=\"\/fr\/wp-json\/wp\/v2\/pages\/48616#wpcf7-f60-o1\" method=\"post\" class=\"wpcf7-form init\" aria-label=\"Formulaire de contact\" novalidate=\"novalidate\" data-status=\"init\">\n<fieldset class=\"hidden-fields-container\"><input type=\"hidden\" name=\"_wpcf7\" value=\"60\" \/><input type=\"hidden\" name=\"_wpcf7_version\" value=\"6.1.5\" \/><input type=\"hidden\" name=\"_wpcf7_locale\" value=\"fr_FR\" \/><input type=\"hidden\" name=\"_wpcf7_unit_tag\" value=\"wpcf7-f60-o1\" \/><input type=\"hidden\" name=\"_wpcf7_container_post\" value=\"0\" \/><input type=\"hidden\" name=\"_wpcf7_posted_data_hash\" value=\"\" \/><input type=\"hidden\" name=\"_wpcf7_recaptcha_response\" value=\"\" \/>\n<\/fieldset>\n<h4 class=\"form-ttl\">Demande de contact<\/h4>\n<div class=\"cf7-cap-l\"><span class=\"form-req\">*<\/span><span class=\"wpcf7-form-control-wrap\" data-name=\"your-name\"><input size=\"40\" maxlength=\"400\" class=\"wpcf7-form-control wpcf7-text wpcf7-validates-as-required\" aria-required=\"true\" aria-invalid=\"false\" placeholder=\"Pr\u00e9nom et nom\" value=\"\" type=\"text\" name=\"your-name\" \/><\/span><\/div>\n<div class=\"cf7-cap-r\"><span class=\"wpcf7-form-control-wrap\" data-name=\"your-company\"><input size=\"40\" maxlength=\"400\" class=\"wpcf7-form-control wpcf7-text\" aria-invalid=\"false\" placeholder=\"Entreprise\" value=\"\" type=\"text\" name=\"your-company\" \/><\/span><\/div>\n<div style=\"clear:both\"><\/div>\n<div class=\"cf7-cap-l\"><span class=\"form-req\">*<\/span><span class=\"wpcf7-form-control-wrap\" data-name=\"your-email\"><input size=\"40\" maxlength=\"400\" class=\"wpcf7-form-control wpcf7-email wpcf7-validates-as-required wpcf7-text wpcf7-validates-as-email\" aria-required=\"true\" aria-invalid=\"false\" placeholder=\"Votre adresse de courriel\" value=\"\" type=\"email\" name=\"your-email\" \/><\/span><\/div>\n<div class=\"cf7-cap-r\"><span class=\"form-req\">*<\/span><span class=\"wpcf7-form-control-wrap\" data-name=\"your-tel\"><input size=\"40\" maxlength=\"400\" class=\"wpcf7-form-control wpcf7-tel wpcf7-validates-as-required wpcf7-text wpcf7-validates-as-tel\" aria-required=\"true\" aria-invalid=\"false\" placeholder=\"T\u00e9l\u00e9phone\" value=\"\" type=\"tel\" name=\"your-tel\" \/><\/span><\/div>\n<div style=\"clear:both\"><\/div>\n<div class=\"cf7-cap-l\"><span class=\"wpcf7-form-control-wrap\" data-name=\"your-address\"><input size=\"40\" maxlength=\"400\" class=\"wpcf7-form-control wpcf7-text\" aria-invalid=\"false\" placeholder=\"Adresse\" value=\"\" type=\"text\" name=\"your-address\" \/><\/span><\/div>\n<div class=\"cf7-cap-r\"><span class=\"wpcf7-form-control-wrap\" data-name=\"your-cap\"><input size=\"40\" maxlength=\"400\" class=\"wpcf7-form-control wpcf7-text\" aria-invalid=\"false\" placeholder=\"CP\" value=\"\" type=\"text\" name=\"your-cap\" \/><\/span><\/div>\n<div style=\"clear:both\"><\/div>\n<div class=\"cf7-cap-l\"><span class=\"wpcf7-form-control-wrap\" data-name=\"your-city\"><input size=\"40\" maxlength=\"400\" class=\"wpcf7-form-control wpcf7-text\" aria-invalid=\"false\" placeholder=\"Province\/\u00c9tat\" value=\"\" type=\"text\" name=\"your-city\" \/><\/span><\/div>\n<div class=\"cf7-cap-r cap-empty\">&nbsp;<\/div>\n<div style=\"clear:both\"><\/div>\n<h4 class=\"form-ttl\">Message<\/h4>\n<p style=\"position:relative;\"><span class=\"form-req\">*<\/span><span class=\"wpcf7-form-control-wrap\" data-name=\"your-message\"><textarea cols=\"40\" rows=\"10\" maxlength=\"2000\" class=\"wpcf7-form-control wpcf7-textarea wpcf7-validates-as-required\" aria-required=\"true\" aria-invalid=\"false\" name=\"your-message\"><\/textarea><\/span><\/p>\n<p class=\"field acpt\">Sur le fondement des articles 13 et 14 du R\u00c8GLEMENT EUROP\u00c9EN no 679\/2016<br \/><span class=\"wpcf7-form-control-wrap\" data-name=\"acceptance\"><span class=\"wpcf7-form-control wpcf7-acceptance\"><span class=\"wpcf7-list-item\"><input type=\"checkbox\" name=\"acceptance\" value=\"1\" aria-invalid=\"false\" \/><\/span><\/span><\/span> je d\u00e9clare avoir pris connaissance de la <a target=\"_blank\" href=\"\/fr\/privacy-policy\" title=\"politique de confidentialit\u00e9\">politique de confidentialit\u00e9<\/a> compl\u00e8te de SapiSelco s.r. l. relative au traitement des donn\u00e9es \u00e0 caract\u00e8re personnel et j\u2019accepte d\u2019\u00eatre contact\u00e9 pour obtenir une r\u00e9ponse \u00e0 ma demande.<\/p>\n<p class=\"field acpt cons\">\nJe donne mon consentement au traitement de mes donn\u00e9es \u00e0 caract\u00e8re personnel pour des finalit\u00e9s de marketing relatives aux produits et aux services de SapiSelco s.r. l., par courrier papier et par t\u00e9l\u00e9phone, y compris sans op\u00e9rateur, messagerie \u00e9lectronique, MMS ou SMS. Le consentement fourni pour des envois marketing par des moyens automatis\u00e9s en vertu de l\u2019article 130 s\u2019applique aussi aux modalit\u00e9s traditionnelles de contact.<br \/>\n<span class=\"wpcf7-form-control-wrap\" data-name=\"cons\"><span class=\"wpcf7-form-control wpcf7-checkbox wpcf7-validates-as-required wpcf7-exclusive-checkbox\"><span class=\"wpcf7-list-item first\"><input type=\"checkbox\" name=\"cons\" value=\"J&#039;Accepte\" \/><span class=\"wpcf7-list-item-label\">J&#039;Accepte<\/span><\/span><span class=\"wpcf7-list-item last\"><input type=\"checkbox\" name=\"cons\" value=\"Je N&#039;accepte pas\" \/><span class=\"wpcf7-list-item-label\">Je N&#039;accepte pas<\/span><\/span><\/span><\/span>\n<\/p>\n<div class=\"cf7-cap-l cap-empty\">&nbsp;<\/div><div class=\"cf7-cap-r\"><small class=\"accent\" style=\"padding-left:10px; display:inline-block;\">* champs obligatoires<\/small> <input class=\"wpcf7-form-control wpcf7-submit has-spinner\" type=\"submit\" value=\"ENVOYER\" \/><\/div>\n<div style=\"clear:both\"><\/div>\n<style>\n.form-ttl { color:#BCBCBC; font-weight:700; font-size:20px; }\n.wpcf7 { margin-bottom:0.5em; }\n.cf7-cap { float:left; width:100%; }\n.cf7-cap-l, .cf7-cap-r { float:left; width:49%; margin-bottom:15px; }\n.cf7-cap-r { margin-left:1%; position:relative; }\n.cf7-cap-l { margin-right:1%; position:relative; }\n.wpcf7-submit { float:right !important; max-width:200px; }\n.captcha input { padding-left:10px; }\n.captcha input { margin:0px; }\n.wpcf7 textarea { width:100% !important; height:80px; min-height:auto; }\n.wpcf7-submit:disabled { opacity:0.5; cursor:not-allowed !important; }\n.wpcf7 .acpt input { width:auto !important; height:auto !important; margin-right:5px; }\n.wpcf7 .acpt span { width:auto !important; display:inline-block; }\n.wpcf7 .cons { margin-bottom:15px; }\n@media screen and (max-width:567px) {\n.cf7-cap-l, .cf7-cap-r { width:100%; }\n.cf7-cap-r { margin-left:0; }\n.cf7-cap-l { margin-right:0; }\ninput.wpcf7-submit { margin-top:20px !important; }\n}\n<\/style><input type=\"hidden\" id=\"ct_checkjs_cf7_28f0b864598a1291557bed248a998d4e\" name=\"ct_checkjs_cf7\" value=\"0\" \/><script >setTimeout(function(){var ct_input_name = \"ct_checkjs_cf7_28f0b864598a1291557bed248a998d4e\";if (document.getElementById(ct_input_name) !== null) {var ct_input_value = document.getElementById(ct_input_name).value;document.getElementById(ct_input_name).value = document.getElementById(ct_input_name).value.replace(ct_input_value, '666019319');}}, 1000);<\/script><input\n                    class=\"apbct_special_field apbct_email_id__wp_contact_form_7\"\n                    name=\"apbct__email_id__wp_contact_form_7\"\n                    aria-label=\"apbct__label_id__wp_contact_form_7\"\n                    type=\"text\" size=\"30\" maxlength=\"200\" autocomplete=\"off\"\n                    value=\"\"\n                \/><div class=\"wpcf7-response-output\" aria-hidden=\"true\"><\/div>\n<\/form>\n<\/div>\n[\/vc_column][\/vc_row]<\/p>\n<\/div>","protected":false},"excerpt":{"rendered":"[vc_row gap=\u00a0\u00bb30&Prime;][vc_column width=\u00a0\u00bb2\/3&Prime;][vc_column_text] Comment nous trouver? [\/vc_column_text][\/vc_column][vc_column width=\u00a0\u00bb1\/3&Prime; offset=\u00a0\u00bbvc_hidden-sm vc_hidden-xs\u00a0\u00bb][\/vc_column][\/vc_row][vc_row full_width=\u00a0\u00bbstretch_row_content_no_spaces\u00a0\u00bb el_id=\u00a0\u00bbcontact-map\u00a0\u00bb css=\u00a0\u00bb.vc_custom_1639581930025{padding-top: 0px !important;padding-right: 0px !important;padding-bottom: 0px !important;padding-left: 0px !important;}\u00a0\u00bb][vc_column][\/vc_column][\/vc_row][vc_row gap=\u00a0\u00bb30&Prime; el_class=\u00a0\u00bbcontact1&Prime;][vc_column width=\u00a0\u00bb2\/3&Prime;][vc_column_text] Nos coordonn\u00e9es [\/vc_column_text][\/vc_column][vc_column width=\u00a0\u00bb1\/3&Prime; offset=\u00a0\u00bbvc_hidden-sm vc_hidden-xs\u00a0\u00bb][\/vc_column][\/vc_row][vc_row gap=\u00a0\u00bb30&Prime;][vc_column width=\u00a0\u00bb1\/3&Prime;][vc_column_text]HORAIRES DE BUREAU LUNDI: 8h 30 \u2013 17h 30 MARDI: 8h 30 \u2013 17h 30 MERCREDI: 8h 30 \u2013 16h 30 JEUDI: 8h 30 <a href=\"https:\/\/www.sapiselco.com\/fr\/contacts\/\" class=\"more-link\">&#8230;<\/a>","protected":false},"author":1,"featured_media":0,"parent":0,"menu_order":0,"comment_status":"closed","ping_status":"closed","template":"","meta":{"_acf_changed":false,"footnotes":""},"class_list":["post-48616","page","type-page","status-publish","hentry"],"acf":[],"_links":{"self":[{"href":"https:\/\/www.sapiselco.com\/fr\/wp-json\/wp\/v2\/pages\/48616","targetHints":{"allow":["GET"]}}],"collection":[{"href":"https:\/\/www.sapiselco.com\/fr\/wp-json\/wp\/v2\/pages"}],"about":[{"href":"https:\/\/www.sapiselco.com\/fr\/wp-json\/wp\/v2\/types\/page"}],"author":[{"embeddable":true,"href":"https:\/\/www.sapiselco.com\/fr\/wp-json\/wp\/v2\/users\/1"}],"replies":[{"embeddable":true,"href":"https:\/\/www.sapiselco.com\/fr\/wp-json\/wp\/v2\/comments?post=48616"}],"version-history":[{"count":4,"href":"https:\/\/www.sapiselco.com\/fr\/wp-json\/wp\/v2\/pages\/48616\/revisions"}],"predecessor-version":[{"id":60019,"href":"https:\/\/www.sapiselco.com\/fr\/wp-json\/wp\/v2\/pages\/48616\/revisions\/60019"}],"wp:attachment":[{"href":"https:\/\/www.sapiselco.com\/fr\/wp-json\/wp\/v2\/media?parent=48616"}],"curies":[{"name":"wp","href":"https:\/\/api.w.org\/{rel}","templated":true}]}}