{"id":48622,"date":"2021-11-12T15:55:41","date_gmt":"2021-11-12T14:55:41","guid":{"rendered":"https:\/\/www.sapiselco.com\/departments\/"},"modified":"2022-07-20T11:29:28","modified_gmt":"2022-07-20T09:29:28","slug":"departements","status":"publish","type":"page","link":"https:\/\/www.sapiselco.com\/fr\/departements\/","title":{"rendered":"D\u00e9partements"},"content":{"rendered":"<div class=\"wpb-content-wrapper\"><p>[vc_row gap=\u00a0\u00bb30&Prime;][vc_column width=\u00a0\u00bb2\/3&Prime;][vc_column_text]<\/p>\n<h2>Nos <strong>d\u00e9partements<\/strong><\/h2>\n<p>[\/vc_column_text][\/vc_column][vc_column width=\u00a0\u00bb1\/3&Prime; offset=\u00a0\u00bbvc_hidden-sm vc_hidden-xs\u00a0\u00bb][\/vc_column][\/vc_row][vc_row gap=\u00a0\u00bb30&Prime;][vc_column width=\u00a0\u00bb3\/4&Prime;][vc_column_text]Depuis 1950, <strong>SapiSelco<\/strong> poursuit l\u2019objectif de concevoir et de fournir \u00e0 ses clients des produits fiables rigoureusement<em> made in Italy<\/em>. Toute la cha\u00eene de production, g\u00e9r\u00e9e de mani\u00e8re autonome dans les \u00e9tablissements SapiSelco, est organis\u00e9e en <strong>5 d\u00e9partements\u00a0: moules, production, laboratoire d\u2019analyses, logistique et bureaux<\/strong>.<\/p>\n<p>La sant\u00e9 et la s\u00e9curit\u00e9 de ses collaborateurs, l\u2019attention accord\u00e9e aux questions environnementales et la satisfaction maximale du client\u00a0: telles sont les aspects que <strong>SapiSelco<\/strong> consid\u00e8re comme prioritaires dans une logique d\u2019\u00ab\u2009am\u00e9lioration continue\u2009\u00bb.[\/vc_column_text][\/vc_column][vc_column width=\u00a0\u00bb1\/4&Prime;]<div class=\"vc_btn3-container sapi-button-normal sapi-contact vc_btn3-inline\"><a class=\"contact-modal vc_general vc_btn3 vc_btn3-size-md vc_btn3-shape-square vc_btn3-style-flat vc_btn3-color-grey\" href=\"#\" >CONTACTEZ-NOUS<\/a><\/div>[\/vc_column][\/vc_row][vc_row el_class=\u00a0\u00bbnomargin tab-reparti\u00a0\u00bb][vc_column][vc_tta_tabs style=\u00a0\u00bbflat\u00a0\u00bb shape=\u00a0\u00bbsquare\u00a0\u00bb active_section=\u00a0\u00bb1&Prime; no_fill_content_area=\u00a0\u00bbtrue\u00a0\u00bb el_class=\u00a0\u00bbtab-type-3&Prime;][vc_tta_section i_icon_fontawesome=\u00a0\u00bbfas fa-fingerprint\u00a0\u00bb add_icon=\u00a0\u00bbtrue\u00a0\u00bb title=\u00a0\u00bbD\u00c9PARTEMENT DE<br \/>\n<strong>FABRICATION DES MOULES<\/strong>\u00a0\u00bb tab_id=\u00a0\u00bbmoules\u00a0\u00bb][vc_row_inner el_class=\u00a0\u00bbnomargin tabstrano\u00a0\u00bb][vc_column_inner width=\u00a0\u00bb1\/3&Prime;][vc_column_text]<\/p>\n<h3><i class=\"fas fa-fingerprint\"><\/i><br \/>\n<strong>Moules \u00e0 injection :<\/strong><br \/>\nDe la conception<br \/>\n\u00e0 la r\u00e9alisation<\/h3>\n<p>[\/vc_column_text][\/vc_column_inner][vc_column_inner width=\u00a0\u00bb2\/3&Prime;][vc_column_text]<\/p>\n<h4>D\u00e9partement de fabrication des moules<\/h4>\n<p><strong>SapiSelco<\/strong> assure elle-m\u00eame la <strong>conception<\/strong> <strong>et la fabrication<\/strong> de ses <strong>moules \u00e0 injection<\/strong>. Ce processus est confi\u00e9 \u00e0 l\u2019\u00e9quipe d\u2019ing\u00e9nieurs et de techniciens sp\u00e9cialis\u00e9s qui composent le <strong>D\u00e9partement de fabrication des moules<\/strong>. Chaque nouvelle solution de c\u00e2blage prend forme au sein de cette unit\u00e9.[\/vc_column_text][vc_empty_space height=\u00a0\u00bb15px\u00a0\u00bb][vc_separator color=\u00a0\u00bbcustom\u00a0\u00bb align=\u00a0\u00bbalign_left\u00a0\u00bb border_width=\u00a0\u00bb2&Prime; el_width=\u00a0\u00bb30&Prime; accent_color=\u00a0\u00bb#00955f\u00a0\u00bb][\/vc_column_inner][\/vc_row_inner][vc_row_inner equal_height=\u00a0\u00bbyes\u00a0\u00bb content_placement=\u00a0\u00bbtop\u00a0\u00bb gap=\u00a0\u00bb20&Prime;][vc_column_inner width=\u00a0\u00bb1\/3&Prime;][\/vc_column_inner][vc_column_inner width=\u00a0\u00bb1\/3&Prime;][vc_column_text]<\/p>\n<h4>Conception<\/h4>\n<p>Le savoir-faire acquis au cours de plus de 70\u00a0ans d\u2019exp\u00e9rience et les technologies de <strong>d\u00e9veloppement<\/strong> et de <strong>mod\u00e9lisation<\/strong> (CAO\/IAO) de pointe utilis\u00e9es permettent de concevoir des moules conformes aux <strong>meilleurs standards de qualit\u00e9<\/strong> et de commercialiser des produits finis aux <strong>performances sup\u00e9rieures<\/strong> dans les diff\u00e9rents secteurs d\u2019application.[\/vc_column_text][\/vc_column_inner][vc_column_inner width=\u00a0\u00bb1\/3&Prime;][vc_column_text]<\/p>\n<h4>R\u00e9alisation<\/h4>\n<p><strong>L\u2019acier tremp\u00e9<\/strong>\u00a0est la mati\u00e8re premi\u00e8re avec laquelle sont r\u00e9alis\u00e9s les moules, dont l\u2019usinage est r\u00e9alis\u00e9 gr\u00e2ce \u00e0 un proc\u00e9d\u00e9 d\u2019\u00e9lectrolyse et de fraisage \u00e0 grande vitesse. La pr\u00e9cision de la fabrication est garantie par la <strong>technologie FAO<\/strong> et par l\u2019utilisation du <strong>syst\u00e8me CMM<\/strong> pour la v\u00e9rification.[\/vc_column_text][\/vc_column_inner][\/vc_row_inner][vc_row_inner gap=\u00a0\u00bb10&Prime;][vc_column_inner width=\u00a0\u00bb1\/4&Prime;][vc_single_image image=\u00a0\u00bb992&Prime; img_size=\u00a0\u00bbfull\u00a0\u00bb alignment=\u00a0\u00bbcenter\u00a0\u00bb css_animation=\u00a0\u00bbfadeInLeft\u00a0\u00bb][vc_single_image image=\u00a0\u00bb960&Prime; img_size=\u00a0\u00bbfull\u00a0\u00bb alignment=\u00a0\u00bbcenter\u00a0\u00bb css_animation=\u00a0\u00bbfadeInUp\u00a0\u00bb][\/vc_column_inner][vc_column_inner width=\u00a0\u00bb1\/4&Prime;][vc_single_image image=\u00a0\u00bb1004&Prime; img_size=\u00a0\u00bbfull\u00a0\u00bb alignment=\u00a0\u00bbcenter\u00a0\u00bb css_animation=\u00a0\u00bbfadeIn\u00a0\u00bb][\/vc_column_inner][vc_column_inner width=\u00a0\u00bb1\/2&Prime;][vc_single_image image=\u00a0\u00bb955&Prime; img_size=\u00a0\u00bbfull\u00a0\u00bb alignment=\u00a0\u00bbcenter\u00a0\u00bb css_animation=\u00a0\u00bbfadeInRight\u00a0\u00bb][\/vc_column_inner][\/vc_row_inner][\/vc_tta_section][vc_tta_section i_icon_fontawesome=\u00a0\u00bbfas fa-cogs\u00a0\u00bb add_icon=\u00a0\u00bbtrue\u00a0\u00bb title=\u00a0\u00bbUNIT\u00c9S DE<br \/>\n<strong>PRODUCTION<\/strong>\u00a0\u00bb tab_id=\u00a0\u00bbproduction\u00a0\u00bb][vc_row_inner equal_height=\u00a0\u00bbyes\u00a0\u00bb content_placement=\u00a0\u00bbtop\u00a0\u00bb][vc_column_inner width=\u00a0\u00bb1\/3&Prime;][vc_column_text]<\/p>\n<h3><i class=\"fas fa-cogs\"><\/i><br \/>\n<strong>Qualit\u00e9 et s\u00e9curit\u00e9 <\/strong>:<br \/>\nobjectifs pour<br \/>\nl\u2019am\u00e9lioration des<br \/>\nproc\u00e9d\u00e9s<\/h3>\n<p>[\/vc_column_text][\/vc_column_inner][vc_column_inner width=\u00a0\u00bb2\/3&Prime;][vc_column_text]<\/p>\n<h4>Unit\u00e9s de production<\/h4>\n<p>Tout le <strong>cycle de production<\/strong>, de <strong>l\u2019usinage de la mati\u00e8re premi\u00e8re<\/strong> \u00e0 la <strong>r\u00e9alisation<\/strong> du produit fini, est effectu\u00e9 en <strong>Italie<\/strong>, dans les <strong>\u00e9tablissements de production de SapiSelco<\/strong>, o\u00f9 les centres d\u2019usinage automatis\u00e9s assurent une production de 18\u00a0millions de colliers de serrage par jour.[\/vc_column_text][vc_empty_space height=\u00a0\u00bb5&Prime;][vc_separator color=\u00a0\u00bbcustom\u00a0\u00bb align=\u00a0\u00bbalign_left\u00a0\u00bb border_width=\u00a0\u00bb2&Prime; el_width=\u00a0\u00bb30&Prime; css_animation=\u00a0\u00bbfadeInLeft\u00a0\u00bb accent_color=\u00a0\u00bb#00955f\u00a0\u00bb][vc_empty_space height=\u00a0\u00bb5&Prime;][vc_column_text]Dans les \u00e9tablissements de production, des <strong>\u00e9quipes d\u2019op\u00e9rateurs sp\u00e9cialis\u00e9s <\/strong>effectuent en continu le contr\u00f4le, la maintenance et l\u2019optimisation des centres d\u2019usinage. <strong>Les responsables de la production<\/strong> coordonnent le personnel et veillent au respect des proc\u00e9dures mises en \u0153uvre en mati\u00e8re de sant\u00e9 et de s\u00e9curit\u00e9. L\u2019objectif est de garantir la constance et la r\u00e9p\u00e9tabilit\u00e9 d\u2019un processus respectueux des normes de qualit\u00e9 qui caract\u00e9risent depuis toujours<strong> les produits SapiSelco<\/strong>.[\/vc_column_text][\/vc_column_inner][\/vc_row_inner][vc_row_inner equal_height=\u00a0\u00bbyes\u00a0\u00bb content_placement=\u00a0\u00bbtop\u00a0\u00bb gap=\u00a0\u00bb10&Prime;][vc_column_inner width=\u00a0\u00bb1\/4&Prime;][vc_single_image image=\u00a0\u00bb786&Prime; img_size=\u00a0\u00bbfull\u00a0\u00bb alignment=\u00a0\u00bbcenter\u00a0\u00bb css_animation=\u00a0\u00bbfadeInLeft\u00a0\u00bb el_class=\u00a0\u00bbnomargin\u00a0\u00bb][\/vc_column_inner][vc_column_inner width=\u00a0\u00bb1\/2&Prime;][vc_single_image image=\u00a0\u00bb781&Prime; img_size=\u00a0\u00bbfull\u00a0\u00bb alignment=\u00a0\u00bbcenter\u00a0\u00bb css_animation=\u00a0\u00bbfadeInRight\u00a0\u00bb el_class=\u00a0\u00bbnomargin\u00a0\u00bb][\/vc_column_inner][vc_column_inner width=\u00a0\u00bb1\/4&Prime; css=\u00a0\u00bb.vc_custom_1638290590901{padding-top: 20px !important;padding-right: 20px !important;padding-left: 20px !important;background-color: #00955f !important;}\u00a0\u00bb][vc_column_text]<\/p>\n<h4><span style=\"color: #ffffff;\">L&rsquo;entreprise en chiffres<\/span><\/h4>\n<p>[\/vc_column_text][vc_empty_space][vc_single_image image=\u00a0\u00bb57863&Prime; img_size=\u00a0\u00bbfull\u00a0\u00bb][\/vc_column_inner][\/vc_row_inner][vc_row_inner equal_height=\u00a0\u00bbyes\u00a0\u00bb disable_element=\u00a0\u00bbyes\u00a0\u00bb][vc_column_inner width=\u00a0\u00bb1\/3&Prime; offset=\u00a0\u00bbvc_hidden-sm vc_hidden-xs\u00a0\u00bb][\/vc_column_inner][vc_column_inner width=\u00a0\u00bb2\/3&Prime;][vc_raw_html]JTNDZGl2JTIwaWQlM0QlMjJudW1iZXJzJTIyJTNFJTBBJTIwJTIwJTNDZGl2JTNFJTBBJTIwJTIwJTIwJTIwJTNDc3BhbiUyMGNsYXNzJTNEJTIyY291bnRlciUyMGZpeGQlMjIlM0UyJTNDJTJGc3BhbiUzRSUwQSUyMCUyMCUyMCUyMCUzQ2g0JTNFUHJvZHVjdGlvbiUyMCUzQ2JyJTNFdW5pdHMlM0MlMkZoNCUzRSUwQSUyMCUyMCUzQyUyRmRpdiUzRSUwQSUyMCUyMCUzQ2RpdiUzRSUwQSUyMCUyMCUyMCUyMCUzQ3NwYW4lMjBjbGFzcyUzRCUyMmNvdW50ZXIlMjIlM0UyMiUzQyUyRnNwYW4lM0UlMEElMjAlMjAlMjAlMjAlM0NoNCUzRVJvYm90aWMlMjBzcGVjaWFsaXplZCUyMGNlbnRlcnMlM0MlMkZoNCUzRSUwQSUyMCUyMCUzQyUyRmRpdiUzRSUwQSUyMCUyMCUzQ2RpdiUzRSUwQSUyMCUyMCUyMCUyMCUzQ3NwYW4lMjBjbGFzcyUzRCUyMmNvdW50ZXIlMjIlM0U4JTNDJTJGc3BhbiUzRSUwQSUyMCUyMCUyMCUyMCUzQ2g0JTNFVGVhbXMlMjAlM0NiciUzRW9mJTIwd29ya2VycyUzQyUyRmg0JTNFJTBBJTIwJTIwJTNDJTJGZGl2JTNFJTBBJTIwJTIwJTNDZGl2JTNFJTBBJTIwJTIwJTIwJTIwJTNDc3BhbiUyMGNsYXNzJTNEJTIyY291bnRlciUyMiUzRTE4JTNDJTJGc3BhbiUzRSUwQSUyMCUyMCUyMCUyMCUzQ2g0JTNFTWxuJTIwb2YlMjAlM0NiciUzRXBpZWNlcyUyRmRheSUzQyUyRmg0JTNFJTBBJTIwJTIwJTNDJTJGZGl2JTNFJTBBJTNDJTJGZGl2JTNF[\/vc_raw_html][\/vc_column_inner][\/vc_row_inner][\/vc_tta_section][vc_tta_section i_icon_fontawesome=\u00a0\u00bbfas fa-flask\u00a0\u00bb add_icon=\u00a0\u00bbtrue\u00a0\u00bb title=\u00a0\u00bbLABORATOIRE<br \/>\n<strong>D\u2019ANALYSES<\/strong>\u00a0\u00bb tab_id=\u00a0\u00bbanalysis\u00a0\u00bb][vc_row_inner equal_height=\u00a0\u00bbyes\u00a0\u00bb content_placement=\u00a0\u00bbtop\u00a0\u00bb gap=\u00a0\u00bb20&Prime; el_class=\u00a0\u00bbnomargin\u00a0\u00bb][vc_column_inner width=\u00a0\u00bb1\/3&Prime;][vc_column_text]<\/p>\n<h3><i class=\"fas fa-flask\"><\/i><br \/>\n<strong>Analyse et d\u00e9veloppement :<\/strong><br \/>\nde la mati\u00e8re premi\u00e8re<br \/>\nau produit fini<\/h3>\n<p>[\/vc_column_text][\/vc_column_inner][vc_column_inner width=\u00a0\u00bb1\/3&Prime;][vc_column_text]<\/p>\n<h4>Laboratoire<\/h4>\n<p>Le <strong>laboratoire d\u2019analyses<\/strong> effectue des contr\u00f4les de conformit\u00e9 sur la <strong>mati\u00e8re premi\u00e8re<\/strong> entrante, en analysant l\u2019humidit\u00e9, la viscosit\u00e9 et la densit\u00e9 des granul\u00e9s afin de v\u00e9rifier qu\u2019elles sont conformes aux valeurs requises par les param\u00e8tres de production.<\/p>\n<p>Le laboratoire SapiSelco effectue \u00e9galement des contr\u00f4les de qualit\u00e9 du <strong>produit fini<\/strong> gr\u00e2ce \u00e0 des programmes d\u2019\u00e9chantillonnage quotidiens. Ces contr\u00f4les visent \u00e0 <strong>garantir que toutes les exigences d\u2019application <\/strong>sont satisfaites par des produits qui offrent <strong>des performances sup\u00e9rieures dans la dur\u00e9e<\/strong>.[\/vc_column_text][\/vc_column_inner][vc_column_inner width=\u00a0\u00bb1\/3&Prime;][vc_column_text]<\/p>\n<h4>Qualit\u00e9<\/h4>\n<p>Tous les produits SapiSelco sont soumis \u00e0 des <strong>essais de laboratoire<\/strong>, en milieu stabilis\u00e9, afin de v\u00e9rifier leur conformit\u00e9 aux <strong>normes internationales<\/strong> sur la <strong>qualit\u00e9<\/strong> et <strong>aux certifications de produit.<\/strong>[\/vc_column_text][vc_btn title=\u00a0\u00bbCERTIFICATION DE PRODUIT\u00a0\u00bb style=\u00a0\u00bbflat\u00a0\u00bb shape=\u00a0\u00bbsquare\u00a0\u00bb align=\u00a0\u00bbleft\u00a0\u00bb css_animation=\u00a0\u00bbfadeIn\u00a0\u00bb el_class=\u00a0\u00bbsapi-button-normal\u00a0\u00bb link=\u00a0\u00bburl:%2Ffr%2Fcertifications%2F|title:Certifications\u00a0\u00bb][\/vc_column_inner][\/vc_row_inner][vc_row_inner equal_height=\u00a0\u00bbyes\u00a0\u00bb gap=\u00a0\u00bb10&Prime;][vc_column_inner width=\u00a0\u00bb1\/4&Prime;][vc_single_image image=\u00a0\u00bb978&Prime; img_size=\u00a0\u00bbfull\u00a0\u00bb alignment=\u00a0\u00bbcenter\u00a0\u00bb css_animation=\u00a0\u00bbfadeInLeft\u00a0\u00bb][\/vc_column_inner][vc_column_inner width=\u00a0\u00bb1\/4&Prime;][vc_single_image image=\u00a0\u00bb918&Prime; img_size=\u00a0\u00bbfull\u00a0\u00bb alignment=\u00a0\u00bbcenter\u00a0\u00bb css_animation=\u00a0\u00bbfadeInDown\u00a0\u00bb][\/vc_column_inner][vc_column_inner width=\u00a0\u00bb1\/2&Prime;][vc_single_image image=\u00a0\u00bb923&Prime; img_size=\u00a0\u00bbfull\u00a0\u00bb alignment=\u00a0\u00bbcenter\u00a0\u00bb css_animation=\u00a0\u00bbfadeInRight\u00a0\u00bb][\/vc_column_inner][\/vc_row_inner][\/vc_tta_section][vc_tta_section i_icon_fontawesome=\u00a0\u00bbfas fa-boxes\u00a0\u00bb add_icon=\u00a0\u00bbtrue\u00a0\u00bb title=\u00a0\u00bb<strong>ENTREP\u00d4TS<\/strong><br \/>\nET LOGISTIQUE\u00a0\u00bb tab_id=\u00a0\u00bbentrepots\u00a0\u00bb][vc_row_inner equal_height=\u00a0\u00bbyes\u00a0\u00bb content_placement=\u00a0\u00bbtop\u00a0\u00bb][vc_column_inner width=\u00a0\u00bb1\/3&Prime;][vc_column_text]<\/p>\n<h3><i class=\"fas fa-boxes\"><\/i><br \/>\nLa <strong>cha\u00eene logistique <\/strong>:<br \/>\nobjectif de contr\u00f4le et<br \/>\nd\u2019am\u00e9lioration des processus<\/h3>\n<p>[\/vc_column_text][\/vc_column_inner][vc_column_inner width=\u00a0\u00bb2\/3&Prime;][vc_column_text]<\/p>\n<h4>Entrep\u00f4ts et logistique<\/h4>\n<p>SapiSelco est pr\u00e9sente sur plus de 65\u00a0march\u00e9s dans le monde entier. L\u2019articulation de la planification logistique et des transports au d\u00e9part des \u00e9tablissements est confi\u00e9e au <strong>d\u00e9partement \u00ab\u2009Logistique\u2009\u00bb<\/strong>. L\u2019ensemble du cycle de gestion des commandes (vente, \u00e9tiquetage, conditionnement) est contr\u00f4l\u00e9 par un <strong>syst\u00e8me WMS<\/strong> (<em>Warehouse Management System <\/em>ou Syst\u00e8me de gestion d\u2019entrep\u00f4t) qui assure les op\u00e9rations suivantes\u00a0:<\/p>\n<ul>\n<li>simulation d\u2019exp\u00e9dition et planification des commandes\u2009;<\/li>\n<li>g\u00e9n\u00e9ration d\u2019une liste de retrait\u2009;<\/li>\n<li>valorisation des stocks selon la m\u00e9thode PEPS (premier entr\u00e9 premier sorti)\u2009;<\/li>\n<li>gestion et contr\u00f4le des mouvements dans l\u2019entrep\u00f4t\u2009;<\/li>\n<li>synchronisation du flux de donn\u00e9es par progiciel de gestion int\u00e9gr\u00e9 (PGI).<\/li>\n<\/ul>\n<p>L\u2019informatisation du syst\u00e8me de gestion des produits et l\u2019automatisation du processus d\u2019exp\u00e9dition des commandes assurent un traitement <strong>rapide<\/strong>, <strong>fiable<\/strong> et <strong>flexible<\/strong>, et contribuent ainsi \u00e0 l\u2019am\u00e9lioration des services offerts aux clients.[\/vc_column_text][\/vc_column_inner][\/vc_row_inner][vc_row_inner equal_height=\u00a0\u00bbyes\u00a0\u00bb content_placement=\u00a0\u00bbmiddle\u00a0\u00bb gap=\u00a0\u00bb10&Prime;][vc_column_inner width=\u00a0\u00bb1\/4&Prime;][vc_single_image image=\u00a0\u00bb704&Prime; img_size=\u00a0\u00bbfull\u00a0\u00bb][vc_single_image image=\u00a0\u00bb719&Prime; img_size=\u00a0\u00bbfull\u00a0\u00bb][\/vc_column_inner][vc_column_inner width=\u00a0\u00bb1\/4&Prime;][vc_single_image image=\u00a0\u00bb714&Prime; img_size=\u00a0\u00bbfull\u00a0\u00bb][\/vc_column_inner][vc_column_inner width=\u00a0\u00bb1\/2&Prime;][vc_single_image image=\u00a0\u00bb724&Prime; img_size=\u00a0\u00bbfull\u00a0\u00bb][vc_single_image image=\u00a0\u00bb709&Prime; img_size=\u00a0\u00bbfull\u00a0\u00bb][\/vc_column_inner][\/vc_row_inner][\/vc_tta_section][vc_tta_section i_icon_fontawesome=\u00a0\u00bbfas fa-edit\u00a0\u00bb add_icon=\u00a0\u00bbtrue\u00a0\u00bb title=\u00a0\u00bb<strong>BUREAUX<\/strong>\u00a0\u00bb tab_id=\u00a0\u00bbbureaux\u00a0\u00bb][vc_row_inner][vc_column_inner width=\u00a0\u00bb1\/3&Prime; offset=\u00a0\u00bbvc_col-xs-12&Prime;][vc_column_text]<\/p>\n<h3><i class=\"fas fa-edit\"><\/i><br \/>\n<strong>SapiSelco<\/strong>,<br \/>\nune entreprise qui a<br \/>\ndu c\u0153ur bien italien<\/h3>\n<p>[\/vc_column_text][\/vc_column_inner][vc_column_inner el_class=\u00a0\u00bbgrid-element\u00a0\u00bb width=\u00a0\u00bb2\/3&Prime; offset=\u00a0\u00bbvc_col-xs-12&Prime;][vc_column_text]<\/p>\n<h4>Bureaux<\/h4>\n<p>Conform\u00e9ment \u00e0 l\u2019esprit du <strong><em>made in Italy<\/em><\/strong> cher \u00e0 l\u2019entreprise, le si\u00e8ge de SapiSelco est situ\u00e9 en Italie, dans le district industriel de Saonara, dans la province de Padoue.<br \/>\nLes <strong>\u00e9tablissements\u00a01<\/strong> et <strong>2<\/strong> abritent les bureaux, o\u00f9 sont organis\u00e9s les six services suivants\u00a0:[\/vc_column_text][vc_column_text el_class=\u00a0\u00bbnomargin elenco-uffici\u00a0\u00bb]<\/p>\n<ul>\n<li>Direction g\u00e9n\u00e9rale<\/li>\n<li>Service administratif<\/li>\n<li>Service commercial<\/li>\n<li>Service Achats<\/li>\n<li>Service Qualit\u00e9<\/li>\n<li>Service RH<\/li>\n<\/ul>\n<p>[\/vc_column_text][\/vc_column_inner][\/vc_row_inner][vc_row_inner][vc_column_inner][vc_single_image image=\u00a0\u00bb1260&Prime; img_size=\u00a0\u00bbfull\u00a0\u00bb alignment=\u00a0\u00bbcenter\u00a0\u00bb css_animation=\u00a0\u00bbfadeIn\u00a0\u00bb][\/vc_column_inner][\/vc_row_inner][\/vc_tta_section][\/vc_tta_tabs][\/vc_column][\/vc_row]<\/p>\n<\/div>","protected":false},"excerpt":{"rendered":"[vc_row gap=\u00a0\u00bb30&Prime;][vc_column width=\u00a0\u00bb2\/3&Prime;][vc_column_text] Nos d\u00e9partements [\/vc_column_text][\/vc_column][vc_column width=\u00a0\u00bb1\/3&Prime; offset=\u00a0\u00bbvc_hidden-sm vc_hidden-xs\u00a0\u00bb][\/vc_column][\/vc_row][vc_row gap=\u00a0\u00bb30&Prime;][vc_column width=\u00a0\u00bb3\/4&Prime;][vc_column_text]Depuis 1950, SapiSelco poursuit l\u2019objectif de concevoir et de fournir \u00e0 ses clients des produits fiables rigoureusement made in Italy. Toute la cha\u00eene de production, g\u00e9r\u00e9e de mani\u00e8re autonome dans les \u00e9tablissements SapiSelco, est organis\u00e9e en 5 d\u00e9partements\u00a0: moules, production, laboratoire d\u2019analyses, logistique et bureaux. <a href=\"https:\/\/www.sapiselco.com\/fr\/departements\/\" class=\"more-link\">&#8230;<\/a>","protected":false},"author":1,"featured_media":0,"parent":0,"menu_order":0,"comment_status":"closed","ping_status":"closed","template":"","meta":{"_acf_changed":false,"footnotes":""},"class_list":["post-48622","page","type-page","status-publish","hentry"],"acf":[],"_links":{"self":[{"href":"https:\/\/www.sapiselco.com\/fr\/wp-json\/wp\/v2\/pages\/48622","targetHints":{"allow":["GET"]}}],"collection":[{"href":"https:\/\/www.sapiselco.com\/fr\/wp-json\/wp\/v2\/pages"}],"about":[{"href":"https:\/\/www.sapiselco.com\/fr\/wp-json\/wp\/v2\/types\/page"}],"author":[{"embeddable":true,"href":"https:\/\/www.sapiselco.com\/fr\/wp-json\/wp\/v2\/users\/1"}],"replies":[{"embeddable":true,"href":"https:\/\/www.sapiselco.com\/fr\/wp-json\/wp\/v2\/comments?post=48622"}],"version-history":[{"count":16,"href":"https:\/\/www.sapiselco.com\/fr\/wp-json\/wp\/v2\/pages\/48622\/revisions"}],"predecessor-version":[{"id":58134,"href":"https:\/\/www.sapiselco.com\/fr\/wp-json\/wp\/v2\/pages\/48622\/revisions\/58134"}],"wp:attachment":[{"href":"https:\/\/www.sapiselco.com\/fr\/wp-json\/wp\/v2\/media?parent=48622"}],"curies":[{"name":"wp","href":"https:\/\/api.w.org\/{rel}","templated":true}]}}