{"id":48646,"date":"2021-11-23T11:01:38","date_gmt":"2021-11-23T10:01:38","guid":{"rendered":"https:\/\/www.sapiselco.com\/raw-materials\/"},"modified":"2024-04-10T16:44:08","modified_gmt":"2024-04-10T14:44:08","slug":"matiere-premiere","status":"publish","type":"page","link":"https:\/\/www.sapiselco.com\/fr\/matiere-premiere\/","title":{"rendered":"Mati\u00e8re premi\u00e8re"},"content":{"rendered":"<div class=\"wpb-content-wrapper\"><p>[vc_row gap=\u00a0\u00bb30&Prime; el_class=\u00a0\u00bbnobottom-margin\u00a0\u00bb][vc_column][vc_column_text]<\/p>\n<h2><strong>Polyamide <\/strong>6.6<strong><br \/>\n<\/strong><\/h2>\n<p>[\/vc_column_text][\/vc_column][\/vc_row][vc_row gap=\u00a0\u00bb30&Prime; equal_height=\u00a0\u00bbyes\u00a0\u00bb content_placement=\u00a0\u00bbtop\u00a0\u00bb][vc_column width=\u00a0\u00bb2\/3&Prime;][vc_row_inner gap=\u00a0\u00bb30&Prime; css=\u00a0\u00bb.vc_custom_1637934941806{margin-bottom: 0px !important;}\u00a0\u00bb][vc_column_inner width=\u00a0\u00bb1\/2&Prime;][vc_column_text]<strong>Le polyamide\u00a06.6<\/strong>\u00a0 (PA66) est la <strong>mati\u00e8re premi\u00e8re <\/strong>\u00e0 partir de laquelle la plupart des <strong>produits SapiSelco<\/strong> sont fabriqu\u00e9s. Dans la famille des technopolym\u00e8res, le PA66 est caract\u00e9ris\u00e9 par une r\u00e9sistance m\u00e9canique et une r\u00e9sistance \u00e0 l\u2019abrasion \u00e9lev\u00e9es, par un coefficient de frottement bas ainsi que par une bonne r\u00e9sistance aux solvants et autres r\u00e9actifs agressifs.<\/p>\n<p>Dans le domaine des mat\u00e9riaux synth\u00e9tiques thermoplastiques,[\/vc_column_text][\/vc_column_inner][vc_column_inner width=\u00a0\u00bb1\/2&Prime;][vc_column_text]le <strong>PA66<\/strong> est le polym\u00e8re qui poss\u00e8de les propri\u00e9t\u00e9s les mieux adapt\u00e9es \u00e0 la transformation au moyen de syst\u00e8mes de moulage par injection.<\/p>\n<p>D\u2019autres polym\u00e8res, tels que le <strong>polypropyl\u00e8ne<\/strong> et le <strong>poly\u00e9thyl\u00e8ne<\/strong>, sont \u00e9galement utilis\u00e9s dans les cycles de production de SapiSelco pour r\u00e9pondre \u00e0 toutes les caract\u00e9ristiques sp\u00e9cifiques des produits con\u00e7us et fabriqu\u00e9s par SapiSelco.[\/vc_column_text][\/vc_column_inner][\/vc_row_inner][vc_row_inner][vc_column_inner][vc_empty_space height=\u00a0\u00bb10px\u00a0\u00bb][vc_column_text]<\/p>\n<h3>Approvisionnement<\/h3>\n<p>Le fait de pouvoir compter sur un fournisseur qui assure <strong>la continuit\u00e9<\/strong> de l\u2019approvisionnement et <strong>la qualit\u00e9 optimale<\/strong> de la mati\u00e8re, offre une s\u00e9curit\u00e9 fondamentale dans l\u2019organisation et la planification des cycles de production. C\u2019est pourquoi SapiSelco a choisi comme partenaire <strong>Ascend Performances Materials, leader mondial dans la production de PA66.<\/strong>[\/vc_column_text][vc_single_image image=\u00a0\u00bb46718&Prime; img_size=\u00a0\u00bbfull\u00a0\u00bb][\/vc_column_inner][\/vc_row_inner][\/vc_column][vc_column width=\u00a0\u00bb1\/3&Prime;][vc_single_image image=\u00a0\u00bb46612&Prime; img_size=\u00a0\u00bbfull\u00a0\u00bb alignment=\u00a0\u00bbcenter\u00a0\u00bb css=\u00a0\u00bb.vc_custom_1652189141777{padding-right: 30px !important;padding-left: 30px !important;}\u00a0\u00bb el_class=\u00a0\u00bbascend-materia-prima\u00a0\u00bb][vc_column_text el_class=\u00a0\u00bbdark padding30&Prime;]<strong>LEADER MONDIAL<br \/>\nDANS LA PRODUCTION DE PA6.6<br \/>\n<\/strong><\/p>\n<p>Forte de plus de 70 ans d\u2019exp\u00e9rience, <strong>Ascend Performances Materials <\/strong>emploie aujourd\u2019hui, dans ses \u00e9tablissements situ\u00e9s aux \u00c9tats-Unis, en Europe et en Chine, plus de <strong>2600\u00a0personnes<\/strong> qui con\u00e7oivent et produisent des mati\u00e8res plastiques, des tissus, des fibres et des produits chimiques appliqu\u00e9s \u00e0 la production industrielle.<\/p>\n<p>SapiSelco fait confiance \u00e0 Ascend en raison non seulement des <strong>excellentes performances<\/strong> des polym\u00e8res fournis et garantis par la marque <strong>Vydyne\u00a0PA66<\/strong>, mais aussi des <strong>valeurs<\/strong> qui conduisent l\u2019entreprise \u00e0 s\u2019engager en faveur du respect de l\u2019environnement et \u00e0 <strong>concevoir des solutions durables qui am\u00e9liorent au pr\u00e9sent la qualit\u00e9 de vie et inspirent un avenir meilleur<\/strong>.<\/p>\n<p><strong><img loading=\"lazy\" decoding=\"async\" class=\"alignnone size-full wp-image-680\" src=\"https:\/\/www.sapiselco.com\/wp-content\/uploads\/2021\/11\/pa66_icon.png\" alt=\"\" width=\"152\" height=\"183\" \/><\/strong><\/p>\n<p><strong>Vydyne\u00a0PA66<\/strong> repr\u00e9sente l\u2019\u00e9tat de l\u2019art de la mati\u00e8re fournie et constitue le composant fondamental qui contribue \u00e0 l\u2019excellence des performances des produits SapiSelco. Ce sceau, garantie de qualit\u00e9, est pr\u00e9sent sur tous les emballages de SapiSelco.[\/vc_column_text][vc_empty_space height=\u00a0\u00bb10px\u00a0\u00bb][vc_row_inner equal_height=\u00a0\u00bbyes\u00a0\u00bb content_placement=\u00a0\u00bbmiddle\u00a0\u00bb css=\u00a0\u00bb.vc_custom_1637934069993{padding-right: 10px !important;padding-left: 30px !important;}\u00a0\u00bb][vc_column_inner width=\u00a0\u00bb2\/3&Prime;][vc_column_text]<\/p>\n<p class=\"accent\" style=\"line-height: 1.2;\"><strong>L&rsquo;APPLICATION DE CE LOGO SUR LES EMBALLAGES SAPISELCO EST UNE GARANTIE DE QUALIT\u00c9<\/strong><\/p>\n<p>[\/vc_column_text][\/vc_column_inner][vc_column_inner width=\u00a0\u00bb1\/3&Prime;][vc_raw_html]JTNDaSUyMGNsYXNzJTNEJTIyZmFzJTIwZmEtc2VhcmNoJTIwYWNjZW50JTIyJTIwc3R5bGUlM0QlMjJmb250LXNpemUlM0EzMHB4JTNCJTIyJTNFJTNDJTJGaSUzRQ==[\/vc_raw_html][\/vc_column_inner][\/vc_row_inner][\/vc_column][\/vc_row]<\/p>\n<\/div>","protected":false},"excerpt":{"rendered":"[vc_row gap=\u00a0\u00bb30&Prime; el_class=\u00a0\u00bbnobottom-margin\u00a0\u00bb][vc_column][vc_column_text] Polyamide 6.6 [\/vc_column_text][\/vc_column][\/vc_row][vc_row gap=\u00a0\u00bb30&Prime; equal_height=\u00a0\u00bbyes\u00a0\u00bb content_placement=\u00a0\u00bbtop\u00a0\u00bb][vc_column width=\u00a0\u00bb2\/3&Prime;][vc_row_inner gap=\u00a0\u00bb30&Prime; css=\u00a0\u00bb.vc_custom_1637934941806{margin-bottom: 0px !important;}\u00a0\u00bb][vc_column_inner width=\u00a0\u00bb1\/2&Prime;][vc_column_text]Le polyamide\u00a06.6\u00a0 (PA66) est la mati\u00e8re premi\u00e8re \u00e0 partir de laquelle la plupart des produits SapiSelco sont fabriqu\u00e9s. Dans la famille des technopolym\u00e8res, le PA66 est caract\u00e9ris\u00e9 par une r\u00e9sistance m\u00e9canique et une r\u00e9sistance \u00e0 l\u2019abrasion \u00e9lev\u00e9es, par un coefficient de <a href=\"https:\/\/www.sapiselco.com\/fr\/matiere-premiere\/\" class=\"more-link\">&#8230;<\/a>","protected":false},"author":1,"featured_media":0,"parent":0,"menu_order":0,"comment_status":"closed","ping_status":"closed","template":"","meta":{"_acf_changed":false,"footnotes":""},"class_list":["post-48646","page","type-page","status-publish","hentry"],"acf":[],"_links":{"self":[{"href":"https:\/\/www.sapiselco.com\/fr\/wp-json\/wp\/v2\/pages\/48646","targetHints":{"allow":["GET"]}}],"collection":[{"href":"https:\/\/www.sapiselco.com\/fr\/wp-json\/wp\/v2\/pages"}],"about":[{"href":"https:\/\/www.sapiselco.com\/fr\/wp-json\/wp\/v2\/types\/page"}],"author":[{"embeddable":true,"href":"https:\/\/www.sapiselco.com\/fr\/wp-json\/wp\/v2\/users\/1"}],"replies":[{"embeddable":true,"href":"https:\/\/www.sapiselco.com\/fr\/wp-json\/wp\/v2\/comments?post=48646"}],"version-history":[{"count":5,"href":"https:\/\/www.sapiselco.com\/fr\/wp-json\/wp\/v2\/pages\/48646\/revisions"}],"predecessor-version":[{"id":59447,"href":"https:\/\/www.sapiselco.com\/fr\/wp-json\/wp\/v2\/pages\/48646\/revisions\/59447"}],"wp:attachment":[{"href":"https:\/\/www.sapiselco.com\/fr\/wp-json\/wp\/v2\/media?parent=48646"}],"curies":[{"name":"wp","href":"https:\/\/api.w.org\/{rel}","templated":true}]}}