{"id":48679,"date":"2022-01-31T12:32:04","date_gmt":"2022-01-31T11:32:04","guid":{"rendered":"https:\/\/www.sapiselco.com\/me-t-cable-ties\/"},"modified":"2026-02-26T08:48:40","modified_gmt":"2026-02-26T07:48:40","slug":"colliers-me-t","status":"publish","type":"page","link":"https:\/\/www.sapiselco.com\/fr\/colliers-me-t\/","title":{"rendered":"Colliers ME-T"},"content":{"rendered":"<div class=\"wpb-content-wrapper\"><p>[vc_row gap=\u00a0\u00bb30&Prime;][vc_column width=\u00a0\u00bb2\/3&Prime;][vc_column_text]<\/p>\n<h2>Collier \u00e0 <strong>cliquet en acier inoxydable<\/strong><\/h2>\n<p>[\/vc_column_text][\/vc_column][vc_column width=\u00a0\u00bb1\/3&Prime;][vc_single_image image=\u00a0\u00bb46814&Prime; img_size=\u00a0\u00bbfull\u00a0\u00bb alignment=\u00a0\u00bbright\u00a0\u00bb el_class=\u00a0\u00bbproduct-brand\u00a0\u00bb][\/vc_column][\/vc_row][vc_row gap=\u00a0\u00bb30&Prime; css=\u00a0\u00bb.vc_custom_1640103222300{margin-bottom: 0px !important;}\u00a0\u00bb][vc_column width=\u00a0\u00bb1\/4&Prime;][vc_column_text]Le collier <strong>ME-T <\/strong>en <strong>polyamide\u00a06.6 autoextinguible (UL94:V2)<\/strong> est constitu\u00e9 d\u2019un ruban sans denture avec des bords arrondis et d\u2019une cage carr\u00e9e avec un cliquet anti-retour en acier inoxydable qui lui assure une plus forte r\u00e9sistance au froid et une meilleure stabilit\u00e9 dans les applications soumises \u00e0 des vibrations.<\/p>\n<p>Il est disponible dans une large gamme de tailles pour r\u00e9pondre aux diff\u00e9rentes exigences d\u2019application, avec la plage de r\u00e9sistance \u00e0 l\u2019ouverture suivante\u00a0: <strong>130 N \/ 13\u00a0kg \u2013 600N \/ 60kg<\/strong>.<\/p>\n<p>Le collier de serrage Met peut \u00eatre appliqu\u00e9 \u00e0 la main ou \u00e0 l\u2019aide d\u2019une pince de serrage.[\/vc_column_text][vc_row_inner el_class=\u00a0\u00bbnomargin\u00a0\u00bb][vc_column_inner width=\u00a0\u00bb1\/2&Prime; offset=\u00a0\u00bbvc_col-xs-6&Prime;][vc_single_image image=\u00a0\u00bb3256&Prime; img_size=\u00a0\u00bbfull\u00a0\u00bb alignment=\u00a0\u00bbright\u00a0\u00bb css_animation=\u00a0\u00bbfadeInUp\u00a0\u00bb][\/vc_column_inner][vc_column_inner width=\u00a0\u00bb1\/2&Prime; offset=\u00a0\u00bbvc_col-xs-6&Prime;][vc_single_image image=\u00a0\u00bb3261&Prime; img_size=\u00a0\u00bb\u00a0\u00bb css_animation=\u00a0\u00bbfadeInDown\u00a0\u00bb][\/vc_column_inner][\/vc_row_inner][\/vc_column][vc_column width=\u00a0\u00bb3\/4&Prime;][vc_gallery interval=\u00a0\u00bb3&Prime; images=\u00a0\u00bb3269,3274,3279&Prime; img_size=\u00a0\u00bbfull\u00a0\u00bb onclick=\u00a0\u00bb\u00a0\u00bb][vc_row_inner gap=\u00a0\u00bb30&Prime; css=\u00a0\u00bb.vc_custom_1640101056861{margin-top: 30px !important;}\u00a0\u00bb][vc_column_inner width=\u00a0\u00bb1\/2&Prime;][vc_btn title=\u00a0\u00bbTABLEAU TECHNIQUE\u00a0\u00bb style=\u00a0\u00bboutline-custom\u00a0\u00bb outline_custom_color=\u00a0\u00bb#00955f\u00a0\u00bb outline_custom_hover_background=\u00a0\u00bb#00955f\u00a0\u00bb outline_custom_hover_text=\u00a0\u00bb#ffffff\u00a0\u00bb shape=\u00a0\u00bbsquare\u00a0\u00bb align=\u00a0\u00bbcenter\u00a0\u00bb i_align=\u00a0\u00bbright\u00a0\u00bb i_icon_fontawesome=\u00a0\u00bbfas fa-table\u00a0\u00bb css_animation=\u00a0\u00bbfadeIn\u00a0\u00bb button_block=\u00a0\u00bbtrue\u00a0\u00bb add_icon=\u00a0\u00bbtrue\u00a0\u00bb link=\u00a0\u00bburl:%2Fwp-content%2Fuploads%2F2026%2F02%2FSAPISELCO-TABELLE-MET-REV2-2026.pdf|target:_blank\u00a0\u00bb][\/vc_column_inner][vc_column_inner width=\u00a0\u00bb1\/2&Prime;][\/vc_column_inner][\/vc_row_inner][\/vc_column][\/vc_row][vc_row][vc_column][vc_separator color=\u00a0\u00bbcustom\u00a0\u00bb border_width=\u00a0\u00bb3&Prime; accent_color=\u00a0\u00bb#00955f\u00a0\u00bb][\/vc_column][\/vc_row][vc_row gap=\u00a0\u00bb30&Prime;][vc_column width=\u00a0\u00bb1\/4&Prime;][vc_column_text el_class=\u00a0\u00bbnomargin\u00a0\u00bb]<\/p>\n<h3><strong>Certifications<\/strong><\/h3>\n<p>[\/vc_column_text][vc_separator color=\u00a0\u00bbcustom\u00a0\u00bb align=\u00a0\u00bbalign_left\u00a0\u00bb border_width=\u00a0\u00bb2&Prime; el_width=\u00a0\u00bb20&Prime; accent_color=\u00a0\u00bb#bcbcbc\u00a0\u00bb css=\u00a0\u00bb.vc_custom_1640085764009{margin-top: 15px !important;}\u00a0\u00bb][vc_column_text]Pour plus d\u2019informations sur les certifications de produit disponibles pour chaque article, merci d\u2019envoyer un courriel \u00e0 : <a class=\"accent\" href=\"mailto:info@sapiselco.com\">info@sapiselco.com<\/a>[\/vc_column_text][\/vc_column][vc_column width=\u00a0\u00bb3\/4&Prime;][vc_row_inner gap=\u00a0\u00bb15&Prime; css=\u00a0\u00bb.vc_custom_1640091673148{padding-left: 30px !important;}\u00a0\u00bb][vc_column_inner width=\u00a0\u00bb1\/3&Prime;][vc_column_text css=\u00a0\u00bb.vc_custom_1742291232136{margin-bottom: 0px !important;}\u00a0\u00bb]<img decoding=\"async\" class=\"alignnone wp-image-1046\" role=\"img\" src=\"\/wp-content\/uploads\/2022\/10\/sapiselco-certificazione-UL.svg\" alt=\"\" height=\"54\" \/><br \/>\nProduits type 21\/2, fichier E160935 (norme de r\u00e9f\u00e9rence UL 62275, CSA-C22.2 no 62275, CEI 62275).[\/vc_column_text][\/vc_column_inner][vc_column_inner width=\u00a0\u00bb1\/3&Prime;][vc_column_text css=\u00a0\u00bb.vc_custom_1742291241933{margin-bottom: 0px !important;}\u00a0\u00bb]<img decoding=\"async\" class=\"alignnone wp-image-1046\" role=\"img\" src=\"https:\/\/www.sapiselco.com\/wp-content\/uploads\/2023\/07\/sapiselco-certificazione-rina.svg\" alt=\"\" height=\"54\" \/><br \/>\nCertificat de type ELE494322CS (normes de r\u00e9f\u00e9rence CEI 62275).[\/vc_column_text][\/vc_column_inner][vc_column_inner width=\u00a0\u00bb1\/3&Prime;][vc_column_text css=\u00a0\u00bb.vc_custom_1742291250572{margin-bottom: 0px !important;}\u00a0\u00bb]<img decoding=\"async\" class=\"alignnone wp-image-58809\" src=\"\/wp-content\/uploads\/2022\/10\/sapiselco-certificazione-dnv.svg\" alt=\"\" height=\"54\" \/><br \/>\nCertificat de type no TAE00003E9 Rev. 01 (norme de r\u00e9f\u00e9rence CEI 62275 et UL 62275).[\/vc_column_text][\/vc_column_inner][\/vc_row_inner][vc_row_inner gap=\u00a0\u00bb15&Prime; css=\u00a0\u00bb.vc_custom_1643634902909{padding-left: 30px !important;}\u00a0\u00bb el_class=\u00a0\u00bbnomargin\u00a0\u00bb][vc_column_inner width=\u00a0\u00bb1\/3&Prime;][vc_column_text css=\u00a0\u00bb.vc_custom_1742291261079{margin-bottom: 0px !important;}\u00a0\u00bb]<img decoding=\"async\" class=\"alignnone wp-image-1046\" role=\"img\" src=\"https:\/\/www.sapiselco.com\/wp-content\/uploads\/2023\/07\/sapiselco-certificazione-bureau_1.svg\" alt=\"\" height=\"54\" \/><br \/>\nCertificat de type no 09113\/E0 BV (norme de r\u00e9f\u00e9rence CEI 62275).[\/vc_column_text][\/vc_column_inner][vc_column_inner width=\u00a0\u00bb1\/3&Prime;][vc_column_text]<img decoding=\"async\" class=\"alignnone wp-image-1046\" role=\"img\" src=\"\/wp-content\/uploads\/2022\/10\/sapiselco-certificazione-LR.svg\" alt=\"\" height=\"54\" \/><br \/>\nCertificat de type LR no LR24132926TA (standard de r\u00e9f\u00e9rence IEC 62275).[\/vc_column_text][\/vc_column_inner][vc_column_inner width=\u00a0\u00bb1\/3&Prime;][\/vc_column_inner][\/vc_row_inner][\/vc_column][\/vc_row][vc_row][vc_column][vc_separator color=\u00a0\u00bbcustom\u00a0\u00bb border_width=\u00a0\u00bb3&Prime; accent_color=\u00a0\u00bb#00955f\u00a0\u00bb][\/vc_column][\/vc_row][vc_row][vc_column width=\u00a0\u00bb1\/4&Prime;][vc_column_text el_class=\u00a0\u00bbnomargin\u00a0\u00bb]<\/p>\n<h3>Peut \u00eatre produit dans les <strong>mat\u00e9riaux sp\u00e9ciaux<\/strong><\/h3>\n<p>[\/vc_column_text][vc_separator color=\u00a0\u00bbcustom\u00a0\u00bb align=\u00a0\u00bbalign_left\u00a0\u00bb border_width=\u00a0\u00bb2&Prime; el_width=\u00a0\u00bb20&Prime; accent_color=\u00a0\u00bb#bcbcbc\u00a0\u00bb css=\u00a0\u00bb.vc_custom_1640085764009{margin-top: 15px !important;}\u00a0\u00bb][vc_column_text]Le collier de serrage ME-T est fabriqu\u00e9 en PA6.6 m\u00e9lang\u00e9 \u00e0 des mat\u00e9riaux additiv\u00e9s pour cr\u00e9er des produits qui r\u00e9pondent aux <strong>exigences d\u2019applications sp\u00e9ciales<\/strong>.[\/vc_column_text][\/vc_column][vc_column width=\u00a0\u00bb3\/4&Prime; css=\u00a0\u00bb.vc_custom_1640096670523{padding-left: 30px !important;}\u00a0\u00bb][vc_row_inner gap=\u00a0\u00bb15&Prime; css=\u00a0\u00bb.vc_custom_1644394897637{margin-top: -5px !important;margin-bottom: 0px !important;padding-bottom: 0px !important;}\u00a0\u00bb][vc_column_inner width=\u00a0\u00bb1\/2&Prime;]<div class=\"box-icon-modal icon-small\" data-modal=\"\">\n\t<img decoding=\"async\" src=\"\/wp-content\/uploads\/2021\/12\/fascette-speciali-basse-temperature.svg\" alt=\"Modal icon\" \/>\n\t<p>MAT\u00c9RIAU R\u00c9SISTANT AUX<br \/>\n<strong>BASSES TEMP\u00c9RATURES<\/strong><\/p>\n<\/div>\n[\/vc_column_inner][vc_column_inner width=\u00a0\u00bb1\/2&Prime;]<div class=\"box-icon-modal icon-small\" data-modal=\"\">\n\t<img decoding=\"async\" src=\"\/wp-content\/uploads\/2021\/12\/fascette-speciali-metaldetect.svg\" alt=\"Modal icon\" \/>\n\t<p>MAT\u00c9RIAU D\u00c9TECTABLE PAR<br \/>\n<strong>UN D\u00c9TECTEUR DE M\u00c9TAUX<\/strong><\/p>\n<\/div>\n[\/vc_column_inner][\/vc_row_inner][vc_row_inner gap=\u00a0\u00bb15&Prime; css=\u00a0\u00bb.vc_custom_1644394890377{margin-bottom: 0px !important;padding-bottom: 0px !important;}\u00a0\u00bb][vc_column_inner width=\u00a0\u00bb1\/2&Prime;]<div class=\"box-icon-modal icon-small\" data-modal=\"\">\n\t<img decoding=\"async\" src=\"\/wp-content\/uploads\/2021\/12\/fascette-speciali-UV.svg\" alt=\"Modal icon\" \/>\n\t<p>MAT\u00c9RIAU STABILIS\u00c9<br \/>\n<strong>AUX RAYONS ULTRAVIOLETS<\/strong><\/p>\n<\/div>\n[\/vc_column_inner][vc_column_inner width=\u00a0\u00bb1\/2&Prime;]<div class=\"box-icon-modal icon-small\" data-modal=\"\">\n\t<img decoding=\"async\" src=\"\/wp-content\/uploads\/2021\/12\/fascette-speciali-colorate.svg\" alt=\"Modal icon\" \/>\n\t<p>MAT\u00c9RIAU <strong>COLOR\u00c9<\/strong><\/p>\n<\/div>\n[\/vc_column_inner][\/vc_row_inner][vc_row_inner][vc_column_inner][vc_column_text]Pour plus d\u2019informations sur les colliers ME-T r\u00e9alis\u00e9s avec des mat\u00e9riaux sp\u00e9ciaux, merci d\u2019envoyer un courriel \u00e0 : <a class=\"accent\" href=\"mailto:info@sapiselco.com\">info@sapiselco.com<\/a>[\/vc_column_text][\/vc_column_inner][\/vc_row_inner][\/vc_column][\/vc_row]<\/p>\n<\/div>","protected":false},"excerpt":{"rendered":"[vc_row gap=\u00a0\u00bb30&Prime;][vc_column width=\u00a0\u00bb2\/3&Prime;][vc_column_text] Collier \u00e0 cliquet en acier inoxydable [\/vc_column_text][\/vc_column][vc_column width=\u00a0\u00bb1\/3&Prime;][vc_single_image image=\u00a0\u00bb46814&Prime; img_size=\u00a0\u00bbfull\u00a0\u00bb alignment=\u00a0\u00bbright\u00a0\u00bb el_class=\u00a0\u00bbproduct-brand\u00a0\u00bb][\/vc_column][\/vc_row][vc_row gap=\u00a0\u00bb30&Prime; css=\u00a0\u00bb.vc_custom_1640103222300{margin-bottom: 0px !important;}\u00a0\u00bb][vc_column width=\u00a0\u00bb1\/4&Prime;][vc_column_text]Le collier ME-T en polyamide\u00a06.6 autoextinguible (UL94:V2) est constitu\u00e9 d\u2019un ruban sans denture avec des bords arrondis et d\u2019une cage carr\u00e9e avec un cliquet anti-retour en acier inoxydable qui lui assure une plus forte r\u00e9sistance au <a href=\"https:\/\/www.sapiselco.com\/fr\/colliers-me-t\/\" class=\"more-link\">&#8230;<\/a>","protected":false},"author":1,"featured_media":0,"parent":0,"menu_order":0,"comment_status":"closed","ping_status":"closed","template":"","meta":{"_acf_changed":false,"footnotes":""},"class_list":["post-48679","page","type-page","status-publish","hentry"],"acf":[],"_links":{"self":[{"href":"https:\/\/www.sapiselco.com\/fr\/wp-json\/wp\/v2\/pages\/48679","targetHints":{"allow":["GET"]}}],"collection":[{"href":"https:\/\/www.sapiselco.com\/fr\/wp-json\/wp\/v2\/pages"}],"about":[{"href":"https:\/\/www.sapiselco.com\/fr\/wp-json\/wp\/v2\/types\/page"}],"author":[{"embeddable":true,"href":"https:\/\/www.sapiselco.com\/fr\/wp-json\/wp\/v2\/users\/1"}],"replies":[{"embeddable":true,"href":"https:\/\/www.sapiselco.com\/fr\/wp-json\/wp\/v2\/comments?post=48679"}],"version-history":[{"count":23,"href":"https:\/\/www.sapiselco.com\/fr\/wp-json\/wp\/v2\/pages\/48679\/revisions"}],"predecessor-version":[{"id":60427,"href":"https:\/\/www.sapiselco.com\/fr\/wp-json\/wp\/v2\/pages\/48679\/revisions\/60427"}],"wp:attachment":[{"href":"https:\/\/www.sapiselco.com\/fr\/wp-json\/wp\/v2\/media?parent=48679"}],"curies":[{"name":"wp","href":"https:\/\/api.w.org\/{rel}","templated":true}]}}