{"id":48701,"date":"2022-01-31T15:00:23","date_gmt":"2022-01-31T14:00:23","guid":{"rendered":"https:\/\/www.sapiselco.com\/coll-collars\/"},"modified":"2024-03-26T09:10:21","modified_gmt":"2024-03-26T08:10:21","slug":"colliers-coll","status":"publish","type":"page","link":"https:\/\/www.sapiselco.com\/fr\/colliers-coll\/","title":{"rendered":"Colliers COLL"},"content":{"rendered":"<div class=\"wpb-content-wrapper\"><p>[vc_row gap=\u00a0\u00bb30&Prime;][vc_column width=\u00a0\u00bb2\/3&Prime;][vc_column_text]<\/p>\n<h2>Colliers \u00e0 <strong>une cage<\/strong> et \u00e0 <strong>double cage<\/strong><\/h2>\n<p>[\/vc_column_text][\/vc_column][vc_column width=\u00a0\u00bb1\/3&Prime; offset=\u00a0\u00bbvc_hidden-sm vc_hidden-xs\u00a0\u00bb][vc_single_image image=\u00a0\u00bb46809&Prime; img_size=\u00a0\u00bbfull\u00a0\u00bb alignment=\u00a0\u00bbright\u00a0\u00bb el_class=\u00a0\u00bbproduct-brand\u00a0\u00bb][\/vc_column][\/vc_row][vc_row css=\u00a0\u00bb.vc_custom_1640267924508{padding-bottom: 30px !important;}\u00a0\u00bb][vc_column][vc_tta_tour style=\u00a0\u00bbflat\u00a0\u00bb shape=\u00a0\u00bbsquare\u00a0\u00bb gap=\u00a0\u00bb30&Prime; active_section=\u00a0\u00bb1&Prime; no_fill_content_area=\u00a0\u00bbtrue\u00a0\u00bb el_class=\u00a0\u00bbtab-type-1&Prime;][vc_tta_section title=\u00a0\u00bbCage simple\u00a0\u00bb tab_id=\u00a0\u00bbcage-simple\u00a0\u00bb][vc_single_image image=\u00a0\u00bb3339&Prime; img_size=\u00a0\u00bbfull\u00a0\u00bb el_class=\u00a0\u00bbcage-simple tabImg\u00a0\u00bb][vc_single_image image=\u00a0\u00bb3229&Prime; img_size=\u00a0\u00bbfull\u00a0\u00bb][vc_column_text el_class=\u00a0\u00bbsezione1&Prime;]Le collier \u00e0 <strong>une cage Coll<\/strong> en technopolym\u00e8re est constitu\u00e9 d\u2019un ruban \u00e0 denture ext\u00e9rieure avec des bords arrondis et d\u2019une seule cage horizontale. Le mat\u00e9riau conf\u00e8re au produit<strong> plus de flexibilit\u00e9,<\/strong> et sa structure permet un <strong>encombrement r\u00e9duit de la cage<\/strong>, ainsi qu\u2019une <strong>meilleure adh\u00e9rence<\/strong> \u00e0 la surface d\u2019application. \u00c9galement adapt\u00e9 aux <strong>applications ext\u00e9rieures<\/strong>.<\/p>\n<p>Le produit est disponible avec la plage de r\u00e9sistance \u00e0 l\u2019ouverture\u00a0suivante: <strong>250 N\/25\u00a0kg \u2013 300\u00a0N\/30\u00a0kg<\/strong>.<\/p>\n<p>Le <strong>collier \u00e0 une cage<\/strong> doit \u00eatre appliqu\u00e9 \u00e0 l\u2019aide de l\u2019outil sp\u00e9cifique (PIN. 005).[\/vc_column_text][vc_row_inner gap=\u00a0\u00bb30&Prime;][vc_column_inner width=\u00a0\u00bb1\/2&Prime;][vc_btn title=\u00a0\u00bbTABLEAU TECHNIQUE\u00a0\u00bb style=\u00a0\u00bboutline-custom\u00a0\u00bb outline_custom_color=\u00a0\u00bb#00955f\u00a0\u00bb outline_custom_hover_background=\u00a0\u00bb#00955f\u00a0\u00bb outline_custom_hover_text=\u00a0\u00bb#ffffff\u00a0\u00bb shape=\u00a0\u00bbsquare\u00a0\u00bb align=\u00a0\u00bbcenter\u00a0\u00bb i_align=\u00a0\u00bbright\u00a0\u00bb i_icon_fontawesome=\u00a0\u00bbfas fa-table\u00a0\u00bb css_animation=\u00a0\u00bbfadeIn\u00a0\u00bb button_block=\u00a0\u00bbtrue\u00a0\u00bb add_icon=\u00a0\u00bbtrue\u00a0\u00bb custom_onclick=\u00a0\u00bbtrue\u00a0\u00bb custom_onclick_code=\u00a0\u00bbopenModal(\u00ab\u00a0#table1\u00ab\u00a0);\u00a0\u00bb][\/vc_column_inner][vc_column_inner width=\u00a0\u00bb1\/2&Prime;][\/vc_column_inner][\/vc_row_inner][vc_column_text]<\/p>\n<h3><strong>Certifications<\/strong> de produit<\/h3>\n<p>[\/vc_column_text][vc_row_inner equal_height=\u00a0\u00bbyes\u00a0\u00bb css=\u00a0\u00bb.vc_custom_1644253123994{margin-bottom: 0px !important;}\u00a0\u00bb][vc_column_inner width=\u00a0\u00bb1\/2&Prime;][vc_raw_html]JTNDZGl2JTIwc3R5bGUlM0QlMjJkaXNwbGF5JTNBZ3JpZCUzQiUyMGdyaWQtdGVtcGxhdGUtY29sdW1ucyUzQTUwcHglMjAxZnIlM0IlMjBncmlkLWdhcCUzQTEycHglM0IlMjIlM0UlMEElM0NkaXYlM0UlM0NpbWclMjBzcmMlM0QlMjIlMkZ3cC1jb250ZW50JTJGdXBsb2FkcyUyRjIwMjIlMkYwMiUyRkRGNDM4MkQ3OEY5NDBCOTIucG5nJTIyJTIwYWx0JTNEJTIyQ2VydGlmaWNhemlvbmUlMjBUVVYlMjIlMjAlMkYlM0UlM0MlMkZkaXYlM0UlMEElM0NkaXYlM0UlMkFDZXJ0aWZpY2F0JTIwbm8lMjBaMSUyMDA5NTA2OCUyMDAwMDIlMjBSJUMzJUE5di4lMjAwMSUyMCUyOG5vcm1lJTIwZGUlMjByJUMzJUE5ZiVDMyVBOXJlbmNlJTIwRU4lMjA2MjI3NSUyOS4lM0MlMkZkaXYlM0UlMEElM0MlMkZkaXYlM0U=[\/vc_raw_html][\/vc_column_inner][vc_column_inner width=\u00a0\u00bb1\/2&Prime;][\/vc_column_inner][\/vc_row_inner][vc_separator color=\u00a0\u00bbcustom\u00a0\u00bb border_width=\u00a0\u00bb2&Prime; accent_color=\u00a0\u00bb#00955f\u00a0\u00bb][vc_column_text]*Le certificat n<sup>o<\/sup> Z1 095068 0002 R\u00e9v. 01 n\u2019est pas valable pour le collier \u00e0 une cage dans la taille 115 x 9 mm.<\/p>\n<p>Pour plus d\u2019informations sur les certifications de produits, merci d\u2019envoyer un courriel \u00e0 : <a class=\"accent\" href=\"mailto:info@sapiselco.com\">info@sapiselco.com<\/a>[\/vc_column_text][\/vc_tta_section][vc_tta_section title=\u00a0\u00bbCage Double\u00a0\u00bb tab_id=\u00a0\u00bbcage-double\u00a0\u00bb][vc_single_image image=\u00a0\u00bb3334&Prime; img_size=\u00a0\u00bbfull\u00a0\u00bb el_class=\u00a0\u00bbcage-double tabImg\u00a0\u00bb][vc_single_image image=\u00a0\u00bb3430&Prime; img_size=\u00a0\u00bbfull\u00a0\u00bb][vc_column_text el_class=\u00a0\u00bbsezione1&Prime;]Le <strong>collier<\/strong> \u00e0 <strong>cage double Coll<\/strong> en technopolym\u00e8re est constitu\u00e9 d\u2019un ruban \u00e0 denture ext\u00e9rieure avec des bords arrondis et d\u2019une double cage horizontale. Le mat\u00e9riau conf\u00e8re au produit<strong> plus de flexibilit\u00e9,<\/strong> et sa structure permet un <strong>encombrement r\u00e9duit de la cage<\/strong>, ainsi qu\u2019une <strong>meilleure adh\u00e9rence<\/strong> \u00e0 la surface d\u2019application. \u00c9galement adapt\u00e9 aux <strong>applications ext\u00e9rieures<\/strong>.<\/p>\n<p>Le produit est disponible avec une r\u00e9sistance \u00e0 l\u2019ouverture de\u00a0:<strong> 400 N\/40\u00a0kg<\/strong><\/p>\n<p>Le <strong>collier \u00e0 double cage<\/strong> doit \u00eatre appliqu\u00e9 \u00e0 l\u2019aide de l\u2019outil sp\u00e9cifique (PIN. 005).[\/vc_column_text][vc_row_inner gap=\u00a0\u00bb30&Prime;][vc_column_inner width=\u00a0\u00bb1\/2&Prime;][vc_btn title=\u00a0\u00bbTABLEAU TECHNIQUE\u00a0\u00bb style=\u00a0\u00bboutline-custom\u00a0\u00bb outline_custom_color=\u00a0\u00bb#00955f\u00a0\u00bb outline_custom_hover_background=\u00a0\u00bb#00955f\u00a0\u00bb outline_custom_hover_text=\u00a0\u00bb#ffffff\u00a0\u00bb shape=\u00a0\u00bbsquare\u00a0\u00bb align=\u00a0\u00bbcenter\u00a0\u00bb i_align=\u00a0\u00bbright\u00a0\u00bb i_icon_fontawesome=\u00a0\u00bbfas fa-table\u00a0\u00bb css_animation=\u00a0\u00bbfadeIn\u00a0\u00bb button_block=\u00a0\u00bbtrue\u00a0\u00bb add_icon=\u00a0\u00bbtrue\u00a0\u00bb custom_onclick=\u00a0\u00bbtrue\u00a0\u00bb custom_onclick_code=\u00a0\u00bbopenModal(\u00ab\u00a0#table2\u00ab\u00a0);\u00a0\u00bb][\/vc_column_inner][vc_column_inner width=\u00a0\u00bb1\/2&Prime;][\/vc_column_inner][\/vc_row_inner][vc_column_text]<\/p>\n<h3><strong>Certifications<\/strong> de produit<\/h3>\n<p>[\/vc_column_text][vc_row_inner equal_height=\u00a0\u00bbyes\u00a0\u00bb css=\u00a0\u00bb.vc_custom_1644253143095{margin-bottom: 0px !important;}\u00a0\u00bb][vc_column_inner width=\u00a0\u00bb1\/2&Prime;][vc_raw_html]JTNDZGl2JTIwc3R5bGUlM0QlMjJkaXNwbGF5JTNBZ3JpZCUzQiUyMGdyaWQtdGVtcGxhdGUtY29sdW1ucyUzQTUwcHglMjAxZnIlM0IlMjBncmlkLWdhcCUzQTEycHglM0IlMjIlM0UlMEElM0NkaXYlM0UlM0NpbWclMjBzcmMlM0QlMjIlMkZ3cC1jb250ZW50JTJGdXBsb2FkcyUyRjIwMjIlMkYwMiUyRkRGNDM4MkQ3OEY5NDBCOTIucG5nJTIyJTIwYWx0JTNEJTIyQ2VydGlmaWNhemlvbmUlMjBUVVYlMjIlMjAlMkYlM0UlM0MlMkZkaXYlM0UlMEElM0NkaXYlM0UlMkFDZXJ0aWZpY2F0JTIwbm8lMjBaMSUyMDA5NTA2OCUyMDAwMDIlMjBSJUMzJUE5di4lMjAwMSUyMCUyOG5vcm1lJTIwZGUlMjByJUMzJUE5ZiVDMyVBOXJlbmNlJTIwRU4lMjA2MjI3NSUyOS4lM0MlMkZkaXYlM0UlMEElM0MlMkZkaXYlM0U=[\/vc_raw_html][\/vc_column_inner][vc_column_inner width=\u00a0\u00bb1\/2&Prime;][\/vc_column_inner][\/vc_row_inner][vc_separator color=\u00a0\u00bbcustom\u00a0\u00bb border_width=\u00a0\u00bb2&Prime; accent_color=\u00a0\u00bb#00955f\u00a0\u00bb][vc_column_text]Pour plus d\u2019informations sur les certifications de produits, merci d\u2019envoyer un courriel \u00e0 : <a class=\"accent\" href=\"mailto:info@sapiselco.com\">info@sapiselco.com<\/a>[\/vc_column_text][\/vc_tta_section][\/vc_tta_tour][vc_raw_js]JTNDc2NyaXB0JTNFJTBBdmFyJTIwJTI0aiUyMCUzRCUyMGpRdWVyeSUzQiUwQWZ1bmN0aW9uJTIwb3Blbk1vZGFsJTI4bW9kYWwlMjklN0IlMEF2YXIlMjBtb2RhbENvbnRhaW5lciUyMCUzRCUyMCUyNGolMjglMjcubW9kYWwtY29udGVudC1ib3glMjclMjklM0IlMEFtb2RhbENvbnRhaW5lci5odG1sJTI4JTI3JTI3JTI5JTNCJTBBdmFyJTIwbW9kYWxjb250ZW50JTIwJTNEJTIwJTI0aiUyOG1vZGFsJTI5Lmh0bWwlMjglMjklM0IlMEFtb2RhbENvbnRhaW5lci5odG1sJTI4bW9kYWxjb250ZW50JTI5LnNob3clMjglMjklM0IlMEElMjRqJTI4JTI3JTIzbW9kYWwtY29udGFpbmVyJTI3JTI5LmZhZGVJbiUyOCUyOSUzQiUwQSU3RCUwQSUzQyUyRnNjcmlwdCUzRQ==[\/vc_raw_js][\/vc_column][\/vc_row][vc_row el_id=\u00a0\u00bbtable1&Prime; el_class=\u00a0\u00bbmodal-box-content\u00a0\u00bb][vc_column][vc_row_inner gap=\u00a0\u00bb30&Prime; css=\u00a0\u00bb.vc_custom_1644253160403{margin-bottom: 0px !important;padding-bottom: 0px !important;}\u00a0\u00bb][vc_column_inner][vc_column_text css=\u00a0\u00bb.vc_custom_1711440607954{margin-bottom: 0px !important;padding-bottom: 0px !important;}\u00a0\u00bb]<\/p>\n<h4>Tableau Technique Cage simple COLL<\/h4>\n<p><img loading=\"lazy\" decoding=\"async\" class=\"alignnone size-full wp-image-59410\" src=\"https:\/\/www.sapiselco.com\/wp-content\/uploads\/2024\/03\/tab-coll-testa-singola.jpg\" alt=\"\" width=\"1200\" height=\"579\" srcset=\"https:\/\/www.sapiselco.com\/wp-content\/uploads\/2024\/03\/tab-coll-testa-singola.jpg 1200w, https:\/\/www.sapiselco.com\/wp-content\/uploads\/2024\/03\/tab-coll-testa-singola-1024x494.jpg 1024w, https:\/\/www.sapiselco.com\/wp-content\/uploads\/2024\/03\/tab-coll-testa-singola-600x290.jpg 600w\" sizes=\"auto, (max-width: 1200px) 100vw, 1200px\" \/>[\/vc_column_text][\/vc_column_inner][\/vc_row_inner][\/vc_column][\/vc_row][vc_row el_id=\u00a0\u00bbtable2&Prime; el_class=\u00a0\u00bbmodal-box-content\u00a0\u00bb][vc_column][vc_row_inner gap=\u00a0\u00bb30&Prime; css=\u00a0\u00bb.vc_custom_1644253170840{margin-bottom: 0px !important;padding-bottom: 0px !important;}\u00a0\u00bb][vc_column_inner][vc_column_text css=\u00a0\u00bb.vc_custom_1711440618704{margin-bottom: 0px !important;padding-bottom: 0px !important;}\u00a0\u00bb]<\/p>\n<h4>Tableau Technique Cage double COLL<\/h4>\n<p><img loading=\"lazy\" decoding=\"async\" class=\"alignnone size-full wp-image-59405\" src=\"https:\/\/www.sapiselco.com\/wp-content\/uploads\/2024\/03\/tab-coll-testa-doppia.jpg\" alt=\"\" width=\"1200\" height=\"417\" srcset=\"https:\/\/www.sapiselco.com\/wp-content\/uploads\/2024\/03\/tab-coll-testa-doppia.jpg 1200w, https:\/\/www.sapiselco.com\/wp-content\/uploads\/2024\/03\/tab-coll-testa-doppia-1024x356.jpg 1024w, https:\/\/www.sapiselco.com\/wp-content\/uploads\/2024\/03\/tab-coll-testa-doppia-600x209.jpg 600w\" sizes=\"auto, (max-width: 1200px) 100vw, 1200px\" \/>[\/vc_column_text][\/vc_column_inner][\/vc_row_inner][\/vc_column][\/vc_row]<\/p>\n<\/div>","protected":false},"excerpt":{"rendered":"[vc_row gap=\u00a0\u00bb30&Prime;][vc_column width=\u00a0\u00bb2\/3&Prime;][vc_column_text] Colliers \u00e0 une cage et \u00e0 double cage [\/vc_column_text][\/vc_column][vc_column width=\u00a0\u00bb1\/3&Prime; offset=\u00a0\u00bbvc_hidden-sm vc_hidden-xs\u00a0\u00bb][vc_single_image image=\u00a0\u00bb46809&Prime; img_size=\u00a0\u00bbfull\u00a0\u00bb alignment=\u00a0\u00bbright\u00a0\u00bb el_class=\u00a0\u00bbproduct-brand\u00a0\u00bb][\/vc_column][\/vc_row][vc_row css=\u00a0\u00bb.vc_custom_1640267924508{padding-bottom: 30px !important;}\u00a0\u00bb][vc_column][vc_tta_tour style=\u00a0\u00bbflat\u00a0\u00bb shape=\u00a0\u00bbsquare\u00a0\u00bb gap=\u00a0\u00bb30&Prime; active_section=\u00a0\u00bb1&Prime; no_fill_content_area=\u00a0\u00bbtrue\u00a0\u00bb el_class=\u00a0\u00bbtab-type-1&Prime;][vc_tta_section title=\u00a0\u00bbCage simple\u00a0\u00bb tab_id=\u00a0\u00bbcage-simple\u00a0\u00bb][vc_single_image image=\u00a0\u00bb3339&Prime; img_size=\u00a0\u00bbfull\u00a0\u00bb el_class=\u00a0\u00bbcage-simple tabImg\u00a0\u00bb][vc_single_image image=\u00a0\u00bb3229&Prime; img_size=\u00a0\u00bbfull\u00a0\u00bb][vc_column_text el_class=\u00a0\u00bbsezione1&Prime;]Le collier \u00e0 une cage Coll en technopolym\u00e8re est constitu\u00e9 d\u2019un ruban \u00e0 denture ext\u00e9rieure avec des bords <a href=\"https:\/\/www.sapiselco.com\/fr\/colliers-coll\/\" class=\"more-link\">&#8230;<\/a>","protected":false},"author":1,"featured_media":0,"parent":0,"menu_order":0,"comment_status":"closed","ping_status":"closed","template":"","meta":{"_acf_changed":false,"footnotes":""},"class_list":["post-48701","page","type-page","status-publish","hentry"],"acf":[],"_links":{"self":[{"href":"https:\/\/www.sapiselco.com\/fr\/wp-json\/wp\/v2\/pages\/48701","targetHints":{"allow":["GET"]}}],"collection":[{"href":"https:\/\/www.sapiselco.com\/fr\/wp-json\/wp\/v2\/pages"}],"about":[{"href":"https:\/\/www.sapiselco.com\/fr\/wp-json\/wp\/v2\/types\/page"}],"author":[{"embeddable":true,"href":"https:\/\/www.sapiselco.com\/fr\/wp-json\/wp\/v2\/users\/1"}],"replies":[{"embeddable":true,"href":"https:\/\/www.sapiselco.com\/fr\/wp-json\/wp\/v2\/comments?post=48701"}],"version-history":[{"count":5,"href":"https:\/\/www.sapiselco.com\/fr\/wp-json\/wp\/v2\/pages\/48701\/revisions"}],"predecessor-version":[{"id":59425,"href":"https:\/\/www.sapiselco.com\/fr\/wp-json\/wp\/v2\/pages\/48701\/revisions\/59425"}],"wp:attachment":[{"href":"https:\/\/www.sapiselco.com\/fr\/wp-json\/wp\/v2\/media?parent=48701"}],"curies":[{"name":"wp","href":"https:\/\/api.w.org\/{rel}","templated":true}]}}