{"id":48711,"date":"2022-01-31T17:08:43","date_gmt":"2022-01-31T16:08:43","guid":{"rendered":"https:\/\/www.sapiselco.com\/id-cable-ties\/"},"modified":"2022-07-19T10:25:29","modified_gmt":"2022-07-19T08:25:29","slug":"colliers-pour-identification","status":"publish","type":"page","link":"https:\/\/www.sapiselco.com\/fr\/colliers-pour-identification\/","title":{"rendered":"Colliers pour l\u2019identification"},"content":{"rendered":"<div class=\"wpb-content-wrapper\"><p>[vc_row gap=\u00a0\u00bb30&Prime;][vc_column][vc_column_text]<\/p>\n<h2>Colliers pour <strong>l&rsquo;identification<\/strong><\/h2>\n<p>[\/vc_column_text][\/vc_column][\/vc_row][vc_row css=\u00a0\u00bb.vc_custom_1640267924508{padding-bottom: 30px !important;}\u00a0\u00bb][vc_column][vc_tta_tour style=\u00a0\u00bbflat\u00a0\u00bb shape=\u00a0\u00bbsquare\u00a0\u00bb gap=\u00a0\u00bb30&Prime; active_section=\u00a0\u00bb1&Prime; no_fill_content_area=\u00a0\u00bbtrue\u00a0\u00bb el_class=\u00a0\u00bbtab-type-1&Prime;][vc_tta_section title=\u00a0\u00bbid 83x51mm\u00a0\u00bb tab_id=\u00a0\u00bbid83x51&Prime;][vc_single_image image=\u00a0\u00bb3424&Prime; img_size=\u00a0\u00bbfull\u00a0\u00bb el_class=\u00a0\u00bbid83x51 tabImg\u00a0\u00bb][vc_single_image image=\u00a0\u00bb3033&Prime; img_size=\u00a0\u00bbfull\u00a0\u00bb][vc_column_text el_class=\u00a0\u00bbsezione1&Prime;]Le collier <strong>ID \u2013 83\u00d751<\/strong> en <strong>polyamide 6.6<\/strong> est constitu\u00e9 d\u2019un ruban \u00e0 denture int\u00e9rieure avec des bords arrondis sans ar\u00eates, d\u2019un cliquet en polyamide\u00a06.6 et d\u2019une cage carr\u00e9e avec une <strong>plaquette de 83 x 51\u00a0mm<\/strong> qui r\u00e9pond aux exigences d\u2019identification. Gr\u00e2ce \u00e0 ses grandes dimensions, le support peut contenir un grand nombre d\u2019informations, \u00e9crites ou imprim\u00e9es.<\/p>\n<p>Le produit est disponible avec une r\u00e9sistance \u00e0 l\u2019ouverture de\u00a0:<strong> 450 N\/45\u00a0kg.<\/strong><\/p>\n<p>Le collier ID \u2013 83&#215;51 peut \u00eatre <strong>appliqu\u00e9 \u00e0 la main<\/strong> ou avec une <strong>pince de serrage<\/strong>.[\/vc_column_text][vc_row_inner gap=\u00a0\u00bb30&Prime;][vc_column_inner width=\u00a0\u00bb1\/2&Prime;][vc_btn title=\u00a0\u00bbTABLEAU TECHNIQUE\u00a0\u00bb style=\u00a0\u00bboutline-custom\u00a0\u00bb outline_custom_color=\u00a0\u00bb#00955f\u00a0\u00bb outline_custom_hover_background=\u00a0\u00bb#00955f\u00a0\u00bb outline_custom_hover_text=\u00a0\u00bb#ffffff\u00a0\u00bb shape=\u00a0\u00bbsquare\u00a0\u00bb align=\u00a0\u00bbcenter\u00a0\u00bb i_align=\u00a0\u00bbright\u00a0\u00bb i_icon_fontawesome=\u00a0\u00bbfas fa-table\u00a0\u00bb css_animation=\u00a0\u00bbfadeIn\u00a0\u00bb button_block=\u00a0\u00bbtrue\u00a0\u00bb add_icon=\u00a0\u00bbtrue\u00a0\u00bb custom_onclick=\u00a0\u00bbtrue\u00a0\u00bb custom_onclick_code=\u00a0\u00bbopenModal(\u00ab\u00a0#table3\u00ab\u00a0);\u00a0\u00bb][\/vc_column_inner][vc_column_inner width=\u00a0\u00bb1\/2&Prime;][\/vc_column_inner][\/vc_row_inner][vc_row_inner][vc_column_inner][vc_column_text]<\/p>\n<h3>Peut \u00eatre produit dans les <strong>mat\u00e9riaux sp\u00e9ciaux<\/strong><\/h3>\n<p>[\/vc_column_text][vc_empty_space height=\u00a0\u00bb15px\u00a0\u00bb]<div class=\"box-icon-modal icon-small\" data-modal=\"\">\n\t<img decoding=\"async\" src=\"\/wp-content\/uploads\/2021\/12\/fascette-speciali-colorate.svg\" alt=\"Modal icon\" \/>\n\t<p>COLLIER <strong>COLOR\u00c9<\/strong><\/p>\n<\/div>\n[vc_column_text]Pour plus d\u2019informations sur les colliers ID color\u00e9s, merci d\u2019envoyer un courriel \u00e0 : <a class=\"accent\" href=\"mailto:info@sapiselco.com\">info@sapiselco.com<\/a>[\/vc_column_text][\/vc_column_inner][\/vc_row_inner][\/vc_tta_section][vc_tta_section title=\u00a0\u00bbid 35x13mm\u00a0\u00bb tab_id=\u00a0\u00bbid35x13&Prime;][vc_single_image image=\u00a0\u00bb3414&Prime; img_size=\u00a0\u00bbfull\u00a0\u00bb el_class=\u00a0\u00bbid35x13 tabImg\u00a0\u00bb][vc_single_image image=\u00a0\u00bb3043&Prime; img_size=\u00a0\u00bbfull\u00a0\u00bb][vc_column_text el_class=\u00a0\u00bbsezione1&Prime;]Le collier <strong>ID \u2013 35 x 13<\/strong> en <strong>polyamide\u00a06.6 autoextinguible (UL94:V2)<\/strong> est constitu\u00e9 d\u2019un ruban \u00e0 denture int\u00e9rieure avec des bords arrondis sans ar\u00eates, d\u2019un cliquet en polyamide\u00a06.6 et d\u2019une cage carr\u00e9e avec une <strong>plaquette de 35 x 13\u00a0<\/strong>mm qui r\u00e9pond aux exigences d\u2019identification.<\/p>\n<p>Le produit est disponible avec une r\u00e9sistance \u00e0 l\u2019ouverture de\u00a0:<strong> 220 N\/22\u00a0kg.<\/strong><\/p>\n<p>Le collier ID \u2013 35 x 13 peut \u00eatre <strong>appliqu\u00e9 \u00e0 la main<\/strong> ou avec une <strong>pince de serrage<\/strong>.[\/vc_column_text][vc_row_inner gap=\u00a0\u00bb30&Prime;][vc_column_inner width=\u00a0\u00bb1\/2&Prime;][vc_btn title=\u00a0\u00bbTABLEAU TECHNIQUE\u00a0\u00bb style=\u00a0\u00bboutline-custom\u00a0\u00bb outline_custom_color=\u00a0\u00bb#00955f\u00a0\u00bb outline_custom_hover_background=\u00a0\u00bb#00955f\u00a0\u00bb outline_custom_hover_text=\u00a0\u00bb#ffffff\u00a0\u00bb shape=\u00a0\u00bbsquare\u00a0\u00bb align=\u00a0\u00bbcenter\u00a0\u00bb i_align=\u00a0\u00bbright\u00a0\u00bb i_icon_fontawesome=\u00a0\u00bbfas fa-table\u00a0\u00bb css_animation=\u00a0\u00bbfadeIn\u00a0\u00bb button_block=\u00a0\u00bbtrue\u00a0\u00bb add_icon=\u00a0\u00bbtrue\u00a0\u00bb custom_onclick=\u00a0\u00bbtrue\u00a0\u00bb custom_onclick_code=\u00a0\u00bbopenModal(\u00ab\u00a0#table2\u00ab\u00a0);\u00a0\u00bb][\/vc_column_inner][vc_column_inner width=\u00a0\u00bb1\/2&Prime;][\/vc_column_inner][\/vc_row_inner][vc_row_inner][vc_column_inner][vc_column_text]<\/p>\n<h3>Peut \u00eatre produit dans les <strong>mat\u00e9riaux sp\u00e9ciaux<\/strong><\/h3>\n<p>[\/vc_column_text][vc_empty_space height=\u00a0\u00bb15px\u00a0\u00bb]<div class=\"box-icon-modal icon-small\" data-modal=\"\">\n\t<img decoding=\"async\" src=\"\/wp-content\/uploads\/2021\/12\/fascette-speciali-colorate.svg\" alt=\"Modal icon\" \/>\n\t<p>COLLIER <strong>COLOR\u00c9<\/strong><\/p>\n<\/div>\n[vc_column_text]Pour plus d\u2019informations sur les colliers ID color\u00e9s, merci d\u2019envoyer un courriel \u00e0 : <a class=\"accent\" href=\"mailto:info@sapiselco.com\">info@sapiselco.com<\/a>[\/vc_column_text][\/vc_column_inner][\/vc_row_inner][\/vc_tta_section][vc_tta_section title=\u00a0\u00bbid 8x25mm\u00a0\u00bb tab_id=\u00a0\u00bbid8x25&Prime;][vc_single_image image=\u00a0\u00bb3419&Prime; img_size=\u00a0\u00bbfull\u00a0\u00bb el_class=\u00a0\u00bbid8x25 tabImg\u00a0\u00bb][vc_single_image image=\u00a0\u00bb3053&Prime; img_size=\u00a0\u00bbfull\u00a0\u00bb][vc_column_text el_class=\u00a0\u00bbsezione1&Prime;]Le collier <strong>ID \u2013 8 x 25<\/strong> en <strong>polyamide\u00a06.6 autoextinguible (UL94:V2)<\/strong> est constitu\u00e9 d\u2019un ruban \u00e0 denture int\u00e9rieure avec des bords arrondis sans ar\u00eates, d\u2019un cliquet en polyamide\u00a06.6 et d\u2019une cage carr\u00e9e avec une <strong>plaquette de 8 x 25<\/strong>\u00a0mm qui r\u00e9pond aux exigences d\u2019identification.<\/p>\n<p>Le produit est disponible avec une r\u00e9sistance \u00e0 l\u2019ouverture de\u00a0:<strong> 90 N\/9\u00a0kg.<\/strong><\/p>\n<p>Le collier ID \u2013 8 x 25 peut \u00eatre <strong>appliqu\u00e9 \u00e0 la main<\/strong> ou avec une <strong>pince de serrage<\/strong>.[\/vc_column_text][vc_row_inner gap=\u00a0\u00bb30&Prime;][vc_column_inner width=\u00a0\u00bb1\/2&Prime;][vc_btn title=\u00a0\u00bbTABLEAU TECHNIQUE\u00a0\u00bb style=\u00a0\u00bboutline-custom\u00a0\u00bb outline_custom_color=\u00a0\u00bb#00955f\u00a0\u00bb outline_custom_hover_background=\u00a0\u00bb#00955f\u00a0\u00bb outline_custom_hover_text=\u00a0\u00bb#ffffff\u00a0\u00bb shape=\u00a0\u00bbsquare\u00a0\u00bb align=\u00a0\u00bbcenter\u00a0\u00bb i_align=\u00a0\u00bbright\u00a0\u00bb i_icon_fontawesome=\u00a0\u00bbfas fa-table\u00a0\u00bb css_animation=\u00a0\u00bbfadeIn\u00a0\u00bb button_block=\u00a0\u00bbtrue\u00a0\u00bb add_icon=\u00a0\u00bbtrue\u00a0\u00bb custom_onclick=\u00a0\u00bbtrue\u00a0\u00bb custom_onclick_code=\u00a0\u00bbopenModal(\u00ab\u00a0#table1\u00ab\u00a0);\u00a0\u00bb][\/vc_column_inner][vc_column_inner width=\u00a0\u00bb1\/2&Prime;][\/vc_column_inner][\/vc_row_inner][vc_row_inner][vc_column_inner][vc_column_text]<\/p>\n<h3>Peut \u00eatre produit dans les <strong>mat\u00e9riaux sp\u00e9ciaux<\/strong><\/h3>\n<p>[\/vc_column_text][vc_empty_space height=\u00a0\u00bb15px\u00a0\u00bb]<div class=\"box-icon-modal icon-small\" data-modal=\"\">\n\t<img decoding=\"async\" src=\"\/wp-content\/uploads\/2021\/12\/fascette-speciali-colorate.svg\" alt=\"Modal icon\" \/>\n\t<p>COLLIER <strong>COLOR\u00c9<\/strong><\/p>\n<\/div>\n[vc_column_text]Pour plus d\u2019informations sur les colliers ID color\u00e9s, merci d\u2019envoyer un courriel \u00e0 : <a class=\"accent\" href=\"mailto:info@sapiselco.com\">info@sapiselco.com<\/a>[\/vc_column_text][\/vc_column_inner][\/vc_row_inner][\/vc_tta_section][\/vc_tta_tour][vc_raw_js]JTNDc2NyaXB0JTNFJTBBdmFyJTIwJTI0aiUyMCUzRCUyMGpRdWVyeSUzQiUwQWZ1bmN0aW9uJTIwb3Blbk1vZGFsJTI4bW9kYWwlMjklN0IlMEF2YXIlMjBtb2RhbENvbnRhaW5lciUyMCUzRCUyMCUyNGolMjglMjcubW9kYWwtY29udGVudC1ib3glMjclMjklM0IlMEFtb2RhbENvbnRhaW5lci5odG1sJTI4JTI3JTI3JTI5JTNCJTBBdmFyJTIwbW9kYWxjb250ZW50JTIwJTNEJTIwJTI0aiUyOG1vZGFsJTI5Lmh0bWwlMjglMjklM0IlMEFtb2RhbENvbnRhaW5lci5odG1sJTI4bW9kYWxjb250ZW50JTI5LnNob3clMjglMjklM0IlMEElMjRqJTI4JTI3JTIzbW9kYWwtY29udGFpbmVyJTI3JTI5LmZhZGVJbiUyOCUyOSUzQiUwQSU3RCUwQSUzQyUyRnNjcmlwdCUzRQ==[\/vc_raw_js][\/vc_column][\/vc_row][vc_row el_id=\u00a0\u00bbtable1&Prime; el_class=\u00a0\u00bbmodal-box-content\u00a0\u00bb][vc_column][vc_row_inner gap=\u00a0\u00bb30&Prime; css=\u00a0\u00bb.vc_custom_1644311905804{margin-bottom: 0px !important;padding-bottom: 0px !important;}\u00a0\u00bb][vc_column_inner css=\u00a0\u00bb.vc_custom_1644311912204{margin-bottom: 0px !important;padding-bottom: 0px !important;}\u00a0\u00bb][vc_column_text css=\u00a0\u00bb.vc_custom_1658219000716{margin-bottom: 0px !important;padding-bottom: 0px !important;}\u00a0\u00bb]<\/p>\n<h4>8x25mm Tableau Technique<\/h4>\n<p><img loading=\"lazy\" decoding=\"async\" class=\"alignnone size-full wp-image-3596\" src=\"https:\/\/www.sapiselco.com\/wp-content\/uploads\/2022\/02\/tab-ident-targhetta-8x25-1.jpg\" alt=\"\" width=\"1200\" height=\"238\" srcset=\"https:\/\/www.sapiselco.com\/wp-content\/uploads\/2022\/02\/tab-ident-targhetta-8x25-1.jpg 1200w, https:\/\/www.sapiselco.com\/wp-content\/uploads\/2022\/02\/tab-ident-targhetta-8x25-1-1024x203.jpg 1024w, https:\/\/www.sapiselco.com\/wp-content\/uploads\/2022\/02\/tab-ident-targhetta-8x25-1-600x119.jpg 600w\" sizes=\"auto, (max-width: 1200px) 100vw, 1200px\" \/>[\/vc_column_text][\/vc_column_inner][\/vc_row_inner][\/vc_column][\/vc_row][vc_row el_id=\u00a0\u00bbtable2&Prime; el_class=\u00a0\u00bbmodal-box-content\u00a0\u00bb][vc_column][vc_row_inner gap=\u00a0\u00bb30&Prime; css=\u00a0\u00bb.vc_custom_1644311851439{margin-bottom: 0px !important;padding-bottom: 0px !important;}\u00a0\u00bb][vc_column_inner][vc_column_text css=\u00a0\u00bb.vc_custom_1658219008138{margin-bottom: 0px !important;padding-bottom: 0px !important;}\u00a0\u00bb]<\/p>\n<h4>35x13mm Tableau Technique<\/h4>\n<p><img loading=\"lazy\" decoding=\"async\" class=\"alignnone size-full wp-image-3601\" src=\"https:\/\/www.sapiselco.com\/wp-content\/uploads\/2022\/02\/tab-ident-targhetta-35x13-1.jpg\" alt=\"\" width=\"1200\" height=\"238\" srcset=\"https:\/\/www.sapiselco.com\/wp-content\/uploads\/2022\/02\/tab-ident-targhetta-35x13-1.jpg 1200w, https:\/\/www.sapiselco.com\/wp-content\/uploads\/2022\/02\/tab-ident-targhetta-35x13-1-1024x203.jpg 1024w, https:\/\/www.sapiselco.com\/wp-content\/uploads\/2022\/02\/tab-ident-targhetta-35x13-1-600x119.jpg 600w\" sizes=\"auto, (max-width: 1200px) 100vw, 1200px\" \/>[\/vc_column_text][\/vc_column_inner][\/vc_row_inner][\/vc_column][\/vc_row][vc_row el_id=\u00a0\u00bbtable3&Prime; el_class=\u00a0\u00bbmodal-box-content\u00a0\u00bb css=\u00a0\u00bb.vc_custom_1644311867769{margin-bottom: 0px !important;padding-bottom: 0px !important;}\u00a0\u00bb][vc_column][vc_row_inner gap=\u00a0\u00bb30&Prime;][vc_column_inner][vc_column_text css=\u00a0\u00bb.vc_custom_1658219015866{margin-bottom: 0px !important;padding-bottom: 0px !important;}\u00a0\u00bb]<\/p>\n<h4>83x51mm Tableau Technique<\/h4>\n<p><img loading=\"lazy\" decoding=\"async\" class=\"alignnone size-full wp-image-3606\" src=\"https:\/\/www.sapiselco.com\/wp-content\/uploads\/2022\/02\/tab-ident-maxi-targhetta.jpg\" alt=\"\" width=\"1200\" height=\"182\" srcset=\"https:\/\/www.sapiselco.com\/wp-content\/uploads\/2022\/02\/tab-ident-maxi-targhetta.jpg 1200w, https:\/\/www.sapiselco.com\/wp-content\/uploads\/2022\/02\/tab-ident-maxi-targhetta-1024x155.jpg 1024w, https:\/\/www.sapiselco.com\/wp-content\/uploads\/2022\/02\/tab-ident-maxi-targhetta-600x91.jpg 600w\" sizes=\"auto, (max-width: 1200px) 100vw, 1200px\" \/>[\/vc_column_text][\/vc_column_inner][\/vc_row_inner][\/vc_column][\/vc_row]<\/p>\n<\/div>","protected":false},"excerpt":{"rendered":"[vc_row gap=\u00a0\u00bb30&Prime;][vc_column][vc_column_text] Colliers pour l&rsquo;identification [\/vc_column_text][\/vc_column][\/vc_row][vc_row css=\u00a0\u00bb.vc_custom_1640267924508{padding-bottom: 30px !important;}\u00a0\u00bb][vc_column][vc_tta_tour style=\u00a0\u00bbflat\u00a0\u00bb shape=\u00a0\u00bbsquare\u00a0\u00bb gap=\u00a0\u00bb30&Prime; active_section=\u00a0\u00bb1&Prime; no_fill_content_area=\u00a0\u00bbtrue\u00a0\u00bb el_class=\u00a0\u00bbtab-type-1&Prime;][vc_tta_section title=\u00a0\u00bbid 83x51mm\u00a0\u00bb tab_id=\u00a0\u00bbid83x51&Prime;][vc_single_image image=\u00a0\u00bb3424&Prime; img_size=\u00a0\u00bbfull\u00a0\u00bb el_class=\u00a0\u00bbid83x51 tabImg\u00a0\u00bb][vc_single_image image=\u00a0\u00bb3033&Prime; img_size=\u00a0\u00bbfull\u00a0\u00bb][vc_column_text el_class=\u00a0\u00bbsezione1&Prime;]Le collier ID \u2013 83\u00d751 en polyamide 6.6 est constitu\u00e9 d\u2019un ruban \u00e0 denture int\u00e9rieure avec des bords arrondis sans ar\u00eates, d\u2019un cliquet en polyamide\u00a06.6 et d\u2019une cage carr\u00e9e avec une <a href=\"https:\/\/www.sapiselco.com\/fr\/colliers-pour-identification\/\" class=\"more-link\">&#8230;<\/a>","protected":false},"author":1,"featured_media":0,"parent":0,"menu_order":0,"comment_status":"closed","ping_status":"closed","template":"","meta":{"_acf_changed":false,"footnotes":""},"class_list":["post-48711","page","type-page","status-publish","hentry"],"acf":[],"_links":{"self":[{"href":"https:\/\/www.sapiselco.com\/fr\/wp-json\/wp\/v2\/pages\/48711","targetHints":{"allow":["GET"]}}],"collection":[{"href":"https:\/\/www.sapiselco.com\/fr\/wp-json\/wp\/v2\/pages"}],"about":[{"href":"https:\/\/www.sapiselco.com\/fr\/wp-json\/wp\/v2\/types\/page"}],"author":[{"embeddable":true,"href":"https:\/\/www.sapiselco.com\/fr\/wp-json\/wp\/v2\/users\/1"}],"replies":[{"embeddable":true,"href":"https:\/\/www.sapiselco.com\/fr\/wp-json\/wp\/v2\/comments?post=48711"}],"version-history":[{"count":9,"href":"https:\/\/www.sapiselco.com\/fr\/wp-json\/wp\/v2\/pages\/48711\/revisions"}],"predecessor-version":[{"id":58068,"href":"https:\/\/www.sapiselco.com\/fr\/wp-json\/wp\/v2\/pages\/48711\/revisions\/58068"}],"wp:attachment":[{"href":"https:\/\/www.sapiselco.com\/fr\/wp-json\/wp\/v2\/media?parent=48711"}],"curies":[{"name":"wp","href":"https:\/\/api.w.org\/{rel}","templated":true}]}}