{"id":48721,"date":"2021-12-23T12:40:28","date_gmt":"2021-12-23T11:40:28","guid":{"rendered":"https:\/\/www.sapiselco.com\/special-cable-ties\/"},"modified":"2026-01-23T09:11:41","modified_gmt":"2026-01-23T08:11:41","slug":"colliers-special","status":"publish","type":"page","link":"https:\/\/www.sapiselco.com\/fr\/colliers-special\/","title":{"rendered":"Colliers sp\u00e9ciaux"},"content":{"rendered":"<div class=\"wpb-content-wrapper\"><p>[vc_row gap=\u00a0\u00bb30&Prime;][vc_column width=\u00a0\u00bb2\/3&Prime;][vc_column_text]<\/p>\n<h2>Colliers avec un <strong>design sp\u00e9cial<\/strong><\/h2>\n<p>[\/vc_column_text][\/vc_column][vc_column width=\u00a0\u00bb1\/3&Prime; offset=\u00a0\u00bbvc_hidden-sm vc_hidden-xs\u00a0\u00bb][\/vc_column][\/vc_row][vc_row css=\u00a0\u00bb.vc_custom_1640267924508{padding-bottom: 30px !important;}\u00a0\u00bb][vc_column][vc_tta_tour style=\u00a0\u00bbflat\u00a0\u00bb shape=\u00a0\u00bbsquare\u00a0\u00bb gap=\u00a0\u00bb30&Prime; active_section=\u00a0\u00bb1&Prime; no_fill_content_area=\u00a0\u00bbtrue\u00a0\u00bb el_class=\u00a0\u00bbtab-type-1&Prime;][vc_tta_section title=\u00a0\u00bbENCLIPSABLE\u00a0\u00bb tab_id=\u00a0\u00bbenclipsable\u00a0\u00bb][vc_single_image image=\u00a0\u00bb2859&Prime; img_size=\u00a0\u00bbfull\u00a0\u00bb el_class=\u00a0\u00bbenclipsable tabImg\u00a0\u00bb][vc_single_image image=\u00a0\u00bb3968&Prime; img_size=\u00a0\u00bbfull\u00a0\u00bb][vc_column_text el_class=\u00a0\u00bbsezione1&Prime;]Le collier <strong>Sca<\/strong> en <strong>polyamide\u00a06.6 autoextinguible (UL94:V2)<\/strong> est constitu\u00e9 d\u2019un ruban \u00e0 denture int\u00e9rieure avec des bords arrondis et sans ar\u00eates et d\u2019une cage carr\u00e9e avec un harpon en polyamide\u00a06.6, qui permet de l\u2019accrocher aux t\u00f4les avec un trou traversant.<\/p>\n<p>Le produit est disponible avec la plage de r\u00e9sistance \u00e0 l\u2019ouverture suivante\u00a0: <strong>90 N\/9\u00a0kg \u2013 150\u00a0N\/15\u00a0kg.<\/strong><\/p>\n<p>Le <strong>harpon<\/strong> peut \u00eatre <strong>introduit \u00e0 la main<\/strong>, tandis que le <strong>collier<\/strong> peut <strong>\u00e9galement<\/strong> \u00eatre appliqu\u00e9 avec une<strong> pince de serrage<\/strong>.[\/vc_column_text][vc_column_text]<\/p>\n<h4>Tableau technique<\/h4>\n<p>[\/vc_column_text][vc_single_image image=\u00a0\u00bb60157&Prime; img_size=\u00a0\u00bbfull\u00a0\u00bb][\/vc_tta_section][vc_tta_section title=\u00a0\u00bb\u0152ILLET\u00a0\u00bb tab_id=\u00a0\u00bboeillet\u00a0\u00bb][vc_single_image image=\u00a0\u00bb2854&Prime; img_size=\u00a0\u00bbfull\u00a0\u00bb el_class=\u00a0\u00bboeillet tabImg\u00a0\u00bb][vc_single_image image=\u00a0\u00bb3955&Prime; img_size=\u00a0\u00bbfull\u00a0\u00bb][vc_column_text el_class=\u00a0\u00bbsezione1&Prime;]Le collier <strong>Och <\/strong>en<strong> polyamide\u00a06.6 autoextinguible (UL94:V2)<\/strong> est constitu\u00e9 d\u2019un ruban \u00e0 denture int\u00e9rieure avec des bords arrondis sans ar\u00eates, d\u2019une cage carr\u00e9e avec un cliquet en polyamide\u00a06.6 et d\u2019un \u0153illet qui permet d\u2019ancrer le produit \u00e0 diff\u00e9rentes surfaces.<\/p>\n<p>Le produit est disponible avec une r\u00e9sistance \u00e0 l\u2019ouverture de\u00a0:<strong> 220 N\/22\u00a0kg<\/strong>.<\/p>\n<p>Le collier \u00e0 \u0153illet Och peut \u00eatre <strong>appliqu\u00e9 \u00e0 la main<\/strong> ou avec une <strong>pince de serrage<\/strong>.[\/vc_column_text][vc_column_text]<\/p>\n<h4>Tableau technique<\/h4>\n<p>[\/vc_column_text][vc_single_image image=\u00a0\u00bb4027&Prime; img_size=\u00a0\u00bbfull\u00a0\u00bb][vc_row_inner][vc_column_inner][vc_column_text]<\/p>\n<h3>Peut \u00eatre produit dans les <strong>mat\u00e9riaux sp\u00e9ciaux<\/strong><\/h3>\n<p>[\/vc_column_text][vc_empty_space height=\u00a0\u00bb15px\u00a0\u00bb]<div class=\"box-icon-modal icon-small\" data-modal=\"\">\n\t<img decoding=\"async\" src=\"\/wp-content\/uploads\/2021\/12\/fascette-speciali-UV.svg\" alt=\"Modal icon\" \/>\n\t<p>R\u00c9SISTANT AUX <strong>RAYONS UV<\/strong><\/p>\n<\/div>\n[vc_column_text]Pour plus d\u2019informations sur les colliers \u00e0 \u0153illet r\u00e9sistants aux UV, merci d\u2019envoyer un courriel \u00e0 : <a class=\"accent\" href=\"mailto:info@sapiselco.com\">info@sapiselco.com<\/a>[\/vc_column_text][\/vc_column_inner][\/vc_row_inner][\/vc_tta_section][vc_tta_section title=\u00a0\u00bbDENTURE EXT\u00c9RIEURE AVEC EMBASE \u00c0 AILETTES\u00a0\u00bb tab_id=\u00a0\u00bbdenture\u00a0\u00bb][vc_single_image image=\u00a0\u00bb2849&Prime; img_size=\u00a0\u00bbfull\u00a0\u00bb el_class=\u00a0\u00bbdenture tabImg\u00a0\u00bb][vc_single_image image=\u00a0\u00bb3949&Prime; img_size=\u00a0\u00bbfull\u00a0\u00bb][vc_column_text]Le collier <strong>Lam en polyamide\u00a06.6 autoextinguible (UL94:V2) <\/strong>est constitu\u00e9 d\u2019un ruban \u00e0 denture ext\u00e9rieure avec des bords arrondis et d\u2019une cage carr\u00e9e avec embase \u00e0 ailettes en polyamide\u00a06.6. Ce syst\u00e8me permet d\u2019ancrer le collier dans des trous borgnes sans risquer d\u2019endommager la surface d\u2019application.\u00a0 Le diam\u00e8tre minimal de serrage est z\u00e9ro.<\/p>\n<p>Le produit est disponible avec une r\u00e9sistance \u00e0 l\u2019ouverture de\u00a0: <strong>110 N\/11\u00a0kg<\/strong>.<\/p>\n<p>L\u2019<strong>embase<\/strong> peut \u00eatre <strong>appliqu\u00e9e \u00e0 la main<\/strong>, le collier <strong>\u00e9galement <\/strong>avec une<strong> pince de serrage<\/strong>.[\/vc_column_text][vc_column_text]<\/p>\n<h4>Tableau technique<\/h4>\n<p>[\/vc_column_text][vc_single_image image=\u00a0\u00bb3613&Prime; img_size=\u00a0\u00bbfull\u00a0\u00bb][\/vc_tta_section][vc_tta_section title=\u00a0\u00bbCAGE BASSE\u00a0\u00bb tab_id=\u00a0\u00bbcage-basse\u00a0\u00bb][vc_single_image image=\u00a0\u00bb2864&Prime; img_size=\u00a0\u00bbfull\u00a0\u00bb el_class=\u00a0\u00bbcage-basse tabImg\u00a0\u00bb][vc_single_image image=\u00a0\u00bb3992&Prime; img_size=\u00a0\u00bbfull\u00a0\u00bb][vc_column_text el_class=\u00a0\u00bbsezione1&Prime;]Le collier <strong>Tor<\/strong> en <strong>polyamide\u00a06.6 autoextinguible (UL94:V2)<\/strong> est constitu\u00e9 d\u2019un ruban \u00e0 denture ext\u00e9rieure avec des bords arrondis et d\u2019une cage horizontale basse, assurant un encombrement minimal dans les applications.<\/p>\n<p>Le produit est disponible avec une r\u00e9sistance \u00e0 l\u2019ouverture de\u00a0:<strong> 500 N\/50 kg.<\/strong><\/p>\n<p>Le collier \u00e0 cage basse Tor peut \u00eatre appliqu\u00e9 <strong>\u00e0 la main.<\/strong>[\/vc_column_text][vc_column_text]<\/p>\n<h4>Tableau technique<\/h4>\n<p>[\/vc_column_text][vc_single_image image=\u00a0\u00bb59137&Prime; img_size=\u00a0\u00bbfull\u00a0\u00bb][vc_row_inner][vc_column_inner][vc_column_text]<\/p>\n<h3>Peut \u00eatre produit dans les <strong>mat\u00e9riaux sp\u00e9ciaux<\/strong><\/h3>\n<p>[\/vc_column_text][vc_empty_space height=\u00a0\u00bb15px\u00a0\u00bb]<div class=\"box-icon-modal icon-small\" data-modal=\"\">\n\t<img decoding=\"async\" src=\"\/wp-content\/uploads\/2021\/12\/fascette-speciali-colorate.svg\" alt=\"Modal icon\" \/>\n\t<p>COLLIER <strong>COLOR\u00c9<\/strong><\/p>\n<\/div>\n[vc_column_text]Pour plus d\u2019informations sur les colliers \u00e0 cage basse color\u00e9s, merci d\u2019envoyer un courriel \u00e0 : <a class=\"accent\" href=\"mailto:info@sapiselco.com\">info@sapiselco.com<\/a>[\/vc_column_text][\/vc_column_inner][\/vc_row_inner][\/vc_tta_section][vc_tta_section title=\u00a0\u00bbBOUCLE\u00a0\u00bb tab_id=\u00a0\u00bbboucle\u00a0\u00bb][vc_single_image image=\u00a0\u00bb2844&Prime; img_size=\u00a0\u00bbfull\u00a0\u00bb el_class=\u00a0\u00bbboucle tabImg\u00a0\u00bb][vc_single_image image=\u00a0\u00bb3987&Prime; img_size=\u00a0\u00bbfull\u00a0\u00bb][vc_column_text el_class=\u00a0\u00bbsezione1&Prime;]Le collier <strong>Aso<\/strong> en <strong>polyamide\u00a06.6 autoextinguible (UL94:V2)<\/strong> est constitu\u00e9 d\u2019un ruban \u00e0 denture int\u00e9rieure avec des bords arrondis sans ar\u00eates, d\u2019un cliquet en polyamide\u00a06.6 et d\u2019une cage carr\u00e9e avec <strong>accrochage pour la languette r\u00e9siduelle<\/strong>, \u00e0 enfiler pour former une boucle ou lieu de la couper, et ainsi gagner du temps.<\/p>\n<p>Le produit est disponible avec une r\u00e9sistance \u00e0 l\u2019ouverture de\u00a0:<strong> 980 N\/98\u00a0kg.<\/strong><\/p>\n<p>Le collier \u00e0 boucle Aso peut \u00eatre <strong>appliqu\u00e9 \u00e0 la main<\/strong> ou avec une <strong>pince de serrage<\/strong>.[\/vc_column_text][vc_column_text]<\/p>\n<h4>Tableau technique<\/h4>\n<p>[\/vc_column_text][vc_single_image image=\u00a0\u00bb3624&Prime; img_size=\u00a0\u00bbfull\u00a0\u00bb][\/vc_tta_section][vc_tta_section title=\u00a0\u00bbEMBASE\u00a0\u00bb tab_id=\u00a0\u00bbembase\u00a0\u00bb][vc_single_image image=\u00a0\u00bb2869&Prime; img_size=\u00a0\u00bbfull\u00a0\u00bb el_class=\u00a0\u00bbembase tabImg\u00a0\u00bb][vc_single_image image=\u00a0\u00bb4015&Prime; img_size=\u00a0\u00bbfull\u00a0\u00bb][vc_column_text el_class=\u00a0\u00bbsezione1&Prime;]<strong>Fsu <\/strong>cable ties are made of <strong>self-extinguishing polyamide 6.6 (UL94:V2)<\/strong>. They consist of a body with an internal rack with smooth rounded edges, a polyamide 6.6 tooth and a square head with a threaded through-hole (can be used with threaded plugs code ALF). Ideal for securing\/supporting cable raceways.<\/p>\n<p>The product is available with a tensile strength of: <strong>300N \/ 30kg.<\/strong><\/p>\n<p>Fsu cable ties with supports can be <strong>applied by hand <\/strong>or with a <strong>cable tie tensioning tool<\/strong>.[\/vc_column_text][vc_column_text]<\/p>\n<h4>Technical Specifications<\/h4>\n<p>[\/vc_column_text][vc_single_image image=\u00a0\u00bb60102&Prime; img_size=\u00a0\u00bbfull\u00a0\u00bb][vc_row_inner][vc_column_inner][vc_column_text]<\/p>\n<h3>Peut \u00eatre produit dans les <strong>mat\u00e9riaux sp\u00e9ciaux<\/strong><\/h3>\n<p>[\/vc_column_text][vc_empty_space height=\u00a0\u00bb15px\u00a0\u00bb]<div class=\"box-icon-modal icon-small\" data-modal=\"\">\n\t<img decoding=\"async\" src=\"\/wp-content\/uploads\/2021\/12\/fascette-speciali-colorate.svg\" alt=\"Modal icon\" \/>\n\t<p>COLLIER <strong>COLOR\u00c9<\/strong><\/p>\n<\/div>\n[vc_column_text]Pour plus d\u2019informations sur les colliers \u00e0 embase color\u00e9s, merci d\u2019envoyer un courriel \u00e0 : <a class=\"accent\" href=\"mailto:info@sapiselco.com\">info@sapiselco.com<\/a>[\/vc_column_text][\/vc_column_inner][\/vc_row_inner][\/vc_tta_section][\/vc_tta_tour][vc_raw_js]JTNDc2NyaXB0JTNFJTBBdmFyJTIwJTI0aiUyMCUzRCUyMGpRdWVyeSUzQiUwQWZ1bmN0aW9uJTIwb3Blbk1vZGFsJTI4bW9kYWwlMjklN0IlMEF2YXIlMjBtb2RhbENvbnRhaW5lciUyMCUzRCUyMCUyNGolMjglMjcubW9kYWwtY29udGVudC1ib3glMjclMjklM0IlMEFtb2RhbENvbnRhaW5lci5odG1sJTI4JTI3JTI3JTI5JTNCJTBBdmFyJTIwbW9kYWxjb250ZW50JTIwJTNEJTIwJTI0aiUyOG1vZGFsJTI5Lmh0bWwlMjglMjklM0IlMEFtb2RhbENvbnRhaW5lci5odG1sJTI4bW9kYWxjb250ZW50JTI5LnNob3clMjglMjklM0IlMEElMjRqJTI4JTI3JTIzbW9kYWwtY29udGFpbmVyJTI3JTI5LmZhZGVJbiUyOCUyOSUzQiUwQSU3RCUwQSUzQyUyRnNjcmlwdCUzRQ==[\/vc_raw_js][\/vc_column][\/vc_row]<\/p>\n<\/div>","protected":false},"excerpt":{"rendered":"[vc_row gap=\u00a0\u00bb30&Prime;][vc_column width=\u00a0\u00bb2\/3&Prime;][vc_column_text] Colliers avec un design sp\u00e9cial [\/vc_column_text][\/vc_column][vc_column width=\u00a0\u00bb1\/3&Prime; offset=\u00a0\u00bbvc_hidden-sm vc_hidden-xs\u00a0\u00bb][\/vc_column][\/vc_row][vc_row css=\u00a0\u00bb.vc_custom_1640267924508{padding-bottom: 30px !important;}\u00a0\u00bb][vc_column][vc_tta_tour style=\u00a0\u00bbflat\u00a0\u00bb shape=\u00a0\u00bbsquare\u00a0\u00bb gap=\u00a0\u00bb30&Prime; active_section=\u00a0\u00bb1&Prime; no_fill_content_area=\u00a0\u00bbtrue\u00a0\u00bb el_class=\u00a0\u00bbtab-type-1&Prime;][vc_tta_section title=\u00a0\u00bbENCLIPSABLE\u00a0\u00bb tab_id=\u00a0\u00bbenclipsable\u00a0\u00bb][vc_single_image image=\u00a0\u00bb2859&Prime; img_size=\u00a0\u00bbfull\u00a0\u00bb el_class=\u00a0\u00bbenclipsable tabImg\u00a0\u00bb][vc_single_image image=\u00a0\u00bb3968&Prime; img_size=\u00a0\u00bbfull\u00a0\u00bb][vc_column_text el_class=\u00a0\u00bbsezione1&Prime;]Le collier Sca en polyamide\u00a06.6 autoextinguible (UL94:V2) est constitu\u00e9 d\u2019un ruban \u00e0 denture int\u00e9rieure avec des bords arrondis et sans ar\u00eates et d\u2019une cage carr\u00e9e avec <a href=\"https:\/\/www.sapiselco.com\/fr\/colliers-special\/\" class=\"more-link\">&#8230;<\/a>","protected":false},"author":1,"featured_media":0,"parent":0,"menu_order":0,"comment_status":"closed","ping_status":"closed","template":"","meta":{"_acf_changed":false,"footnotes":""},"class_list":["post-48721","page","type-page","status-publish","hentry"],"acf":[],"_links":{"self":[{"href":"https:\/\/www.sapiselco.com\/fr\/wp-json\/wp\/v2\/pages\/48721","targetHints":{"allow":["GET"]}}],"collection":[{"href":"https:\/\/www.sapiselco.com\/fr\/wp-json\/wp\/v2\/pages"}],"about":[{"href":"https:\/\/www.sapiselco.com\/fr\/wp-json\/wp\/v2\/types\/page"}],"author":[{"embeddable":true,"href":"https:\/\/www.sapiselco.com\/fr\/wp-json\/wp\/v2\/users\/1"}],"replies":[{"embeddable":true,"href":"https:\/\/www.sapiselco.com\/fr\/wp-json\/wp\/v2\/comments?post=48721"}],"version-history":[{"count":13,"href":"https:\/\/www.sapiselco.com\/fr\/wp-json\/wp\/v2\/pages\/48721\/revisions"}],"predecessor-version":[{"id":60190,"href":"https:\/\/www.sapiselco.com\/fr\/wp-json\/wp\/v2\/pages\/48721\/revisions\/60190"}],"wp:attachment":[{"href":"https:\/\/www.sapiselco.com\/fr\/wp-json\/wp\/v2\/media?parent=48721"}],"curies":[{"name":"wp","href":"https:\/\/api.w.org\/{rel}","templated":true}]}}