{"id":48732,"date":"2022-01-31T15:46:51","date_gmt":"2022-01-31T14:46:51","guid":{"rendered":"https:\/\/www.sapiselco.com\/releasable-cable-ties\/"},"modified":"2024-01-11T16:52:14","modified_gmt":"2024-01-11T15:52:14","slug":"colliers-rearmables","status":"publish","type":"page","link":"https:\/\/www.sapiselco.com\/fr\/colliers-rearmables\/","title":{"rendered":"Colliers r\u00e9armables"},"content":{"rendered":"<div class=\"wpb-content-wrapper\"><p>[vc_row gap=\u00a0\u00bb30&Prime;][vc_column][vc_column_text]<\/p>\n<h2><strong>Colliers r\u00e9armables<\/strong><\/h2>\n<p>[\/vc_column_text][\/vc_column][\/vc_row][vc_row css=\u00a0\u00bb.vc_custom_1640267924508{padding-bottom: 30px !important;}\u00a0\u00bb][vc_column][vc_tta_tour style=\u00a0\u00bbflat\u00a0\u00bb shape=\u00a0\u00bbsquare\u00a0\u00bb gap=\u00a0\u00bb30&Prime; active_section=\u00a0\u00bb1&Prime; no_fill_content_area=\u00a0\u00bbtrue\u00a0\u00bb el_class=\u00a0\u00bbtab-type-1&Prime;][vc_tta_section title=\u00a0\u00bbClick Tie\u00a0\u00bb tab_id=\u00a0\u00bbclick-tie\u00a0\u00bb][vc_single_image image=\u00a0\u00bb3370&Prime; img_size=\u00a0\u00bbfull\u00a0\u00bb el_class=\u00a0\u00bbclick-tie tabImg\u00a0\u00bb][vc_single_image image=\u00a0\u00bb47346&Prime; img_size=\u00a0\u00bbfull\u00a0\u00bb][vc_column_text el_class=\u00a0\u00bbsezione1&Prime;]Le collier <strong>Click Tie <\/strong>en PEbd est constitu\u00e9 d\u2019un ruban cylindrique segment\u00e9 et d\u2019un syst\u00e8me \u00e0 double serrage allong\u00e9 et plat. Le produit, facile \u00e0 rouvrir, est r\u00e9utilisable. Le mat\u00e9riau utilis\u00e9 pour sa fabrication assure au produit une r\u00e9sistance aux produits chimiques agressifs.<\/p>\n<p>Le produit est disponible avec la plage de r\u00e9sistance \u00e0 l\u2019ouverture suivante\u00a0: <strong>70 N\/7\u00a0kg \u2013 275\u00a0N\/27,5\u00a0kg<\/strong>.<\/p>\n<p>Le collier r\u00e9armable Click Tie peut \u00eatre <strong>appliqu\u00e9 \u00e0 la main.<\/strong>[\/vc_column_text][vc_row_inner gap=\u00a0\u00bb30&Prime;][vc_column_inner width=\u00a0\u00bb1\/2&Prime;][vc_btn title=\u00a0\u00bbTABLEAU TECHNIQUE\u00a0\u00bb style=\u00a0\u00bboutline-custom\u00a0\u00bb outline_custom_color=\u00a0\u00bb#00955f\u00a0\u00bb outline_custom_hover_background=\u00a0\u00bb#00955f\u00a0\u00bb outline_custom_hover_text=\u00a0\u00bb#ffffff\u00a0\u00bb shape=\u00a0\u00bbsquare\u00a0\u00bb align=\u00a0\u00bbcenter\u00a0\u00bb i_align=\u00a0\u00bbright\u00a0\u00bb i_icon_fontawesome=\u00a0\u00bbfas fa-table\u00a0\u00bb css_animation=\u00a0\u00bbfadeIn\u00a0\u00bb button_block=\u00a0\u00bbtrue\u00a0\u00bb add_icon=\u00a0\u00bbtrue\u00a0\u00bb custom_onclick=\u00a0\u00bbtrue\u00a0\u00bb custom_onclick_code=\u00a0\u00bbopenModal(\u00ab\u00a0#table1\u00ab\u00a0);\u00a0\u00bb][\/vc_column_inner][vc_column_inner width=\u00a0\u00bb1\/2&Prime;][\/vc_column_inner][\/vc_row_inner][\/vc_tta_section][vc_tta_section title=\u00a0\u00bbRIA\u00a0\u00bb tab_id=\u00a0\u00bbria\u00a0\u00bb][vc_single_image image=\u00a0\u00bb3380&Prime; img_size=\u00a0\u00bbfull\u00a0\u00bb el_class=\u00a0\u00bbria tabImg\u00a0\u00bb][vc_single_image image=\u00a0\u00bb3002&Prime; img_size=\u00a0\u00bbfull\u00a0\u00bb][vc_column_text el_class=\u00a0\u00bbsezione1&Prime;]Le collier <strong>Ria<\/strong> en <strong>polyamide\u00a06.6 autoextinguible (UL94:V2)<\/strong> est constitu\u00e9 d\u2019un ruban \u00e0 denture int\u00e9rieure avec des bords arrondis et sans ar\u00eates et d\u2019une cage allong\u00e9e avec un syst\u00e8me de r\u00e9ouverture \u00e0 bouton en polyamide\u00a06.6. Le produit est facilement r\u00e9utilisable gr\u00e2ce \u00e0 sa cage allong\u00e9e qui permet sa r\u00e9ouverture.<\/p>\n<p>Le produit est disponible avec une r\u00e9sistance \u00e0 l\u2019ouverture de\u00a0:<strong> 280 N\/28\u00a0kg<\/strong>.<\/p>\n<p>Le collier r\u00e9armable Ria peut \u00eatre <strong>appliqu\u00e9 \u00e0 la main<\/strong>.[\/vc_column_text][vc_row_inner gap=\u00a0\u00bb30&Prime;][vc_column_inner width=\u00a0\u00bb1\/2&Prime;][vc_btn title=\u00a0\u00bbTABLEAU TECHNIQUE\u00a0\u00bb style=\u00a0\u00bboutline-custom\u00a0\u00bb outline_custom_color=\u00a0\u00bb#00955f\u00a0\u00bb outline_custom_hover_background=\u00a0\u00bb#00955f\u00a0\u00bb outline_custom_hover_text=\u00a0\u00bb#ffffff\u00a0\u00bb shape=\u00a0\u00bbsquare\u00a0\u00bb align=\u00a0\u00bbcenter\u00a0\u00bb i_align=\u00a0\u00bbright\u00a0\u00bb i_icon_fontawesome=\u00a0\u00bbfas fa-table\u00a0\u00bb css_animation=\u00a0\u00bbfadeIn\u00a0\u00bb button_block=\u00a0\u00bbtrue\u00a0\u00bb add_icon=\u00a0\u00bbtrue\u00a0\u00bb custom_onclick=\u00a0\u00bbtrue\u00a0\u00bb custom_onclick_code=\u00a0\u00bbopenModal(\u00ab\u00a0#table2\u00ab\u00a0);\u00a0\u00bb][\/vc_column_inner][vc_column_inner width=\u00a0\u00bb1\/2&Prime;][\/vc_column_inner][\/vc_row_inner][vc_row_inner][vc_column_inner][vc_column_text]<\/p>\n<h3>Peut \u00eatre produit dans les <strong>mat\u00e9riaux sp\u00e9ciaux<\/strong><\/h3>\n<p>[\/vc_column_text][vc_empty_space height=\u00a0\u00bb15px\u00a0\u00bb]<div class=\"box-icon-modal icon-small\" data-modal=\"\">\n\t<img decoding=\"async\" src=\"\/wp-content\/uploads\/2021\/12\/fascette-speciali-colorate.svg\" alt=\"Modal icon\" \/>\n\t<p>COLLIER <strong>COLOR\u00c9<\/strong><\/p>\n<\/div>\n<div class=\"box-icon-modal icon-small\" data-modal=\"\">\n\t<img decoding=\"async\" src=\"\/wp-content\/uploads\/2021\/12\/fascette-speciali-metaldetect.svg\" alt=\"Modal icon\" \/>\n\t<p>COLLIER <strong>D\u00c9TECTABLE<\/strong> PAR LES D\u00c9TECTEURS DE M\u00c9TAUX<\/p>\n<\/div>\n[vc_empty_space height=\u00a0\u00bb10px\u00a0\u00bb][vc_column_text]Pour plus d\u2019informations sur les colliers r\u00e9armables color\u00e9s ou d\u00e9tectables par les d\u00e9tecteurs de m\u00e9taux, merci d\u2019envoyer un courriel \u00e0 : <a class=\"accent\" href=\"mailto:info@sapiselco.com\">info@sapiselco.com<\/a>[\/vc_column_text][\/vc_column_inner][\/vc_row_inner][\/vc_tta_section][vc_tta_section title=\u00a0\u00bbRID\u00a0\u00bb tab_id=\u00a0\u00bbrid\u00a0\u00bb][vc_single_image image=\u00a0\u00bb3375&Prime; img_size=\u00a0\u00bbfull\u00a0\u00bb el_class=\u00a0\u00bbrid tabImg\u00a0\u00bb][vc_single_image image=\u00a0\u00bb3012&Prime; img_size=\u00a0\u00bbfull\u00a0\u00bb][vc_column_text el_class=\u00a0\u00bbsezione1&Prime;]<\/p>\n<div class=\"wpb_text_column wpb_content_element sezione1\">\n<div class=\"wpb_wrapper\">\n<p>Le collier <strong>Rid<\/strong> en <strong>polyamide 6.6\u00a0autoextinguible (UL94:V2)<\/strong> est constitu\u00e9 d\u2019un ruban \u00e0 denture int\u00e9rieure avec des bords arrondis sans ar\u00eates, d\u2019une cage carr\u00e9e et d\u2019un cliquet allong\u00e9 en polyamide\u00a06.6 qui permet sa r\u00e9ouverture. Le produit, facile \u00e0 rouvrir, est donc r\u00e9utilisable.<\/p>\n<p>Le produit est disponible avec une r\u00e9sistance \u00e0 l\u2019ouverture de\u00a0:<strong> 180 N\/18\u00a0kg<\/strong>.<\/p>\n<p>Le collier r\u00e9armable Rid peut \u00eatre <strong>appliqu\u00e9 \u00e0 la main<\/strong>.<\/p>\n<\/div>\n<\/div>\n<p>[\/vc_column_text][vc_row_inner gap=\u00a0\u00bb30&Prime;][vc_column_inner width=\u00a0\u00bb1\/2&Prime;][vc_btn title=\u00a0\u00bbTABLEAU TECHNIQUE\u00a0\u00bb style=\u00a0\u00bboutline-custom\u00a0\u00bb outline_custom_color=\u00a0\u00bb#00955f\u00a0\u00bb outline_custom_hover_background=\u00a0\u00bb#00955f\u00a0\u00bb outline_custom_hover_text=\u00a0\u00bb#ffffff\u00a0\u00bb shape=\u00a0\u00bbsquare\u00a0\u00bb align=\u00a0\u00bbcenter\u00a0\u00bb i_align=\u00a0\u00bbright\u00a0\u00bb i_icon_fontawesome=\u00a0\u00bbfas fa-table\u00a0\u00bb css_animation=\u00a0\u00bbfadeIn\u00a0\u00bb button_block=\u00a0\u00bbtrue\u00a0\u00bb add_icon=\u00a0\u00bbtrue\u00a0\u00bb custom_onclick=\u00a0\u00bbtrue\u00a0\u00bb custom_onclick_code=\u00a0\u00bbopenModal(\u00ab\u00a0#table3\u00ab\u00a0);\u00a0\u00bb][\/vc_column_inner][vc_column_inner width=\u00a0\u00bb1\/2&Prime;][\/vc_column_inner][\/vc_row_inner][vc_row_inner][vc_column_inner][vc_column_text]<\/p>\n<h3>Peut \u00eatre produit dans les <strong>mat\u00e9riaux sp\u00e9ciaux<\/strong><\/h3>\n<p>[\/vc_column_text][vc_empty_space height=\u00a0\u00bb15px\u00a0\u00bb]<div class=\"box-icon-modal icon-small\" data-modal=\"\">\n\t<img decoding=\"async\" src=\"\/wp-content\/uploads\/2021\/12\/fascette-speciali-UV.svg\" alt=\"Modal icon\" \/>\n\t<p>COLLIER R\u00c9SISTANT AUX <strong>RAYONS UV<\/strong><\/p>\n<\/div>\n[vc_column_text]Pour plus d\u2019informations sur les colliers r\u00e9armables r\u00e9sistants aux UV, merci d\u2019envoyer un courriel \u00e0 : <a class=\"accent\" href=\"mailto:info@sapiselco.com\">info@sapiselco.com<\/a>[\/vc_column_text][\/vc_column_inner][\/vc_row_inner][\/vc_tta_section][\/vc_tta_tour][vc_raw_js]JTNDc2NyaXB0JTNFJTBBdmFyJTIwJTI0aiUyMCUzRCUyMGpRdWVyeSUzQiUwQWZ1bmN0aW9uJTIwb3Blbk1vZGFsJTI4bW9kYWwlMjklN0IlMEF2YXIlMjBtb2RhbENvbnRhaW5lciUyMCUzRCUyMCUyNGolMjglMjcubW9kYWwtY29udGVudC1ib3glMjclMjklM0IlMEFtb2RhbENvbnRhaW5lci5odG1sJTI4JTI3JTI3JTI5JTNCJTBBdmFyJTIwbW9kYWxjb250ZW50JTIwJTNEJTIwJTI0aiUyOG1vZGFsJTI5Lmh0bWwlMjglMjklM0IlMEFtb2RhbENvbnRhaW5lci5odG1sJTI4bW9kYWxjb250ZW50JTI5LnNob3clMjglMjklM0IlMEElMjRqJTI4JTI3JTIzbW9kYWwtY29udGFpbmVyJTI3JTI5LmZhZGVJbiUyOCUyOSUzQiUwQSU3RCUwQSUzQyUyRnNjcmlwdCUzRQ==[\/vc_raw_js][\/vc_column][\/vc_row][vc_row el_id=\u00a0\u00bbtable1&Prime; el_class=\u00a0\u00bbmodal-box-content\u00a0\u00bb][vc_column][vc_row_inner gap=\u00a0\u00bb30&Prime; css=\u00a0\u00bb.vc_custom_1644312963747{margin-bottom: 0px !important;padding-bottom: 0px !important;}\u00a0\u00bb][vc_column_inner][vc_column_text]<\/p>\n<h4>Click Tie Tableau Technique<\/h4>\n<p>[\/vc_column_text][vc_single_image image=\u00a0\u00bb4201&Prime; img_size=\u00a0\u00bbfull\u00a0\u00bb css=\u00a0\u00bb.vc_custom_1644312958959{margin-bottom: 0px !important;padding-bottom: 0px !important;}\u00a0\u00bb][\/vc_column_inner][\/vc_row_inner][\/vc_column][\/vc_row][vc_row el_id=\u00a0\u00bbtable2&Prime; el_class=\u00a0\u00bbmodal-box-content\u00a0\u00bb][vc_column][vc_row_inner gap=\u00a0\u00bb30&Prime; css=\u00a0\u00bb.vc_custom_1644313209174{margin-bottom: 0px !important;padding-bottom: 0px !important;}\u00a0\u00bb][vc_column_inner][vc_column_text]<\/p>\n<h4>RIA Tableau Technique<\/h4>\n<p>[\/vc_column_text][vc_single_image image=\u00a0\u00bb4207&Prime; img_size=\u00a0\u00bbfull\u00a0\u00bb css=\u00a0\u00bb.vc_custom_1644313178558{margin-bottom: 0px !important;padding-bottom: 0px !important;}\u00a0\u00bb][\/vc_column_inner][\/vc_row_inner][\/vc_column][\/vc_row][vc_row el_id=\u00a0\u00bbtable3&Prime; el_class=\u00a0\u00bbmodal-box-content\u00a0\u00bb][vc_column][vc_row_inner gap=\u00a0\u00bb30&Prime; css=\u00a0\u00bb.vc_custom_1644313203326{margin-bottom: 0px !important;padding-bottom: 0px !important;}\u00a0\u00bb][vc_column_inner][vc_column_text]<\/p>\n<h4>RID Tableau Technique<\/h4>\n<p>[\/vc_column_text][vc_single_image image=\u00a0\u00bb4212&Prime; img_size=\u00a0\u00bbfull\u00a0\u00bb css=\u00a0\u00bb.vc_custom_1644313194988{margin-bottom: 0px !important;padding-bottom: 0px !important;}\u00a0\u00bb][\/vc_column_inner][\/vc_row_inner][\/vc_column][\/vc_row]<\/p>\n<\/div>","protected":false},"excerpt":{"rendered":"[vc_row gap=\u00a0\u00bb30&Prime;][vc_column][vc_column_text] Colliers r\u00e9armables [\/vc_column_text][\/vc_column][\/vc_row][vc_row css=\u00a0\u00bb.vc_custom_1640267924508{padding-bottom: 30px !important;}\u00a0\u00bb][vc_column][vc_tta_tour style=\u00a0\u00bbflat\u00a0\u00bb shape=\u00a0\u00bbsquare\u00a0\u00bb gap=\u00a0\u00bb30&Prime; active_section=\u00a0\u00bb1&Prime; no_fill_content_area=\u00a0\u00bbtrue\u00a0\u00bb el_class=\u00a0\u00bbtab-type-1&Prime;][vc_tta_section title=\u00a0\u00bbClick Tie\u00a0\u00bb tab_id=\u00a0\u00bbclick-tie\u00a0\u00bb][vc_single_image image=\u00a0\u00bb3370&Prime; img_size=\u00a0\u00bbfull\u00a0\u00bb el_class=\u00a0\u00bbclick-tie tabImg\u00a0\u00bb][vc_single_image image=\u00a0\u00bb47346&Prime; img_size=\u00a0\u00bbfull\u00a0\u00bb][vc_column_text el_class=\u00a0\u00bbsezione1&Prime;]Le collier Click Tie en PEbd est constitu\u00e9 d\u2019un ruban cylindrique segment\u00e9 et d\u2019un syst\u00e8me \u00e0 double serrage allong\u00e9 et plat. Le produit, facile \u00e0 rouvrir, est r\u00e9utilisable. Le mat\u00e9riau utilis\u00e9 pour <a href=\"https:\/\/www.sapiselco.com\/fr\/colliers-rearmables\/\" class=\"more-link\">&#8230;<\/a>","protected":false},"author":1,"featured_media":0,"parent":0,"menu_order":0,"comment_status":"closed","ping_status":"closed","template":"","meta":{"_acf_changed":false,"footnotes":""},"class_list":["post-48732","page","type-page","status-publish","hentry"],"acf":[],"_links":{"self":[{"href":"https:\/\/www.sapiselco.com\/fr\/wp-json\/wp\/v2\/pages\/48732","targetHints":{"allow":["GET"]}}],"collection":[{"href":"https:\/\/www.sapiselco.com\/fr\/wp-json\/wp\/v2\/pages"}],"about":[{"href":"https:\/\/www.sapiselco.com\/fr\/wp-json\/wp\/v2\/types\/page"}],"author":[{"embeddable":true,"href":"https:\/\/www.sapiselco.com\/fr\/wp-json\/wp\/v2\/users\/1"}],"replies":[{"embeddable":true,"href":"https:\/\/www.sapiselco.com\/fr\/wp-json\/wp\/v2\/comments?post=48732"}],"version-history":[{"count":10,"href":"https:\/\/www.sapiselco.com\/fr\/wp-json\/wp\/v2\/pages\/48732\/revisions"}],"predecessor-version":[{"id":59258,"href":"https:\/\/www.sapiselco.com\/fr\/wp-json\/wp\/v2\/pages\/48732\/revisions\/59258"}],"wp:attachment":[{"href":"https:\/\/www.sapiselco.com\/fr\/wp-json\/wp\/v2\/media?parent=48732"}],"curies":[{"name":"wp","href":"https:\/\/api.w.org\/{rel}","templated":true}]}}