{"id":48762,"date":"2022-02-02T17:19:21","date_gmt":"2022-02-02T16:19:21","guid":{"rendered":"https:\/\/www.sapiselco.com\/tamper-evident-seals\/"},"modified":"2022-10-03T12:23:58","modified_gmt":"2022-10-03T10:23:58","slug":"scelle-de-securite-spy","status":"publish","type":"page","link":"https:\/\/www.sapiselco.com\/fr\/scelle-de-securite-spy\/","title":{"rendered":"Scell\u00e9 de s\u00e9curit\u00e9"},"content":{"rendered":"<div class=\"wpb-content-wrapper\"><p>[vc_row gap=\u00a0\u00bb30&Prime;][vc_column width=\u00a0\u00bb2\/3&Prime;][vc_column_text]<\/p>\n<h2>Scell\u00e9 de <strong>s\u00e9curit\u00e9 Spy<\/strong><\/h2>\n<p>[\/vc_column_text][\/vc_column][vc_column width=\u00a0\u00bb1\/3&Prime; offset=\u00a0\u00bbvc_hidden-sm vc_hidden-xs\u00a0\u00bb][vc_single_image image=\u00a0\u00bb46829&Prime; img_size=\u00a0\u00bbfull\u00a0\u00bb alignment=\u00a0\u00bbright\u00a0\u00bb el_class=\u00a0\u00bbproduct-brand\u00a0\u00bb][\/vc_column][\/vc_row][vc_row gap=\u00a0\u00bb30&Prime; css=\u00a0\u00bb.vc_custom_1640103222300{margin-bottom: 0px !important;}\u00a0\u00bb][vc_column width=\u00a0\u00bb1\/4&Prime;][vc_column_text]Le <strong>scell\u00e9 de s\u00e9curit\u00e9 Spy<\/strong> en polypropyl\u00e8ne est constitu\u00e9 d\u2019un ruban \u00e0 chevrons, d\u2019une t\u00eate rectangulaire avec un syst\u00e8me d\u2019ouverture\/d\u00e9crochage et d\u2019une plaquette avec des harpons.<\/p>\n<p>Ce produit, con\u00e7u pour les <strong>applications<\/strong> qui exigent un <strong>degr\u00e9 de s\u00e9curit\u00e9 \u00e9lev\u00e9<\/strong>, permet de <strong>d\u00e9tecter facilement les \u00e9ventuelles manipulations<\/strong> ou effractions.<\/p>\n<p>Le scell\u00e9 de s\u00e9curit\u00e9 <strong>Spy<\/strong> peut \u00eatre appliqu\u00e9 \u00e0 la main.[\/vc_column_text][vc_row_inner el_class=\u00a0\u00bbnomargin\u00a0\u00bb][vc_column_inner width=\u00a0\u00bb1\/2&Prime;][vc_single_image image=\u00a0\u00bb3664&Prime; img_size=\u00a0\u00bbfull\u00a0\u00bb alignment=\u00a0\u00bbright\u00a0\u00bb css_animation=\u00a0\u00bbfadeInUp\u00a0\u00bb][\/vc_column_inner][vc_column_inner width=\u00a0\u00bb1\/2&Prime;][vc_single_image image=\u00a0\u00bb3671&Prime; img_size=\u00a0\u00bb\u00a0\u00bb css_animation=\u00a0\u00bbfadeInDown\u00a0\u00bb][\/vc_column_inner][\/vc_row_inner][\/vc_column][vc_column width=\u00a0\u00bb3\/4&Prime;][vc_gallery interval=\u00a0\u00bb3&Prime; images=\u00a0\u00bb3679,3684,47206,47211,47216,47221,3689&Prime; img_size=\u00a0\u00bbfull\u00a0\u00bb onclick=\u00a0\u00bb\u00a0\u00bb][vc_row_inner gap=\u00a0\u00bb30&Prime; css=\u00a0\u00bb.vc_custom_1640101056861{margin-top: 30px !important;}\u00a0\u00bb][vc_column_inner width=\u00a0\u00bb1\/2&Prime;][\/vc_column_inner][vc_column_inner width=\u00a0\u00bb1\/2&Prime;][vc_btn title=\u00a0\u00bbTABLEAU TECHNIQUE\u00a0\u00bb style=\u00a0\u00bboutline-custom\u00a0\u00bb outline_custom_color=\u00a0\u00bb#00955f\u00a0\u00bb outline_custom_hover_background=\u00a0\u00bb#00955f\u00a0\u00bb outline_custom_hover_text=\u00a0\u00bb#ffffff\u00a0\u00bb shape=\u00a0\u00bbsquare\u00a0\u00bb align=\u00a0\u00bbcenter\u00a0\u00bb i_align=\u00a0\u00bbright\u00a0\u00bb i_icon_fontawesome=\u00a0\u00bbfas fa-table\u00a0\u00bb css_animation=\u00a0\u00bbfadeIn\u00a0\u00bb button_block=\u00a0\u00bbtrue\u00a0\u00bb add_icon=\u00a0\u00bbtrue\u00a0\u00bb custom_onclick=\u00a0\u00bbtrue\u00a0\u00bb custom_onclick_code=\u00a0\u00bbopenModal(\u00ab\u00a0#table\u00ab\u00a0);\u00a0\u00bb][\/vc_column_inner][\/vc_row_inner][vc_raw_js]JTNDc2NyaXB0JTNFJTBBdmFyJTIwJTI0aiUyMCUzRCUyMGpRdWVyeSUzQiUwQWZ1bmN0aW9uJTIwb3Blbk1vZGFsJTI4bW9kYWwlMjklN0IlMEF2YXIlMjBtb2RhbENvbnRhaW5lciUyMCUzRCUyMCUyNGolMjglMjcubW9kYWwtY29udGVudC1ib3glMjclMjklM0IlMEFtb2RhbENvbnRhaW5lci5odG1sJTI4JTI3JTI3JTI5JTNCJTBBdmFyJTIwbW9kYWxjb250ZW50JTIwJTNEJTIwJTI0aiUyOG1vZGFsJTI5Lmh0bWwlMjglMjklM0IlMEFtb2RhbENvbnRhaW5lci5odG1sJTI4bW9kYWxjb250ZW50JTI5LnNob3clMjglMjklM0IlMEElMjRqJTI4JTI3JTIzbW9kYWwtY29udGFpbmVyJTI3JTI5LmZhZGVJbiUyOCUyOSUzQiUwQSU3RCUwQSUzQyUyRnNjcmlwdCUzRQ==[\/vc_raw_js][\/vc_column][\/vc_row][vc_row][vc_column][vc_separator color=\u00a0\u00bbcustom\u00a0\u00bb border_width=\u00a0\u00bb3&Prime; accent_color=\u00a0\u00bb#00955f\u00a0\u00bb][\/vc_column][\/vc_row][vc_row gap=\u00a0\u00bb30&Prime;][vc_column width=\u00a0\u00bb1\/2&Prime;][vc_column_text el_class=\u00a0\u00bbnomargin\u00a0\u00bb]<\/p>\n<h3>Peut \u00eatre produit dans les <strong>mat\u00e9riaux sp\u00e9ciaux<\/strong><\/h3>\n<p>[\/vc_column_text][vc_separator color=\u00a0\u00bbcustom\u00a0\u00bb align=\u00a0\u00bbalign_left\u00a0\u00bb border_width=\u00a0\u00bb2&Prime; el_width=\u00a0\u00bb20&Prime; accent_color=\u00a0\u00bb#bcbcbc\u00a0\u00bb css=\u00a0\u00bb.vc_custom_1640085764009{margin-top: 15px !important;}\u00a0\u00bb][vc_column_text]Le scell\u00e9 de s\u00e9curit\u00e9 SPY est fabriqu\u00e9 en polypropyl\u00e8ne m\u00e9lang\u00e9 \u00e0 des mat\u00e9riaux additiv\u00e9s pour cr\u00e9er des produits destin\u00e9s \u00e0 satisfaire les <strong>exigences d\u2019applications sp\u00e9ciales<\/strong>.[\/vc_column_text][\/vc_column][vc_column width=\u00a0\u00bb1\/2&Prime; css=\u00a0\u00bb.vc_custom_1640096670523{padding-left: 30px !important;}\u00a0\u00bb][vc_row_inner equal_height=\u00a0\u00bbyes\u00a0\u00bb content_placement=\u00a0\u00bbmiddle\u00a0\u00bb css=\u00a0\u00bb.vc_custom_1644314404384{margin-top: -5px !important;}\u00a0\u00bb][vc_column_inner]<div class=\"box-icon-modal icon-small\" data-modal=\"\">\n\t<img decoding=\"async\" src=\"\/wp-content\/uploads\/2021\/12\/fascette-speciali-colorate.svg\" alt=\"Modal icon\" \/>\n\t<p>MAT\u00c9RIAU EN POLYPROPYL\u00c8NE <strong>COLOR\u00c9<\/strong><\/p>\n<\/div>\n[vc_column_text css=\u00a0\u00bb.vc_custom_1658220911017{margin-bottom: 0px !important;padding-bottom: 0px !important;}\u00a0\u00bb]Pour plus d\u2019informations sur les scell\u00e9s Spy en mat\u00e9riau color\u00e9, merci d\u2019envoyer un courriel \u00e0 : <a class=\"accent\" href=\"mailto:info@sapiselco.com\">info@sapiselco.com<\/a>[\/vc_column_text][\/vc_column_inner][\/vc_row_inner][\/vc_column][\/vc_row][vc_row el_id=\u00a0\u00bbtable\u00a0\u00bb el_class=\u00a0\u00bbmodal-box-content\u00a0\u00bb][vc_column][vc_row_inner gap=\u00a0\u00bb30&Prime; css=\u00a0\u00bb.vc_custom_1644314248407{margin-bottom: 0px !important;padding-bottom: 0px !important;}\u00a0\u00bb][vc_column_inner][vc_column_text css=\u00a0\u00bb.vc_custom_1658220922532{margin-bottom: 0px !important;padding-bottom: 0px !important;}\u00a0\u00bb]<\/p>\n<h4>Tableau Technique<\/h4>\n<p><img loading=\"lazy\" decoding=\"async\" class=\"alignnone size-full wp-image-4217\" src=\"https:\/\/www.sapiselco.com\/wp-content\/uploads\/2022\/02\/tab-spy.jpg\" alt=\"\" width=\"1200\" height=\"415\" srcset=\"https:\/\/www.sapiselco.com\/wp-content\/uploads\/2022\/02\/tab-spy.jpg 1200w, https:\/\/www.sapiselco.com\/wp-content\/uploads\/2022\/02\/tab-spy-1024x354.jpg 1024w, https:\/\/www.sapiselco.com\/wp-content\/uploads\/2022\/02\/tab-spy-600x208.jpg 600w\" sizes=\"auto, (max-width: 1200px) 100vw, 1200px\" \/>[\/vc_column_text][\/vc_column_inner][\/vc_row_inner][\/vc_column][\/vc_row]<\/p>\n<\/div>","protected":false},"excerpt":{"rendered":"[vc_row gap=\u00a0\u00bb30&Prime;][vc_column width=\u00a0\u00bb2\/3&Prime;][vc_column_text] Scell\u00e9 de s\u00e9curit\u00e9 Spy [\/vc_column_text][\/vc_column][vc_column width=\u00a0\u00bb1\/3&Prime; offset=\u00a0\u00bbvc_hidden-sm vc_hidden-xs\u00a0\u00bb][vc_single_image image=\u00a0\u00bb46829&Prime; img_size=\u00a0\u00bbfull\u00a0\u00bb alignment=\u00a0\u00bbright\u00a0\u00bb el_class=\u00a0\u00bbproduct-brand\u00a0\u00bb][\/vc_column][\/vc_row][vc_row gap=\u00a0\u00bb30&Prime; css=\u00a0\u00bb.vc_custom_1640103222300{margin-bottom: 0px !important;}\u00a0\u00bb][vc_column width=\u00a0\u00bb1\/4&Prime;][vc_column_text]Le scell\u00e9 de s\u00e9curit\u00e9 Spy en polypropyl\u00e8ne est constitu\u00e9 d\u2019un ruban \u00e0 chevrons, d\u2019une t\u00eate rectangulaire avec un syst\u00e8me d\u2019ouverture\/d\u00e9crochage et d\u2019une plaquette avec des harpons. Ce produit, con\u00e7u pour les applications qui exigent un degr\u00e9 <a href=\"https:\/\/www.sapiselco.com\/fr\/scelle-de-securite-spy\/\" class=\"more-link\">&#8230;<\/a>","protected":false},"author":1,"featured_media":0,"parent":0,"menu_order":0,"comment_status":"closed","ping_status":"closed","template":"","meta":{"_acf_changed":false,"footnotes":""},"class_list":["post-48762","page","type-page","status-publish","hentry"],"acf":[],"_links":{"self":[{"href":"https:\/\/www.sapiselco.com\/fr\/wp-json\/wp\/v2\/pages\/48762","targetHints":{"allow":["GET"]}}],"collection":[{"href":"https:\/\/www.sapiselco.com\/fr\/wp-json\/wp\/v2\/pages"}],"about":[{"href":"https:\/\/www.sapiselco.com\/fr\/wp-json\/wp\/v2\/types\/page"}],"author":[{"embeddable":true,"href":"https:\/\/www.sapiselco.com\/fr\/wp-json\/wp\/v2\/users\/1"}],"replies":[{"embeddable":true,"href":"https:\/\/www.sapiselco.com\/fr\/wp-json\/wp\/v2\/comments?post=48762"}],"version-history":[{"count":6,"href":"https:\/\/www.sapiselco.com\/fr\/wp-json\/wp\/v2\/pages\/48762\/revisions"}],"predecessor-version":[{"id":58369,"href":"https:\/\/www.sapiselco.com\/fr\/wp-json\/wp\/v2\/pages\/48762\/revisions\/58369"}],"wp:attachment":[{"href":"https:\/\/www.sapiselco.com\/fr\/wp-json\/wp\/v2\/media?parent=48762"}],"curies":[{"name":"wp","href":"https:\/\/api.w.org\/{rel}","templated":true}]}}