{"id":48801,"date":"2022-01-31T17:25:13","date_gmt":"2022-01-31T16:25:13","guid":{"rendered":"https:\/\/www.sapiselco.com\/fixing-tools\/"},"modified":"2025-09-09T08:43:42","modified_gmt":"2025-09-09T06:43:42","slug":"outils","status":"publish","type":"page","link":"https:\/\/www.sapiselco.com\/fr\/outils\/","title":{"rendered":"Outils"},"content":{"rendered":"<div class=\"wpb-content-wrapper\"><p>[vc_row gap=\u00a0\u00bb30&Prime;][vc_column width=\u00a0\u00bb2\/3&Prime;][vc_column_text]<\/p>\n<h2><strong>Outils<\/strong> pour la fixation<\/h2>\n<p>[\/vc_column_text][\/vc_column][vc_column width=\u00a0\u00bb1\/3&Prime; offset=\u00a0\u00bbvc_hidden-sm vc_hidden-xs\u00a0\u00bb][\/vc_column][\/vc_row][vc_row css=\u00a0\u00bb.vc_custom_1640267924508{padding-bottom: 30px !important;}\u00a0\u00bb][vc_column][vc_tta_tour style=\u00a0\u00bbflat\u00a0\u00bb shape=\u00a0\u00bbsquare\u00a0\u00bb gap=\u00a0\u00bb30&Prime; active_section=\u00a0\u00bb1&Prime; no_fill_content_area=\u00a0\u00bbtrue\u00a0\u00bb el_class=\u00a0\u00bbtab-type-1&Prime;][vc_tta_section title=\u00a0\u00bbPINCE COUPE-COLLIERS ET C\u00c2BLES\u00a0\u00bb tab_id=\u00a0\u00bbpince\u00a0\u00bb][vc_single_image image=\u00a0\u00bb3391&Prime; img_size=\u00a0\u00bbfull\u00a0\u00bb el_class=\u00a0\u00bbpince tabImg\u00a0\u00bb][vc_single_image image=\u00a0\u00bb4751&Prime; img_size=\u00a0\u00bbfull\u00a0\u00bb][vc_column_text el_class=\u00a0\u00bbsezione1&Prime; css=\u00a0\u00bb.vc_custom_1658227103424{margin-bottom: 5px !important;padding-bottom: 0px !important;}\u00a0\u00bb]La pince coupe-colliers est un outil sp\u00e9cifique qui permet de couper les colliers de serrage. La g\u00e9om\u00e9trie particuli\u00e8re des pointes permet d\u2019effectuer une <strong>coupe nette du collier<\/strong> (largeur comprise entre 2,5\u00a0mm et 12,55\u00a0mm), sans risque pour l\u2019int\u00e9grit\u00e9 des \u00e9l\u00e9ments c\u00e2bl\u00e9s. La pince permet \u00e9galement de couper les c\u00e2bles.<\/p>\n<h4>Tableau technique<\/h4>\n<p>[\/vc_column_text][vc_single_image image=\u00a0\u00bb59938&Prime; img_size=\u00a0\u00bbfull\u00a0\u00bb][\/vc_tta_section][vc_tta_section title=\u00a0\u00bbPINCE DE SERRAGE\u00a0\u00bb tab_id=\u00a0\u00bbserrage\u00a0\u00bb][vc_single_image image=\u00a0\u00bb3386&Prime; img_size=\u00a0\u00bbfull\u00a0\u00bb el_class=\u00a0\u00bbserrage tabImg\u00a0\u00bb][vc_single_image image=\u00a0\u00bb4756&Prime; img_size=\u00a0\u00bbfull\u00a0\u00bb][vc_column_text el_class=\u00a0\u00bbsezione1&Prime; css=\u00a0\u00bb.vc_custom_1658227151992{margin-bottom: 5px !important;padding-bottom: 0px !important;}\u00a0\u00bb]La pince de serrage en m\u00e9tal est un outil sp\u00e9cifique qui permet de <strong>serrer les colliers et de couper<\/strong> la languette r\u00e9siduelle. La pr\u00e9charge peut \u00eatre r\u00e9gl\u00e9e en appliquant une force de serrage comprise entre 3,5\u00a0kg et 12\u00a0kg.<\/p>\n<h4>Tableau technique<\/h4>\n<p>[\/vc_column_text][vc_single_image image=\u00a0\u00bb4355&Prime; img_size=\u00a0\u00bbfull\u00a0\u00bb][\/vc_tta_section][vc_tta_section title=\u00a0\u00bbPINCES POUR COLLIERS\u00a0\u00bb tab_id=\u00a0\u00bbcolliers\u00a0\u00bb][vc_single_image image=\u00a0\u00bb3396&Prime; img_size=\u00a0\u00bbfull\u00a0\u00bb el_class=\u00a0\u00bbcolliers tabImg\u00a0\u00bb][vc_single_image image=\u00a0\u00bb4762&Prime; img_size=\u00a0\u00bbfull\u00a0\u00bb][vc_column_text el_class=\u00a0\u00bbsezione1&Prime; css=\u00a0\u00bb.vc_custom_1658227193201{margin-bottom: 5px !important;padding-bottom: 0px !important;}\u00a0\u00bb]La pince en m\u00e9tal pour colliers est un outil qui permet de serrer avec pr\u00e9cision les colliers et de couper la languette r\u00e9siduelle.<\/p>\n<h4>Tableau technique<\/h4>\n<p>[\/vc_column_text][vc_single_image image=\u00a0\u00bb4360&Prime; img_size=\u00a0\u00bbfull\u00a0\u00bb][\/vc_tta_section][vc_tta_section title=\u00a0\u00bbPINCES \u00c0 COLLIERS DE SERRAGE SAPISELCO\u00a0\u00bb tab_id=\u00a0\u00bbpinces-sapiselco\u00a0\u00bb][vc_single_image image=\u00a0\u00bb59707&Prime; img_size=\u00a0\u00bbfull\u00a0\u00bb el_class=\u00a0\u00bbpinces-sapiselco tabImg\u00a0\u00bb][vc_single_image image=\u00a0\u00bb59712&Prime; img_size=\u00a0\u00bbfull\u00a0\u00bb][vc_column_text el_class=\u00a0\u00bbsezione1&Prime; css=\u00a0\u00bb.vc_custom_1757400219231{margin-bottom: 5px !important;padding-bottom: 0px !important;}\u00a0\u00bb]Outil con\u00e7u pour le serrage de colliers de diff\u00e9rentes dimensions. Permet de <strong>r\u00e9gler la pr\u00e9contrainte de la force de serrage<\/strong> selon les besoins de l\u2019utilisateur.<\/p>\n<h4>Tableau technique<\/h4>\n<p>[\/vc_column_text][vc_single_image image=\u00a0\u00bb59717&Prime; img_size=\u00a0\u00bbfull\u00a0\u00bb][\/vc_tta_section][\/vc_tta_tour][\/vc_column][\/vc_row]<\/p>\n<\/div>","protected":false},"excerpt":{"rendered":"[vc_row gap=\u00a0\u00bb30&Prime;][vc_column width=\u00a0\u00bb2\/3&Prime;][vc_column_text] Outils pour la fixation [\/vc_column_text][\/vc_column][vc_column width=\u00a0\u00bb1\/3&Prime; offset=\u00a0\u00bbvc_hidden-sm vc_hidden-xs\u00a0\u00bb][\/vc_column][\/vc_row][vc_row css=\u00a0\u00bb.vc_custom_1640267924508{padding-bottom: 30px !important;}\u00a0\u00bb][vc_column][vc_tta_tour style=\u00a0\u00bbflat\u00a0\u00bb shape=\u00a0\u00bbsquare\u00a0\u00bb gap=\u00a0\u00bb30&Prime; active_section=\u00a0\u00bb1&Prime; no_fill_content_area=\u00a0\u00bbtrue\u00a0\u00bb el_class=\u00a0\u00bbtab-type-1&Prime;][vc_tta_section title=\u00a0\u00bbPINCE COUPE-COLLIERS ET C\u00c2BLES\u00a0\u00bb tab_id=\u00a0\u00bbpince\u00a0\u00bb][vc_single_image image=\u00a0\u00bb3391&Prime; img_size=\u00a0\u00bbfull\u00a0\u00bb el_class=\u00a0\u00bbpince tabImg\u00a0\u00bb][vc_single_image image=\u00a0\u00bb4751&Prime; img_size=\u00a0\u00bbfull\u00a0\u00bb][vc_column_text el_class=\u00a0\u00bbsezione1&Prime; css=\u00a0\u00bb.vc_custom_1658227103424{margin-bottom: 5px !important;padding-bottom: 0px !important;}\u00a0\u00bb]La pince coupe-colliers est un outil sp\u00e9cifique qui permet de couper les colliers de serrage. La g\u00e9om\u00e9trie particuli\u00e8re des <a href=\"https:\/\/www.sapiselco.com\/fr\/outils\/\" class=\"more-link\">&#8230;<\/a>","protected":false},"author":1,"featured_media":0,"parent":0,"menu_order":0,"comment_status":"closed","ping_status":"closed","template":"","meta":{"_acf_changed":false,"footnotes":""},"class_list":["post-48801","page","type-page","status-publish","hentry"],"acf":[],"_links":{"self":[{"href":"https:\/\/www.sapiselco.com\/fr\/wp-json\/wp\/v2\/pages\/48801","targetHints":{"allow":["GET"]}}],"collection":[{"href":"https:\/\/www.sapiselco.com\/fr\/wp-json\/wp\/v2\/pages"}],"about":[{"href":"https:\/\/www.sapiselco.com\/fr\/wp-json\/wp\/v2\/types\/page"}],"author":[{"embeddable":true,"href":"https:\/\/www.sapiselco.com\/fr\/wp-json\/wp\/v2\/users\/1"}],"replies":[{"embeddable":true,"href":"https:\/\/www.sapiselco.com\/fr\/wp-json\/wp\/v2\/comments?post=48801"}],"version-history":[{"count":7,"href":"https:\/\/www.sapiselco.com\/fr\/wp-json\/wp\/v2\/pages\/48801\/revisions"}],"predecessor-version":[{"id":60093,"href":"https:\/\/www.sapiselco.com\/fr\/wp-json\/wp\/v2\/pages\/48801\/revisions\/60093"}],"wp:attachment":[{"href":"https:\/\/www.sapiselco.com\/fr\/wp-json\/wp\/v2\/media?parent=48801"}],"curies":[{"name":"wp","href":"https:\/\/api.w.org\/{rel}","templated":true}]}}