{"id":48821,"date":"2022-01-31T17:37:04","date_gmt":"2022-01-31T16:37:04","guid":{"rendered":"https:\/\/www.sapiselco.com\/bucket\/"},"modified":"2022-07-19T16:24:59","modified_gmt":"2022-07-19T14:24:59","slug":"bucket","status":"publish","type":"page","link":"https:\/\/www.sapiselco.com\/fr\/bucket\/","title":{"rendered":"Bucket"},"content":{"rendered":"<div class=\"wpb-content-wrapper\"><p>[vc_row gap=\u00a0\u00bb30&Prime;][vc_column width=\u00a0\u00bb2\/3&Prime;][vc_column_text]<\/p>\n<h2><strong>Bucket<\/strong> mix<\/h2>\n<p>[\/vc_column_text][vc_column_text]Tous les seaux SapiSelco sont fournis avec un <strong><em>scell\u00e9 de garantie adh\u00e9sif<\/em><\/strong> certifiant l\u2019int\u00e9grit\u00e9 du produit.[\/vc_column_text][\/vc_column][vc_column width=\u00a0\u00bb1\/3&Prime; offset=\u00a0\u00bbvc_hidden-sm vc_hidden-xs\u00a0\u00bb][\/vc_column][\/vc_row][vc_row css=\u00a0\u00bb.vc_custom_1640267924508{padding-bottom: 30px !important;}\u00a0\u00bb][vc_column][vc_tta_tour style=\u00a0\u00bbflat\u00a0\u00bb shape=\u00a0\u00bbsquare\u00a0\u00bb gap=\u00a0\u00bb30&Prime; active_section=\u00a0\u00bb1&Prime; no_fill_content_area=\u00a0\u00bbtrue\u00a0\u00bb el_class=\u00a0\u00bbtab-type-1&Prime;][vc_tta_section title=\u00a0\u00bbBUCKET MIX<br \/>\nSELFIT\u00a0\u00bb tab_id=\u00a0\u00bbbucket-mix-selfit\u00a0\u00bb][vc_single_image image=\u00a0\u00bb3501&Prime; img_size=\u00a0\u00bbfull\u00a0\u00bb el_class=\u00a0\u00bbbucket-mix-selfit tabImg\u00a0\u00bb][vc_gallery interval=\u00a0\u00bb3&Prime; images=\u00a0\u00bb4074,47199&Prime; img_size=\u00a0\u00bbfull\u00a0\u00bb onclick=\u00a0\u00bb\u00a0\u00bb css=\u00a0\u00bb.vc_custom_1651661730388{padding-bottom: 15px !important;}\u00a0\u00bb][vc_column_text el_class=\u00a0\u00bbsezione1&Prime;]Le Bucket <strong>Mix <\/strong>\u2013<strong> Selfit <\/strong>est un seau en PET, disponible avec 1200 ou 800\u00a0pi\u00e8ces. Il contient un assortiment de colliers de serrage standard Selfit de diff\u00e9rentes tailles, coloris naturel ou noir. Les produits sont conditionn\u00e9s dans des sachets de 100\u00a0pi\u00e8ces.<br \/>\nLe seau de <strong>800\u00a0pi\u00e8ces<\/strong> est \u00e9galement disponible avec <strong>un m\u00e9lange de coloris\u00a0<\/strong><strong>: <\/strong><strong>rouge<\/strong><strong>, <\/strong><strong>bleu<\/strong><strong>, <\/strong><strong>vert<\/strong><strong>, <\/strong><strong>jaune<\/strong>.<\/p>\n<p>Les colliers de serrage standard Selfit peuvent \u00eatre <strong>appliqu\u00e9s \u00e0 la main<\/strong> ou avec une <strong>pince de serrage<\/strong>.[\/vc_column_text][vc_row_inner gap=\u00a0\u00bb15&Prime; css=\u00a0\u00bb.vc_custom_1644396450328{margin-bottom: 15px !important;}\u00a0\u00bb][vc_column_inner width=\u00a0\u00bb1\/2&Prime;][vc_btn title=\u00a0\u00bbBucket Mix 1 \u2013 1200 PCS\u00a0\u00bb style=\u00a0\u00bboutline-custom\u00a0\u00bb outline_custom_color=\u00a0\u00bb#00955f\u00a0\u00bb outline_custom_hover_background=\u00a0\u00bb#00955f\u00a0\u00bb outline_custom_hover_text=\u00a0\u00bb#ffffff\u00a0\u00bb shape=\u00a0\u00bbsquare\u00a0\u00bb align=\u00a0\u00bbcenter\u00a0\u00bb i_align=\u00a0\u00bbright\u00a0\u00bb i_icon_fontawesome=\u00a0\u00bbfas fa-table\u00a0\u00bb css_animation=\u00a0\u00bbfadeIn\u00a0\u00bb button_block=\u00a0\u00bbtrue\u00a0\u00bb add_icon=\u00a0\u00bbtrue\u00a0\u00bb custom_onclick=\u00a0\u00bbtrue\u00a0\u00bb custom_onclick_code=\u00a0\u00bbopenModal(\u00ab\u00a0#mix1\u00ab\u00a0);\u00a0\u00bb][\/vc_column_inner][vc_column_inner width=\u00a0\u00bb1\/2&Prime;][vc_btn title=\u00a0\u00bbBucket Mix 2 \u2013 800 PCS\u00a0\u00bb style=\u00a0\u00bboutline-custom\u00a0\u00bb outline_custom_color=\u00a0\u00bb#00955f\u00a0\u00bb outline_custom_hover_background=\u00a0\u00bb#00955f\u00a0\u00bb outline_custom_hover_text=\u00a0\u00bb#ffffff\u00a0\u00bb shape=\u00a0\u00bbsquare\u00a0\u00bb align=\u00a0\u00bbcenter\u00a0\u00bb i_align=\u00a0\u00bbright\u00a0\u00bb i_icon_fontawesome=\u00a0\u00bbfas fa-table\u00a0\u00bb css_animation=\u00a0\u00bbfadeIn\u00a0\u00bb button_block=\u00a0\u00bbtrue\u00a0\u00bb add_icon=\u00a0\u00bbtrue\u00a0\u00bb custom_onclick=\u00a0\u00bbtrue\u00a0\u00bb custom_onclick_code=\u00a0\u00bbopenModal(\u00ab\u00a0#mix2\u00ab\u00a0);\u00a0\u00bb][\/vc_column_inner][\/vc_row_inner][vc_row_inner gap=\u00a0\u00bb15&Prime;][vc_column_inner width=\u00a0\u00bb1\/2&Prime;][vc_btn title=\u00a0\u00bbBucket Mix 3 \u2013 800 PCS\u00a0\u00bb style=\u00a0\u00bboutline-custom\u00a0\u00bb outline_custom_color=\u00a0\u00bb#00955f\u00a0\u00bb outline_custom_hover_background=\u00a0\u00bb#00955f\u00a0\u00bb outline_custom_hover_text=\u00a0\u00bb#ffffff\u00a0\u00bb shape=\u00a0\u00bbsquare\u00a0\u00bb align=\u00a0\u00bbcenter\u00a0\u00bb i_align=\u00a0\u00bbright\u00a0\u00bb i_icon_fontawesome=\u00a0\u00bbfas fa-table\u00a0\u00bb css_animation=\u00a0\u00bbfadeIn\u00a0\u00bb button_block=\u00a0\u00bbtrue\u00a0\u00bb add_icon=\u00a0\u00bbtrue\u00a0\u00bb custom_onclick=\u00a0\u00bbtrue\u00a0\u00bb custom_onclick_code=\u00a0\u00bbopenModal(\u00ab\u00a0#mix3\u00ab\u00a0);\u00a0\u00bb][\/vc_column_inner][vc_column_inner width=\u00a0\u00bb1\/2&Prime;][\/vc_column_inner][\/vc_row_inner][\/vc_tta_section][vc_tta_section title=\u00a0\u00bbBUCKET SNXV<br \/>\nSYST\u00c8MES DE FIXATION\u00a0\u00bb tab_id=\u00a0\u00bbbucket-snxv-fixation\u00a0\u00bb][vc_single_image image=\u00a0\u00bb3488&Prime; img_size=\u00a0\u00bbfull\u00a0\u00bb el_class=\u00a0\u00bbbucket-snxv-fixation tabImg\u00a0\u00bb][vc_single_image image=\u00a0\u00bb4063&Prime; img_size=\u00a0\u00bbfull\u00a0\u00bb][vc_column_text el_class=\u00a0\u00bbsezione1&Prime;]Le Bucket <strong>SNXV<\/strong> \u2013 <strong>Syst\u00e8mes de fixation<\/strong> est un seau en PET de 300\u00a0pi\u00e8ces. Il contient des chevilles \u00e0 expansion, s\u00e9rie SNX \u2013 6 x 30\u00a0mm, et 300\u00a0vis Pozidriv, 4 x 40\u00a0mm.<\/p>\n<p>Les chevilles \u00e0 expansion peuvent \u00eatre <strong>appliqu\u00e9es \u00e0 la main<\/strong>.[\/vc_column_text][vc_row_inner gap=\u00a0\u00bb30&Prime;][vc_column_inner width=\u00a0\u00bb1\/2&Prime;][vc_btn title=\u00a0\u00bbBucket SNXV \u2013 300 PCS\u00a0\u00bb style=\u00a0\u00bboutline-custom\u00a0\u00bb outline_custom_color=\u00a0\u00bb#00955f\u00a0\u00bb outline_custom_hover_background=\u00a0\u00bb#00955f\u00a0\u00bb outline_custom_hover_text=\u00a0\u00bb#ffffff\u00a0\u00bb shape=\u00a0\u00bbsquare\u00a0\u00bb align=\u00a0\u00bbcenter\u00a0\u00bb i_align=\u00a0\u00bbright\u00a0\u00bb i_icon_fontawesome=\u00a0\u00bbfas fa-table\u00a0\u00bb css_animation=\u00a0\u00bbfadeIn\u00a0\u00bb button_block=\u00a0\u00bbtrue\u00a0\u00bb add_icon=\u00a0\u00bbtrue\u00a0\u00bb custom_onclick=\u00a0\u00bbtrue\u00a0\u00bb custom_onclick_code=\u00a0\u00bbopenModal(\u00ab\u00a0#snvx\u00ab\u00a0);\u00a0\u00bb][\/vc_column_inner][vc_column_inner width=\u00a0\u00bb1\/2&Prime;][\/vc_column_inner][\/vc_row_inner][\/vc_tta_section][vc_tta_section title=\u00a0\u00bbBUCKET ALE<br \/>\nCHEVILLES \u00c0 AILETTES\u00a0\u00bb tab_id=\u00a0\u00bbbucket-ale\u00a0\u00bb][vc_single_image image=\u00a0\u00bb3494&Prime; img_size=\u00a0\u00bbfull\u00a0\u00bb el_class=\u00a0\u00bbbucket-ale tabImg\u00a0\u00bb][vc_single_image image=\u00a0\u00bb4068&Prime; img_size=\u00a0\u00bbfull\u00a0\u00bb][vc_column_text el_class=\u00a0\u00bbsezione1&Prime;]Le Bucket <strong>ALE<\/strong> &#8211; <strong>Chevilles \u00e0 ailettes<\/strong> est un seau en PET de 200\u00a0pi\u00e8ces. Il contient des chevilles \u00e0 ailettes en technopolym\u00e8re, coloris noir, s\u00e9rie Ale \u2013 10 x 43\u00a0mm.<\/p>\n<p>Les chevilles \u00e0 ailettes peuvent \u00eatre <strong>appliqu\u00e9es \u00e0 la main<\/strong>.[\/vc_column_text][vc_row_inner gap=\u00a0\u00bb30&Prime;][vc_column_inner width=\u00a0\u00bb1\/2&Prime;][vc_btn title=\u00a0\u00bbBucket ALE \u2013 200 PCS\u00a0\u00bb style=\u00a0\u00bboutline-custom\u00a0\u00bb outline_custom_color=\u00a0\u00bb#00955f\u00a0\u00bb outline_custom_hover_background=\u00a0\u00bb#00955f\u00a0\u00bb outline_custom_hover_text=\u00a0\u00bb#ffffff\u00a0\u00bb shape=\u00a0\u00bbsquare\u00a0\u00bb align=\u00a0\u00bbcenter\u00a0\u00bb i_align=\u00a0\u00bbright\u00a0\u00bb i_icon_fontawesome=\u00a0\u00bbfas fa-table\u00a0\u00bb css_animation=\u00a0\u00bbfadeIn\u00a0\u00bb button_block=\u00a0\u00bbtrue\u00a0\u00bb add_icon=\u00a0\u00bbtrue\u00a0\u00bb custom_onclick=\u00a0\u00bbtrue\u00a0\u00bb custom_onclick_code=\u00a0\u00bbopenModal(\u00ab\u00a0#ale\u00ab\u00a0);\u00a0\u00bb][\/vc_column_inner][vc_column_inner width=\u00a0\u00bb1\/2&Prime;][\/vc_column_inner][\/vc_row_inner][\/vc_tta_section][\/vc_tta_tour][vc_raw_js]JTNDc2NyaXB0JTNFJTBBdmFyJTIwJTI0aiUyMCUzRCUyMGpRdWVyeSUzQiUwQWZ1bmN0aW9uJTIwb3Blbk1vZGFsJTI4bW9kYWwlMjklN0IlMEF2YXIlMjBtb2RhbENvbnRhaW5lciUyMCUzRCUyMCUyNGolMjglMjcubW9kYWwtY29udGVudC1ib3glMjclMjklM0IlMEFtb2RhbENvbnRhaW5lci5odG1sJTI4JTI3JTI3JTI5JTNCJTBBdmFyJTIwbW9kYWxjb250ZW50JTIwJTNEJTIwJTI0aiUyOG1vZGFsJTI5Lmh0bWwlMjglMjklM0IlMEFtb2RhbENvbnRhaW5lci5odG1sJTI4bW9kYWxjb250ZW50JTI5LnNob3clMjglMjklM0IlMEElMjRqJTI4JTI3JTIzbW9kYWwtY29udGFpbmVyJTI3JTI5LmZhZGVJbiUyOCUyOSUzQiUwQSU3RCUwQSUzQyUyRnNjcmlwdCUzRQ==[\/vc_raw_js][\/vc_column][\/vc_row][vc_row el_id=\u00a0\u00bbmix1&Prime; el_class=\u00a0\u00bbmodal-box-content\u00a0\u00bb][vc_column][vc_row_inner gap=\u00a0\u00bb30&Prime; css=\u00a0\u00bb.vc_custom_1644396040639{margin-bottom: 0px !important;padding-bottom: 0px !important;}\u00a0\u00bb][vc_column_inner][vc_column_text css=\u00a0\u00bb.vc_custom_1658240110734{margin-bottom: 0px !important;padding-bottom: 0px !important;}\u00a0\u00bb]<\/p>\n<h4>Bucket Mix 1 Tableau Technique \u2013 1200 PCS<\/h4>\n<p><img loading=\"lazy\" decoding=\"async\" class=\"alignnone size-full wp-image-4374\" src=\"https:\/\/www.sapiselco.com\/wp-content\/uploads\/2022\/07\/tab-BUCK-MIX1-SELFIT-en.jpg\" alt=\"\" width=\"1200\" height=\"812\" \/>[\/vc_column_text][\/vc_column_inner][\/vc_row_inner][\/vc_column][\/vc_row][vc_row el_id=\u00a0\u00bbmix2&Prime; el_class=\u00a0\u00bbmodal-box-content\u00a0\u00bb][vc_column][vc_row_inner gap=\u00a0\u00bb30&Prime; css=\u00a0\u00bb.vc_custom_1644396040639{margin-bottom: 0px !important;padding-bottom: 0px !important;}\u00a0\u00bb][vc_column_inner][vc_column_text css=\u00a0\u00bb.vc_custom_1658240118430{margin-bottom: 0px !important;padding-bottom: 0px !important;}\u00a0\u00bb]<\/p>\n<h4>Bucket Mix 2 Tableau Technique \u2013 800 PCS<\/h4>\n<p><img loading=\"lazy\" decoding=\"async\" class=\"alignnone size-full wp-image-4382\" src=\"https:\/\/www.sapiselco.com\/wp-content\/uploads\/2022\/07\/tab-BUCK-MIX2-SELFIT-en.jpg\" alt=\"\" width=\"1200\" height=\"812\" \/>[\/vc_column_text][\/vc_column_inner][\/vc_row_inner][\/vc_column][\/vc_row][vc_row el_id=\u00a0\u00bbmix3&Prime; el_class=\u00a0\u00bbmodal-box-content\u00a0\u00bb][vc_column][vc_row_inner gap=\u00a0\u00bb30&Prime; css=\u00a0\u00bb.vc_custom_1644396040639{margin-bottom: 0px !important;padding-bottom: 0px !important;}\u00a0\u00bb][vc_column_inner][vc_column_text css=\u00a0\u00bb.vc_custom_1658240143873{margin-bottom: 0px !important;padding-bottom: 0px !important;}\u00a0\u00bb]<\/p>\n<h4>Bucket Mix 3 Tableau Technique \u2013 800 PCS Multicolore<\/h4>\n<p><img loading=\"lazy\" decoding=\"async\" class=\"alignnone size-full wp-image-4387\" src=\"https:\/\/www.sapiselco.com\/wp-content\/uploads\/2022\/07\/tab-BUCK-MIX3-SELFIT-en.jpg\" alt=\"\" width=\"1200\" height=\"812\" \/>[\/vc_column_text][\/vc_column_inner][\/vc_row_inner][\/vc_column][\/vc_row][vc_row el_id=\u00a0\u00bbsnvx\u00a0\u00bb el_class=\u00a0\u00bbmodal-box-content\u00a0\u00bb][vc_column][vc_row_inner gap=\u00a0\u00bb30&Prime; css=\u00a0\u00bb.vc_custom_1644396040639{margin-bottom: 0px !important;padding-bottom: 0px !important;}\u00a0\u00bb][vc_column_inner][vc_column_text css=\u00a0\u00bb.vc_custom_1658240156753{margin-bottom: 0px !important;padding-bottom: 0px !important;}\u00a0\u00bb]<\/p>\n<h4>Bucket SNXV Tableau Technique \u2013 300 PCS<\/h4>\n<p><img loading=\"lazy\" decoding=\"async\" class=\"alignnone size-full wp-image-4398\" src=\"https:\/\/www.sapiselco.com\/wp-content\/uploads\/2022\/07\/tab-BUCK-SNXV-en.jpg\" alt=\"\" width=\"1200\" height=\"432\" \/>[\/vc_column_text][\/vc_column_inner][\/vc_row_inner][\/vc_column][\/vc_row][vc_row el_id=\u00a0\u00bbale\u00a0\u00bb el_class=\u00a0\u00bbmodal-box-content\u00a0\u00bb][vc_column][vc_row_inner gap=\u00a0\u00bb30&Prime; css=\u00a0\u00bb.vc_custom_1644396040639{margin-bottom: 0px !important;padding-bottom: 0px !important;}\u00a0\u00bb][vc_column_inner][vc_column_text css=\u00a0\u00bb.vc_custom_1658240165104{margin-bottom: 0px !important;padding-bottom: 0px !important;}\u00a0\u00bb]<\/p>\n<h4>Bucket ALE Tableau Technique \u2013 200 PCS<\/h4>\n<p><img loading=\"lazy\" decoding=\"async\" class=\"alignnone size-full wp-image-4403\" src=\"https:\/\/www.sapiselco.com\/wp-content\/uploads\/2022\/07\/tab-buck-ale-en.jpg\" alt=\"\" width=\"1200\" height=\"461\" \/>[\/vc_column_text][\/vc_column_inner][\/vc_row_inner][\/vc_column][\/vc_row]<\/p>\n<\/div>","protected":false},"excerpt":{"rendered":"[vc_row gap=\u00a0\u00bb30&Prime;][vc_column width=\u00a0\u00bb2\/3&Prime;][vc_column_text] Bucket mix [\/vc_column_text][vc_column_text]Tous les seaux SapiSelco sont fournis avec un scell\u00e9 de garantie adh\u00e9sif certifiant l\u2019int\u00e9grit\u00e9 du produit.[\/vc_column_text][\/vc_column][vc_column width=\u00a0\u00bb1\/3&Prime; offset=\u00a0\u00bbvc_hidden-sm vc_hidden-xs\u00a0\u00bb][\/vc_column][\/vc_row][vc_row css=\u00a0\u00bb.vc_custom_1640267924508{padding-bottom: 30px !important;}\u00a0\u00bb][vc_column][vc_tta_tour style=\u00a0\u00bbflat\u00a0\u00bb shape=\u00a0\u00bbsquare\u00a0\u00bb gap=\u00a0\u00bb30&Prime; active_section=\u00a0\u00bb1&Prime; no_fill_content_area=\u00a0\u00bbtrue\u00a0\u00bb el_class=\u00a0\u00bbtab-type-1&Prime;][vc_tta_section title=\u00a0\u00bbBUCKET MIX SELFIT\u00a0\u00bb tab_id=\u00a0\u00bbbucket-mix-selfit\u00a0\u00bb][vc_single_image image=\u00a0\u00bb3501&Prime; img_size=\u00a0\u00bbfull\u00a0\u00bb el_class=\u00a0\u00bbbucket-mix-selfit tabImg\u00a0\u00bb][vc_gallery interval=\u00a0\u00bb3&Prime; images=\u00a0\u00bb4074,47199&Prime; img_size=\u00a0\u00bbfull\u00a0\u00bb onclick=\u00a0\u00bb\u00a0\u00bb css=\u00a0\u00bb.vc_custom_1651661730388{padding-bottom: 15px !important;}\u00a0\u00bb][vc_column_text el_class=\u00a0\u00bbsezione1&Prime;]Le Bucket Mix \u2013 Selfit est un <a href=\"https:\/\/www.sapiselco.com\/fr\/bucket\/\" class=\"more-link\">&#8230;<\/a>","protected":false},"author":1,"featured_media":0,"parent":0,"menu_order":0,"comment_status":"closed","ping_status":"closed","template":"","meta":{"_acf_changed":false,"footnotes":""},"class_list":["post-48821","page","type-page","status-publish","hentry"],"acf":[],"_links":{"self":[{"href":"https:\/\/www.sapiselco.com\/fr\/wp-json\/wp\/v2\/pages\/48821","targetHints":{"allow":["GET"]}}],"collection":[{"href":"https:\/\/www.sapiselco.com\/fr\/wp-json\/wp\/v2\/pages"}],"about":[{"href":"https:\/\/www.sapiselco.com\/fr\/wp-json\/wp\/v2\/types\/page"}],"author":[{"embeddable":true,"href":"https:\/\/www.sapiselco.com\/fr\/wp-json\/wp\/v2\/users\/1"}],"replies":[{"embeddable":true,"href":"https:\/\/www.sapiselco.com\/fr\/wp-json\/wp\/v2\/comments?post=48821"}],"version-history":[{"count":8,"href":"https:\/\/www.sapiselco.com\/fr\/wp-json\/wp\/v2\/pages\/48821\/revisions"}],"predecessor-version":[{"id":58108,"href":"https:\/\/www.sapiselco.com\/fr\/wp-json\/wp\/v2\/pages\/48821\/revisions\/58108"}],"wp:attachment":[{"href":"https:\/\/www.sapiselco.com\/fr\/wp-json\/wp\/v2\/media?parent=48821"}],"curies":[{"name":"wp","href":"https:\/\/api.w.org\/{rel}","templated":true}]}}