{"id":48862,"date":"2022-01-31T17:55:52","date_gmt":"2022-01-31T16:55:52","guid":{"rendered":"https:\/\/www.sapiselco.com\/display-units\/"},"modified":"2022-12-19T10:23:48","modified_gmt":"2022-12-19T09:23:48","slug":"presentoirs","status":"publish","type":"page","link":"https:\/\/www.sapiselco.com\/fr\/presentoirs\/","title":{"rendered":"Pr\u00e9sentoirs"},"content":{"rendered":"<div class=\"wpb-content-wrapper\"><p>[vc_row gap=\u00a0\u00bb30&Prime;][vc_column width=\u00a0\u00bb2\/3&Prime;][vc_column_text]<\/p>\n<h2>Kits et <strong>pr\u00e9sentoirs<\/strong><\/h2>\n<p>[\/vc_column_text][\/vc_column][vc_column width=\u00a0\u00bb1\/3&Prime; offset=\u00a0\u00bbvc_hidden-sm vc_hidden-xs\u00a0\u00bb][\/vc_column][\/vc_row][vc_row css=\u00a0\u00bb.vc_custom_1651652730847{padding-bottom: 30px !important;}\u00a0\u00bb][vc_column][vc_tta_tour style=\u00a0\u00bbflat\u00a0\u00bb shape=\u00a0\u00bbsquare\u00a0\u00bb gap=\u00a0\u00bb30&Prime; active_section=\u00a0\u00bb1&Prime; no_fill_content_area=\u00a0\u00bbtrue\u00a0\u00bb el_class=\u00a0\u00bbtab-type-1&Prime;][vc_tta_section title=\u00a0\u00bbPR\u00c9SENTOIR M\u00c9TALLIQUE NON MONT\u00c9\u00a0\u00bb tab_id=\u00a0\u00bbmetallique\u00a0\u00bb][vc_single_image image=\u00a0\u00bb47419&Prime; img_size=\u00a0\u00bbfull\u00a0\u00bb alignment=\u00a0\u00bbcenter\u00a0\u00bb][vc_column_text el_class=\u00a0\u00bbsezione1&Prime;]<strong>Pr\u00e9sentoir m\u00e9tallique<\/strong> de sol avec crochets m\u00e9talliques inclus, non mont\u00e9.[\/vc_column_text][vc_single_image image=\u00a0\u00bb58685&Prime; img_size=\u00a0\u00bbfull\u00a0\u00bb][\/vc_tta_section][vc_tta_section title=\u00a0\u00bbPR\u00c9SENTOIR DE COMPTOIR SELFIT\u00a0\u00bb tab_id=\u00a0\u00bbselfit\u00a0\u00bb][vc_single_image image=\u00a0\u00bb47381&Prime; img_size=\u00a0\u00bbfull\u00a0\u00bb alignment=\u00a0\u00bbcenter\u00a0\u00bb][vc_column_text el_class=\u00a0\u00bbsezione1&Prime;]<strong>Pr\u00e9sentoir de comptoir SELFIT<\/strong>, \u00e9quip\u00e9 de colliers SELFIT coloris naturel ou noir.[\/vc_column_text][vc_single_image image=\u00a0\u00bb58680&Prime; img_size=\u00a0\u00bbfull\u00a0\u00bb][\/vc_tta_section][vc_tta_section title=\u00a0\u00bbPR\u00c9SENTOIR DE COMPTOIR ME.T\u00a0\u00bb tab_id=\u00a0\u00bbme-t\u00a0\u00bb][vc_single_image image=\u00a0\u00bb47371&Prime; img_size=\u00a0\u00bbfull\u00a0\u00bb alignment=\u00a0\u00bbcenter\u00a0\u00bb][vc_column_text el_class=\u00a0\u00bbsezione1&Prime;]<strong>Pr\u00e9sentoir de comptoir ME.T<\/strong>, \u00e9quip\u00e9 de colliers ME.T coloris naturel ou noir.[\/vc_column_text][vc_single_image image=\u00a0\u00bb58675&Prime; img_size=\u00a0\u00bbfull\u00a0\u00bb][\/vc_tta_section][\/vc_tta_tour][\/vc_column][\/vc_row]<\/p>\n<\/div>","protected":false},"excerpt":{"rendered":"[vc_row gap=\u00a0\u00bb30&Prime;][vc_column width=\u00a0\u00bb2\/3&Prime;][vc_column_text] Kits et pr\u00e9sentoirs [\/vc_column_text][\/vc_column][vc_column width=\u00a0\u00bb1\/3&Prime; offset=\u00a0\u00bbvc_hidden-sm vc_hidden-xs\u00a0\u00bb][\/vc_column][\/vc_row][vc_row css=\u00a0\u00bb.vc_custom_1651652730847{padding-bottom: 30px !important;}\u00a0\u00bb][vc_column][vc_tta_tour style=\u00a0\u00bbflat\u00a0\u00bb shape=\u00a0\u00bbsquare\u00a0\u00bb gap=\u00a0\u00bb30&Prime; active_section=\u00a0\u00bb1&Prime; no_fill_content_area=\u00a0\u00bbtrue\u00a0\u00bb el_class=\u00a0\u00bbtab-type-1&Prime;][vc_tta_section title=\u00a0\u00bbPR\u00c9SENTOIR M\u00c9TALLIQUE NON MONT\u00c9\u00a0\u00bb tab_id=\u00a0\u00bbmetallique\u00a0\u00bb][vc_single_image image=\u00a0\u00bb47419&Prime; img_size=\u00a0\u00bbfull\u00a0\u00bb alignment=\u00a0\u00bbcenter\u00a0\u00bb][vc_column_text el_class=\u00a0\u00bbsezione1&Prime;]Pr\u00e9sentoir m\u00e9tallique de sol avec crochets m\u00e9talliques inclus, non mont\u00e9.[\/vc_column_text][vc_single_image image=\u00a0\u00bb58685&Prime; img_size=\u00a0\u00bbfull\u00a0\u00bb][\/vc_tta_section][vc_tta_section title=\u00a0\u00bbPR\u00c9SENTOIR DE COMPTOIR SELFIT\u00a0\u00bb tab_id=\u00a0\u00bbselfit\u00a0\u00bb][vc_single_image image=\u00a0\u00bb47381&Prime; img_size=\u00a0\u00bbfull\u00a0\u00bb alignment=\u00a0\u00bbcenter\u00a0\u00bb][vc_column_text el_class=\u00a0\u00bbsezione1&Prime;]Pr\u00e9sentoir de comptoir SELFIT, \u00e9quip\u00e9 de colliers SELFIT <a href=\"https:\/\/www.sapiselco.com\/fr\/presentoirs\/\" class=\"more-link\">&#8230;<\/a>","protected":false},"author":1,"featured_media":0,"parent":0,"menu_order":0,"comment_status":"closed","ping_status":"closed","template":"","meta":{"_acf_changed":false,"footnotes":""},"class_list":["post-48862","page","type-page","status-publish","hentry"],"acf":[],"_links":{"self":[{"href":"https:\/\/www.sapiselco.com\/fr\/wp-json\/wp\/v2\/pages\/48862","targetHints":{"allow":["GET"]}}],"collection":[{"href":"https:\/\/www.sapiselco.com\/fr\/wp-json\/wp\/v2\/pages"}],"about":[{"href":"https:\/\/www.sapiselco.com\/fr\/wp-json\/wp\/v2\/types\/page"}],"author":[{"embeddable":true,"href":"https:\/\/www.sapiselco.com\/fr\/wp-json\/wp\/v2\/users\/1"}],"replies":[{"embeddable":true,"href":"https:\/\/www.sapiselco.com\/fr\/wp-json\/wp\/v2\/comments?post=48862"}],"version-history":[{"count":4,"href":"https:\/\/www.sapiselco.com\/fr\/wp-json\/wp\/v2\/pages\/48862\/revisions"}],"predecessor-version":[{"id":58691,"href":"https:\/\/www.sapiselco.com\/fr\/wp-json\/wp\/v2\/pages\/48862\/revisions\/58691"}],"wp:attachment":[{"href":"https:\/\/www.sapiselco.com\/fr\/wp-json\/wp\/v2\/media?parent=48862"}],"curies":[{"name":"wp","href":"https:\/\/api.w.org\/{rel}","templated":true}]}}